{"id":1000399,"date":"2026-01-28T20:35:21","date_gmt":"2026-01-28T20:35:21","guid":{"rendered":"https:\/\/bellinzoni.net\/pt\/?post_type=product&#038;p=1000399"},"modified":"2026-03-16T14:57:53","modified_gmt":"2026-03-16T14:57:53","slug":"pos-obra","status":"publish","type":"product","link":"https:\/\/bellinzoni.net\/pt\/produto\/pos-obra\/","title":{"rendered":"P\u00f3s Obra"},"content":{"rendered":"<p data-start=\"361\" data-end=\"439\"><strong data-start=\"361\" data-end=\"374\">Descri\u00e7\u00e3o<\/strong><br data-start=\"374\" data-end=\"377\" \/>C\u00f3digo do Produto: 1 L \u2013 226815 | 5 L \u2013 226823 | 20 L \u2013 229148<\/p>\n<hr data-start=\"441\" data-end=\"444\" \/>\n<p data-start=\"446\" data-end=\"518\"><strong data-start=\"446\" data-end=\"474\">Superf\u00edcies de Aplica\u00e7\u00e3o<\/strong><br data-start=\"474\" data-end=\"477\" \/>Granitos<br data-start=\"485\" data-end=\"488\" \/>Porcelanatos<br data-start=\"500\" data-end=\"503\" \/>Pedras em Geral<\/p>\n<hr data-start=\"520\" data-end=\"523\" \/>\n<p data-start=\"525\" data-end=\"546\"><strong data-start=\"525\" data-end=\"546\">Instru\u00e7\u00f5es de Uso<\/strong><\/p>\n<p data-start=\"548\" data-end=\"573\"><strong data-start=\"548\" data-end=\"573\">Prepara\u00e7\u00e3o da solu\u00e7\u00e3o<\/strong><\/p>\n<p data-start=\"575\" data-end=\"673\">O produto pode ser dilu\u00eddo conforme a necessidade e o n\u00edvel de sujidade da superf\u00edcie a ser limpa.<\/p>\n<p data-start=\"675\" data-end=\"839\">Dilui\u00e7\u00e3o recomendada:<br data-start=\"696\" data-end=\"699\" \/>Sujidade leve: diluir de 65 a 125 ml do produto em 1 litro de \u00e1gua.<br data-start=\"766\" data-end=\"769\" \/>Sujidade pesada: diluir de 145 a 335 ml do produto em 1 litro de \u00e1gua.<\/p>\n<p data-start=\"841\" data-end=\"865\"><strong data-start=\"841\" data-end=\"865\">Aplica\u00e7\u00e3o do produto<\/strong><\/p>\n<p data-start=\"867\" data-end=\"993\">Em \u00e1reas n\u00e3o lav\u00e1veis, aplique o produto com aux\u00edlio de um pano sobre a superf\u00edcie e deixe agir por aproximadamente 5 minutos.<\/p>\n<p data-start=\"995\" data-end=\"1067\">Em \u00e1reas lav\u00e1veis, espalhe o produto sobre a superf\u00edcie levemente \u00famida.<\/p>\n<p data-start=\"1069\" data-end=\"1086\"><strong data-start=\"1069\" data-end=\"1086\">Tempo de a\u00e7\u00e3o<\/strong><\/p>\n<p data-start=\"1088\" data-end=\"1166\">Deixe o produto agir por at\u00e9 5 minutos para auxiliar na remo\u00e7\u00e3o das sujidades.<\/p>\n<p data-start=\"1168\" data-end=\"1179\"><strong data-start=\"1168\" data-end=\"1179\">Limpeza<\/strong><\/p>\n<p data-start=\"1181\" data-end=\"1303\">Esfregue a superf\u00edcie utilizando escovas de nylon, fibras de limpeza macias, vassouras macias ou equipamentos apropriados.<\/p>\n<p data-start=\"1305\" data-end=\"1420\">Aten\u00e7\u00e3o: n\u00e3o utilize utens\u00edlios abrasivos que possam agredir a superf\u00edcie, como o lado verde da esponja de cozinha.<\/p>\n<p data-start=\"1422\" data-end=\"1433\"><strong data-start=\"1422\" data-end=\"1433\">Remo\u00e7\u00e3o<\/strong><\/p>\n<p data-start=\"1435\" data-end=\"1589\">Enx\u00e1gue bem a superf\u00edcie at\u00e9 remover completamente as sujeiras e os res\u00edduos do produto. Em \u00e1reas n\u00e3o lav\u00e1veis, finalize a limpeza com pano \u00famido em \u00e1gua.<\/p>\n<p data-start=\"1591\" data-end=\"1605\"><strong data-start=\"1591\" data-end=\"1605\">Observa\u00e7\u00e3o<\/strong><\/p>\n<p data-start=\"1607\" data-end=\"1727\">Caso necess\u00e1rio, repita o processo respeitando sempre o tempo m\u00e1ximo de 5 minutos de a\u00e7\u00e3o do produto sobre a superf\u00edcie.<\/p>\n<p data-start=\"1729\" data-end=\"1744\" data-is-last-node=\"\" data-is-only-node=\"\"><strong data-start=\"1729\" data-end=\"1735\">pH<\/strong><br data-start=\"1735\" data-end=\"1738\" \/>\u00c1cido.<\/p>\n<hr \/>\n<h5 class=\"no-margin\">Downloads<\/h5>\n<hr \/>\n<ul>\n<li><strong><a href=\"https:\/\/bellinzoni.net\/fichas_corporate\/FT_Corporate_Pos_Obra.pdf\" target=\"_blank\" rel=\"noopener noreferrer\">Ficha T\u00e9cnica do Produto<\/a><\/strong><\/li>\n<li><strong><a href=\"https:\/\/bellinzoni.net\/fispq2023\/FISPQ_BLZ252_CORPORATE%20POS%20OBRA_Vr00%20.pdf\" target=\"_blank\" rel=\"noopener noreferrer\">Ficha de Seguran\u00e7a \u2013\u00a0FISPQ<\/a><\/strong><\/li>\n<\/ul>\n","protected":false},"excerpt":{"rendered":"<p>Detergente concentrado com forte poder de limpeza para todos os tipos de pedras. Pode ser usado tamb\u00e9m em porcelanatos, granitos, cer\u00e2micas, azulejos e pastilhas. Remove contamina\u00e7\u00f5es res\u00edduos de obra como gesso, respingos de tintas, cimento e sujeiras impregnadas . <strong>N\u00e3o deve ser usado em superf\u00edcie de m\u00e1rmore.<\/strong><\/p>\n<p>&nbsp;<\/p>\n","protected":false},"featured_media":1001694,"template":"","meta":[],"product_brand":[],"product_cat":[68],"product_tag":[],"class_list":{"0":"post-1000399","1":"product","2":"type-product","3":"status-publish","4":"has-post-thumbnail","6":"product_cat-corporate","8":"first","9":"instock","10":"virtual","11":"product-type-simple"},"_links":{"self":[{"href":"https:\/\/bellinzoni.net\/pt\/wp-json\/wp\/v2\/product\/1000399","targetHints":{"allow":["GET"]}}],"collection":[{"href":"https:\/\/bellinzoni.net\/pt\/wp-json\/wp\/v2\/product"}],"about":[{"href":"https:\/\/bellinzoni.net\/pt\/wp-json\/wp\/v2\/types\/product"}],"version-history":[{"count":3,"href":"https:\/\/bellinzoni.net\/pt\/wp-json\/wp\/v2\/product\/1000399\/revisions"}],"predecessor-version":[{"id":1002058,"href":"https:\/\/bellinzoni.net\/pt\/wp-json\/wp\/v2\/product\/1000399\/revisions\/1002058"}],"wp:featuredmedia":[{"embeddable":true,"href":"https:\/\/bellinzoni.net\/pt\/wp-json\/wp\/v2\/media\/1001694"}],"wp:attachment":[{"href":"https:\/\/bellinzoni.net\/pt\/wp-json\/wp\/v2\/media?parent=1000399"}],"wp:term":[{"taxonomy":"product_brand","embeddable":true,"href":"https:\/\/bellinzoni.net\/pt\/wp-json\/wp\/v2\/product_brand?post=1000399"},{"taxonomy":"product_cat","embeddable":true,"href":"https:\/\/bellinzoni.net\/pt\/wp-json\/wp\/v2\/product_cat?post=1000399"},{"taxonomy":"product_tag","embeddable":true,"href":"https:\/\/bellinzoni.net\/pt\/wp-json\/wp\/v2\/product_tag?post=1000399"}],"curies":[{"name":"wp","href":"https:\/\/api.w.org\/{rel}","templated":true}]}}