{"id":1000400,"date":"2026-01-28T20:35:21","date_gmt":"2026-01-28T20:35:21","guid":{"rendered":"https:\/\/bellinzoni.net\/pt\/?post_type=product&#038;p=1000400"},"modified":"2026-03-21T20:42:58","modified_gmt":"2026-03-21T20:42:58","slug":"power-oxi","status":"publish","type":"product","link":"https:\/\/bellinzoni.net\/pt\/produto\/power-oxi\/","title":{"rendered":"Power \u00d3xi"},"content":{"rendered":"<p data-start=\"393\" data-end=\"471\"><strong data-start=\"393\" data-end=\"406\">Descri\u00e7\u00e3o<\/strong><br data-start=\"406\" data-end=\"409\" \/>C\u00f3digo do Produto: 1 L \u2013 227102 | 5 L \u2013 227110 | 20 L \u2013 229172<\/p>\n<hr data-start=\"473\" data-end=\"476\" \/>\n<p data-start=\"478\" data-end=\"555\"><strong data-start=\"478\" data-end=\"506\">Superf\u00edcies de Aplica\u00e7\u00e3o<\/strong><br data-start=\"506\" data-end=\"509\" \/>Pisos<br data-start=\"514\" data-end=\"517\" \/>Vinil<br data-start=\"522\" data-end=\"525\" \/>Estofados<br data-start=\"534\" data-end=\"537\" \/>Carpetes<br data-start=\"545\" data-end=\"548\" \/>Tapetes<\/p>\n<hr data-start=\"557\" data-end=\"560\" \/>\n<p data-start=\"562\" data-end=\"583\"><strong data-start=\"562\" data-end=\"583\">Instru\u00e7\u00f5es de Uso<\/strong><\/p>\n<p data-start=\"585\" data-end=\"610\"><strong data-start=\"585\" data-end=\"610\">Prepara\u00e7\u00e3o da solu\u00e7\u00e3o<\/strong><\/p>\n<p data-start=\"612\" data-end=\"710\">O produto pode ser dilu\u00eddo conforme a necessidade e o n\u00edvel de sujidade da superf\u00edcie a ser limpa.<\/p>\n<p data-start=\"712\" data-end=\"872\">Dilui\u00e7\u00e3o recomendada:<br data-start=\"733\" data-end=\"736\" \/>Sujidade leve: diluir de 5 a 10 ml do produto em 1 litro de \u00e1gua.<br data-start=\"801\" data-end=\"804\" \/>Sujidade pesada: diluir de 15 a 50 ml do produto em 1 litro de \u00e1gua.<\/p>\n<p data-start=\"874\" data-end=\"898\"><strong data-start=\"874\" data-end=\"898\">Aplica\u00e7\u00e3o do produto<\/strong><\/p>\n<p data-start=\"900\" data-end=\"974\">Pulverize a solu\u00e7\u00e3o diretamente sobre a sujidade utilizando um borrifador.<\/p>\n<p data-start=\"976\" data-end=\"993\"><strong data-start=\"976\" data-end=\"993\">Tempo de a\u00e7\u00e3o<\/strong><\/p>\n<p data-start=\"995\" data-end=\"1036\">Deixe o produto agir por alguns segundos.<\/p>\n<p data-start=\"1038\" data-end=\"1049\"><strong data-start=\"1038\" data-end=\"1049\">Limpeza<\/strong><\/p>\n<p data-start=\"1051\" data-end=\"1243\">Realize a limpeza com aux\u00edlio de esponja de limpeza, mop, escov\u00e3o ou rodo.<br data-start=\"1125\" data-end=\"1128\" \/>Se necess\u00e1rio, utilize uma fibra sint\u00e9tica ou esponja realizando movimentos circulares para complementar a limpeza.<\/p>\n<p data-start=\"1245\" data-end=\"1256\"><strong data-start=\"1245\" data-end=\"1256\">Remo\u00e7\u00e3o<\/strong><\/p>\n<p data-start=\"1258\" data-end=\"1389\">Remova os res\u00edduos com um tecido absorvente de fibra sint\u00e9tica ou enx\u00e1gue com \u00e1gua at\u00e9 que a superf\u00edcie esteja completamente limpa.<\/p>\n<p data-start=\"1391\" data-end=\"1423\"><strong data-start=\"1391\" data-end=\"1423\">Limpeza de pisos com m\u00e1quina<\/strong><\/p>\n<p data-start=\"1425\" data-end=\"1796\">Para melhores resultados, na dilui\u00e7\u00e3o m\u00e1xima de at\u00e9 1:200, utilize uma enceradeira de baixa rota\u00e7\u00e3o equipada com disco de limpeza. Aplique a solu\u00e7\u00e3o (produto + \u00e1gua) no piso, deixe agir por alguns segundos e realize a esfrega\u00e7\u00e3o de acordo com o tipo e quantidade de sujidade. Em seguida, enx\u00e1gue ou remova o produto com uma fibra de limpeza sint\u00e9tica levemente umedecida.<\/p>\n<p data-start=\"1798\" data-end=\"1812\"><strong data-start=\"1798\" data-end=\"1812\">Observa\u00e7\u00e3o<\/strong><\/p>\n<p data-start=\"1814\" data-end=\"1937\">N\u00e3o armazenar ou diluir o produto em recipientes met\u00e1licos, pois pode ocorrer a desestabiliza\u00e7\u00e3o do per\u00f3xido de hidrog\u00eanio.<\/p>\n<p data-start=\"1939\" data-end=\"1954\" data-is-last-node=\"\" data-is-only-node=\"\"><strong data-start=\"1939\" data-end=\"1945\">pH<\/strong><br data-start=\"1945\" data-end=\"1948\" \/>\u00c1cido.<\/p>\n<hr \/>\n<h5 class=\"no-margin\">Downloads<\/h5>\n<hr \/>\n<ul>\n<li><strong><a href=\"https:\/\/bellinzoni.net\/fichas_corporate\/FT_Corporate_Power_Oxi.pdf\" target=\"_blank\" rel=\"noopener noreferrer\">Ficha T\u00e9cnica do Produto<\/a><\/strong><\/li>\n<li><strong><a href=\"https:\/\/bellinzoni.net\/fispq2023\/FISPQ_BLZ265_CORPORATE%20POWER%20OXI_Vr00.pdf\" target=\"_blank\" rel=\"noopener noreferrer\">Ficha de Seguran\u00e7a \u2013\u00a0FISPQ<\/a><\/strong><\/li>\n<\/ul>\n","protected":false},"excerpt":{"rendered":"<h5 class=\"no-margin\"><\/h5>\n<p>Limpador de uso geral \u00e0 base de per\u00f3xido de hidrog\u00eanio. Alvejante com alto poder oxidante, capaz de neutralizar os maus odores. O per\u00f3xido de hidrog\u00eanio ao reagir com a mat\u00e9ria org\u00e2nica, forma bolhas efervescentes de \u00f3xig\u00eanio ativo (O2), que auxiliam na remo\u00e7\u00e3o de sujidades de diversas superf\u00edcies lav\u00e1veis.<\/p>\n<p>&nbsp;<\/p>\n","protected":false},"featured_media":1001693,"template":"","meta":[],"product_brand":[],"product_cat":[68],"product_tag":[],"class_list":{"0":"post-1000400","1":"product","2":"type-product","3":"status-publish","4":"has-post-thumbnail","6":"product_cat-corporate","8":"first","9":"instock","10":"virtual","11":"product-type-simple"},"_links":{"self":[{"href":"https:\/\/bellinzoni.net\/pt\/wp-json\/wp\/v2\/product\/1000400","targetHints":{"allow":["GET"]}}],"collection":[{"href":"https:\/\/bellinzoni.net\/pt\/wp-json\/wp\/v2\/product"}],"about":[{"href":"https:\/\/bellinzoni.net\/pt\/wp-json\/wp\/v2\/types\/product"}],"version-history":[{"count":3,"href":"https:\/\/bellinzoni.net\/pt\/wp-json\/wp\/v2\/product\/1000400\/revisions"}],"predecessor-version":[{"id":1002057,"href":"https:\/\/bellinzoni.net\/pt\/wp-json\/wp\/v2\/product\/1000400\/revisions\/1002057"}],"wp:featuredmedia":[{"embeddable":true,"href":"https:\/\/bellinzoni.net\/pt\/wp-json\/wp\/v2\/media\/1001693"}],"wp:attachment":[{"href":"https:\/\/bellinzoni.net\/pt\/wp-json\/wp\/v2\/media?parent=1000400"}],"wp:term":[{"taxonomy":"product_brand","embeddable":true,"href":"https:\/\/bellinzoni.net\/pt\/wp-json\/wp\/v2\/product_brand?post=1000400"},{"taxonomy":"product_cat","embeddable":true,"href":"https:\/\/bellinzoni.net\/pt\/wp-json\/wp\/v2\/product_cat?post=1000400"},{"taxonomy":"product_tag","embeddable":true,"href":"https:\/\/bellinzoni.net\/pt\/wp-json\/wp\/v2\/product_tag?post=1000400"}],"curies":[{"name":"wp","href":"https:\/\/api.w.org\/{rel}","templated":true}]}}