{"id":1000401,"date":"2026-01-28T20:35:21","date_gmt":"2026-01-28T20:35:21","guid":{"rendered":"https:\/\/bellinzoni.net\/pt\/?post_type=product&#038;p=1000401"},"modified":"2026-03-16T14:50:35","modified_gmt":"2026-03-16T14:50:35","slug":"removedor-de-cera","status":"publish","type":"product","link":"https:\/\/bellinzoni.net\/pt\/produto\/removedor-de-cera\/","title":{"rendered":"Removedor de Cera"},"content":{"rendered":"<p data-start=\"326\" data-end=\"404\"><strong data-start=\"326\" data-end=\"339\">Descri\u00e7\u00e3o<\/strong><br data-start=\"339\" data-end=\"342\" \/>C\u00f3digo do Produto: 1 L \u2013 227170 | 5 L \u2013 227196 | 20 L \u2013 229199<\/p>\n<hr data-start=\"406\" data-end=\"409\" \/>\n<p data-start=\"411\" data-end=\"481\"><strong data-start=\"411\" data-end=\"439\">Superf\u00edcies de Aplica\u00e7\u00e3o<\/strong><br data-start=\"439\" data-end=\"442\" \/>Vin\u00edlico<br data-start=\"450\" data-end=\"453\" \/>M\u00e1rmore<br data-start=\"460\" data-end=\"463\" \/>Granito<br data-start=\"470\" data-end=\"473\" \/>Cer\u00e2mica<\/p>\n<hr data-start=\"483\" data-end=\"486\" \/>\n<p data-start=\"488\" data-end=\"509\"><strong data-start=\"488\" data-end=\"509\">Instru\u00e7\u00f5es de Uso<\/strong><\/p>\n<p data-start=\"511\" data-end=\"536\"><strong data-start=\"511\" data-end=\"536\">Prepara\u00e7\u00e3o da solu\u00e7\u00e3o<\/strong><\/p>\n<p data-start=\"538\" data-end=\"734\">Em um recipiente apropriado (balde, carrinho aplicador para mop, entre outros), dilua o produto conforme a necessidade, sempre avaliando o tipo de superf\u00edcie e a quantidade de cera a ser removida.<\/p>\n<p data-start=\"736\" data-end=\"897\">Dilui\u00e7\u00e3o recomendada:<br data-start=\"757\" data-end=\"760\" \/>Ceras novas: diluir de 125 a 200 ml do produto em 1 litro de \u00e1gua.<br data-start=\"826\" data-end=\"829\" \/>Ceras antigas: diluir de 250 a 500 ml do produto em 1 litro de \u00e1gua.<\/p>\n<p data-start=\"899\" data-end=\"923\"><strong data-start=\"899\" data-end=\"923\">Aplica\u00e7\u00e3o do produto<\/strong><\/p>\n<p data-start=\"925\" data-end=\"1173\">Aplique a solu\u00e7\u00e3o preparada (produto + \u00e1gua) sobre o piso com aux\u00edlio de um regador ou equipamento similar. Trabalhe sempre em \u00e1reas pequenas, evitando espalhar o produto em grandes \u00e1reas de uma s\u00f3 vez, para n\u00e3o comprometer a efici\u00eancia da remo\u00e7\u00e3o.<\/p>\n<p data-start=\"1175\" data-end=\"1192\"><strong data-start=\"1175\" data-end=\"1192\">Tempo de a\u00e7\u00e3o<\/strong><\/p>\n<p data-start=\"1194\" data-end=\"1249\">Deixe o produto agir por aproximadamente 3 a 6 minutos.<\/p>\n<p data-start=\"1251\" data-end=\"1262\"><strong data-start=\"1251\" data-end=\"1262\">Limpeza<\/strong><\/p>\n<p data-start=\"1264\" data-end=\"1466\">Para melhores resultados, utilize uma enceradeira de baixa rota\u00e7\u00e3o equipada com disco de limpeza preto.<br data-start=\"1367\" data-end=\"1370\" \/>Para \u00e1reas de dif\u00edcil acesso, como cantos, utilize o Suporte LT com fibra de limpeza apropriada.<\/p>\n<p data-start=\"1468\" data-end=\"1479\"><strong data-start=\"1468\" data-end=\"1479\">Remo\u00e7\u00e3o<\/strong><\/p>\n<p data-start=\"1481\" data-end=\"1645\">Remova a solu\u00e7\u00e3o suja resultante (camadas de ceras dissolvidas, excesso de produto e sujeiras) utilizando lavadora autom\u00e1tica, aspirador de \u00e1gua, mop \u00famido ou rodo.<\/p>\n<p data-start=\"1647\" data-end=\"1660\"><strong data-start=\"1647\" data-end=\"1660\">Seguran\u00e7a<\/strong><\/p>\n<p data-start=\"1662\" data-end=\"1755\">Utilize sempre placas de sinaliza\u00e7\u00e3o e orienta\u00e7\u00e3o de seguran\u00e7a durante o processo de limpeza.<\/p>\n<p data-start=\"1757\" data-end=\"1771\"><strong data-start=\"1757\" data-end=\"1771\">Observa\u00e7\u00e3o<\/strong><\/p>\n<p data-start=\"1773\" data-end=\"1935\">Durante o processo de remo\u00e7\u00e3o, n\u00e3o permita que a solu\u00e7\u00e3o seque sobre o piso. Caso necess\u00e1rio, espalhe pequenas quantidades de \u00e1gua para manter a superf\u00edcie \u00famida.<\/p>\n<p data-start=\"1937\" data-end=\"1955\" data-is-last-node=\"\" data-is-only-node=\"\"><strong data-start=\"1937\" data-end=\"1943\">pH<\/strong><br data-start=\"1943\" data-end=\"1946\" \/>Alcalino.<\/p>\n<hr \/>\n<h5 class=\"no-margin\">Downloads<\/h5>\n<hr \/>\n<ul>\n<li><strong><a href=\"https:\/\/bellinzoni.net\/fichas_corporate\/FT_Corporate_Removedor_De_Cera.pdf\" target=\"_blank\" rel=\"noopener noreferrer\">Ficha T\u00e9cnica do Produto<\/a><\/strong><\/li>\n<li><strong><a href=\"https:\/\/bellinzoni.net\/fispq2023\/FISPQ_BLZ268_CORPORATE%20REMOVEDOR%20DE%20CERA.pdf\" target=\"_blank\" rel=\"noopener noreferrer\">Ficha de Seguran\u00e7a \u2013\u00a0FISPQ<\/a><\/strong><\/li>\n<\/ul>\n","protected":false},"excerpt":{"rendered":"<p>Detergente removedor com baixa forma\u00e7\u00e3o de espuma. Remove somente a resina ou a cera que est\u00e1 na superf\u00edcie, diferente de outros removedores que agridem a superf\u00edcie tornando-as porosas e fr\u00e1geis.<\/p>\n<p>&nbsp;<\/p>\n","protected":false},"featured_media":1001692,"template":"","meta":[],"product_brand":[],"product_cat":[68],"product_tag":[],"class_list":{"0":"post-1000401","1":"product","2":"type-product","3":"status-publish","4":"has-post-thumbnail","6":"product_cat-corporate","8":"first","9":"instock","10":"virtual","11":"product-type-simple"},"_links":{"self":[{"href":"https:\/\/bellinzoni.net\/pt\/wp-json\/wp\/v2\/product\/1000401","targetHints":{"allow":["GET"]}}],"collection":[{"href":"https:\/\/bellinzoni.net\/pt\/wp-json\/wp\/v2\/product"}],"about":[{"href":"https:\/\/bellinzoni.net\/pt\/wp-json\/wp\/v2\/types\/product"}],"version-history":[{"count":3,"href":"https:\/\/bellinzoni.net\/pt\/wp-json\/wp\/v2\/product\/1000401\/revisions"}],"predecessor-version":[{"id":1002055,"href":"https:\/\/bellinzoni.net\/pt\/wp-json\/wp\/v2\/product\/1000401\/revisions\/1002055"}],"wp:featuredmedia":[{"embeddable":true,"href":"https:\/\/bellinzoni.net\/pt\/wp-json\/wp\/v2\/media\/1001692"}],"wp:attachment":[{"href":"https:\/\/bellinzoni.net\/pt\/wp-json\/wp\/v2\/media?parent=1000401"}],"wp:term":[{"taxonomy":"product_brand","embeddable":true,"href":"https:\/\/bellinzoni.net\/pt\/wp-json\/wp\/v2\/product_brand?post=1000401"},{"taxonomy":"product_cat","embeddable":true,"href":"https:\/\/bellinzoni.net\/pt\/wp-json\/wp\/v2\/product_cat?post=1000401"},{"taxonomy":"product_tag","embeddable":true,"href":"https:\/\/bellinzoni.net\/pt\/wp-json\/wp\/v2\/product_tag?post=1000401"}],"curies":[{"name":"wp","href":"https:\/\/api.w.org\/{rel}","templated":true}]}}