{"id":1000403,"date":"2026-01-28T20:35:21","date_gmt":"2026-01-28T20:35:21","guid":{"rendered":"https:\/\/bellinzoni.net\/pt\/?post_type=product&#038;p=1000403"},"modified":"2026-03-16T14:40:51","modified_gmt":"2026-03-16T14:40:51","slug":"limpa-e-lustra-aluminio","status":"publish","type":"product","link":"https:\/\/bellinzoni.net\/pt\/produto\/limpa-e-lustra-aluminio\/","title":{"rendered":"Limpa e Lustra Alum\u00ednio"},"content":{"rendered":"<p data-start=\"350\" data-end=\"428\"><strong data-start=\"350\" data-end=\"363\">Descri\u00e7\u00e3o<\/strong><br data-start=\"363\" data-end=\"366\" \/>C\u00f3digo do Produto: 1 L \u2013 226742 | 5 L \u2013 226769 | 20 L \u2013 229300<\/p>\n<hr data-start=\"430\" data-end=\"433\" \/>\n<p data-start=\"435\" data-end=\"503\"><strong data-start=\"435\" data-end=\"463\">Superf\u00edcies de Aplica\u00e7\u00e3o<\/strong><br data-start=\"463\" data-end=\"466\" \/>Panelas<br data-start=\"473\" data-end=\"476\" \/>Talheres<br data-start=\"484\" data-end=\"487\" \/>Janelas<br data-start=\"494\" data-end=\"497\" \/>Portas<\/p>\n<hr data-start=\"505\" data-end=\"508\" \/>\n<p data-start=\"510\" data-end=\"531\"><strong data-start=\"510\" data-end=\"531\">Instru\u00e7\u00f5es de Uso<\/strong><\/p>\n<p data-start=\"533\" data-end=\"558\"><strong data-start=\"533\" data-end=\"558\">Prepara\u00e7\u00e3o da solu\u00e7\u00e3o<\/strong><\/p>\n<p data-start=\"560\" data-end=\"660\">Antes da aplica\u00e7\u00e3o, avalie o n\u00edvel de sujidade da superf\u00edcie para realizar a dilui\u00e7\u00e3o mais adequada.<\/p>\n<p data-start=\"662\" data-end=\"827\">Dilui\u00e7\u00e3o recomendada:<br data-start=\"683\" data-end=\"686\" \/>Sujidade leve: diluir de 100 a 145 ml do produto em 1 litro de \u00e1gua.<br data-start=\"754\" data-end=\"757\" \/>Sujidade pesada: diluir de 165 a 335 ml do produto em 1 litro de \u00e1gua.<\/p>\n<p data-start=\"829\" data-end=\"853\"><strong data-start=\"829\" data-end=\"853\">Aplica\u00e7\u00e3o do produto<\/strong><\/p>\n<p data-start=\"855\" data-end=\"914\">Aplique a solu\u00e7\u00e3o preparada com aux\u00edlio de um pulverizador.<\/p>\n<p data-start=\"916\" data-end=\"933\"><strong data-start=\"916\" data-end=\"933\">Tempo de a\u00e7\u00e3o<\/strong><\/p>\n<p data-start=\"935\" data-end=\"1015\">Deixe o produto agir por alguns segundos para auxiliar na remo\u00e7\u00e3o das sujidades.<\/p>\n<p data-start=\"1017\" data-end=\"1028\"><strong data-start=\"1017\" data-end=\"1028\">Limpeza<\/strong><\/p>\n<p data-start=\"1030\" data-end=\"1184\">Esfregue a superf\u00edcie utilizando esponja ou pano, realizando movimentos circulares.<br data-start=\"1113\" data-end=\"1116\" \/>N\u00e3o utilize o lado \u00e1spero da esponja para evitar riscos no material.<\/p>\n<p data-start=\"1186\" data-end=\"1283\">Para melhores resultados, utilize pano de microfibra ou fibra branca para complementar a limpeza.<\/p>\n<p data-start=\"1285\" data-end=\"1296\"><strong data-start=\"1285\" data-end=\"1296\">Remo\u00e7\u00e3o<\/strong><\/p>\n<p data-start=\"1298\" data-end=\"1401\">Remova os res\u00edduos do produto utilizando \u00e1gua corrente at\u00e9 que a superf\u00edcie esteja completamente limpa.<\/p>\n<p data-start=\"1403\" data-end=\"1418\" data-is-last-node=\"\" data-is-only-node=\"\"><strong data-start=\"1403\" data-end=\"1409\">pH<\/strong><br data-start=\"1409\" data-end=\"1412\" \/>\u00c1cido.<\/p>\n<hr \/>\n<h5 class=\"no-margin\">Downloads<\/h5>\n<hr \/>\n<ul>\n<li><strong><a href=\"https:\/\/bellinzoni.net\/fichas_corporate\/FT_Corporate_Limpa_e_Lustra_Aluminio.pdf\" target=\"_blank\" rel=\"noopener noreferrer\">Ficha T\u00e9cnica do Produto<\/a><\/strong><\/li>\n<li><strong><a href=\"https:\/\/bellinzoni.net\/fispq2023\/FISPQ_BLZ249_CORPORATE%20LIMPA%20E%20LUSTRA%20ALUMINIO.pdf\" target=\"_blank\" rel=\"noopener noreferrer\">Ficha de Seguran\u00e7a \u2013\u00a0FISPQ<\/a><\/strong><\/li>\n<\/ul>\n","protected":false},"excerpt":{"rendered":"<h5 class=\"no-margin\"><\/h5>\n<p>Remove sujeiras e manchas incrustadas em superf\u00edcies de alum\u00ednio, deixando brilhante. Eficiente na limpeza de panelas, talheres, rodas esportivas, ba\u00fa de caminh\u00f5es, pedras, cobre, bronze, prata e outros.<\/p>\n<p>&nbsp;<\/p>\n","protected":false},"featured_media":1001691,"template":"","meta":[],"product_brand":[],"product_cat":[68],"product_tag":[],"class_list":{"0":"post-1000403","1":"product","2":"type-product","3":"status-publish","4":"has-post-thumbnail","6":"product_cat-corporate","8":"first","9":"instock","10":"virtual","11":"product-type-simple"},"_links":{"self":[{"href":"https:\/\/bellinzoni.net\/pt\/wp-json\/wp\/v2\/product\/1000403","targetHints":{"allow":["GET"]}}],"collection":[{"href":"https:\/\/bellinzoni.net\/pt\/wp-json\/wp\/v2\/product"}],"about":[{"href":"https:\/\/bellinzoni.net\/pt\/wp-json\/wp\/v2\/types\/product"}],"version-history":[{"count":3,"href":"https:\/\/bellinzoni.net\/pt\/wp-json\/wp\/v2\/product\/1000403\/revisions"}],"predecessor-version":[{"id":1002053,"href":"https:\/\/bellinzoni.net\/pt\/wp-json\/wp\/v2\/product\/1000403\/revisions\/1002053"}],"wp:featuredmedia":[{"embeddable":true,"href":"https:\/\/bellinzoni.net\/pt\/wp-json\/wp\/v2\/media\/1001691"}],"wp:attachment":[{"href":"https:\/\/bellinzoni.net\/pt\/wp-json\/wp\/v2\/media?parent=1000403"}],"wp:term":[{"taxonomy":"product_brand","embeddable":true,"href":"https:\/\/bellinzoni.net\/pt\/wp-json\/wp\/v2\/product_brand?post=1000403"},{"taxonomy":"product_cat","embeddable":true,"href":"https:\/\/bellinzoni.net\/pt\/wp-json\/wp\/v2\/product_cat?post=1000403"},{"taxonomy":"product_tag","embeddable":true,"href":"https:\/\/bellinzoni.net\/pt\/wp-json\/wp\/v2\/product_tag?post=1000403"}],"curies":[{"name":"wp","href":"https:\/\/api.w.org\/{rel}","templated":true}]}}