{"id":1000405,"date":"2026-01-28T20:35:21","date_gmt":"2026-01-28T20:35:21","guid":{"rendered":"https:\/\/bellinzoni.net\/pt\/?post_type=product&#038;p=1000405"},"modified":"2026-03-16T14:07:59","modified_gmt":"2026-03-16T14:07:59","slug":"limpa-e-grill-e-coifas","status":"publish","type":"product","link":"https:\/\/bellinzoni.net\/pt\/produto\/limpa-e-grill-e-coifas\/","title":{"rendered":"Limpa e Grill e Coifas"},"content":{"rendered":"<div class=\"flex flex-col text-sm pb-25\">\n<article class=\"text-token-text-primary w-full focus:outline-none [--shadow-height:45px] has-data-writing-block:pointer-events-none has-data-writing-block:-mt-(--shadow-height) has-data-writing-block:pt-(--shadow-height) [&amp;:has([data-writing-block])&gt;*]:pointer-events-auto scroll-mt-[calc(var(--header-height)+min(200px,max(70px,20svh)))]\" dir=\"auto\" tabindex=\"-1\" data-turn-id=\"request-WEB:881aabdb-c9a9-414b-b169-c3efefe141d6-23\" data-testid=\"conversation-turn-48\" data-scroll-anchor=\"true\" data-turn=\"assistant\">\n<div class=\"text-base my-auto mx-auto pb-10 [--thread-content-margin:var(--thread-content-margin-xs,calc(var(--spacing)*4))] @w-sm\/main:[--thread-content-margin:var(--thread-content-margin-sm,calc(var(--spacing)*6))] @w-lg\/main:[--thread-content-margin:var(--thread-content-margin-lg,calc(var(--spacing)*16))] px-(--thread-content-margin)\">\n<div class=\"[--thread-content-max-width:40rem] @w-lg\/main:[--thread-content-max-width:48rem] mx-auto max-w-(--thread-content-max-width) flex-1 group\/turn-messages focus-visible:outline-hidden relative flex w-full min-w-0 flex-col agent-turn\" tabindex=\"-1\">\n<div class=\"flex max-w-full flex-col gap-4 grow\">\n<div class=\"min-h-8 text-message relative flex w-full flex-col items-end gap-2 text-start break-words whitespace-normal [.text-message+&amp;]:mt-1\" dir=\"auto\" data-message-author-role=\"assistant\" data-message-id=\"5fae0191-3b46-45a1-ae03-1c5045d5b3e8\" data-message-model-slug=\"gpt-5-3\">\n<div class=\"flex w-full flex-col gap-1 empty:hidden\">\n<div class=\"markdown prose dark:prose-invert w-full wrap-break-word dark markdown-new-styling\">\n<p data-start=\"362\" data-end=\"458\"><strong data-start=\"362\" data-end=\"375\">Descri\u00e7\u00e3o<\/strong><br data-start=\"375\" data-end=\"378\" \/>C\u00f3digo do Produto: 500 ml \u2013 227790 | 1 L \u2013 229288 | 5 L \u2013 227803 | 20 L \u2013 229296<\/p>\n<hr data-start=\"460\" data-end=\"463\" \/>\n<p data-start=\"465\" data-end=\"530\"><strong data-start=\"465\" data-end=\"493\">Superf\u00edcies de Aplica\u00e7\u00e3o<\/strong><br data-start=\"493\" data-end=\"496\" \/>Fornos<br data-start=\"502\" data-end=\"505\" \/>Fog\u00f5es<br data-start=\"511\" data-end=\"514\" \/>Coifas<br data-start=\"520\" data-end=\"523\" \/>Grelhas<\/p>\n<hr data-start=\"532\" data-end=\"535\" \/>\n<p data-start=\"537\" data-end=\"558\"><strong data-start=\"537\" data-end=\"558\">Instru\u00e7\u00f5es de Uso<\/strong><\/p>\n<p data-start=\"560\" data-end=\"585\"><strong data-start=\"560\" data-end=\"585\">Prepara\u00e7\u00e3o da solu\u00e7\u00e3o<\/strong><\/p>\n<p data-start=\"587\" data-end=\"673\">O produto pode ser dilu\u00eddo conforme a necessidade e o n\u00edvel de sujidade da superf\u00edcie.<\/p>\n<p data-start=\"675\" data-end=\"838\">Dilui\u00e7\u00e3o recomendada:<br data-start=\"696\" data-end=\"699\" \/>Sujidade leve: diluir de 50 a 65 ml do produto em 1 litro de \u00e1gua.<br data-start=\"765\" data-end=\"768\" \/>Sujidade pesada: diluir de 100 a 200 ml do produto em 1 litro de \u00e1gua.<\/p>\n<p data-start=\"840\" data-end=\"864\"><strong data-start=\"840\" data-end=\"864\">Aplica\u00e7\u00e3o do produto<\/strong><\/p>\n<p data-start=\"866\" data-end=\"985\">Com a superf\u00edcie levemente morna, aplique o produto utilizando um borrifador, espalhando-o por toda a \u00e1rea a ser limpa.<\/p>\n<p data-start=\"987\" data-end=\"1004\"><strong data-start=\"987\" data-end=\"1004\">Tempo de a\u00e7\u00e3o<\/strong><\/p>\n<p data-start=\"1006\" data-end=\"1108\">Deixe o produto agir por alguns minutos para auxiliar na remo\u00e7\u00e3o da gordura e das sujeiras acumuladas.<\/p>\n<p data-start=\"1110\" data-end=\"1121\"><strong data-start=\"1110\" data-end=\"1121\">Limpeza<\/strong><\/p>\n<p data-start=\"1123\" data-end=\"1203\">Esfregue bem a superf\u00edcie com aux\u00edlio de esponja ou fibra de limpeza apropriada.<\/p>\n<p data-start=\"1205\" data-end=\"1216\"><strong data-start=\"1205\" data-end=\"1216\">Remo\u00e7\u00e3o<\/strong><\/p>\n<p data-start=\"1218\" data-end=\"1295\">Enx\u00e1gue com bastante \u00e1gua at\u00e9 remover completamente o produto e as sujidades.<\/p>\n<p data-start=\"1297\" data-end=\"1311\"><strong data-start=\"1297\" data-end=\"1311\">Observa\u00e7\u00e3o<\/strong><\/p>\n<p data-start=\"1313\" data-end=\"1403\">Em caso de sujeiras mais resistentes, repita o processo at\u00e9 alcan\u00e7ar o resultado desejado.<\/p>\n<p data-start=\"1405\" data-end=\"1423\" data-is-last-node=\"\" data-is-only-node=\"\"><strong data-start=\"1405\" data-end=\"1411\">pH<\/strong><br data-start=\"1411\" data-end=\"1414\" \/>Alcalino.<\/p>\n<\/div>\n<\/div>\n<\/div>\n<\/div>\n<\/div>\n<\/div>\n<\/article>\n<\/div>\n<hr \/>\n<h5 class=\"no-margin\">Downloads<\/h5>\n<hr \/>\n<ul>\n<li><strong><a href=\"https:\/\/bellinzoni.net\/fichas_corporate\/FT_Corporate_Limpa_Grill_e_Coifas.pdf\" target=\"_blank\" rel=\"noopener noreferrer\">Ficha T\u00e9cnica do Produto<\/a><\/strong><\/li>\n<li><strong><a href=\"https:\/\/bellinzoni.net\/fispq2023\/FISPQ_BLZ283_CORPORATE%20LIMPA%20GRILL%20E%20COIFAS..pdf\" target=\"_blank\" rel=\"noopener noreferrer\">Ficha de Seguran\u00e7a \u2013\u00a0FISPQ<\/a><\/strong><\/li>\n<\/ul>\n","protected":false},"excerpt":{"rendered":"<h5 class=\"no-margin\"><\/h5>\n<p>Limpador alcalino altamente eficaz para limpeza de fornos, fog\u00f5es, fritadeiras, grelhadores, grelhas e pratos de cozinha. Dissolve rapidamente as incrusta\u00e7\u00f5es de \u00f3leo e graxa carbonizados. Cont\u00e9m agentes de limpeza penetrantes e desengordurantes que remove facilmente qualquer ac\u00famulo de gordura.<\/p>\n<p>&nbsp;<\/p>\n","protected":false},"featured_media":1001689,"template":"","meta":[],"product_brand":[],"product_cat":[68],"product_tag":[],"class_list":{"0":"post-1000405","1":"product","2":"type-product","3":"status-publish","4":"has-post-thumbnail","6":"product_cat-corporate","8":"first","9":"instock","10":"virtual","11":"product-type-simple"},"_links":{"self":[{"href":"https:\/\/bellinzoni.net\/pt\/wp-json\/wp\/v2\/product\/1000405","targetHints":{"allow":["GET"]}}],"collection":[{"href":"https:\/\/bellinzoni.net\/pt\/wp-json\/wp\/v2\/product"}],"about":[{"href":"https:\/\/bellinzoni.net\/pt\/wp-json\/wp\/v2\/types\/product"}],"version-history":[{"count":3,"href":"https:\/\/bellinzoni.net\/pt\/wp-json\/wp\/v2\/product\/1000405\/revisions"}],"predecessor-version":[{"id":1002049,"href":"https:\/\/bellinzoni.net\/pt\/wp-json\/wp\/v2\/product\/1000405\/revisions\/1002049"}],"wp:featuredmedia":[{"embeddable":true,"href":"https:\/\/bellinzoni.net\/pt\/wp-json\/wp\/v2\/media\/1001689"}],"wp:attachment":[{"href":"https:\/\/bellinzoni.net\/pt\/wp-json\/wp\/v2\/media?parent=1000405"}],"wp:term":[{"taxonomy":"product_brand","embeddable":true,"href":"https:\/\/bellinzoni.net\/pt\/wp-json\/wp\/v2\/product_brand?post=1000405"},{"taxonomy":"product_cat","embeddable":true,"href":"https:\/\/bellinzoni.net\/pt\/wp-json\/wp\/v2\/product_cat?post=1000405"},{"taxonomy":"product_tag","embeddable":true,"href":"https:\/\/bellinzoni.net\/pt\/wp-json\/wp\/v2\/product_tag?post=1000405"}],"curies":[{"name":"wp","href":"https:\/\/api.w.org\/{rel}","templated":true}]}}