{"id":1000406,"date":"2026-01-28T20:35:21","date_gmt":"2026-01-28T20:35:21","guid":{"rendered":"https:\/\/bellinzoni.net\/pt\/?post_type=product&#038;p=1000406"},"modified":"2026-03-16T14:10:01","modified_gmt":"2026-03-16T14:10:01","slug":"limpador-multiuso-floral","status":"publish","type":"product","link":"https:\/\/bellinzoni.net\/pt\/produto\/limpador-multiuso-floral\/","title":{"rendered":"Limpador Multiuso Floral"},"content":{"rendered":"<p data-start=\"372\" data-end=\"450\"><strong data-start=\"372\" data-end=\"385\">Descri\u00e7\u00e3o<\/strong><br data-start=\"385\" data-end=\"388\" \/>C\u00f3digo do Produto: 1 L \u2013 227510 | 5 L \u2013 227528 | 20 L \u2013 229229<\/p>\n<hr data-start=\"452\" data-end=\"455\" \/>\n<p data-start=\"457\" data-end=\"532\"><strong data-start=\"457\" data-end=\"485\">Superf\u00edcies de Aplica\u00e7\u00e3o<\/strong><br data-start=\"485\" data-end=\"488\" \/>Pisos em Geral<br data-start=\"502\" data-end=\"505\" \/>Paredes<br data-start=\"512\" data-end=\"515\" \/>Lou\u00e7as Sanit\u00e1rias<\/p>\n<hr data-start=\"534\" data-end=\"537\" \/>\n<p data-start=\"539\" data-end=\"560\"><strong data-start=\"539\" data-end=\"560\">Instru\u00e7\u00f5es de Uso<\/strong><\/p>\n<p data-start=\"562\" data-end=\"587\"><strong data-start=\"562\" data-end=\"587\">Prepara\u00e7\u00e3o da solu\u00e7\u00e3o<\/strong><\/p>\n<p data-start=\"589\" data-end=\"687\">O produto pode ser dilu\u00eddo conforme a necessidade e o n\u00edvel de sujidade da superf\u00edcie a ser limpa.<\/p>\n<p data-start=\"689\" data-end=\"849\">Dilui\u00e7\u00e3o recomendada:<br data-start=\"710\" data-end=\"713\" \/>Sujidade leve: diluir de 5 a 10 ml do produto em 1 litro de \u00e1gua.<br data-start=\"778\" data-end=\"781\" \/>Sujidade pesada: diluir de 15 a 50 ml do produto em 1 litro de \u00e1gua.<\/p>\n<p data-start=\"851\" data-end=\"875\"><strong data-start=\"851\" data-end=\"875\">Aplica\u00e7\u00e3o do produto<\/strong><\/p>\n<p data-start=\"877\" data-end=\"989\">Ap\u00f3s realizar a dilui\u00e7\u00e3o adequada, aplique o produto na superf\u00edcie com aux\u00edlio de um pulverizador ou borrifador.<\/p>\n<p data-start=\"991\" data-end=\"1008\"><strong data-start=\"991\" data-end=\"1008\">Tempo de a\u00e7\u00e3o<\/strong><\/p>\n<p data-start=\"1010\" data-end=\"1090\">Deixe o produto agir por alguns segundos para auxiliar na remo\u00e7\u00e3o das sujidades.<\/p>\n<p data-start=\"1092\" data-end=\"1103\"><strong data-start=\"1092\" data-end=\"1103\">Limpeza<\/strong><\/p>\n<p data-start=\"1105\" data-end=\"1180\">Se necess\u00e1rio, esfregue a superf\u00edcie com aux\u00edlio de uma esponja dupla face.<\/p>\n<p data-start=\"1182\" data-end=\"1193\"><strong data-start=\"1182\" data-end=\"1193\">Remo\u00e7\u00e3o<\/strong><\/p>\n<p data-start=\"1195\" data-end=\"1428\">Seque a superf\u00edcie com material absorvente, como fibra sint\u00e9tica ou papel absorvente. Caso necess\u00e1rio, enx\u00e1gue ou remova o produto com uma fibra de limpeza sint\u00e9tica levemente umedecida at\u00e9 que a superf\u00edcie fique completamente limpa.<\/p>\n<p data-start=\"1430\" data-end=\"1444\"><strong data-start=\"1430\" data-end=\"1444\">Observa\u00e7\u00e3o<\/strong><\/p>\n<p data-start=\"1446\" data-end=\"1562\">Em caso de d\u00favida, recomenda-se realizar um teste pr\u00e9vio em uma pequena \u00e1rea antes da aplica\u00e7\u00e3o completa do produto.<\/p>\n<p data-start=\"1564\" data-end=\"1580\" data-is-last-node=\"\" data-is-only-node=\"\"><strong data-start=\"1564\" data-end=\"1570\">pH<\/strong><br data-start=\"1570\" data-end=\"1573\" \/>Neutro.<\/p>\n<hr \/>\n<h5 class=\"no-margin\">Downloads<\/h5>\n<hr \/>\n<ul>\n<li><strong><a href=\"https:\/\/bellinzoni.net\/fichas_corporate\/FT_Corporate_Limpador_Multiuso_Floral.pdf\" target=\"_blank\" rel=\"noopener noreferrer\">Ficha T\u00e9cnica do Produto<\/a><\/strong><\/li>\n<li><strong><a href=\"https:\/\/bellinzoni.net\/fispq2023\/FISPQ_BLZ282_CORPORATE%20LIMPADOR%20MULTIUSO.pdf\" target=\"_blank\" rel=\"noopener noreferrer\">Ficha de Seguran\u00e7a \u2013\u00a0FISPQ<\/a><\/strong><\/li>\n<\/ul>\n","protected":false},"excerpt":{"rendered":"<p>&nbsp;<\/p>\n<p>Detergente altamente concentrado e com baixa forma\u00e7\u00e3o de espuma para limpeza de superf\u00edcies em geral. Cont\u00e9m tensoativos biodegrad\u00e1veis que n\u00e3o agridem o meio ambiente. Sua dilui\u00e7\u00e3o, em \u00e1gua, \u00e9 feita facilmente, assim como a sua remo\u00e7\u00e3o por enx\u00e1gue. Vers\u00e1til, pode ser utilizado para lavar lou\u00e7as e talheres, pois suas fragr\u00e2ncias s\u00e3o suaves e agrad\u00e1veis.<\/p>\n<p>&nbsp;<\/p>\n","protected":false},"featured_media":1001679,"template":"","meta":[],"product_brand":[],"product_cat":[68],"product_tag":[],"class_list":{"0":"post-1000406","1":"product","2":"type-product","3":"status-publish","4":"has-post-thumbnail","6":"product_cat-corporate","8":"first","9":"instock","10":"virtual","11":"product-type-simple"},"_links":{"self":[{"href":"https:\/\/bellinzoni.net\/pt\/wp-json\/wp\/v2\/product\/1000406","targetHints":{"allow":["GET"]}}],"collection":[{"href":"https:\/\/bellinzoni.net\/pt\/wp-json\/wp\/v2\/product"}],"about":[{"href":"https:\/\/bellinzoni.net\/pt\/wp-json\/wp\/v2\/types\/product"}],"version-history":[{"count":2,"href":"https:\/\/bellinzoni.net\/pt\/wp-json\/wp\/v2\/product\/1000406\/revisions"}],"predecessor-version":[{"id":1002047,"href":"https:\/\/bellinzoni.net\/pt\/wp-json\/wp\/v2\/product\/1000406\/revisions\/1002047"}],"wp:featuredmedia":[{"embeddable":true,"href":"https:\/\/bellinzoni.net\/pt\/wp-json\/wp\/v2\/media\/1001679"}],"wp:attachment":[{"href":"https:\/\/bellinzoni.net\/pt\/wp-json\/wp\/v2\/media?parent=1000406"}],"wp:term":[{"taxonomy":"product_brand","embeddable":true,"href":"https:\/\/bellinzoni.net\/pt\/wp-json\/wp\/v2\/product_brand?post=1000406"},{"taxonomy":"product_cat","embeddable":true,"href":"https:\/\/bellinzoni.net\/pt\/wp-json\/wp\/v2\/product_cat?post=1000406"},{"taxonomy":"product_tag","embeddable":true,"href":"https:\/\/bellinzoni.net\/pt\/wp-json\/wp\/v2\/product_tag?post=1000406"}],"curies":[{"name":"wp","href":"https:\/\/api.w.org\/{rel}","templated":true}]}}