{"id":1000408,"date":"2026-01-28T20:35:22","date_gmt":"2026-01-28T20:35:22","guid":{"rendered":"https:\/\/bellinzoni.net\/pt\/?post_type=product&#038;p=1000408"},"modified":"2026-03-16T13:58:42","modified_gmt":"2026-03-16T13:58:42","slug":"limpador-multiuso-talco","status":"publish","type":"product","link":"https:\/\/bellinzoni.net\/pt\/produto\/limpador-multiuso-talco\/","title":{"rendered":"Limpador Multiuso Talco"},"content":{"rendered":"<p data-start=\"335\" data-end=\"413\"><strong data-start=\"335\" data-end=\"348\">Descri\u00e7\u00e3o<\/strong><br data-start=\"348\" data-end=\"351\" \/>C\u00f3digo do Produto: 1 L \u2013 227552 | 5 L \u2013 227560 | 20 L \u2013 229237<\/p>\n<hr data-start=\"415\" data-end=\"418\" \/>\n<p data-start=\"420\" data-end=\"495\"><strong data-start=\"420\" data-end=\"448\">Superf\u00edcies de Aplica\u00e7\u00e3o<\/strong><br data-start=\"448\" data-end=\"451\" \/>Pisos em Geral<br data-start=\"465\" data-end=\"468\" \/>Paredes<br data-start=\"475\" data-end=\"478\" \/>Lou\u00e7as Sanit\u00e1rias<\/p>\n<hr data-start=\"497\" data-end=\"500\" \/>\n<p data-start=\"502\" data-end=\"523\"><strong data-start=\"502\" data-end=\"523\">Instru\u00e7\u00f5es de Uso<\/strong><\/p>\n<p data-start=\"525\" data-end=\"550\"><strong data-start=\"525\" data-end=\"550\">Prepara\u00e7\u00e3o da solu\u00e7\u00e3o<\/strong><\/p>\n<p data-start=\"552\" data-end=\"650\">O produto pode ser dilu\u00eddo conforme a necessidade e o n\u00edvel de sujidade da superf\u00edcie a ser limpa.<\/p>\n<p data-start=\"652\" data-end=\"812\">Dilui\u00e7\u00e3o recomendada:<br data-start=\"673\" data-end=\"676\" \/>Sujidade leve: diluir de 5 a 10 ml do produto em 1 litro de \u00e1gua.<br data-start=\"741\" data-end=\"744\" \/>Sujidade pesada: diluir de 15 a 50 ml do produto em 1 litro de \u00e1gua.<\/p>\n<p data-start=\"814\" data-end=\"838\"><strong data-start=\"814\" data-end=\"838\">Aplica\u00e7\u00e3o do produto<\/strong><\/p>\n<p data-start=\"840\" data-end=\"945\">Ap\u00f3s realizar a dilui\u00e7\u00e3o adequada, aplique o produto na superf\u00edcie utilizando pulverizador ou borrifador.<\/p>\n<p data-start=\"947\" data-end=\"964\"><strong data-start=\"947\" data-end=\"964\">Tempo de a\u00e7\u00e3o<\/strong><\/p>\n<p data-start=\"966\" data-end=\"1046\">Deixe o produto agir por alguns segundos para auxiliar na remo\u00e7\u00e3o das sujidades.<\/p>\n<p data-start=\"1048\" data-end=\"1059\"><strong data-start=\"1048\" data-end=\"1059\">Limpeza<\/strong><\/p>\n<p data-start=\"1061\" data-end=\"1136\">Se necess\u00e1rio, esfregue a superf\u00edcie com aux\u00edlio de uma esponja dupla face.<\/p>\n<p data-start=\"1138\" data-end=\"1149\"><strong data-start=\"1138\" data-end=\"1149\">Remo\u00e7\u00e3o<\/strong><\/p>\n<p data-start=\"1151\" data-end=\"1384\">Seque a superf\u00edcie com material absorvente, como fibra sint\u00e9tica ou papel absorvente. Caso necess\u00e1rio, enx\u00e1gue ou remova o produto com uma fibra de limpeza sint\u00e9tica levemente umedecida at\u00e9 que a superf\u00edcie fique completamente limpa.<\/p>\n<p data-start=\"1386\" data-end=\"1400\"><strong data-start=\"1386\" data-end=\"1400\">Observa\u00e7\u00e3o<\/strong><\/p>\n<p data-start=\"1402\" data-end=\"1499\">Recomenda-se realizar um teste pr\u00e9vio em uma pequena \u00e1rea antes da aplica\u00e7\u00e3o completa do produto.<\/p>\n<p data-start=\"1501\" data-end=\"1517\" data-is-last-node=\"\" data-is-only-node=\"\"><strong data-start=\"1501\" data-end=\"1507\">pH<\/strong><br data-start=\"1507\" data-end=\"1510\" \/>Neutro.<\/p>\n<hr \/>\n<h5 class=\"no-margin\">Downloads<\/h5>\n<hr \/>\n<ul>\n<li><strong><a href=\"https:\/\/bellinzoni.net\/fichas_corporate\/FT_Corporate_Limpador_Multiuso_Talco.pdf\" target=\"_blank\" rel=\"noopener noreferrer\">Ficha T\u00e9cnica do Produto<\/a><\/strong><\/li>\n<li><strong><a href=\"https:\/\/bellinzoni.net\/fispq2023\/FISPQ_BLZ282_CORPORATE%20LIMPADOR%20MULTIUSO.pdf\" target=\"_blank\" rel=\"noopener noreferrer\">Ficha de Seguran\u00e7a \u2013\u00a0FISPQ<\/a><\/strong><\/li>\n<\/ul>\n","protected":false},"excerpt":{"rendered":"<h5 class=\"no-margin\"><\/h5>\n<p>Detergente altamente concentrado e com baixa forma\u00e7\u00e3o de espuma para limpeza de superf\u00edcies em geral. Cont\u00e9m tensoativos biodegrad\u00e1veis que n\u00e3o agridem o meio ambiente. Sua dilui\u00e7\u00e3o, em \u00e1gua, \u00e9 feita facilmente, assim como a sua remo\u00e7\u00e3o por enx\u00e1gue. Vers\u00e1til, pode ser utilizado para lavar lou\u00e7as e talheres, pois suas fragr\u00e2ncias s\u00e3o suaves e agrad\u00e1veis.<\/p>\n<p>&nbsp;<\/p>\n","protected":false},"featured_media":1001677,"template":"","meta":[],"product_brand":[],"product_cat":[68],"product_tag":[],"class_list":{"0":"post-1000408","1":"product","2":"type-product","3":"status-publish","4":"has-post-thumbnail","6":"product_cat-corporate","8":"first","9":"instock","10":"virtual","11":"product-type-simple"},"_links":{"self":[{"href":"https:\/\/bellinzoni.net\/pt\/wp-json\/wp\/v2\/product\/1000408","targetHints":{"allow":["GET"]}}],"collection":[{"href":"https:\/\/bellinzoni.net\/pt\/wp-json\/wp\/v2\/product"}],"about":[{"href":"https:\/\/bellinzoni.net\/pt\/wp-json\/wp\/v2\/types\/product"}],"version-history":[{"count":3,"href":"https:\/\/bellinzoni.net\/pt\/wp-json\/wp\/v2\/product\/1000408\/revisions"}],"predecessor-version":[{"id":1002044,"href":"https:\/\/bellinzoni.net\/pt\/wp-json\/wp\/v2\/product\/1000408\/revisions\/1002044"}],"wp:featuredmedia":[{"embeddable":true,"href":"https:\/\/bellinzoni.net\/pt\/wp-json\/wp\/v2\/media\/1001677"}],"wp:attachment":[{"href":"https:\/\/bellinzoni.net\/pt\/wp-json\/wp\/v2\/media?parent=1000408"}],"wp:term":[{"taxonomy":"product_brand","embeddable":true,"href":"https:\/\/bellinzoni.net\/pt\/wp-json\/wp\/v2\/product_brand?post=1000408"},{"taxonomy":"product_cat","embeddable":true,"href":"https:\/\/bellinzoni.net\/pt\/wp-json\/wp\/v2\/product_cat?post=1000408"},{"taxonomy":"product_tag","embeddable":true,"href":"https:\/\/bellinzoni.net\/pt\/wp-json\/wp\/v2\/product_tag?post=1000408"}],"curies":[{"name":"wp","href":"https:\/\/api.w.org\/{rel}","templated":true}]}}