{"id":1000409,"date":"2026-01-28T20:35:22","date_gmt":"2026-01-28T20:35:22","guid":{"rendered":"https:\/\/bellinzoni.net\/pt\/?post_type=product&#038;p=1000409"},"modified":"2026-03-17T13:49:16","modified_gmt":"2026-03-17T13:49:16","slug":"lustra-inox-e-metais","status":"publish","type":"product","link":"https:\/\/bellinzoni.net\/pt\/produto\/lustra-inox-e-metais\/","title":{"rendered":"Lustra Inox e Metais"},"content":{"rendered":"<p data-start=\"306\" data-end=\"356\"><strong data-start=\"306\" data-end=\"319\">Descri\u00e7\u00e3o<\/strong><br data-start=\"319\" data-end=\"322\" \/>C\u00f3digo do Produto: 200 ml \u2013 226793<\/p>\n<hr data-start=\"358\" data-end=\"361\" \/>\n<p data-start=\"363\" data-end=\"445\"><strong data-start=\"363\" data-end=\"391\">Superf\u00edcies de Aplica\u00e7\u00e3o<\/strong><br data-start=\"391\" data-end=\"394\" \/>Geladeiras<br data-start=\"404\" data-end=\"407\" \/>Fog\u00f5es<br data-start=\"413\" data-end=\"416\" \/>Coifas<br data-start=\"422\" data-end=\"425\" \/>Panelas<br data-start=\"432\" data-end=\"435\" \/>Elevadores<\/p>\n<hr data-start=\"447\" data-end=\"450\" \/>\n<p data-start=\"452\" data-end=\"473\"><strong data-start=\"452\" data-end=\"473\">Instru\u00e7\u00f5es de Uso<\/strong><\/p>\n<p data-start=\"475\" data-end=\"500\"><strong data-start=\"475\" data-end=\"500\">Prepara\u00e7\u00e3o do produto<\/strong><\/p>\n<p data-start=\"502\" data-end=\"526\">Agite bem antes de usar.<\/p>\n<p data-start=\"528\" data-end=\"552\"><strong data-start=\"528\" data-end=\"552\">Aplica\u00e7\u00e3o do produto<\/strong><\/p>\n<p data-start=\"554\" data-end=\"617\">Aplique o produto diretamente sobre a superf\u00edcie a ser tratada.<\/p>\n<p data-start=\"619\" data-end=\"630\"><strong data-start=\"619\" data-end=\"630\">Limpeza<\/strong><\/p>\n<p data-start=\"632\" data-end=\"685\">Esfregue suavemente com aux\u00edlio de uma esponja macia.<\/p>\n<p data-start=\"687\" data-end=\"774\">Aten\u00e7\u00e3o: n\u00e3o utilize o lado verde abrasivo da esponja para evitar riscos na superf\u00edcie.<\/p>\n<p data-start=\"776\" data-end=\"789\"><strong data-start=\"776\" data-end=\"789\">Polimento<\/strong><\/p>\n<p data-start=\"791\" data-end=\"878\" data-is-last-node=\"\" data-is-only-node=\"\">Ap\u00f3s a limpeza, realize o polimento com um pano seco para real\u00e7ar o brilho do material.<\/p>\n<hr \/>\n<h5 class=\"no-margin\">Downloads<\/h5>\n<hr \/>\n<ul>\n<li><strong><a href=\"https:\/\/bellinzoni.net\/fichas_corporate\/FT_Corporate_Lustra_Inox_e_Metais.pdf\" target=\"_blank\" rel=\"noopener noreferrer\">Ficha T\u00e9cnica do Produto<\/a><\/strong><\/li>\n<li><strong><a href=\"https:\/\/bellinzoni.net\/fispq2023\/FISPQ_BLZ251_CORPORATE%20LUSTRA%20INOX%20E%20METAIS_Vr00.pdf\" target=\"_blank\" rel=\"noopener noreferrer\">Ficha de Seguran\u00e7a \u2013\u00a0FISPQ<\/a><\/strong><\/li>\n<\/ul>\n","protected":false},"excerpt":{"rendered":"<p>Limpa, lustra e protege todas as superf\u00edcies met\u00e1licas. Espec\u00edfico para cobre, prata e cromo. Elimina rapidamente todos os tipos de sujeiras: impress\u00f5es digitais, descolora\u00e7\u00f5es e manchas em geral, conferindo brilho e prote\u00e7\u00e3o sem deixar res\u00edduos oleosos. N\u00e3o cont\u00e9m subst\u00e2ncias abrasivas, mas part\u00edculas muito finas que permitem que voc\u00ea limpe suavemente sem riscar ou arranhar a superf\u00edcie. N\u00e3o deixa res\u00edduos e n\u00e3o precisa ser enxaguado. Sendo muito viscoso, permite uma limpeza r\u00e1pida e eficaz.<\/p>\n<p>&nbsp;<\/p>\n","protected":false},"featured_media":1001837,"template":"","meta":[],"product_brand":[],"product_cat":[68],"product_tag":[],"class_list":{"0":"post-1000409","1":"product","2":"type-product","3":"status-publish","4":"has-post-thumbnail","6":"product_cat-corporate","8":"first","9":"instock","10":"virtual","11":"product-type-simple"},"_links":{"self":[{"href":"https:\/\/bellinzoni.net\/pt\/wp-json\/wp\/v2\/product\/1000409","targetHints":{"allow":["GET"]}}],"collection":[{"href":"https:\/\/bellinzoni.net\/pt\/wp-json\/wp\/v2\/product"}],"about":[{"href":"https:\/\/bellinzoni.net\/pt\/wp-json\/wp\/v2\/types\/product"}],"version-history":[{"count":3,"href":"https:\/\/bellinzoni.net\/pt\/wp-json\/wp\/v2\/product\/1000409\/revisions"}],"predecessor-version":[{"id":1002118,"href":"https:\/\/bellinzoni.net\/pt\/wp-json\/wp\/v2\/product\/1000409\/revisions\/1002118"}],"wp:featuredmedia":[{"embeddable":true,"href":"https:\/\/bellinzoni.net\/pt\/wp-json\/wp\/v2\/media\/1001837"}],"wp:attachment":[{"href":"https:\/\/bellinzoni.net\/pt\/wp-json\/wp\/v2\/media?parent=1000409"}],"wp:term":[{"taxonomy":"product_brand","embeddable":true,"href":"https:\/\/bellinzoni.net\/pt\/wp-json\/wp\/v2\/product_brand?post=1000409"},{"taxonomy":"product_cat","embeddable":true,"href":"https:\/\/bellinzoni.net\/pt\/wp-json\/wp\/v2\/product_cat?post=1000409"},{"taxonomy":"product_tag","embeddable":true,"href":"https:\/\/bellinzoni.net\/pt\/wp-json\/wp\/v2\/product_tag?post=1000409"}],"curies":[{"name":"wp","href":"https:\/\/api.w.org\/{rel}","templated":true}]}}