{"id":1000410,"date":"2026-01-28T20:35:22","date_gmt":"2026-01-28T20:35:22","guid":{"rendered":"https:\/\/bellinzoni.net\/pt\/?post_type=product&#038;p=1000410"},"modified":"2026-04-08T16:48:35","modified_gmt":"2026-04-08T16:48:35","slug":"pra-que-agua-2","status":"publish","type":"product","link":"https:\/\/bellinzoni.net\/pt\/produto\/pra-que-agua-2\/","title":{"rendered":"Pra Que \u00c1gua? Higienizador em Gel com Cloro Ativo"},"content":{"rendered":"<div class=\"flex flex-col text-sm pb-25\">\n<article class=\"text-token-text-primary w-full focus:outline-none [--shadow-height:45px] has-data-writing-block:pointer-events-none has-data-writing-block:-mt-(--shadow-height) has-data-writing-block:pt-(--shadow-height) [&amp;:has([data-writing-block])&gt;*]:pointer-events-auto scroll-mt-[calc(var(--header-height)+min(200px,max(70px,20svh)))]\" dir=\"auto\" tabindex=\"-1\" data-turn-id=\"request-WEB:881aabdb-c9a9-414b-b169-c3efefe141d6-13\" data-testid=\"conversation-turn-28\" data-scroll-anchor=\"true\" data-turn=\"assistant\">\n<div class=\"text-base my-auto mx-auto pb-10 [--thread-content-margin:var(--thread-content-margin-xs,calc(var(--spacing)*4))] @w-sm\/main:[--thread-content-margin:var(--thread-content-margin-sm,calc(var(--spacing)*6))] @w-lg\/main:[--thread-content-margin:var(--thread-content-margin-lg,calc(var(--spacing)*16))] px-(--thread-content-margin)\">\n<div class=\"[--thread-content-max-width:40rem] @w-lg\/main:[--thread-content-max-width:48rem] mx-auto max-w-(--thread-content-max-width) flex-1 group\/turn-messages focus-visible:outline-hidden relative flex w-full min-w-0 flex-col agent-turn\" tabindex=\"-1\">\n<div class=\"flex max-w-full flex-col gap-4 grow\">\n<div class=\"min-h-8 text-message relative flex w-full flex-col items-end gap-2 text-start break-words whitespace-normal [.text-message+&amp;]:mt-1\" dir=\"auto\" data-message-author-role=\"assistant\" data-message-id=\"b8664eff-6bf9-4953-9829-c8cf13258acc\" data-message-model-slug=\"gpt-5-3\">\n<div class=\"flex w-full flex-col gap-1 empty:hidden\">\n<div class=\"markdown prose dark:prose-invert w-full wrap-break-word dark markdown-new-styling\">\n<p data-start=\"374\" data-end=\"452\"><strong data-start=\"374\" data-end=\"387\">Descri\u00e7\u00e3o<\/strong><br data-start=\"387\" data-end=\"390\" \/>C\u00f3digo do Produto: 1 L \u2013 227471 | 5 L \u2013 227480 | 20 L \u2013 229245<\/p>\n<hr data-start=\"454\" data-end=\"457\" \/>\n<p data-start=\"459\" data-end=\"545\"><strong data-start=\"459\" data-end=\"487\">Superf\u00edcies de Aplica\u00e7\u00e3o<\/strong><\/p>\n<ul>\n<li data-start=\"459\" data-end=\"545\">Lou\u00e7as sanit\u00e1rias<\/li>\n<li data-start=\"459\" data-end=\"545\">Superf\u00edcies esmaltadas<\/li>\n<li data-start=\"459\" data-end=\"545\">A\u00e7o inoxid\u00e1vel<\/li>\n<li data-start=\"459\" data-end=\"545\">Torneiras<\/li>\n<li data-start=\"459\" data-end=\"545\">Chuveiros<\/li>\n<li data-start=\"459\" data-end=\"545\">Pisos<\/li>\n<li data-start=\"459\" data-end=\"545\">Ladrilhos<\/li>\n<\/ul>\n<hr data-start=\"547\" data-end=\"550\" \/>\n<p data-start=\"552\" data-end=\"573\"><strong data-start=\"552\" data-end=\"573\">Instru\u00e7\u00f5es de Uso<\/strong><\/p>\n<p><strong>Aplica\u00e7\u00e3o direta:<\/strong><\/p>\n<p>Aplicar o produto puro diretamente sobre lou\u00e7as sanit\u00e1rias ou superf\u00edcies a serem limpas.<\/p>\n<p><strong>Aplica\u00e7\u00e3o com esponja:<\/strong><\/p>\n<ul>\n<li>Dosar pequena quantidade em uma esponja \u00famida.<\/li>\n<li>Esfregar a superf\u00edcie at\u00e9 a remo\u00e7\u00e3o da sujeira.<\/li>\n<\/ul>\n<p><strong>Finaliza\u00e7\u00e3o:<\/strong><\/p>\n<ul>\n<li>N\u00e3o necessita enx\u00e1gue.<\/li>\n<li>Restri\u00e7\u00f5es de uso:<\/li>\n<li>N\u00e3o utilizar em tapetes, tecidos, alum\u00ednio ou lin\u00f3leo.<\/li>\n<li>N\u00e3o misturar com outros detergentes ou produtos \u00e1cidos.<\/li>\n<\/ul>\n<p><strong>Caracter\u00edsticas t\u00e9cnicas:<\/strong><\/p>\n<ul>\n<li>pH alcalino<\/li>\n<li>A\u00e7\u00e3o clareadora<\/li>\n<li>Alto poder desengordurante e removedor de manchas<\/li>\n<\/ul>\n<p><strong>Precau\u00e7\u00f5es:<\/strong><\/p>\n<ul>\n<li>N\u00e3o ingerir.<\/li>\n<li>Evitar inala\u00e7\u00e3o, contato com os olhos e com a pele.<\/li>\n<li>Ap\u00f3s o uso, lavar e secar bem as m\u00e3os.<\/li>\n<\/ul>\n<p><strong>Em caso de acidente:<\/strong><\/p>\n<ul>\n<li>Contato com olhos ou pele: lavar imediatamente com \u00e1gua em abund\u00e2ncia.<\/li>\n<li>Ingest\u00e3o: n\u00e3o provocar v\u00f4mito e procurar atendimento m\u00e9dico imediatamente, levando o r\u00f3tulo do produto.<\/li>\n<li>Telefone de emerg\u00eancia: 0800-7226001<\/li>\n<\/ul>\n<p><strong>Armazenamento:<\/strong><\/p>\n<ul>\n<li>Manter fora do alcance de crian\u00e7as e animais dom\u00e9sticos.<\/li>\n<li>N\u00e3o reutilizar a embalagem para outros fins.<\/li>\n<\/ul>\n<p><strong>Composi\u00e7\u00e3o:<\/strong>\u00a0Hidr\u00f3xido de s\u00f3dio, alvejante, ve\u00edculo.<\/p>\n<p><strong>Registro:<\/strong>\u00a0Produto saneante notificado na ANVISA n\u00ba 25351.423597\/2019-26<\/p>\n<p><strong>Resultado:<\/strong><\/p>\n<ul>\n<li>Limpeza profunda com a\u00e7\u00e3o clareadora, elimina\u00e7\u00e3o de manchas dif\u00edceis e higieniza\u00e7\u00e3o eficiente sem necessidade de enx\u00e1gue.<\/li>\n<\/ul>\n<\/div>\n<\/div>\n<\/div>\n<\/div>\n<\/div>\n<\/div>\n<\/article>\n<\/div>\n<hr \/>\n<h5 class=\"no-margin\">Downloads<\/h5>\n<hr \/>\n<ul>\n<li><strong><a href=\"https:\/\/bellinzoni.net\/fichas_corporate\/FT_Corporate_Pra_Que_Agua.pdf\" target=\"_blank\" rel=\"noopener noreferrer\">Ficha T\u00e9cnica do Produto<\/a><\/strong><\/li>\n<li><strong><a href=\"https:\/\/bellinzoni.net\/fispq2023\/FISPQ_BLZ279_CORPORATE%20PRA%20QUE%20%c3%81GUA%20GEL.pdf\" target=\"_blank\" rel=\"noopener noreferrer\">Ficha de Seguran\u00e7a \u2013\u00a0FISPQ<\/a><\/strong><\/li>\n<\/ul>\n","protected":false},"excerpt":{"rendered":"<p>Higienizador em gel altamente eficaz para remo\u00e7\u00e3o de manchas e limpeza profunda de superf\u00edcies. Possui efeito clareador, sendo ideal para uso di\u00e1rio em ambientes como cozinha e banheiro. Sua formula\u00e7\u00e3o combina cloro e detergente, proporcionando alto poder de higieniza\u00e7\u00e3o, remo\u00e7\u00e3o de sujeiras dif\u00edceis e elimina\u00e7\u00e3o de manchas org\u00e2nicas como vinho, caf\u00e9 e frutas. N\u00e3o necessita de enx\u00e1gue, otimizando o processo de limpeza.<\/p>\n","protected":false},"featured_media":1001688,"template":"","meta":[],"product_brand":[],"product_cat":[74],"product_tag":[],"class_list":{"0":"post-1000410","1":"product","2":"type-product","3":"status-publish","4":"has-post-thumbnail","6":"product_cat-profissional","8":"first","9":"instock","10":"virtual","11":"product-type-simple"},"_links":{"self":[{"href":"https:\/\/bellinzoni.net\/pt\/wp-json\/wp\/v2\/product\/1000410","targetHints":{"allow":["GET"]}}],"collection":[{"href":"https:\/\/bellinzoni.net\/pt\/wp-json\/wp\/v2\/product"}],"about":[{"href":"https:\/\/bellinzoni.net\/pt\/wp-json\/wp\/v2\/types\/product"}],"version-history":[{"count":5,"href":"https:\/\/bellinzoni.net\/pt\/wp-json\/wp\/v2\/product\/1000410\/revisions"}],"predecessor-version":[{"id":1002490,"href":"https:\/\/bellinzoni.net\/pt\/wp-json\/wp\/v2\/product\/1000410\/revisions\/1002490"}],"wp:featuredmedia":[{"embeddable":true,"href":"https:\/\/bellinzoni.net\/pt\/wp-json\/wp\/v2\/media\/1001688"}],"wp:attachment":[{"href":"https:\/\/bellinzoni.net\/pt\/wp-json\/wp\/v2\/media?parent=1000410"}],"wp:term":[{"taxonomy":"product_brand","embeddable":true,"href":"https:\/\/bellinzoni.net\/pt\/wp-json\/wp\/v2\/product_brand?post=1000410"},{"taxonomy":"product_cat","embeddable":true,"href":"https:\/\/bellinzoni.net\/pt\/wp-json\/wp\/v2\/product_cat?post=1000410"},{"taxonomy":"product_tag","embeddable":true,"href":"https:\/\/bellinzoni.net\/pt\/wp-json\/wp\/v2\/product_tag?post=1000410"}],"curies":[{"name":"wp","href":"https:\/\/api.w.org\/{rel}","templated":true}]}}