{"id":1000411,"date":"2026-01-28T20:35:22","date_gmt":"2026-01-28T20:35:22","guid":{"rendered":"https:\/\/bellinzoni.net\/pt\/?post_type=product&#038;p=1000411"},"modified":"2026-03-17T14:07:00","modified_gmt":"2026-03-17T14:07:00","slug":"renovador-de-porcelanato-2","status":"publish","type":"product","link":"https:\/\/bellinzoni.net\/pt\/produto\/renovador-de-porcelanato-2\/","title":{"rendered":"Renovador de Porcelanato"},"content":{"rendered":"<p data-start=\"305\" data-end=\"383\"><strong data-start=\"305\" data-end=\"318\">Descri\u00e7\u00e3o<\/strong><br data-start=\"318\" data-end=\"321\" \/>C\u00f3digo do Produto: 1 L \u2013 227439 | 5 L \u2013 227447 | 20 L \u2013 229261<\/p>\n<hr data-start=\"385\" data-end=\"388\" \/>\n<p data-start=\"390\" data-end=\"467\"><strong data-start=\"390\" data-end=\"418\">Superf\u00edcies de Aplica\u00e7\u00e3o<\/strong><br data-start=\"418\" data-end=\"421\" \/>Porcelanatos<br data-start=\"433\" data-end=\"436\" \/>Azulejos<br data-start=\"444\" data-end=\"447\" \/>Ard\u00f3sias<br data-start=\"455\" data-end=\"458\" \/>Cer\u00e2micas<\/p>\n<hr data-start=\"469\" data-end=\"472\" \/>\n<p data-start=\"474\" data-end=\"495\"><strong data-start=\"474\" data-end=\"495\">Instru\u00e7\u00f5es de Uso<\/strong><\/p>\n<p data-start=\"497\" data-end=\"522\"><strong data-start=\"497\" data-end=\"522\">Prepara\u00e7\u00e3o do produto<\/strong><\/p>\n<p data-start=\"524\" data-end=\"548\">Agite bem antes de usar.<\/p>\n<p data-start=\"550\" data-end=\"574\"><strong data-start=\"550\" data-end=\"574\">Aplica\u00e7\u00e3o do produto<\/strong><\/p>\n<p data-start=\"576\" data-end=\"661\">Derrame uma pequena quantidade do produto diretamente sobre a superf\u00edcie a ser limpa.<\/p>\n<p data-start=\"663\" data-end=\"680\"><strong data-start=\"663\" data-end=\"680\">Tempo de a\u00e7\u00e3o<\/strong><\/p>\n<p data-start=\"682\" data-end=\"733\">Deixe o produto agir por aproximadamente 5 minutos.<\/p>\n<p data-start=\"735\" data-end=\"746\"><strong data-start=\"735\" data-end=\"746\">Limpeza<\/strong><\/p>\n<p data-start=\"748\" data-end=\"844\">Esfregue a superf\u00edcie com aux\u00edlio de um pano ou esponja macia at\u00e9 a remo\u00e7\u00e3o completa da sujeira.<\/p>\n<p data-start=\"846\" data-end=\"923\">Aten\u00e7\u00e3o: n\u00e3o utilize o lado verde da esponja, pois pode danificar o material.<\/p>\n<p data-start=\"925\" data-end=\"1009\">Se necess\u00e1rio, borrife um pouco de \u00e1gua durante a limpeza para auxiliar no processo.<\/p>\n<p data-start=\"1011\" data-end=\"1022\"><strong data-start=\"1011\" data-end=\"1022\">Remo\u00e7\u00e3o<\/strong><\/p>\n<p data-start=\"1024\" data-end=\"1099\">Enx\u00e1gue com \u00e1gua para finalizar a limpeza e remover os res\u00edduos do produto.<\/p>\n<p data-start=\"1101\" data-end=\"1115\"><strong data-start=\"1101\" data-end=\"1115\">Observa\u00e7\u00e3o<\/strong><\/p>\n<p data-start=\"1117\" data-end=\"1204\" data-is-last-node=\"\" data-is-only-node=\"\">Repita a opera\u00e7\u00e3o caso ainda existam res\u00edduos de sujeira ou imperfei\u00e7\u00f5es na superf\u00edcie.<\/p>\n<hr \/>\n<h5 class=\"no-margin\">Downloads<\/h5>\n<hr \/>\n<ul>\n<li><strong><a href=\"https:\/\/bellinzoni.net\/fichas_corporate\/FT_Corporate_Renovador_De_Porcelanato.pdf\" target=\"_blank\" rel=\"noopener noreferrer\">Ficha T\u00e9cnica do Produto<\/a><\/strong><\/li>\n<li><strong><a href=\"https:\/\/bellinzoni.net\/fispq2023\/FISPQ_BLZ277_CORPORATE%20RENOVADOR%20DE%20PORCELANATO.pdf\" target=\"_blank\" rel=\"noopener noreferrer\">Ficha de Seguran\u00e7a \u2013\u00a0FISPQ<\/a><\/strong><\/li>\n<\/ul>\n","protected":false},"excerpt":{"rendered":"<h5 class=\"no-margin\"><\/h5>\n<p>Produto cremoso com alto poder de limpeza e remo\u00e7\u00e3o de imperfei\u00e7\u00f5es (arranh\u00f5es superficiais) causada pelo uso em superf\u00edcie de porcelanato e cer\u00e2mica. Possui part\u00edculas de finos gr\u00e3os polidores em sua f\u00f3rmula que permite um leve polimento manual devolvendo a beleza do material com um toque dom\u00e9stico.<\/p>\n<p>&nbsp;<\/p>\n","protected":false},"featured_media":0,"template":"","meta":[],"product_brand":[],"product_cat":[68],"product_tag":[],"class_list":{"0":"post-1000411","1":"product","2":"type-product","3":"status-publish","5":"product_cat-corporate","7":"first","8":"instock","9":"virtual","10":"product-type-simple"},"_links":{"self":[{"href":"https:\/\/bellinzoni.net\/pt\/wp-json\/wp\/v2\/product\/1000411","targetHints":{"allow":["GET"]}}],"collection":[{"href":"https:\/\/bellinzoni.net\/pt\/wp-json\/wp\/v2\/product"}],"about":[{"href":"https:\/\/bellinzoni.net\/pt\/wp-json\/wp\/v2\/types\/product"}],"version-history":[{"count":3,"href":"https:\/\/bellinzoni.net\/pt\/wp-json\/wp\/v2\/product\/1000411\/revisions"}],"predecessor-version":[{"id":1002125,"href":"https:\/\/bellinzoni.net\/pt\/wp-json\/wp\/v2\/product\/1000411\/revisions\/1002125"}],"wp:attachment":[{"href":"https:\/\/bellinzoni.net\/pt\/wp-json\/wp\/v2\/media?parent=1000411"}],"wp:term":[{"taxonomy":"product_brand","embeddable":true,"href":"https:\/\/bellinzoni.net\/pt\/wp-json\/wp\/v2\/product_brand?post=1000411"},{"taxonomy":"product_cat","embeddable":true,"href":"https:\/\/bellinzoni.net\/pt\/wp-json\/wp\/v2\/product_cat?post=1000411"},{"taxonomy":"product_tag","embeddable":true,"href":"https:\/\/bellinzoni.net\/pt\/wp-json\/wp\/v2\/product_tag?post=1000411"}],"curies":[{"name":"wp","href":"https:\/\/api.w.org\/{rel}","templated":true}]}}