{"id":1000430,"date":"2026-01-28T20:35:45","date_gmt":"2026-01-28T20:35:45","guid":{"rendered":"https:\/\/bellinzoni.net\/pt\/?post_type=product&#038;p=1000430"},"modified":"2026-03-16T13:15:20","modified_gmt":"2026-03-16T13:15:20","slug":"limpa-tecidos-e-carpetes","status":"publish","type":"product","link":"https:\/\/bellinzoni.net\/pt\/produto\/limpa-tecidos-e-carpetes\/","title":{"rendered":"Limpa Tecidos e Carpetes"},"content":{"rendered":"<div class=\"flex flex-col text-sm pb-25\">\n<article class=\"text-token-text-primary w-full focus:outline-none [--shadow-height:45px] has-data-writing-block:pointer-events-none has-data-writing-block:-mt-(--shadow-height) has-data-writing-block:pt-(--shadow-height) [&amp;:has([data-writing-block])&gt;*]:pointer-events-auto scroll-mt-[calc(var(--header-height)+min(200px,max(70px,20svh)))]\" dir=\"auto\" tabindex=\"-1\" data-turn-id=\"request-WEB:881aabdb-c9a9-414b-b169-c3efefe141d6-12\" data-testid=\"conversation-turn-26\" data-scroll-anchor=\"true\" data-turn=\"assistant\">\n<div class=\"text-base my-auto mx-auto pb-10 [--thread-content-margin:var(--thread-content-margin-xs,calc(var(--spacing)*4))] @w-sm\/main:[--thread-content-margin:var(--thread-content-margin-sm,calc(var(--spacing)*6))] @w-lg\/main:[--thread-content-margin:var(--thread-content-margin-lg,calc(var(--spacing)*16))] px-(--thread-content-margin)\">\n<div class=\"[--thread-content-max-width:40rem] @w-lg\/main:[--thread-content-max-width:48rem] mx-auto max-w-(--thread-content-max-width) flex-1 group\/turn-messages focus-visible:outline-hidden relative flex w-full min-w-0 flex-col agent-turn\" tabindex=\"-1\">\n<div class=\"flex max-w-full flex-col gap-4 grow\">\n<div class=\"min-h-8 text-message relative flex w-full flex-col items-end gap-2 text-start break-words whitespace-normal [.text-message+&amp;]:mt-1\" dir=\"auto\" data-message-author-role=\"assistant\" data-message-id=\"f41f3055-d76a-47fb-8837-002bb3f3a6df\" data-message-model-slug=\"gpt-5-3\">\n<div class=\"flex w-full flex-col gap-1 empty:hidden\">\n<div class=\"markdown prose dark:prose-invert w-full wrap-break-word dark markdown-new-styling\">\n<p data-start=\"374\" data-end=\"452\"><strong data-start=\"374\" data-end=\"387\">Descri\u00e7\u00e3o<\/strong><br data-start=\"387\" data-end=\"390\" \/>C\u00f3digo do Produto: 1 L \u2013 226998 | 5 L \u2013 227005 | 20 L \u2013 229334<\/p>\n<hr data-start=\"454\" data-end=\"457\" \/>\n<p data-start=\"459\" data-end=\"545\"><strong data-start=\"459\" data-end=\"487\">Superf\u00edcies de Aplica\u00e7\u00e3o<\/strong><br data-start=\"487\" data-end=\"490\" \/>Tecidos<br data-start=\"497\" data-end=\"500\" \/>Carpetes<br data-start=\"508\" data-end=\"511\" \/>Poltronas<br data-start=\"520\" data-end=\"523\" \/>Interiores Automotivos<\/p>\n<hr data-start=\"547\" data-end=\"550\" \/>\n<p data-start=\"552\" data-end=\"573\"><strong data-start=\"552\" data-end=\"573\">Instru\u00e7\u00f5es de Uso<\/strong><\/p>\n<p data-start=\"575\" data-end=\"600\"><strong data-start=\"575\" data-end=\"600\">Prepara\u00e7\u00e3o da solu\u00e7\u00e3o<\/strong><\/p>\n<p data-start=\"602\" data-end=\"701\">O Limpa Tecidos e Carpetes pode ser dilu\u00eddo conforme o n\u00edvel de sujidade da superf\u00edcie a ser limpa.<\/p>\n<p data-start=\"703\" data-end=\"868\">Dilui\u00e7\u00e3o recomendada:<br data-start=\"724\" data-end=\"727\" \/>Sujidade leve: diluir de 100 a 145 ml do produto em 1 litro de \u00e1gua.<br data-start=\"795\" data-end=\"798\" \/>Sujidade pesada: diluir de 165 a 335 ml do produto em 1 litro de \u00e1gua.<\/p>\n<p data-start=\"870\" data-end=\"894\"><strong data-start=\"870\" data-end=\"894\">Aplica\u00e7\u00e3o do produto<\/strong><\/p>\n<p data-start=\"896\" data-end=\"949\">Borrife a solu\u00e7\u00e3o preparada sobre a \u00e1rea a ser limpa.<\/p>\n<p data-start=\"951\" data-end=\"962\"><strong data-start=\"951\" data-end=\"962\">Limpeza<\/strong><\/p>\n<p data-start=\"964\" data-end=\"1050\">Esfregue a superf\u00edcie com aux\u00edlio de uma escova macia, pano ou equipamento apropriado.<\/p>\n<p data-start=\"1052\" data-end=\"1063\"><strong data-start=\"1052\" data-end=\"1063\">Remo\u00e7\u00e3o<\/strong><\/p>\n<p data-start=\"1065\" data-end=\"1163\">Remova o excesso do produto com aux\u00edlio de um pano seco ou equipamento de extra\u00e7\u00e3o, se necess\u00e1rio.<\/p>\n<hr data-start=\"1165\" data-end=\"1168\" \/>\n<p data-start=\"1170\" data-end=\"1184\"><strong data-start=\"1170\" data-end=\"1184\">Observa\u00e7\u00e3o<\/strong><\/p>\n<p data-start=\"1186\" data-end=\"1294\" data-is-last-node=\"\" data-is-only-node=\"\">Produto com pH \u00e1cido. Recomenda-se realizar um teste pr\u00e9vio em uma pequena \u00e1rea antes da aplica\u00e7\u00e3o completa.<\/p>\n<\/div>\n<\/div>\n<\/div>\n<\/div>\n<\/div>\n<\/div>\n<\/article>\n<\/div>\n<hr \/>\n<h5 class=\"no-margin\">Downloads<\/h5>\n<hr \/>\n<ul>\n<li><strong><a href=\"https:\/\/bellinzoni.net\/fichas_corporate\/FT_Corporate_Limpa_Tecidos_e_Carpetes.pdf\" target=\"_blank\" rel=\"noopener noreferrer\">Ficha T\u00e9cnica do Produto<\/a><\/strong><\/li>\n<li><strong><a href=\"https:\/\/bellinzoni.net\/fispq2023\/FISPQ_BLZ261_CORPORATE%20LIMPADOR%20TECIDOS%20E%20CARPETES.pdf\" target=\"_blank\" rel=\"noopener noreferrer\">Ficha de Seguran\u00e7a \u2013\u00a0FISPQ<\/a><\/strong><\/li>\n<\/ul>\n","protected":false},"excerpt":{"rendered":"<h5 class=\"no-margin\"><\/h5>\n<p>Produto concentrado, desenvolvido para limpeza de tapetes, poltronas, revestimentos t\u00eaxteis, interiores automotivos, estofados de couro sint\u00e9tico. Cont\u00e9m novas subst\u00e2ncias de limpeza ativas fortalecidas por agentes que solubilizam a sujeira e limita a absor\u00e7\u00e3o de \u00e1gua nas superf\u00edcies tratadas. Agradavelmente perfumado, n\u00e3o descolore o material.<\/p>\n<p>&nbsp;<\/p>\n","protected":false},"featured_media":1001687,"template":"","meta":[],"product_brand":[],"product_cat":[68],"product_tag":[],"class_list":{"0":"post-1000430","1":"product","2":"type-product","3":"status-publish","4":"has-post-thumbnail","6":"product_cat-corporate","8":"first","9":"instock","10":"virtual","11":"product-type-simple"},"_links":{"self":[{"href":"https:\/\/bellinzoni.net\/pt\/wp-json\/wp\/v2\/product\/1000430","targetHints":{"allow":["GET"]}}],"collection":[{"href":"https:\/\/bellinzoni.net\/pt\/wp-json\/wp\/v2\/product"}],"about":[{"href":"https:\/\/bellinzoni.net\/pt\/wp-json\/wp\/v2\/types\/product"}],"version-history":[{"count":2,"href":"https:\/\/bellinzoni.net\/pt\/wp-json\/wp\/v2\/product\/1000430\/revisions"}],"predecessor-version":[{"id":1002014,"href":"https:\/\/bellinzoni.net\/pt\/wp-json\/wp\/v2\/product\/1000430\/revisions\/1002014"}],"wp:featuredmedia":[{"embeddable":true,"href":"https:\/\/bellinzoni.net\/pt\/wp-json\/wp\/v2\/media\/1001687"}],"wp:attachment":[{"href":"https:\/\/bellinzoni.net\/pt\/wp-json\/wp\/v2\/media?parent=1000430"}],"wp:term":[{"taxonomy":"product_brand","embeddable":true,"href":"https:\/\/bellinzoni.net\/pt\/wp-json\/wp\/v2\/product_brand?post=1000430"},{"taxonomy":"product_cat","embeddable":true,"href":"https:\/\/bellinzoni.net\/pt\/wp-json\/wp\/v2\/product_cat?post=1000430"},{"taxonomy":"product_tag","embeddable":true,"href":"https:\/\/bellinzoni.net\/pt\/wp-json\/wp\/v2\/product_tag?post=1000430"}],"curies":[{"name":"wp","href":"https:\/\/api.w.org\/{rel}","templated":true}]}}