{"id":1000431,"date":"2026-01-28T20:35:45","date_gmt":"2026-01-28T20:35:45","guid":{"rendered":"https:\/\/bellinzoni.net\/pt\/?post_type=product&#038;p=1000431"},"modified":"2026-03-16T13:10:33","modified_gmt":"2026-03-16T13:10:33","slug":"limpa-vidros-e-espelhos","status":"publish","type":"product","link":"https:\/\/bellinzoni.net\/pt\/produto\/limpa-vidros-e-espelhos\/","title":{"rendered":"Limpa Vidros e Espelhos"},"content":{"rendered":"<p data-start=\"340\" data-end=\"418\"><strong data-start=\"340\" data-end=\"353\">Descri\u00e7\u00e3o<\/strong><br data-start=\"353\" data-end=\"356\" \/>C\u00f3digo do Produto: 1 L \u2013 226955 | 5 L \u2013 226963 | 20 L \u2013 229369<\/p>\n<hr data-start=\"420\" data-end=\"423\" \/>\n<p data-start=\"425\" data-end=\"498\"><strong data-start=\"425\" data-end=\"453\">Superf\u00edcies de Aplica\u00e7\u00e3o<\/strong><br data-start=\"453\" data-end=\"456\" \/>Vidros<br data-start=\"462\" data-end=\"465\" \/>Cristais<br data-start=\"473\" data-end=\"476\" \/>Vitrines<br data-start=\"484\" data-end=\"487\" \/>Para-brisas<\/p>\n<hr data-start=\"500\" data-end=\"503\" \/>\n<p data-start=\"505\" data-end=\"526\"><strong data-start=\"505\" data-end=\"526\">Instru\u00e7\u00f5es de Uso<\/strong><\/p>\n<p data-start=\"528\" data-end=\"553\"><strong data-start=\"528\" data-end=\"553\">Prepara\u00e7\u00e3o do produto<\/strong><\/p>\n<p data-start=\"555\" data-end=\"632\">O Limpa Vidros e Espelhos pode ser dilu\u00eddo conforme a necessidade de limpeza.<\/p>\n<p data-start=\"634\" data-end=\"658\"><strong data-start=\"634\" data-end=\"658\">Aplica\u00e7\u00e3o do produto<\/strong><\/p>\n<p data-start=\"660\" data-end=\"715\">Borrife o produto diretamente sobre a \u00e1rea a ser limpa.<\/p>\n<p data-start=\"717\" data-end=\"728\"><strong data-start=\"717\" data-end=\"728\">Limpeza<\/strong><\/p>\n<p data-start=\"730\" data-end=\"824\">Com aux\u00edlio de um pano limpo e seco, esfregue a superf\u00edcie removendo o produto e as sujidades.<\/p>\n<p data-start=\"826\" data-end=\"841\"><strong data-start=\"826\" data-end=\"841\">Finaliza\u00e7\u00e3o<\/strong><\/p>\n<p data-start=\"843\" data-end=\"940\" data-is-last-node=\"\" data-is-only-node=\"\">Ap\u00f3s a limpeza, passe um pano seco para garantir melhor transpar\u00eancia e acabamento da superf\u00edcie.<\/p>\n<hr \/>\n<h5 class=\"no-margin\">Downloads<\/h5>\n<hr \/>\n<ul>\n<li><strong><a href=\"https:\/\/bellinzoni.net\/fichas_corporate\/FT_Corporate_Limpa_Vidros_e_Espelhos.pdf\" target=\"_blank\" rel=\"noopener noreferrer\">Ficha T\u00e9cnica do Produto<\/a><\/strong><\/li>\n<li><strong><a href=\"https:\/\/bellinzoni.net\/fispq2023\/FISPQ_BLZ259_CORPORATE%20LIMPA%20VIDROS%20E%20ESPELHO.pdf\" target=\"_blank\" rel=\"noopener noreferrer\">Ficha de Seguran\u00e7a \u2013\u00a0FISPQ<\/a><\/strong><\/li>\n<\/ul>\n","protected":false},"excerpt":{"rendered":"<p>Limpa Vidros e Espelhos \u00e9 ideal para limpeza di\u00e1ria de superf\u00edcies de vidro, espelhos, cristais, a\u00e7os polidos, teclados de computador, vitrines, para brisas, janelas, far\u00f3is de carro e toda superf\u00edcie transparente e reflexiva. Limpa instantaneamente sem deixar riscos. Agradavelmente perfumado, n\u00e3o deixa res\u00edduos.<\/p>\n<p>&nbsp;<\/p>\n","protected":false},"featured_media":1001686,"template":"","meta":[],"product_brand":[],"product_cat":[68],"product_tag":[],"class_list":{"0":"post-1000431","1":"product","2":"type-product","3":"status-publish","4":"has-post-thumbnail","6":"product_cat-corporate","8":"first","9":"instock","10":"virtual","11":"product-type-simple"},"_links":{"self":[{"href":"https:\/\/bellinzoni.net\/pt\/wp-json\/wp\/v2\/product\/1000431","targetHints":{"allow":["GET"]}}],"collection":[{"href":"https:\/\/bellinzoni.net\/pt\/wp-json\/wp\/v2\/product"}],"about":[{"href":"https:\/\/bellinzoni.net\/pt\/wp-json\/wp\/v2\/types\/product"}],"version-history":[{"count":3,"href":"https:\/\/bellinzoni.net\/pt\/wp-json\/wp\/v2\/product\/1000431\/revisions"}],"predecessor-version":[{"id":1002009,"href":"https:\/\/bellinzoni.net\/pt\/wp-json\/wp\/v2\/product\/1000431\/revisions\/1002009"}],"wp:featuredmedia":[{"embeddable":true,"href":"https:\/\/bellinzoni.net\/pt\/wp-json\/wp\/v2\/media\/1001686"}],"wp:attachment":[{"href":"https:\/\/bellinzoni.net\/pt\/wp-json\/wp\/v2\/media?parent=1000431"}],"wp:term":[{"taxonomy":"product_brand","embeddable":true,"href":"https:\/\/bellinzoni.net\/pt\/wp-json\/wp\/v2\/product_brand?post=1000431"},{"taxonomy":"product_cat","embeddable":true,"href":"https:\/\/bellinzoni.net\/pt\/wp-json\/wp\/v2\/product_cat?post=1000431"},{"taxonomy":"product_tag","embeddable":true,"href":"https:\/\/bellinzoni.net\/pt\/wp-json\/wp\/v2\/product_tag?post=1000431"}],"curies":[{"name":"wp","href":"https:\/\/api.w.org\/{rel}","templated":true}]}}