{"id":1000432,"date":"2026-01-28T20:35:45","date_gmt":"2026-01-28T20:35:45","guid":{"rendered":"https:\/\/bellinzoni.net\/pt\/?post_type=product&#038;p=1000432"},"modified":"2026-02-26T19:41:47","modified_gmt":"2026-02-26T19:41:47","slug":"protetor-de-tecidos-e-carpetes","status":"publish","type":"product","link":"https:\/\/bellinzoni.net\/pt\/produto\/protetor-de-tecidos-e-carpetes\/","title":{"rendered":"Protetor de Tecidos e Carpetes"},"content":{"rendered":"<p class=\"no-margin\">C\u00f3digo do Produto: 1 L \u2013 227013 &#8211; 5 L \u2013 227021 &#8211; 20 L \u2013 229342<\/p>\n<hr \/>\n<h5 class=\"no-margin\">Superf\u00edcies de Aplica\u00e7\u00e3o<\/h5>\n<ul>\n<li>Sof\u00e1s<\/li>\n<li>Carpetes<\/li>\n<li>Tapetes<\/li>\n<li>Roupas<\/li>\n<li>T\u00eanis<\/li>\n<\/ul>\n<hr \/>\n<h5 class=\"no-margin\">Finalidade<\/h5>\n<hr \/>\n<p>Impermeabilizante protetor para tecidos sem altera\u00e7\u00e3o da apar\u00eancia e maciez. Protege contra absor\u00e7\u00e3o de l\u00edquidos e sujeiras em geral. Pode ser usado em sof\u00e1s, carpetes, tapetes, roupas, bancos de autom\u00f3veis, tecidos, bolsas, t\u00eanis e etc. Protege evitando desbotamento e desgaste do material. Sua a\u00e7\u00e3o impede a absor\u00e7\u00e3o imediata do l\u00edquido permitindo a limpeza antes da forma\u00e7\u00e3o da mancha na superf\u00edcie. N\u00e3o recomendado para utiliza\u00e7\u00e3o em couro, camur\u00e7a, veludo, vinil ou imita\u00e7\u00f5es.<\/p>\n<hr \/>\n<h5 class=\"no-margin\">Instru\u00e7\u00f5es de Uso<\/h5>\n<hr \/>\n<p>A superf\u00edcie a ser tratada deve estar limpa e seca, nova e com sua cor firme. Aplique o Protetor de Tecidos, borrifando-o sobre a superf\u00edcie a uma dist\u00e2ncia de 15 cm e espalhe com um pano at\u00e9 umedec\u00ea-la. Espere secar (at\u00e9 5\/6 horas) e fa\u00e7a o teste de repel\u00eancia com algumas gotas de \u00e1gua. Se houver absor\u00e7\u00e3o da \u00e1gua, repita a opera\u00e7\u00e3o. Aten\u00e7\u00e3o: Recomendamos o teste antes do uso. Em uma parte pequena e n\u00e3o exposta aplique o produto e seque com um pano branco. Se a cor passar para o pano branco, n\u00e3o utilize o produto. Fa\u00e7a periodicamente testes de repel\u00eancia com gotas de \u00e1gua para verificar a absor\u00e7\u00e3o e a necessidade de reaplica\u00e7\u00e3o. O produto somente deve ser reaplicado ap\u00f3s lavagem ou limpeza. N\u00e3o utilize em ambientes fechados, banheiros ou arm\u00e1rios.<\/p>\n<hr \/>\n<h5 class=\"no-margin\">Downloads<\/h5>\n<hr \/>\n<ul>\n<li><strong><a href=\"https:\/\/bellinzoni.net\/fichas_corporate\/FT_Corporate_Protetor_de_Tecidos_e_Carpetes.pdf\" target=\"_blank\" rel=\"noopener noreferrer\">Ficha T\u00e9cnica do Produto<\/a><\/strong><\/li>\n<li><strong><a href=\"#\" target=\"_blank\" rel=\"noopener noreferrer\">Ficha de Seguran\u00e7a \u2013\u00a0FISPQ<\/a><\/strong><\/li>\n<\/ul>\n","protected":false},"excerpt":{"rendered":"<h5 class=\"no-margin\"><\/h5>\n<p>Impermeabilizante protetor para tecidos sem altera\u00e7\u00e3o da apar\u00eancia e maciez. Protege contra absor\u00e7\u00e3o de l\u00edquidos e sujeiras em geral. Pode ser usado em sof\u00e1s, carpetes, tapetes, roupas, bancos de autom\u00f3veis, tecidos, bolsas, t\u00eanis e etc. Protege evitando desbotamento e desgaste do material. Sua a\u00e7\u00e3o impede a absor\u00e7\u00e3o imediata do l\u00edquido permitindo a limpeza antes da forma\u00e7\u00e3o da mancha na superf\u00edcie. N\u00e3o recomendado para utiliza\u00e7\u00e3o em couro, camur\u00e7a, veludo, vinil ou imita\u00e7\u00f5es.<\/p>\n<p>&nbsp;<\/p>\n","protected":false},"featured_media":1001685,"template":"","meta":[],"product_brand":[],"product_cat":[68],"product_tag":[],"class_list":{"0":"post-1000432","1":"product","2":"type-product","3":"status-publish","4":"has-post-thumbnail","6":"product_cat-corporate","8":"first","9":"instock","10":"virtual","11":"product-type-simple"},"_links":{"self":[{"href":"https:\/\/bellinzoni.net\/pt\/wp-json\/wp\/v2\/product\/1000432","targetHints":{"allow":["GET"]}}],"collection":[{"href":"https:\/\/bellinzoni.net\/pt\/wp-json\/wp\/v2\/product"}],"about":[{"href":"https:\/\/bellinzoni.net\/pt\/wp-json\/wp\/v2\/types\/product"}],"version-history":[{"count":1,"href":"https:\/\/bellinzoni.net\/pt\/wp-json\/wp\/v2\/product\/1000432\/revisions"}],"predecessor-version":[{"id":1001560,"href":"https:\/\/bellinzoni.net\/pt\/wp-json\/wp\/v2\/product\/1000432\/revisions\/1001560"}],"wp:featuredmedia":[{"embeddable":true,"href":"https:\/\/bellinzoni.net\/pt\/wp-json\/wp\/v2\/media\/1001685"}],"wp:attachment":[{"href":"https:\/\/bellinzoni.net\/pt\/wp-json\/wp\/v2\/media?parent=1000432"}],"wp:term":[{"taxonomy":"product_brand","embeddable":true,"href":"https:\/\/bellinzoni.net\/pt\/wp-json\/wp\/v2\/product_brand?post=1000432"},{"taxonomy":"product_cat","embeddable":true,"href":"https:\/\/bellinzoni.net\/pt\/wp-json\/wp\/v2\/product_cat?post=1000432"},{"taxonomy":"product_tag","embeddable":true,"href":"https:\/\/bellinzoni.net\/pt\/wp-json\/wp\/v2\/product_tag?post=1000432"}],"curies":[{"name":"wp","href":"https:\/\/api.w.org\/{rel}","templated":true}]}}