{"id":1000435,"date":"2026-01-28T20:35:46","date_gmt":"2026-01-28T20:35:46","guid":{"rendered":"https:\/\/bellinzoni.net\/pt\/?post_type=product&#038;p=1000435"},"modified":"2026-02-26T19:40:37","modified_gmt":"2026-02-26T19:40:37","slug":"renovador-de-inox","status":"publish","type":"product","link":"https:\/\/bellinzoni.net\/pt\/produto\/renovador-de-inox\/","title":{"rendered":"Renovador de Inox"},"content":{"rendered":"<p class=\"no-margin\">C\u00f3digo do Produto: 1 L \u2013 226777 &#8211; 5 L \u2013 226785 &#8211; 20 L \u2013 229326<\/p>\n<hr \/>\n<h5 class=\"no-margin\">Superf\u00edcies de Aplica\u00e7\u00e3o<\/h5>\n<ul>\n<li>Geladeiras<\/li>\n<li>Fog\u00f5es<\/li>\n<li>Coifas<\/li>\n<li>Elevadores<\/li>\n<\/ul>\n<hr \/>\n<h5 class=\"no-margin\">Finalidade<\/h5>\n<hr \/>\n<p>Produto que possui micropart\u00edculas com alto poder desengordurante e limpeza para superf\u00edcies em a\u00e7o inox. d\u00e1 brilho restaurando o inox de forma r\u00e1pida e f\u00e1cil. Limpa e desengordura sem riscar o material. Pode ser usado em pias, panelas, chaleiras, baixelas, fog\u00f5es, coifas e etc. Remove manchas de gordura e \u00e1gua. Deixa a superf\u00edcie nova, brilhante e espelhada.am na remo\u00e7\u00e3o de sujidades de diversas superf\u00edcies lav\u00e1veis.<\/p>\n<hr \/>\n<h5 class=\"no-margin\">Instru\u00e7\u00f5es de Uso<\/h5>\n<hr \/>\n<p>Agite bem antes de usar. Derrame um pouco do produto sobre a superf\u00edcie, deixe agir 5 minutos e esfregue com aux\u00edlio de um pano ou esponja macia (n\u00e3o utilize o lado \u00e1spero da esponja pois pode danificar o material). Esfregue at\u00e9 que a sujeira seja totalmente removida, se necess\u00e1rio borrife um pouco de \u00e1gua na superf\u00edcie onde est\u00e1 realizando a limpeza. Enx\u00e1gue com \u00e1gua para limpeza final e repita a opera\u00e7\u00e3o caso ainda tenha res\u00edduos da sujeira ou da imperfei\u00e7\u00e3o a ser tratada.<\/p>\n<hr \/>\n<h5 class=\"no-margin\">Downloads<\/h5>\n<hr \/>\n<ul>\n<li><strong><a href=\"https:\/\/bellinzoni.net\/fichas_corporate\/FT_Corporate_Renovador_de_Inox.pdf\" target=\"_blank\" rel=\"noopener noreferrer\">Ficha T\u00e9cnica do Produto<\/a><\/strong><\/li>\n<li><strong><a href=\"https:\/\/bellinzoni.net\/fispq2023\/FISPQ_BLZ250_CORPORATE%20RENOVAODR%20DE%20INOX_Vr00.pdf\" target=\"_blank\" rel=\"noopener noreferrer\">Ficha de Seguran\u00e7a \u2013\u00a0FISPQ<\/a><\/strong><\/li>\n<\/ul>\n","protected":false},"excerpt":{"rendered":"<hr \/>\n<h5 class=\"no-margin\">Superf\u00edcies de Aplica\u00e7\u00e3o<\/h5>\n<ul>\n<li>Geladeiras<\/li>\n<li>Fog\u00f5es<\/li>\n<li>Coifas<\/li>\n<li>Elevadores<\/li>\n<\/ul>\n<hr \/>\n<h5 class=\"no-margin\">Finalidade<\/h5>\n<hr \/>\n<p>Produto que possui micropart\u00edculas com alto poder desengordurante e limpeza para superf\u00edcies em a\u00e7o inox. d\u00e1 brilho restaurando o inox de forma r\u00e1pida e f\u00e1cil. Limpa e desengordura sem riscar o material. Pode ser usado em pias, panelas, chaleiras, baixelas, fog\u00f5es, coifas e etc. Remove manchas de gordura e \u00e1gua. Deixa a superf\u00edcie nova, brilhante e espelhada.am na remo\u00e7\u00e3o de sujidades de diversas superf\u00edcies lav\u00e1veis.<\/p>\n<p>&nbsp;<\/p>\n","protected":false},"featured_media":1001683,"template":"","meta":[],"product_brand":[],"product_cat":[68],"product_tag":[],"class_list":{"0":"post-1000435","1":"product","2":"type-product","3":"status-publish","4":"has-post-thumbnail","6":"product_cat-corporate","8":"first","9":"instock","10":"virtual","11":"product-type-simple"},"_links":{"self":[{"href":"https:\/\/bellinzoni.net\/pt\/wp-json\/wp\/v2\/product\/1000435","targetHints":{"allow":["GET"]}}],"collection":[{"href":"https:\/\/bellinzoni.net\/pt\/wp-json\/wp\/v2\/product"}],"about":[{"href":"https:\/\/bellinzoni.net\/pt\/wp-json\/wp\/v2\/types\/product"}],"version-history":[{"count":1,"href":"https:\/\/bellinzoni.net\/pt\/wp-json\/wp\/v2\/product\/1000435\/revisions"}],"predecessor-version":[{"id":1001684,"href":"https:\/\/bellinzoni.net\/pt\/wp-json\/wp\/v2\/product\/1000435\/revisions\/1001684"}],"wp:featuredmedia":[{"embeddable":true,"href":"https:\/\/bellinzoni.net\/pt\/wp-json\/wp\/v2\/media\/1001683"}],"wp:attachment":[{"href":"https:\/\/bellinzoni.net\/pt\/wp-json\/wp\/v2\/media?parent=1000435"}],"wp:term":[{"taxonomy":"product_brand","embeddable":true,"href":"https:\/\/bellinzoni.net\/pt\/wp-json\/wp\/v2\/product_brand?post=1000435"},{"taxonomy":"product_cat","embeddable":true,"href":"https:\/\/bellinzoni.net\/pt\/wp-json\/wp\/v2\/product_cat?post=1000435"},{"taxonomy":"product_tag","embeddable":true,"href":"https:\/\/bellinzoni.net\/pt\/wp-json\/wp\/v2\/product_tag?post=1000435"}],"curies":[{"name":"wp","href":"https:\/\/api.w.org\/{rel}","templated":true}]}}