{"id":1000436,"date":"2026-01-28T20:35:46","date_gmt":"2026-01-28T20:35:46","guid":{"rendered":"https:\/\/bellinzoni.net\/pt\/?post_type=product&#038;p=1000436"},"modified":"2026-03-25T18:32:36","modified_gmt":"2026-03-25T18:32:36","slug":"vittrolux-2","status":"publish","type":"product","link":"https:\/\/bellinzoni.net\/pt\/produto\/vittrolux-2\/","title":{"rendered":"Vittrolux"},"content":{"rendered":"<p data-start=\"386\" data-end=\"467\"><strong data-start=\"386\" data-end=\"399\">Descri\u00e7\u00e3o<\/strong><br data-start=\"399\" data-end=\"402\" \/>C\u00f3digo do Produto: 1 kg \u2013 226971 | 5 kg \u2013 226980 | 20 kg \u2013 229350<\/p>\n<hr data-start=\"469\" data-end=\"472\" \/>\n<p data-start=\"474\" data-end=\"553\"><strong data-start=\"474\" data-end=\"502\">Superf\u00edcies de Aplica\u00e7\u00e3o<\/strong><br data-start=\"502\" data-end=\"505\" \/>Box<br data-start=\"508\" data-end=\"511\" \/>Vidros<br data-start=\"517\" data-end=\"520\" \/>Automotivos<br data-start=\"531\" data-end=\"534\" \/>Fachadas<br data-start=\"542\" data-end=\"545\" \/>Espelhos<\/p>\n<hr data-start=\"555\" data-end=\"558\" \/>\n<p data-start=\"560\" data-end=\"581\"><strong data-start=\"560\" data-end=\"581\">Instru\u00e7\u00f5es de Uso<\/strong><\/p>\n<p data-start=\"583\" data-end=\"608\"><strong data-start=\"583\" data-end=\"608\">Prepara\u00e7\u00e3o do produto<\/strong><\/p>\n<p data-start=\"610\" data-end=\"634\">Agite bem antes de usar.<\/p>\n<p data-start=\"636\" data-end=\"660\"><strong data-start=\"636\" data-end=\"660\">Aplica\u00e7\u00e3o do produto<\/strong><\/p>\n<p data-start=\"662\" data-end=\"758\">Derrame uma pequena quantidade do produto sobre uma palha de a\u00e7o n\u00ba 0 (tipo Bombril ou Assolan).<\/p>\n<p data-start=\"760\" data-end=\"771\"><strong data-start=\"760\" data-end=\"771\">Limpeza<\/strong><\/p>\n<p data-start=\"773\" data-end=\"880\">Aplique sobre a superf\u00edcie de vidro realizando movimentos circulares com leve press\u00e3o durante a esfrega\u00e7\u00e3o.<\/p>\n<p data-start=\"882\" data-end=\"899\"><strong data-start=\"882\" data-end=\"899\">Tempo de a\u00e7\u00e3o<\/strong><\/p>\n<p data-start=\"901\" data-end=\"1069\">Deixe o produto agir por alguns minutos. Em seguida, borrife um pouco de \u00e1gua sobre a \u00e1rea tratada e realize novamente o processo de esfrega\u00e7\u00e3o com a palha de a\u00e7o n\u00ba 0.<\/p>\n<p data-start=\"1071\" data-end=\"1086\"><strong data-start=\"1071\" data-end=\"1086\">Finaliza\u00e7\u00e3o<\/strong><\/p>\n<p data-start=\"1088\" data-end=\"1167\">Enx\u00e1gue bem o vidro com \u00e1gua para remover completamente os res\u00edduos do produto.<\/p>\n<p data-start=\"1169\" data-end=\"1202\">Se necess\u00e1rio, repita o processo.<\/p>\n<p data-start=\"1204\" data-end=\"1218\"><strong data-start=\"1204\" data-end=\"1218\">Observa\u00e7\u00e3o<\/strong><\/p>\n<p data-start=\"1220\" data-end=\"1386\" data-is-last-node=\"\" data-is-only-node=\"\">Caso, ap\u00f3s a aplica\u00e7\u00e3o do produto, alguma marca ou mancha permane\u00e7a na superf\u00edcie, pode ser necess\u00e1ria uma restaura\u00e7\u00e3o profissional e mec\u00e2nica mais profunda do vidro.<\/p>\n<hr \/>\n<h5 class=\"no-margin\">Downloads<\/h5>\n<hr \/>\n<ul>\n<li><strong><a href=\"https:\/\/bellinzoni.net\/fichas_corporate\/FT_Corporate_Vittrolux_Renovador.pdf\" target=\"_blank\" rel=\"noopener noreferrer\">Ficha T\u00e9cnica do Produto<\/a><\/strong><\/li>\n<li><strong><a href=\"https:\/\/bellinzoni.net\/fispq2023\/FISPQ_BLZ260_CORPORATE%20VITTROLUX_Vr00.pdf\" target=\"_blank\" rel=\"noopener noreferrer\">Ficha de Seguran\u00e7a \u2013\u00a0FISPQ<\/a><\/strong><\/li>\n<\/ul>\n","protected":false},"excerpt":{"rendered":"<p>Produto cremoso com alto poder de limpeza, removendo sujeiras e calcifica\u00e7\u00f5es iniciais em superf\u00edcies de vidro como box, vidros automotivos, fachadas em vidro e espelhos. O produto promove um leve polimento manual com aux\u00edlio de palha de a\u00e7o, devolvendo a transpar\u00eancia da superf\u00edcie. Remove sujeiras dif\u00edceis, efeitos iniciais de chuva \u00e1cida e \u00e1gua dura, gorduras e marcas que da \u00e1gua clorada. Como promove um leve polimento na superf\u00edcie, ele evita a ader\u00eancia dessas mesmas patologias no vidro ap\u00f3s a limpeza. O produto n\u00e3o recupera vidros que estejam em est\u00e1gios avan\u00e7ados de manchas e marcas, sendo neste caso recomendado a restaura\u00e7\u00e3o ( um processo mais profundo ) para recupera\u00e7\u00e3o da superf\u00edcie. O produto n\u00e3o recupera a superf\u00edcie em casos graves de danos f\u00edsicos como arranh\u00f5es profundos.<\/p>\n<p>&nbsp;<\/p>\n","protected":false},"featured_media":1002409,"template":"","meta":[],"product_brand":[],"product_cat":[68,74],"product_tag":[],"class_list":{"0":"post-1000436","1":"product","2":"type-product","3":"status-publish","4":"has-post-thumbnail","6":"product_cat-corporate","7":"product_cat-profissional","9":"first","10":"instock","11":"virtual","12":"product-type-simple"},"_links":{"self":[{"href":"https:\/\/bellinzoni.net\/pt\/wp-json\/wp\/v2\/product\/1000436","targetHints":{"allow":["GET"]}}],"collection":[{"href":"https:\/\/bellinzoni.net\/pt\/wp-json\/wp\/v2\/product"}],"about":[{"href":"https:\/\/bellinzoni.net\/pt\/wp-json\/wp\/v2\/types\/product"}],"version-history":[{"count":4,"href":"https:\/\/bellinzoni.net\/pt\/wp-json\/wp\/v2\/product\/1000436\/revisions"}],"predecessor-version":[{"id":1002006,"href":"https:\/\/bellinzoni.net\/pt\/wp-json\/wp\/v2\/product\/1000436\/revisions\/1002006"}],"wp:featuredmedia":[{"embeddable":true,"href":"https:\/\/bellinzoni.net\/pt\/wp-json\/wp\/v2\/media\/1002409"}],"wp:attachment":[{"href":"https:\/\/bellinzoni.net\/pt\/wp-json\/wp\/v2\/media?parent=1000436"}],"wp:term":[{"taxonomy":"product_brand","embeddable":true,"href":"https:\/\/bellinzoni.net\/pt\/wp-json\/wp\/v2\/product_brand?post=1000436"},{"taxonomy":"product_cat","embeddable":true,"href":"https:\/\/bellinzoni.net\/pt\/wp-json\/wp\/v2\/product_cat?post=1000436"},{"taxonomy":"product_tag","embeddable":true,"href":"https:\/\/bellinzoni.net\/pt\/wp-json\/wp\/v2\/product_tag?post=1000436"}],"curies":[{"name":"wp","href":"https:\/\/api.w.org\/{rel}","templated":true}]}}