{"id":1000437,"date":"2026-01-28T20:35:46","date_gmt":"2026-01-28T20:35:46","guid":{"rendered":"https:\/\/bellinzoni.net\/pt\/?post_type=product&#038;p=1000437"},"modified":"2026-03-27T16:01:19","modified_gmt":"2026-03-27T16:01:19","slug":"escudo-impermeabilizante-para-porcelanato","status":"publish","type":"product","link":"https:\/\/bellinzoni.net\/pt\/produto\/escudo-impermeabilizante-para-porcelanato\/","title":{"rendered":"Escudo Impermeabilizante para Porcelanato"},"content":{"rendered":"<p data-start=\"341\" data-end=\"391\"><strong data-start=\"341\" data-end=\"354\">Descri\u00e7\u00e3o<\/strong><br data-start=\"354\" data-end=\"357\" \/>C\u00f3digo do Produto: 900 ml \u2013 230456<\/p>\n<hr data-start=\"393\" data-end=\"396\" \/>\n<p data-start=\"398\" data-end=\"451\"><strong data-start=\"398\" data-end=\"426\">Superf\u00edcies de Aplica\u00e7\u00e3o<\/strong><br data-start=\"426\" data-end=\"429\" \/>Porcelanato<br data-start=\"440\" data-end=\"443\" \/>Cer\u00e2mica<\/p>\n<hr data-start=\"453\" data-end=\"456\" \/>\n<p data-start=\"458\" data-end=\"479\"><strong data-start=\"458\" data-end=\"479\">Instru\u00e7\u00f5es de Uso<\/strong><\/p>\n<hr data-start=\"767\" data-end=\"770\" \/>\n<p data-start=\"839\" data-end=\"867\"><strong data-start=\"839\" data-end=\"867\">Prepara\u00e7\u00e3o da superf\u00edcie<\/strong><\/p>\n<ul data-start=\"869\" data-end=\"1094\">\n<li data-section-id=\"j9wppe\" data-start=\"869\" data-end=\"968\">\n<p data-start=\"871\" data-end=\"968\">A superf\u00edcie deve estar completamente limpa, seca e livre de ceras, resinas, poeira ou umidade.<\/p>\n<\/li>\n<li data-section-id=\"n0fygs\" data-start=\"969\" data-end=\"1094\">\n<p data-start=\"971\" data-end=\"1094\">Recomenda-se realizar a limpeza pr\u00e9via com detergente Bellinzoni Limpeza Pesada para garantir melhor penetra\u00e7\u00e3o do produto.<\/p>\n<\/li>\n<\/ul>\n<p data-start=\"1096\" data-end=\"1120\"><strong data-start=\"1096\" data-end=\"1120\">Aplica\u00e7\u00e3o do produto<\/strong><\/p>\n<ul data-start=\"1122\" data-end=\"1487\">\n<li data-section-id=\"64jstz\" data-start=\"1122\" data-end=\"1177\">\n<p data-start=\"1124\" data-end=\"1177\">O produto \u00e9 pronto para uso e n\u00e3o deve ser dilu\u00eddo.<\/p>\n<\/li>\n<li data-section-id=\"hkburu\" data-start=\"1178\" data-end=\"1276\">\n<p data-start=\"1180\" data-end=\"1276\">Aplicar com aux\u00edlio de rolo de espuma novo, espalhando de maneira uniforme sobre a superf\u00edcie.<\/p>\n<\/li>\n<li data-section-id=\"1w18pza\" data-start=\"1277\" data-end=\"1390\">\n<p data-start=\"1279\" data-end=\"1390\">Realizar a aplica\u00e7\u00e3o primeiro no sentido horizontal e, em seguida, no sentido vertical para melhor cobertura.<\/p>\n<\/li>\n<li data-section-id=\"1tln7sf\" data-start=\"1391\" data-end=\"1487\">\n<p data-start=\"1393\" data-end=\"1487\">Em superf\u00edcies irregulares, utilizar pincel para alcan\u00e7ar cavidades e \u00e1reas de dif\u00edcil acesso.<\/p>\n<\/li>\n<\/ul>\n<p data-start=\"1489\" data-end=\"1510\"><strong data-start=\"1489\" data-end=\"1510\">Dem\u00e3os adicionais<\/strong><\/p>\n<ul data-start=\"1512\" data-end=\"1663\">\n<li data-section-id=\"aktsjp\" data-start=\"1512\" data-end=\"1592\">\n<p data-start=\"1514\" data-end=\"1592\">Em materiais muito porosos ou brutos, recomenda-se aplicar 2 ou mais dem\u00e3os.<\/p>\n<\/li>\n<li data-section-id=\"ctmk5l\" data-start=\"1593\" data-end=\"1663\">\n<p data-start=\"1595\" data-end=\"1663\">Respeitar o intervalo de aproximadamente 1 hora entre as aplica\u00e7\u00f5es.<\/p>\n<\/li>\n<\/ul>\n<p data-start=\"1665\" data-end=\"1683\"><strong data-start=\"1665\" data-end=\"1683\">Secagem e cura<\/strong><\/p>\n<ul data-start=\"1685\" data-end=\"1940\">\n<li data-section-id=\"bouequ\" data-start=\"1685\" data-end=\"1737\">\n<p data-start=\"1687\" data-end=\"1737\">Ap\u00f3s a aplica\u00e7\u00e3o, aguardar a secagem do produto.<\/p>\n<\/li>\n<li data-section-id=\"2se5p6\" data-start=\"1738\" data-end=\"1812\">\n<p data-start=\"1740\" data-end=\"1812\">A superf\u00edcie pode ser utilizada ap\u00f3s cerca de 2 horas da \u00faltima dem\u00e3o.<\/p>\n<\/li>\n<li data-section-id=\"1b5mbpm\" data-start=\"1813\" data-end=\"1940\">\n<p data-start=\"1815\" data-end=\"1940\">A cura total ocorre em at\u00e9 24 horas, per\u00edodo em que se deve evitar contato com \u00f3leo ou subst\u00e2ncias que possam causar manchas.<\/p>\n<\/li>\n<\/ul>\n<p data-start=\"1942\" data-end=\"1956\"><strong data-start=\"1942\" data-end=\"1956\">Manuten\u00e7\u00e3o<\/strong><\/p>\n<ul data-start=\"1958\" data-end=\"2117\">\n<li data-section-id=\"dte0c2\" data-start=\"1958\" data-end=\"2019\">\n<p data-start=\"1960\" data-end=\"2019\">Recomenda-se reaplica\u00e7\u00e3o anual ou conforme a necessidade.<\/p>\n<\/li>\n<li data-section-id=\"1icntw1\" data-start=\"2020\" data-end=\"2117\">\n<p data-start=\"2022\" data-end=\"2117\">Ao perceber que a superf\u00edcie est\u00e1 voltando a absorver \u00e1gua, realizar nova aplica\u00e7\u00e3o do produto.<\/p>\n<\/li>\n<\/ul>\n<p data-start=\"2119\" data-end=\"2133\"><strong data-start=\"2119\" data-end=\"2133\">Observa\u00e7\u00e3o<\/strong><\/p>\n<ul data-start=\"2135\" data-end=\"2454\">\n<li data-section-id=\"1sauy51\" data-start=\"2135\" data-end=\"2240\">\n<p data-start=\"2137\" data-end=\"2240\">O produto n\u00e3o protege contra riscos, ataque \u00e1cido, solventes, urina de pets, poeira ou marcas de uso.<\/p>\n<\/li>\n<li data-section-id=\"1wbf9bn\" data-start=\"2241\" data-end=\"2348\">\n<p data-start=\"2243\" data-end=\"2348\">Em casos de excesso devido \u00e0 m\u00e1 absor\u00e7\u00e3o, remover o produto para evitar contato superficial indesejado.<\/p>\n<\/li>\n<li data-section-id=\"5qmkdm\" data-start=\"2349\" data-end=\"2454\">\n<p data-start=\"2351\" data-end=\"2454\">O impermeabilizante continua atuando internamente durante o per\u00edodo de cura, aumentando sua efici\u00eancia.<\/p>\n<\/li>\n<\/ul>\n<p data-start=\"2456\" data-end=\"2469\"><strong data-start=\"2456\" data-end=\"2469\">Resultado<\/strong><\/p>\n<ul data-start=\"2471\" data-end=\"2606\">\n<li data-section-id=\"pnvb1x\" data-start=\"2471\" data-end=\"2606\">\n<p data-start=\"2473\" data-end=\"2606\">Proporciona prote\u00e7\u00e3o duradoura contra manchas, mant\u00e9m o aspecto natural da superf\u00edcie e facilita a limpeza e conserva\u00e7\u00e3o do material.<\/p>\n<\/li>\n<\/ul>\n<hr \/>\n<h5 class=\"no-margin\">Downloads<\/h5>\n<hr \/>\n<ul>\n<li><strong><a href=\"https:\/\/bellinzoni.net\/fichas_2023\/ficha_tecnica_escudo_protetor_iImpermeabilizante.pdf\" target=\"_blank\" rel=\"noopener noreferrer\">Ficha T\u00e9cnica do Produto<\/a><\/strong><\/li>\n<li><strong><a href=\"#\" target=\"_blank\" rel=\"noopener noreferrer\">Ficha de Seguran\u00e7a \u2013\u00a0FISPQ<\/a><\/strong><\/li>\n<\/ul>\n","protected":false},"excerpt":{"rendered":"<p>Impermeabilizante que protege a superf\u00edcie contra manchas de \u00e1gua e \u00f3leo. Pode ser usado em, porcelanato e cer\u00e2mica. Pode ser usado em superf\u00edcie lisa ou bruta, \u00e1rea interna ou externa, piso, bancada, mesa, parede e fachada sem restri\u00e7\u00f5es. Protege tamb\u00e9m o rejunte, evitando o surgimento de mofo, fungo ou bolor. Evita encardimento da superf\u00edcie. Efeito natural, ou seja, n\u00e3o altera a cor ou textura do material. N\u00e3o forma pel\u00edcula. O produto age por penetra\u00e7\u00e3o nos poros do material e \u00e9 hidrofugante, deixa o revestimento respirar. Por agir dentro dos poros do material e n\u00e3o formar pel\u00edcula, o impermeabilizante n\u00e3o tem qualquer contato com alimentos que estejam sobre o material, exceto em caso raro de forma\u00e7\u00e3o de excesso do produto quando a superf\u00edcie n\u00e3o o absorve totalmente devido a m\u00e1 limpeza ou n\u00e3o estar totalmente seca antes da aplica\u00e7\u00e3o do impermeabilizante. A reaplica\u00e7\u00e3o deve ser feita anualmente ou conforme a necessidade. Ao perceber que a superf\u00edcie est\u00e1 absorvendo \u00e1gua, reaplique o impermeabilizante novamente. O produto \u00e9 pronto para uso e n\u00e3o deve ser dilu\u00eddo em \u00e1gua. O produto n\u00e3o protege contra riscos, queima \u00e1cida ou de solvente, urina de pets, poeira, marcas de sapatos ou pneus.<\/p>\n<p>&nbsp;<\/p>\n","protected":false},"featured_media":1002476,"template":"","meta":[],"product_brand":[],"product_cat":[74],"product_tag":[],"class_list":{"0":"post-1000437","1":"product","2":"type-product","3":"status-publish","4":"has-post-thumbnail","6":"product_cat-profissional","8":"first","9":"instock","10":"virtual","11":"product-type-simple"},"_links":{"self":[{"href":"https:\/\/bellinzoni.net\/pt\/wp-json\/wp\/v2\/product\/1000437","targetHints":{"allow":["GET"]}}],"collection":[{"href":"https:\/\/bellinzoni.net\/pt\/wp-json\/wp\/v2\/product"}],"about":[{"href":"https:\/\/bellinzoni.net\/pt\/wp-json\/wp\/v2\/types\/product"}],"version-history":[{"count":4,"href":"https:\/\/bellinzoni.net\/pt\/wp-json\/wp\/v2\/product\/1000437\/revisions"}],"predecessor-version":[{"id":1002251,"href":"https:\/\/bellinzoni.net\/pt\/wp-json\/wp\/v2\/product\/1000437\/revisions\/1002251"}],"wp:featuredmedia":[{"embeddable":true,"href":"https:\/\/bellinzoni.net\/pt\/wp-json\/wp\/v2\/media\/1002476"}],"wp:attachment":[{"href":"https:\/\/bellinzoni.net\/pt\/wp-json\/wp\/v2\/media?parent=1000437"}],"wp:term":[{"taxonomy":"product_brand","embeddable":true,"href":"https:\/\/bellinzoni.net\/pt\/wp-json\/wp\/v2\/product_brand?post=1000437"},{"taxonomy":"product_cat","embeddable":true,"href":"https:\/\/bellinzoni.net\/pt\/wp-json\/wp\/v2\/product_cat?post=1000437"},{"taxonomy":"product_tag","embeddable":true,"href":"https:\/\/bellinzoni.net\/pt\/wp-json\/wp\/v2\/product_tag?post=1000437"}],"curies":[{"name":"wp","href":"https:\/\/api.w.org\/{rel}","templated":true}]}}