{"id":1000438,"date":"2026-01-28T20:35:46","date_gmt":"2026-01-28T20:35:46","guid":{"rendered":"https:\/\/bellinzoni.net\/pt\/?post_type=product&#038;p=1000438"},"modified":"2026-03-16T12:40:05","modified_gmt":"2026-03-16T12:40:05","slug":"limpa-quartzo-e-sinteticos","status":"publish","type":"product","link":"https:\/\/bellinzoni.net\/pt\/produto\/limpa-quartzo-e-sinteticos\/","title":{"rendered":"Limpa Quartzo e Sint\u00e9ticos"},"content":{"rendered":"<p data-start=\"352\" data-end=\"418\"><strong data-start=\"352\" data-end=\"365\">Descri\u00e7\u00e3o<\/strong><br data-start=\"365\" data-end=\"368\" \/>C\u00f3digo do Produto: 500 ml \u2013 230340 | 5 lt \u2013 230529<\/p>\n<hr data-start=\"420\" data-end=\"423\" \/>\n<p data-start=\"425\" data-end=\"497\"><strong data-start=\"425\" data-end=\"453\">Superf\u00edcies de Aplica\u00e7\u00e3o<\/strong><br data-start=\"453\" data-end=\"456\" \/>Quartzo<br data-start=\"463\" data-end=\"466\" \/>Prime<br data-start=\"471\" data-end=\"474\" \/>Nanoglass<br data-start=\"483\" data-end=\"486\" \/>Aglomerados<\/p>\n<hr data-start=\"499\" data-end=\"502\" \/>\n<p data-start=\"504\" data-end=\"525\"><strong data-start=\"504\" data-end=\"525\">Instru\u00e7\u00f5es de Uso<\/strong><\/p>\n<p data-start=\"527\" data-end=\"555\"><strong data-start=\"527\" data-end=\"555\">Prepara\u00e7\u00e3o da superf\u00edcie<\/strong><\/p>\n<p data-start=\"557\" data-end=\"646\">A superf\u00edcie deve estar livre de poeira ou res\u00edduos soltos antes da aplica\u00e7\u00e3o do produto.<\/p>\n<p data-start=\"648\" data-end=\"672\"><strong data-start=\"648\" data-end=\"672\">Aplica\u00e7\u00e3o do produto<\/strong><\/p>\n<p data-start=\"674\" data-end=\"759\">Borrife uma pequena quantidade do produto diretamente sobre a superf\u00edcie a ser limpa.<\/p>\n<p data-start=\"761\" data-end=\"772\"><strong data-start=\"761\" data-end=\"772\">Limpeza<\/strong><\/p>\n<p data-start=\"774\" data-end=\"880\">Com aux\u00edlio de um pano macio ou pano de microfibra, espalhe o produto realizando a limpeza de toda a \u00e1rea.<\/p>\n<p data-start=\"882\" data-end=\"999\">Evite utilizar o lado abrasivo (lado verde) de esponjas de cozinha ou qualquer utens\u00edlio que possa riscar o material.<\/p>\n<p data-start=\"1001\" data-end=\"1016\"><strong data-start=\"1001\" data-end=\"1016\">Finaliza\u00e7\u00e3o<\/strong><\/p>\n<p data-start=\"1018\" data-end=\"1125\">Ap\u00f3s a secagem do produto, recomenda-se passar um pano seco para proporcionar o lustro final da superf\u00edcie.<\/p>\n<hr data-start=\"1127\" data-end=\"1130\" \/>\n<p data-start=\"1132\" data-end=\"1146\"><strong data-start=\"1132\" data-end=\"1146\">Rendimento<\/strong><\/p>\n<p data-start=\"1148\" data-end=\"1249\" data-is-last-node=\"\" data-is-only-node=\"\">O rendimento pode variar conforme o n\u00edvel de sujidade da superf\u00edcie e a frequ\u00eancia de uso do produto.<\/p>\n<hr \/>\n<h5 class=\"no-margin\">Downloads<\/h5>\n<hr \/>\n<ul>\n<li><strong><a href=\"https:\/\/bellinzoni.net\/fichas_2023\/ficha_tecnica_limpa_quartzo_sinteticos_higienizador.pdf\" target=\"_blank\" rel=\"noopener noreferrer\">Ficha T\u00e9cnica do Produto<\/a><\/strong><\/li>\n<li><strong><a href=\"#\" target=\"_blank\" rel=\"noopener noreferrer\">Ficha de Seguran\u00e7a \u2013\u00a0FISPQ<\/a><\/strong><\/li>\n<\/ul>\n","protected":false},"excerpt":{"rendered":"<p>O Limpa Quartzo &amp; Sint\u00e9ticos \u00e9 excelente para limpeza e manuten\u00e7\u00e3o da superf\u00edcie em materiais de quartzo e sint\u00e9ticos como nanoglass, prime e aglomerados. Remove a sujeira aderida aumentando a resist\u00eancia da superf\u00edcie, elimina gorduras sem deixar res\u00edduos, real\u00e7a o brilho natural, n\u00e3o amarela e \u00e9 inofensivo \u00e0 sa\u00fade em contato com os alimentos (Food Safe). Ideal para manuten\u00e7\u00e3o di\u00e1ria, pois limpa e protege a superf\u00edcie contra marcas e desgastes do cotidiano.<\/p>\n<p>&nbsp;<\/p>\n","protected":false},"featured_media":1001818,"template":"","meta":[],"product_brand":[],"product_cat":[68],"product_tag":[],"class_list":{"0":"post-1000438","1":"product","2":"type-product","3":"status-publish","4":"has-post-thumbnail","6":"product_cat-corporate","8":"first","9":"instock","10":"virtual","11":"product-type-simple"},"_links":{"self":[{"href":"https:\/\/bellinzoni.net\/pt\/wp-json\/wp\/v2\/product\/1000438","targetHints":{"allow":["GET"]}}],"collection":[{"href":"https:\/\/bellinzoni.net\/pt\/wp-json\/wp\/v2\/product"}],"about":[{"href":"https:\/\/bellinzoni.net\/pt\/wp-json\/wp\/v2\/types\/product"}],"version-history":[{"count":3,"href":"https:\/\/bellinzoni.net\/pt\/wp-json\/wp\/v2\/product\/1000438\/revisions"}],"predecessor-version":[{"id":1001994,"href":"https:\/\/bellinzoni.net\/pt\/wp-json\/wp\/v2\/product\/1000438\/revisions\/1001994"}],"wp:featuredmedia":[{"embeddable":true,"href":"https:\/\/bellinzoni.net\/pt\/wp-json\/wp\/v2\/media\/1001818"}],"wp:attachment":[{"href":"https:\/\/bellinzoni.net\/pt\/wp-json\/wp\/v2\/media?parent=1000438"}],"wp:term":[{"taxonomy":"product_brand","embeddable":true,"href":"https:\/\/bellinzoni.net\/pt\/wp-json\/wp\/v2\/product_brand?post=1000438"},{"taxonomy":"product_cat","embeddable":true,"href":"https:\/\/bellinzoni.net\/pt\/wp-json\/wp\/v2\/product_cat?post=1000438"},{"taxonomy":"product_tag","embeddable":true,"href":"https:\/\/bellinzoni.net\/pt\/wp-json\/wp\/v2\/product_tag?post=1000438"}],"curies":[{"name":"wp","href":"https:\/\/api.w.org\/{rel}","templated":true}]}}