{"id":1000439,"date":"2026-02-13T20:35:46","date_gmt":"2026-02-13T20:35:46","guid":{"rendered":"https:\/\/bellinzoni.net\/pt\/?post_type=product&#038;p=1000439"},"modified":"2026-03-27T16:01:06","modified_gmt":"2026-03-27T16:01:06","slug":"super-color-quartzo-e-sinteticos","status":"publish","type":"product","link":"https:\/\/bellinzoni.net\/pt\/produto\/super-color-quartzo-e-sinteticos\/","title":{"rendered":"Super Color Quartzo e Sint\u00e9ticos"},"content":{"rendered":"<p data-start=\"314\" data-end=\"364\"><strong data-start=\"314\" data-end=\"327\">Descri\u00e7\u00e3o<\/strong><br data-start=\"327\" data-end=\"330\" \/>C\u00f3digo do Produto: 900 ml \u2013 230367<\/p>\n<hr data-start=\"366\" data-end=\"369\" \/>\n<p data-start=\"371\" data-end=\"443\"><strong data-start=\"371\" data-end=\"399\">Superf\u00edcies de Aplica\u00e7\u00e3o<\/strong><br data-start=\"399\" data-end=\"402\" \/>Quartzo<br data-start=\"409\" data-end=\"412\" \/>Prime<br data-start=\"417\" data-end=\"420\" \/>Nanoglass<br data-start=\"429\" data-end=\"432\" \/>Aglomerados<\/p>\n<hr data-start=\"445\" data-end=\"448\" \/>\n<p data-start=\"450\" data-end=\"471\"><strong data-start=\"450\" data-end=\"471\">Instru\u00e7\u00f5es de Uso<\/strong><\/p>\n<hr data-start=\"505\" data-end=\"508\" \/>\n<p data-start=\"763\" data-end=\"791\"><strong data-start=\"763\" data-end=\"791\">Prepara\u00e7\u00e3o da superf\u00edcie<\/strong><\/p>\n<ul data-start=\"793\" data-end=\"912\">\n<li data-section-id=\"1xzalbr\" data-start=\"793\" data-end=\"912\">\n<p data-start=\"795\" data-end=\"912\">A superf\u00edcie deve estar completamente limpa, seca e livre de poeira, ceras ou res\u00edduos antes da aplica\u00e7\u00e3o do produto.<\/p>\n<\/li>\n<\/ul>\n<p data-start=\"914\" data-end=\"938\"><strong data-start=\"914\" data-end=\"938\">Aplica\u00e7\u00e3o do produto<\/strong><\/p>\n<ul data-start=\"940\" data-end=\"1118\">\n<li data-section-id=\"1oqg7k\" data-start=\"940\" data-end=\"1033\">\n<p data-start=\"942\" data-end=\"1033\">Aplicar o produto de forma uniforme e cont\u00ednua utilizando pano, estopa ou rolo de espuma.<\/p>\n<\/li>\n<li data-section-id=\"blv73u\" data-start=\"1034\" data-end=\"1118\">\n<p data-start=\"1036\" data-end=\"1118\">Espalhar de maneira homog\u00eanea em toda a \u00e1rea para garantir um acabamento uniforme.<\/p>\n<\/li>\n<\/ul>\n<p data-start=\"1120\" data-end=\"1142\"><strong data-start=\"1120\" data-end=\"1142\">Remo\u00e7\u00e3o de excesso<\/strong><\/p>\n<ul data-start=\"1144\" data-end=\"1240\">\n<li data-section-id=\"1p2kxdt\" data-start=\"1144\" data-end=\"1240\">\n<p data-start=\"1146\" data-end=\"1240\">Caso haja excesso, realizar a remo\u00e7\u00e3o com pano seco, uniformizando o acabamento da superf\u00edcie.<\/p>\n<\/li>\n<\/ul>\n<p data-start=\"1242\" data-end=\"1256\"><strong data-start=\"1242\" data-end=\"1256\">Observa\u00e7\u00e3o<\/strong><\/p>\n<ul data-start=\"1258\" data-end=\"1427\">\n<li data-section-id=\"1wrdwa9\" data-start=\"1258\" data-end=\"1335\">\n<p data-start=\"1260\" data-end=\"1335\">O produto \u00e9 pronto para uso e n\u00e3o deve ser dilu\u00eddo com \u00e1gua ou solventes.<\/p>\n<\/li>\n<li data-section-id=\"4a79e7\" data-start=\"1336\" data-end=\"1427\">\n<p data-start=\"1338\" data-end=\"1427\">Recomenda-se sempre realizar um teste pr\u00e9vio em pequena \u00e1rea antes da aplica\u00e7\u00e3o completa.<\/p>\n<\/li>\n<\/ul>\n<p data-start=\"1429\" data-end=\"1442\"><strong data-start=\"1429\" data-end=\"1442\">Resultado<\/strong><\/p>\n<ul data-start=\"1444\" data-end=\"1604\">\n<li data-section-id=\"1p6q58m\" data-start=\"1444\" data-end=\"1604\">\n<p data-start=\"1446\" data-end=\"1604\">Proporciona prote\u00e7\u00e3o contra umidade e agentes externos, ao mesmo tempo em que ativa e uniformiza a cor do material, melhorando o aspecto visual da superf\u00edcie.<\/p>\n<\/li>\n<\/ul>\n<hr \/>\n<h5 class=\"no-margin\">Downloads<\/h5>\n<hr \/>\n<ul>\n<li><strong><a href=\"https:\/\/bellinzoni.net\/fichas_2023\/ficha_tecnica_super_color_quartzo.pdf\" target=\"_blank\" rel=\"noopener noreferrer\">Ficha T\u00e9cnica do Produto<\/a><\/strong><\/li>\n<li><strong><a href=\"#\" target=\"_blank\" rel=\"noopener noreferrer\">Ficha de Seguran\u00e7a \u2013\u00a0FISPQ<\/a><\/strong><\/li>\n<\/ul>\n","protected":false},"excerpt":{"rendered":"<p>Protege e ativa a cor do material a base de quartzo e sint\u00e9ticos. Pode ser usado em materiais novos e desgastados. Excelente para igualar a cor em acabamentos de cor ou bordas. Possui poder de impregna\u00e7\u00e3o e n\u00e3o forma excesso. Bloqueia a forma\u00e7\u00e3o de efloresc\u00eancia, umidade e mofo. Pode ser usado sobre todas as cores.<\/p>\n<p>&nbsp;<\/p>\n","protected":false},"featured_media":1002474,"template":"","meta":[],"product_brand":[],"product_cat":[74],"product_tag":[],"class_list":{"0":"post-1000439","1":"product","2":"type-product","3":"status-publish","4":"has-post-thumbnail","6":"product_cat-profissional","8":"first","9":"instock","10":"virtual","11":"product-type-simple"},"_links":{"self":[{"href":"https:\/\/bellinzoni.net\/pt\/wp-json\/wp\/v2\/product\/1000439","targetHints":{"allow":["GET"]}}],"collection":[{"href":"https:\/\/bellinzoni.net\/pt\/wp-json\/wp\/v2\/product"}],"about":[{"href":"https:\/\/bellinzoni.net\/pt\/wp-json\/wp\/v2\/types\/product"}],"version-history":[{"count":5,"href":"https:\/\/bellinzoni.net\/pt\/wp-json\/wp\/v2\/product\/1000439\/revisions"}],"predecessor-version":[{"id":1002249,"href":"https:\/\/bellinzoni.net\/pt\/wp-json\/wp\/v2\/product\/1000439\/revisions\/1002249"}],"wp:featuredmedia":[{"embeddable":true,"href":"https:\/\/bellinzoni.net\/pt\/wp-json\/wp\/v2\/media\/1002474"}],"wp:attachment":[{"href":"https:\/\/bellinzoni.net\/pt\/wp-json\/wp\/v2\/media?parent=1000439"}],"wp:term":[{"taxonomy":"product_brand","embeddable":true,"href":"https:\/\/bellinzoni.net\/pt\/wp-json\/wp\/v2\/product_brand?post=1000439"},{"taxonomy":"product_cat","embeddable":true,"href":"https:\/\/bellinzoni.net\/pt\/wp-json\/wp\/v2\/product_cat?post=1000439"},{"taxonomy":"product_tag","embeddable":true,"href":"https:\/\/bellinzoni.net\/pt\/wp-json\/wp\/v2\/product_tag?post=1000439"}],"curies":[{"name":"wp","href":"https:\/\/api.w.org\/{rel}","templated":true}]}}