{"id":1000441,"date":"2026-01-28T20:35:46","date_gmt":"2026-01-28T20:35:46","guid":{"rendered":"https:\/\/bellinzoni.net\/pt\/?post_type=product&#038;p=1000441"},"modified":"2026-03-17T14:43:40","modified_gmt":"2026-03-17T14:43:40","slug":"restaura-granito","status":"publish","type":"product","link":"https:\/\/bellinzoni.net\/pt\/produto\/restaura-granito\/","title":{"rendered":"Restaura Granito"},"content":{"rendered":"<div class=\"flex flex-col text-sm pb-25\">\n<article class=\"text-token-text-primary w-full focus:outline-none [--shadow-height:45px] has-data-writing-block:pointer-events-none has-data-writing-block:-mt-(--shadow-height) has-data-writing-block:pt-(--shadow-height) [&amp;:has([data-writing-block])&gt;*]:pointer-events-auto scroll-mt-[calc(var(--header-height)+min(200px,max(70px,20svh)))]\" dir=\"auto\" tabindex=\"-1\" data-turn-id=\"request-69b7f979-be64-8329-a0b1-b177f97d4070-25\" data-testid=\"conversation-turn-174\" data-scroll-anchor=\"true\" data-turn=\"assistant\">\n<div class=\"text-base my-auto mx-auto pb-10 [--thread-content-margin:var(--thread-content-margin-xs,calc(var(--spacing)*4))] @w-sm\/main:[--thread-content-margin:var(--thread-content-margin-sm,calc(var(--spacing)*6))] @w-lg\/main:[--thread-content-margin:var(--thread-content-margin-lg,calc(var(--spacing)*16))] px-(--thread-content-margin)\">\n<div class=\"[--thread-content-max-width:40rem] @w-lg\/main:[--thread-content-max-width:48rem] mx-auto max-w-(--thread-content-max-width) flex-1 group\/turn-messages focus-visible:outline-hidden relative flex w-full min-w-0 flex-col agent-turn\" tabindex=\"-1\">\n<div class=\"flex max-w-full flex-col gap-4 grow\">\n<div class=\"min-h-8 text-message relative flex w-full flex-col items-end gap-2 text-start break-words whitespace-normal [.text-message+&amp;]:mt-1\" dir=\"auto\" data-message-author-role=\"assistant\" data-message-id=\"0c50e068-bacb-4b35-8819-f22e0d81ce5f\" data-message-model-slug=\"gpt-5-3\">\n<div class=\"flex w-full flex-col gap-1 empty:hidden\">\n<div class=\"markdown prose dark:prose-invert w-full wrap-break-word dark markdown-new-styling\">\n<p data-start=\"343\" data-end=\"392\"><strong data-start=\"343\" data-end=\"356\">Descri\u00e7\u00e3o<\/strong><br data-start=\"356\" data-end=\"359\" \/>C\u00f3digo do Produto: 600 g \u2013 229695<\/p>\n<hr data-start=\"394\" data-end=\"397\" \/>\n<p data-start=\"399\" data-end=\"437\"><strong data-start=\"399\" data-end=\"427\">Superf\u00edcies de Aplica\u00e7\u00e3o<\/strong><br data-start=\"427\" data-end=\"430\" \/>Granito<\/p>\n<hr data-start=\"439\" data-end=\"442\" \/>\n<p data-start=\"444\" data-end=\"465\"><strong data-start=\"444\" data-end=\"465\">Instru\u00e7\u00f5es de Uso<\/strong><\/p>\n<p data-start=\"467\" data-end=\"495\"><strong data-start=\"467\" data-end=\"495\">Prepara\u00e7\u00e3o da superf\u00edcie<\/strong><\/p>\n<p data-start=\"497\" data-end=\"589\">O piso deve estar completamente limpo, seco e livre de poeiras, ceras, pel\u00edculas ou umidade.<\/p>\n<p data-start=\"591\" data-end=\"674\">Trabalhe em \u00e1reas pequenas, dividindo o piso em quadrantes de aproximadamente 2 m\u00b2.<\/p>\n<p data-start=\"676\" data-end=\"727\">A temperatura ambiente deve estar entre 5\u00b0C e 40\u00b0C.<\/p>\n<hr data-start=\"729\" data-end=\"732\" \/>\n<p data-start=\"734\" data-end=\"759\"><strong data-start=\"734\" data-end=\"759\">Prepara\u00e7\u00e3o do produto<\/strong><\/p>\n<p data-start=\"761\" data-end=\"827\">Aplique de 2 a 3 colheres de sopa do produto sobre a \u00e1rea de 2 m\u00b2.<\/p>\n<p data-start=\"829\" data-end=\"895\">Adicione pequena quantidade de \u00e1gua at\u00e9 obter uma textura pastosa.<\/p>\n<p data-start=\"897\" data-end=\"980\">Propor\u00e7\u00e3o sugerida: para cada 2 a 3 colheres de produto, utilizar 1 colher de \u00e1gua.<\/p>\n<hr data-start=\"982\" data-end=\"985\" \/>\n<p data-start=\"987\" data-end=\"1012\"><strong data-start=\"987\" data-end=\"1012\">Aplica\u00e7\u00e3o e polimento<\/strong><\/p>\n<p data-start=\"1014\" data-end=\"1204\">Imediatamente ap\u00f3s adicionar a \u00e1gua, inicie o trabalho com enceradeira de no m\u00ednimo 2,5 HP, aproximadamente 50 kg, operando com rota\u00e7\u00e3o m\u00ednima de 150 RPM, equipada com disco de fibra branco.<\/p>\n<p data-start=\"1206\" data-end=\"1314\">Espalhe o produto de forma homog\u00eanea e uniforme, mantendo o mesmo n\u00famero de passadas em toda a \u00e1rea tratada.<\/p>\n<p data-start=\"1316\" data-end=\"1480\">Durante a aplica\u00e7\u00e3o, borrife pequenas quantidades de \u00e1gua sempre que necess\u00e1rio para evitar o ressecamento do produto e garantir o bom funcionamento da enceradeira.<\/p>\n<p data-start=\"1482\" data-end=\"1571\">Realize no m\u00ednimo 20 passadas com a enceradeira, podendo aumentar conforme a necessidade.<\/p>\n<hr data-start=\"1573\" data-end=\"1576\" \/>\n<p data-start=\"1578\" data-end=\"1593\"><strong data-start=\"1578\" data-end=\"1593\">Finaliza\u00e7\u00e3o<\/strong><\/p>\n<p data-start=\"1595\" data-end=\"1704\">Continue o processo at\u00e9 que n\u00e3o haja mais excesso de produto (n\u00e9voa branca) e o brilho m\u00e1ximo seja alcan\u00e7ado.<\/p>\n<hr data-start=\"1706\" data-end=\"1709\" \/>\n<p data-start=\"1711\" data-end=\"1726\"><strong data-start=\"1711\" data-end=\"1726\">Observa\u00e7\u00f5es<\/strong><\/p>\n<p data-start=\"1728\" data-end=\"1846\">O resultado pode variar conforme a porosidade do material: quanto mais poroso, maior o n\u00famero de passadas necess\u00e1rias.<\/p>\n<p data-start=\"1848\" data-end=\"1924\">Caso necess\u00e1rio, pode-se repetir a aplica\u00e7\u00e3o para alcan\u00e7ar melhor resultado.<\/p>\n<p data-start=\"1926\" data-end=\"2003\" data-is-last-node=\"\" data-is-only-node=\"\">Considera-se satisfat\u00f3rio quando o material atingir o lustro m\u00e1ximo desejado.<\/p>\n<\/div>\n<\/div>\n<\/div>\n<\/div>\n<\/div>\n<\/div>\n<\/article>\n<\/div>\n<hr \/>\n<h5 class=\"no-margin\">Downloads<\/h5>\n<hr \/>\n<ul>\n<li><strong><a href=\"https:\/\/bellinzoni.net\/fichas_2023\/FT-Restaura-Granito-Bellinzoni.pdf\" target=\"_blank\" rel=\"noopener noreferrer\">Ficha T\u00e9cnica do Produto<\/a><\/strong><\/li>\n<li><strong><a href=\"#\" target=\"_blank\" rel=\"noopener noreferrer\">Ficha de Seguran\u00e7a \u2013\u00a0FISPQ<\/a><\/strong><\/li>\n<\/ul>\n","protected":false},"excerpt":{"rendered":"<p>Restaura Granito \u00e9 um produto espec\u00edfico para tratamento e solu\u00e7\u00e3o de defeitos presentes nas superf\u00edcies de granitos e recupera\u00e7\u00e3o do lustro natural. O produto \u00e9 caracterizado pela sua capacidade de criar uma micro abras\u00e3o que recupera o material atrav\u00e9s de uma rea\u00e7\u00e3o termoqu\u00edmica na superf\u00edcie que permite eliminar defeitos como: escoria\u00e7\u00f5es ligeiras, arranh\u00f5es, opacidade, n\u00e9voas e desgaste em geral proporcionando o brilho original do granito. Atua sem comprometer a apar\u00eancia original da superf\u00edcie eliminando essas imperfei\u00e7\u00f5es, proporcionando limpeza, polimento, lustro e uniformidade de cor \u00e0 superf\u00edcie tratada.<\/p>\n<p>&nbsp;<\/p>\n","protected":false},"featured_media":1001806,"template":"","meta":[],"product_brand":[],"product_cat":[68,74],"product_tag":[],"class_list":{"0":"post-1000441","1":"product","2":"type-product","3":"status-publish","4":"has-post-thumbnail","6":"product_cat-corporate","7":"product_cat-profissional","9":"first","10":"instock","11":"virtual","12":"product-type-simple"},"_links":{"self":[{"href":"https:\/\/bellinzoni.net\/pt\/wp-json\/wp\/v2\/product\/1000441","targetHints":{"allow":["GET"]}}],"collection":[{"href":"https:\/\/bellinzoni.net\/pt\/wp-json\/wp\/v2\/product"}],"about":[{"href":"https:\/\/bellinzoni.net\/pt\/wp-json\/wp\/v2\/types\/product"}],"version-history":[{"count":3,"href":"https:\/\/bellinzoni.net\/pt\/wp-json\/wp\/v2\/product\/1000441\/revisions"}],"predecessor-version":[{"id":1002145,"href":"https:\/\/bellinzoni.net\/pt\/wp-json\/wp\/v2\/product\/1000441\/revisions\/1002145"}],"wp:featuredmedia":[{"embeddable":true,"href":"https:\/\/bellinzoni.net\/pt\/wp-json\/wp\/v2\/media\/1001806"}],"wp:attachment":[{"href":"https:\/\/bellinzoni.net\/pt\/wp-json\/wp\/v2\/media?parent=1000441"}],"wp:term":[{"taxonomy":"product_brand","embeddable":true,"href":"https:\/\/bellinzoni.net\/pt\/wp-json\/wp\/v2\/product_brand?post=1000441"},{"taxonomy":"product_cat","embeddable":true,"href":"https:\/\/bellinzoni.net\/pt\/wp-json\/wp\/v2\/product_cat?post=1000441"},{"taxonomy":"product_tag","embeddable":true,"href":"https:\/\/bellinzoni.net\/pt\/wp-json\/wp\/v2\/product_tag?post=1000441"}],"curies":[{"name":"wp","href":"https:\/\/api.w.org\/{rel}","templated":true}]}}