{"id":1000442,"date":"2026-02-14T20:35:46","date_gmt":"2026-02-14T20:35:46","guid":{"rendered":"https:\/\/bellinzoni.net\/pt\/?post_type=product&#038;p=1000442"},"modified":"2026-03-27T15:35:30","modified_gmt":"2026-03-27T15:35:30","slug":"idea-absoluto","status":"publish","type":"product","link":"https:\/\/bellinzoni.net\/pt\/produto\/idea-absoluto\/","title":{"rendered":"Idea Absoluto"},"content":{"rendered":"<p class=\"no-margin\">C\u00f3digo do Produto: 900ml \u2013 230634 | 5 Litros \u2013 230650<\/p>\n<hr \/>\n<h5 class=\"no-margin\">Superf\u00edcies de Aplica\u00e7\u00e3o<\/h5>\n<ul>\n<li>Quartzitos<\/li>\n<li>Granitos muito porosos<\/li>\n<\/ul>\n<hr \/>\n<h5 class=\"no-margin\">Instru\u00e7\u00f5es de Uso<\/h5>\n<hr \/>\n<p data-start=\"858\" data-end=\"886\"><strong data-start=\"858\" data-end=\"886\">Prepara\u00e7\u00e3o da superf\u00edcie<\/strong><\/p>\n<ul data-start=\"888\" data-end=\"1050\">\n<li data-section-id=\"vaxmiv\" data-start=\"888\" data-end=\"987\">\n<p data-start=\"890\" data-end=\"987\">A superf\u00edcie deve estar completamente limpa, seca e livre de poeira, ceras ou qualquer res\u00edduo.<\/p>\n<\/li>\n<li data-section-id=\"1kr2jun\" data-start=\"988\" data-end=\"1050\">\n<p data-start=\"990\" data-end=\"1050\">Garantir que n\u00e3o haja umidade antes da aplica\u00e7\u00e3o do produto.<\/p>\n<\/li>\n<\/ul>\n<p data-start=\"1052\" data-end=\"1076\"><strong data-start=\"1052\" data-end=\"1076\">Aplica\u00e7\u00e3o do produto<\/strong><\/p>\n<ul data-start=\"1078\" data-end=\"1365\">\n<li data-section-id=\"64jstz\" data-start=\"1078\" data-end=\"1133\">\n<p data-start=\"1080\" data-end=\"1133\">O produto \u00e9 pronto para uso e n\u00e3o deve ser dilu\u00eddo.<\/p>\n<\/li>\n<li data-section-id=\"132z2r5\" data-start=\"1134\" data-end=\"1248\">\n<p data-start=\"1136\" data-end=\"1248\">Aplicar o Idea Absoluto de maneira uniforme e cont\u00ednua sobre a superf\u00edcie com aux\u00edlio de rolo de espuma limpo.<\/p>\n<\/li>\n<li data-section-id=\"1atuf81\" data-start=\"1249\" data-end=\"1365\">\n<p data-start=\"1251\" data-end=\"1365\">Pressionar levemente durante a aplica\u00e7\u00e3o para favorecer a penetra\u00e7\u00e3o do produto em rachaduras, cantos e cavidades.<\/p>\n<\/li>\n<\/ul>\n<p data-start=\"1367\" data-end=\"1384\"><strong data-start=\"1367\" data-end=\"1384\">Tempo de a\u00e7\u00e3o<\/strong><\/p>\n<ul data-start=\"1386\" data-end=\"1482\">\n<li data-section-id=\"p1f5zi\" data-start=\"1386\" data-end=\"1482\">\n<p data-start=\"1388\" data-end=\"1482\">Aguardar aproximadamente 5 minutos ap\u00f3s a aplica\u00e7\u00e3o para que o produto reaja com a superf\u00edcie.<\/p>\n<\/li>\n<\/ul>\n<p data-start=\"1484\" data-end=\"1506\"><strong data-start=\"1484\" data-end=\"1506\">Remo\u00e7\u00e3o de excesso<\/strong><\/p>\n<ul data-start=\"1508\" data-end=\"1670\">\n<li data-section-id=\"3ir42y\" data-start=\"1508\" data-end=\"1576\">\n<p data-start=\"1510\" data-end=\"1576\">Remover o excesso do produto com um pano \u00famido antes da secagem.<\/p>\n<\/li>\n<li data-section-id=\"ye40ch\" data-start=\"1577\" data-end=\"1670\">\n<p data-start=\"1579\" data-end=\"1670\">Caso ocorra excesso, realizar a remo\u00e7\u00e3o imediata friccionando a \u00e1rea com pano limpo e seco.<\/p>\n<\/li>\n<\/ul>\n<p data-start=\"1672\" data-end=\"1693\"><strong data-start=\"1672\" data-end=\"1693\">Dem\u00e3os adicionais<\/strong><\/p>\n<ul data-start=\"1695\" data-end=\"1813\">\n<li data-section-id=\"1fqqlt3\" data-start=\"1695\" data-end=\"1813\">\n<p data-start=\"1697\" data-end=\"1813\">Em materiais brutos ou muito porosos, aplicar duas dem\u00e3os com intervalo de aproximadamente 2 horas entre aplica\u00e7\u00f5es.<\/p>\n<\/li>\n<\/ul>\n<p data-start=\"1815\" data-end=\"1847\"><strong data-start=\"1815\" data-end=\"1847\">Cuidados durante a aplica\u00e7\u00e3o<\/strong><\/p>\n<ul data-start=\"1849\" data-end=\"2051\">\n<li data-section-id=\"yxn7ad\" data-start=\"1849\" data-end=\"1903\">\n<p data-start=\"1851\" data-end=\"1903\">N\u00e3o diluir o produto com \u00e1gua ou outros solventes.<\/p>\n<\/li>\n<li data-section-id=\"1xciog4\" data-start=\"1904\" data-end=\"1971\">\n<p data-start=\"1906\" data-end=\"1971\">N\u00e3o permitir que o excesso do produto seque sobre a superf\u00edcie.<\/p>\n<\/li>\n<li data-section-id=\"ofmsg3\" data-start=\"1972\" data-end=\"2051\">\n<p data-start=\"1974\" data-end=\"2051\">Proteger a \u00e1rea contra chuva ou umidade nas primeiras horas ap\u00f3s a aplica\u00e7\u00e3o.<\/p>\n<\/li>\n<\/ul>\n<p data-start=\"2053\" data-end=\"2066\"><strong data-start=\"2053\" data-end=\"2066\">Resultado<\/strong><\/p>\n<ul data-start=\"2068\" data-end=\"2203\">\n<li data-section-id=\"1jtuvaq\" data-start=\"2068\" data-end=\"2203\">\n<p data-start=\"2070\" data-end=\"2203\">Proporciona prote\u00e7\u00e3o prolongada contra manchas e agentes externos, mantendo o aspecto natural da superf\u00edcie sem forma\u00e7\u00e3o de pel\u00edcula.<\/p>\n<\/li>\n<\/ul>\n<hr \/>\n<h5 class=\"no-margin\">Downloads<\/h5>\n<hr \/>\n<ul>\n<li><strong><a href=\"https:\/\/bellinzoni.net\/fichas_2023\/ficha_tecnica_idea_absoluto.pdf\" target=\"_blank\" rel=\"noopener noreferrer\">Ficha T\u00e9cnica do Produto<\/a><\/strong><\/li>\n<li><strong><a href=\"#\" target=\"_blank\" rel=\"noopener noreferrer\">Ficha de Seguran\u00e7a \u2013\u00a0FISPQ<\/a><\/strong><\/li>\n<\/ul>\n","protected":false},"excerpt":{"rendered":"<p>Impermeabilizante desenvolvido com nanotecnologia que proporciona alta prote\u00e7\u00e3o e excepcional efic\u00e1cia contra diversas manchas. Pode ser usado em m\u00e1rmore, granito, quartzo, quartzito e sint\u00e9ticos. O produto reage quimicamente com a superf\u00edcie do mineral tornando-se muito eficaz durante longo prazo de tempo. Bloqueia a penetra\u00e7\u00e3o de \u00e1gua, \u00f3leo, alimentos gordurosos, umidade, bloqueia a libera\u00e7\u00e3o de efloresc\u00eancia salina e forma\u00e7\u00e3o de bolor. Protege contra chuva \u00e1cida e n\u00e3o altera a textura e cor do material. N\u00e3o forma pel\u00edcula e \u00e9 hidrofugante. Oferece excelente resist\u00eancia \u00e0s intemp\u00e9ries e aos raios UV. Idea Absoluto \u00e9 adequado para a prote\u00e7\u00e3o de superf\u00edcies muito porosas, fr\u00e1geis e corro\u00eddas pela a\u00e7\u00e3o do tempo.<\/p>\n","protected":false},"featured_media":1002469,"template":"","meta":[],"product_brand":[106],"product_cat":[74],"product_tag":[],"class_list":{"0":"post-1000442","1":"product","2":"type-product","3":"status-publish","4":"has-post-thumbnail","6":"product_brand-bellinzoni","7":"product_cat-profissional","9":"first","10":"instock","11":"virtual","12":"product-type-simple"},"_links":{"self":[{"href":"https:\/\/bellinzoni.net\/pt\/wp-json\/wp\/v2\/product\/1000442","targetHints":{"allow":["GET"]}}],"collection":[{"href":"https:\/\/bellinzoni.net\/pt\/wp-json\/wp\/v2\/product"}],"about":[{"href":"https:\/\/bellinzoni.net\/pt\/wp-json\/wp\/v2\/types\/product"}],"version-history":[{"count":5,"href":"https:\/\/bellinzoni.net\/pt\/wp-json\/wp\/v2\/product\/1000442\/revisions"}],"predecessor-version":[{"id":1002170,"href":"https:\/\/bellinzoni.net\/pt\/wp-json\/wp\/v2\/product\/1000442\/revisions\/1002170"}],"wp:featuredmedia":[{"embeddable":true,"href":"https:\/\/bellinzoni.net\/pt\/wp-json\/wp\/v2\/media\/1002469"}],"wp:attachment":[{"href":"https:\/\/bellinzoni.net\/pt\/wp-json\/wp\/v2\/media?parent=1000442"}],"wp:term":[{"taxonomy":"product_brand","embeddable":true,"href":"https:\/\/bellinzoni.net\/pt\/wp-json\/wp\/v2\/product_brand?post=1000442"},{"taxonomy":"product_cat","embeddable":true,"href":"https:\/\/bellinzoni.net\/pt\/wp-json\/wp\/v2\/product_cat?post=1000442"},{"taxonomy":"product_tag","embeddable":true,"href":"https:\/\/bellinzoni.net\/pt\/wp-json\/wp\/v2\/product_tag?post=1000442"}],"curies":[{"name":"wp","href":"https:\/\/api.w.org\/{rel}","templated":true}]}}