{"id":1000444,"date":"2026-01-28T20:35:46","date_gmt":"2026-01-28T20:35:46","guid":{"rendered":"https:\/\/bellinzoni.net\/pt\/?post_type=product&#038;p=1000444"},"modified":"2026-03-18T16:20:21","modified_gmt":"2026-03-18T16:20:21","slug":"cola-blitz","status":"publish","type":"product","link":"https:\/\/bellinzoni.net\/pt\/produto\/cola-blitz\/","title":{"rendered":"Cola Blitz"},"content":{"rendered":"<p data-start=\"239\" data-end=\"290\"><strong data-start=\"239\" data-end=\"252\">Descri\u00e7\u00e3o<\/strong><br data-start=\"252\" data-end=\"255\" \/>C\u00f3digo do Produto: 1 Litro \u2013 230847<\/p>\n<hr data-start=\"292\" data-end=\"295\" \/>\n<p data-start=\"297\" data-end=\"382\"><strong data-start=\"297\" data-end=\"325\">Superf\u00edcies de Aplica\u00e7\u00e3o<\/strong><br data-start=\"325\" data-end=\"328\" \/>M\u00e1rmore<br data-start=\"335\" data-end=\"338\" \/>Granito<br data-start=\"345\" data-end=\"348\" \/>Quartzo<br data-start=\"355\" data-end=\"358\" \/>Sint\u00e9ticos<br data-start=\"368\" data-end=\"371\" \/>Cer\u00e2micas<\/p>\n<hr data-start=\"384\" data-end=\"387\" \/>\n<p data-start=\"389\" data-end=\"410\"><strong data-start=\"389\" data-end=\"410\">Instru\u00e7\u00f5es de Uso<\/strong><\/p>\n<p data-start=\"412\" data-end=\"440\"><strong data-start=\"412\" data-end=\"440\">Prepara\u00e7\u00e3o da superf\u00edcie<\/strong><\/p>\n<p data-start=\"442\" data-end=\"514\">Certifique-se de que a superf\u00edcie esteja limpa, seca e livre de poeiras.<\/p>\n<hr data-start=\"516\" data-end=\"519\" \/>\n<p data-start=\"521\" data-end=\"546\"><strong data-start=\"521\" data-end=\"546\">Prepara\u00e7\u00e3o do produto<\/strong><\/p>\n<p data-start=\"548\" data-end=\"653\">Retire a quantidade necess\u00e1ria de cola e adicione o catalisador em pasta na propor\u00e7\u00e3o de 1% a 2% em peso.<\/p>\n<p data-start=\"655\" data-end=\"702\">Misture bem at\u00e9 obter uma composi\u00e7\u00e3o homog\u00eanea.<\/p>\n<p data-start=\"704\" data-end=\"765\">N\u00e3o devolva o produto j\u00e1 preparado para a embalagem original.<\/p>\n<hr data-start=\"767\" data-end=\"770\" \/>\n<p data-start=\"772\" data-end=\"791\"><strong data-start=\"772\" data-end=\"791\">Corre\u00e7\u00e3o de cor<\/strong><\/p>\n<p data-start=\"793\" data-end=\"878\">Se necess\u00e1rio, ajuste a tonalidade utilizando pasta de colora\u00e7\u00e3o ou \u00f3xidos met\u00e1licos.<\/p>\n<p data-start=\"880\" data-end=\"942\">A colora\u00e7\u00e3o deve ser realizada antes da adi\u00e7\u00e3o do catalisador.<\/p>\n<p data-start=\"944\" data-end=\"1018\">Evite excesso de cor, pois pode interferir no desempenho final do produto.<\/p>\n<hr data-start=\"1020\" data-end=\"1023\" \/>\n<p data-start=\"1025\" data-end=\"1038\"><strong data-start=\"1025\" data-end=\"1038\">Aplica\u00e7\u00e3o<\/strong><\/p>\n<p data-start=\"1040\" data-end=\"1105\">Ap\u00f3s a mistura, utilize o produto imediatamente na \u00e1rea desejada.<\/p>\n<hr data-start=\"1107\" data-end=\"1110\" \/>\n<p data-start=\"1112\" data-end=\"1129\"><strong data-start=\"1112\" data-end=\"1129\">Armazenamento<\/strong><\/p>\n<p data-start=\"1131\" data-end=\"1173\">Manter a embalagem bem fechada ap\u00f3s o uso.<\/p>\n<p data-start=\"1175\" data-end=\"1267\" data-is-last-node=\"\" data-is-only-node=\"\">Armazenar o produto e o catalisador em local protegido do sol, sempre na embalagem original.<\/p>\n<hr \/>\n<h5 class=\"no-margin\">Downloads<\/h5>\n<hr \/>\n<ul>\n<li><strong><a href=\"#\" target=\"_blank\" rel=\"noopener noreferrer\">Ficha T\u00e9cnica do Produto<\/a><\/strong><\/li>\n<li><strong><a href=\"#\" target=\"_blank\" rel=\"noopener noreferrer\">Ficha de Seguran\u00e7a \u2013\u00a0FISPQ<\/a><\/strong><\/li>\n<\/ul>\n","protected":false},"excerpt":{"rendered":"<p>M\u00e1stique desenvolvido para colar e para laminados de m\u00e1rmore, granito, quartzo, cer\u00e2mica e sint\u00e9ticos. Cor particularmente neutra e transparente. \u00c9 r\u00e1pido, extremamente macio e com boa trabalhabilidade. \u00c9 muito f\u00e1cil de mexer e espalhar. Mant\u00e9m uma consist\u00eancia espessa, mesmo depois de adicionar o endurecedor. O mastic tem uma excelente ader\u00eancia em pouco tempo (25-35 min.) o que permite que a pedra seja manuseada em um tempo muito r\u00e1pido em baixas temperaturas tamb\u00e9m. Recomendado para uso interno. Ap\u00f3s a cura, a cola apresenta uma superf\u00edcie plana, com alto brilho. \u00c9 muito polido. Para obter a cor mais neutra ap\u00f3s a cura, \u00e9 aconselh\u00e1vel n\u00e3o usar uma quantidade de per\u00f3xido na pasta superior a 1%. A cola cont\u00e9m absorvedores de UV.<\/p>\n<p>&nbsp;<\/p>\n","protected":false},"featured_media":1001836,"template":"","meta":[],"product_brand":[],"product_cat":[74],"product_tag":[],"class_list":{"0":"post-1000444","1":"product","2":"type-product","3":"status-publish","4":"has-post-thumbnail","6":"product_cat-profissional","8":"first","9":"instock","10":"virtual","11":"product-type-simple"},"_links":{"self":[{"href":"https:\/\/bellinzoni.net\/pt\/wp-json\/wp\/v2\/product\/1000444","targetHints":{"allow":["GET"]}}],"collection":[{"href":"https:\/\/bellinzoni.net\/pt\/wp-json\/wp\/v2\/product"}],"about":[{"href":"https:\/\/bellinzoni.net\/pt\/wp-json\/wp\/v2\/types\/product"}],"version-history":[{"count":2,"href":"https:\/\/bellinzoni.net\/pt\/wp-json\/wp\/v2\/product\/1000444\/revisions"}],"predecessor-version":[{"id":1002203,"href":"https:\/\/bellinzoni.net\/pt\/wp-json\/wp\/v2\/product\/1000444\/revisions\/1002203"}],"wp:featuredmedia":[{"embeddable":true,"href":"https:\/\/bellinzoni.net\/pt\/wp-json\/wp\/v2\/media\/1001836"}],"wp:attachment":[{"href":"https:\/\/bellinzoni.net\/pt\/wp-json\/wp\/v2\/media?parent=1000444"}],"wp:term":[{"taxonomy":"product_brand","embeddable":true,"href":"https:\/\/bellinzoni.net\/pt\/wp-json\/wp\/v2\/product_brand?post=1000444"},{"taxonomy":"product_cat","embeddable":true,"href":"https:\/\/bellinzoni.net\/pt\/wp-json\/wp\/v2\/product_cat?post=1000444"},{"taxonomy":"product_tag","embeddable":true,"href":"https:\/\/bellinzoni.net\/pt\/wp-json\/wp\/v2\/product_tag?post=1000444"}],"curies":[{"name":"wp","href":"https:\/\/api.w.org\/{rel}","templated":true}]}}