{"id":1000445,"date":"2026-01-28T20:35:46","date_gmt":"2026-01-28T20:35:46","guid":{"rendered":"https:\/\/bellinzoni.net\/pt\/?post_type=product&#038;p=1000445"},"modified":"2026-03-17T14:00:50","modified_gmt":"2026-03-17T14:00:50","slug":"taf-liquido","status":"publish","type":"product","link":"https:\/\/bellinzoni.net\/pt\/produto\/taf-liquido\/","title":{"rendered":"Taf L\u00edquido"},"content":{"rendered":"<p data-start=\"337\" data-end=\"388\"><strong data-start=\"337\" data-end=\"350\">Descri\u00e7\u00e3o<\/strong><br data-start=\"350\" data-end=\"353\" \/>C\u00f3digo do Produto: 500 ml \u2013 P242691<\/p>\n<hr data-start=\"390\" data-end=\"393\" \/>\n<p data-start=\"395\" data-end=\"486\"><strong data-start=\"395\" data-end=\"423\">Superf\u00edcies de Aplica\u00e7\u00e3o<\/strong><br data-start=\"423\" data-end=\"426\" \/>M\u00e1rmore<br data-start=\"433\" data-end=\"436\" \/>Porcelanato<br data-start=\"447\" data-end=\"450\" \/>Cer\u00e2mica<br data-start=\"458\" data-end=\"461\" \/>Granito<br data-start=\"468\" data-end=\"471\" \/>Pedras em Geral<\/p>\n<hr data-start=\"488\" data-end=\"491\" \/>\n<p data-start=\"493\" data-end=\"514\"><strong data-start=\"493\" data-end=\"514\">Instru\u00e7\u00f5es de Uso<\/strong><\/p>\n<p data-start=\"516\" data-end=\"544\"><strong data-start=\"516\" data-end=\"544\">Prepara\u00e7\u00e3o da superf\u00edcie<\/strong><\/p>\n<p data-start=\"546\" data-end=\"619\">Certifique-se de que a superf\u00edcie esteja limpa e seca antes da aplica\u00e7\u00e3o.<\/p>\n<p data-start=\"621\" data-end=\"645\"><strong data-start=\"621\" data-end=\"645\">Aplica\u00e7\u00e3o do produto<\/strong><\/p>\n<p data-start=\"647\" data-end=\"765\">Aplique o produto com aux\u00edlio de uma esp\u00e1tula, formando uma camada de aproximadamente 5 mm sobre a mancha de ferrugem.<\/p>\n<p data-start=\"767\" data-end=\"784\"><strong data-start=\"767\" data-end=\"784\">Tempo de a\u00e7\u00e3o<\/strong><\/p>\n<p data-start=\"786\" data-end=\"969\">Ap\u00f3s a aplica\u00e7\u00e3o, o produto reagir\u00e1 com a mancha, alterando sua colora\u00e7\u00e3o de amarelo\/laranja semitransparente para violeta escuro opaco, indicando que a a\u00e7\u00e3o ocorreu de forma efetiva.<\/p>\n<p data-start=\"971\" data-end=\"1097\">O tempo de ativa\u00e7\u00e3o pode variar conforme o tipo de material e seu acabamento, sendo geralmente maior em superf\u00edcies lustradas.<\/p>\n<p data-start=\"1099\" data-end=\"1110\"><strong data-start=\"1099\" data-end=\"1110\">Remo\u00e7\u00e3o<\/strong><\/p>\n<p data-start=\"1112\" data-end=\"1221\">Ap\u00f3s a rea\u00e7\u00e3o, remova o produto com \u00e1gua em abund\u00e2ncia. N\u00e3o deixe o produto sobre a superf\u00edcie ap\u00f3s a rea\u00e7\u00e3o.<\/p>\n<p data-start=\"1223\" data-end=\"1238\"><strong data-start=\"1223\" data-end=\"1238\">Reaplica\u00e7\u00e3o<\/strong><\/p>\n<p data-start=\"1240\" data-end=\"1307\">Se necess\u00e1rio, repita o processo at\u00e9 alcan\u00e7ar o resultado desejado.<\/p>\n<hr data-start=\"1309\" data-end=\"1312\" \/>\n<p data-start=\"1314\" data-end=\"1342\"><strong data-start=\"1314\" data-end=\"1342\">Observa\u00e7\u00f5es de Seguran\u00e7a<\/strong><\/p>\n<p data-start=\"1344\" data-end=\"1445\">N\u00e3o ingerir.<br data-start=\"1356\" data-end=\"1359\" \/>N\u00e3o inalar.<br data-start=\"1370\" data-end=\"1373\" \/>Evitar contato prolongado com a pele.<br data-start=\"1410\" data-end=\"1413\" \/>Lave e seque as m\u00e3os ap\u00f3s o uso.<\/p>\n<hr data-start=\"1447\" data-end=\"1450\" \/>\n<p data-start=\"1452\" data-end=\"1466\"><strong data-start=\"1452\" data-end=\"1466\">Rendimento<\/strong><\/p>\n<p data-start=\"1468\" data-end=\"1555\" data-is-last-node=\"\" data-is-only-node=\"\">O rendimento pode variar conforme o tipo e a intensidade das manchas a serem removidas.<\/p>\n","protected":false},"excerpt":{"rendered":"<h5 class=\"no-margin\"><\/h5>\n<p>Removedor de ferrugem para m\u00e1rmores, granitos, cer\u00e2micas, porcelanatos e pedras em geral, n\u00e3o cont\u00e9m \u00e1cido e pode ser usado em m\u00e1rmore lustrado sem afetar o brilho. Age depressa e remove a ferrugem sem trabalho.<\/p>\n","protected":false},"featured_media":1001782,"template":"","meta":[],"product_brand":[],"product_cat":[68],"product_tag":[],"class_list":{"0":"post-1000445","1":"product","2":"type-product","3":"status-publish","4":"has-post-thumbnail","6":"product_cat-corporate","8":"first","9":"instock","10":"shipping-taxable","11":"product-type-simple"},"_links":{"self":[{"href":"https:\/\/bellinzoni.net\/pt\/wp-json\/wp\/v2\/product\/1000445","targetHints":{"allow":["GET"]}}],"collection":[{"href":"https:\/\/bellinzoni.net\/pt\/wp-json\/wp\/v2\/product"}],"about":[{"href":"https:\/\/bellinzoni.net\/pt\/wp-json\/wp\/v2\/types\/product"}],"version-history":[{"count":3,"href":"https:\/\/bellinzoni.net\/pt\/wp-json\/wp\/v2\/product\/1000445\/revisions"}],"predecessor-version":[{"id":1002121,"href":"https:\/\/bellinzoni.net\/pt\/wp-json\/wp\/v2\/product\/1000445\/revisions\/1002121"}],"wp:featuredmedia":[{"embeddable":true,"href":"https:\/\/bellinzoni.net\/pt\/wp-json\/wp\/v2\/media\/1001782"}],"wp:attachment":[{"href":"https:\/\/bellinzoni.net\/pt\/wp-json\/wp\/v2\/media?parent=1000445"}],"wp:term":[{"taxonomy":"product_brand","embeddable":true,"href":"https:\/\/bellinzoni.net\/pt\/wp-json\/wp\/v2\/product_brand?post=1000445"},{"taxonomy":"product_cat","embeddable":true,"href":"https:\/\/bellinzoni.net\/pt\/wp-json\/wp\/v2\/product_cat?post=1000445"},{"taxonomy":"product_tag","embeddable":true,"href":"https:\/\/bellinzoni.net\/pt\/wp-json\/wp\/v2\/product_tag?post=1000445"}],"curies":[{"name":"wp","href":"https:\/\/api.w.org\/{rel}","templated":true}]}}