{"id":1000461,"date":"2026-01-28T20:36:08","date_gmt":"2026-01-28T20:36:08","guid":{"rendered":"https:\/\/bellinzoni.net\/pt\/?post_type=product&#038;p=1000461"},"modified":"2026-03-17T15:24:10","modified_gmt":"2026-03-17T15:24:10","slug":"grangloss-concreto","status":"publish","type":"product","link":"https:\/\/bellinzoni.net\/pt\/produto\/grangloss-concreto\/","title":{"rendered":"Grangloss Concreto"},"content":{"rendered":"<div class=\"flex flex-col text-sm pb-25\">\n<article class=\"text-token-text-primary w-full focus:outline-none [--shadow-height:45px] has-data-writing-block:pointer-events-none has-data-writing-block:-mt-(--shadow-height) has-data-writing-block:pt-(--shadow-height) [&amp;:has([data-writing-block])&gt;*]:pointer-events-auto scroll-mt-[calc(var(--header-height)+min(200px,max(70px,20svh)))]\" dir=\"auto\" tabindex=\"-1\" data-turn-id=\"request-69b7f979-be64-8329-a0b1-b177f97d4070-9\" data-testid=\"conversation-turn-208\" data-scroll-anchor=\"true\" data-turn=\"assistant\">\n<div class=\"text-base my-auto mx-auto pb-10 [--thread-content-margin:var(--thread-content-margin-xs,calc(var(--spacing)*4))] @w-sm\/main:[--thread-content-margin:var(--thread-content-margin-sm,calc(var(--spacing)*6))] @w-lg\/main:[--thread-content-margin:var(--thread-content-margin-lg,calc(var(--spacing)*16))] px-(--thread-content-margin)\">\n<div class=\"[--thread-content-max-width:40rem] @w-lg\/main:[--thread-content-max-width:48rem] mx-auto max-w-(--thread-content-max-width) flex-1 group\/turn-messages focus-visible:outline-hidden relative flex w-full min-w-0 flex-col agent-turn\" tabindex=\"-1\">\n<div class=\"flex max-w-full flex-col gap-4 grow\">\n<div class=\"min-h-8 text-message relative flex w-full flex-col items-end gap-2 text-start break-words whitespace-normal [.text-message+&amp;]:mt-1\" dir=\"auto\" data-message-author-role=\"assistant\" data-message-id=\"96b708b8-6906-4937-b94c-4e2304a22102\" data-message-model-slug=\"gpt-5-3\">\n<div class=\"flex w-full flex-col gap-1 empty:hidden\">\n<div class=\"markdown prose dark:prose-invert w-full wrap-break-word dark markdown-new-styling\">\n<p data-start=\"316\" data-end=\"380\"><strong data-start=\"316\" data-end=\"329\">Descri\u00e7\u00e3o<\/strong><br data-start=\"329\" data-end=\"332\" \/>C\u00f3digo do Produto: 1 L \u2013 008216 | 5 kg \u2013 P240850<\/p>\n<hr data-start=\"382\" data-end=\"385\" \/>\n<p data-start=\"387\" data-end=\"465\"><strong data-start=\"387\" data-end=\"415\">Superf\u00edcies de Aplica\u00e7\u00e3o<\/strong><br data-start=\"415\" data-end=\"418\" \/>Concreto<br data-start=\"426\" data-end=\"429\" \/>Cer\u00e2mica<br data-start=\"437\" data-end=\"440\" \/>Granito<br data-start=\"447\" data-end=\"450\" \/>Pedras em Geral<\/p>\n<hr data-start=\"467\" data-end=\"470\" \/>\n<p data-start=\"472\" data-end=\"493\"><strong data-start=\"472\" data-end=\"493\">Instru\u00e7\u00f5es de Uso<\/strong><\/p>\n<p data-start=\"495\" data-end=\"523\"><strong data-start=\"495\" data-end=\"523\">Prepara\u00e7\u00e3o da superf\u00edcie<\/strong><\/p>\n<p data-start=\"525\" data-end=\"653\">Certifique-se de que o piso esteja completamente limpo, seco e livre de ceras antigas, acabamentos ou qualquer tipo de sujidade.<\/p>\n<p data-start=\"655\" data-end=\"816\">Caso existam camadas anteriores de cera ou acabamento acr\u00edlico, realize a remo\u00e7\u00e3o com o Removedor de Cera Premium Bellinzoni, seguindo as orienta\u00e7\u00f5es do produto.<\/p>\n<hr data-start=\"818\" data-end=\"821\" \/>\n<p data-start=\"823\" data-end=\"847\"><strong data-start=\"823\" data-end=\"847\">Aplica\u00e7\u00e3o do produto<\/strong><\/p>\n<p data-start=\"849\" data-end=\"945\">Aplique o produto com aux\u00edlio de mop aplicador, trabalhando sempre em camadas finas e uniformes.<\/p>\n<p data-start=\"947\" data-end=\"1032\">Divida o piso em \u00e1reas de aproximadamente 1 a 2 m\u00b2 para melhor controle da aplica\u00e7\u00e3o.<\/p>\n<hr data-start=\"1034\" data-end=\"1037\" \/>\n<p data-start=\"1039\" data-end=\"1049\"><strong data-start=\"1039\" data-end=\"1049\">Dem\u00e3os<\/strong><\/p>\n<p data-start=\"1051\" data-end=\"1159\">Aguarde de 30 a 45 minutos entre cada camada, garantindo que a aplica\u00e7\u00e3o anterior esteja completamente seca.<\/p>\n<p data-start=\"1161\" data-end=\"1236\">Recomenda-se aplicar de 1 a 2 camadas, conforme a porosidade da superf\u00edcie.<\/p>\n<hr data-start=\"1238\" data-end=\"1241\" \/>\n<p data-start=\"1243\" data-end=\"1258\"><strong data-start=\"1243\" data-end=\"1258\">Finaliza\u00e7\u00e3o<\/strong><\/p>\n<p data-start=\"1260\" data-end=\"1374\">Ap\u00f3s o selamento, para melhores resultados, recomenda-se a aplica\u00e7\u00e3o de um Acabamento Acr\u00edlico ou Cera Bellinzoni.<\/p>\n<hr data-start=\"1376\" data-end=\"1379\" \/>\n<p data-start=\"1381\" data-end=\"1395\"><strong data-start=\"1381\" data-end=\"1395\">Rendimento<\/strong><\/p>\n<p data-start=\"1397\" data-end=\"1489\" data-is-last-node=\"\" data-is-only-node=\"\">Aproximadamente de 50 a 70 m\u00b2 por litro, podendo variar conforme a porosidade da superf\u00edcie.<\/p>\n<\/div>\n<\/div>\n<\/div>\n<\/div>\n<\/div>\n<\/div>\n<\/article>\n<\/div>\n<h5 class=\"no-margin\">Downloads<\/h5>\n<hr \/>\n<ul>\n<li><strong><strong><a href=\"http:\/\/bellinzoni.net\/fichas-2025\/Grangloss_concreto.pdf\" target=\"_blank\" rel=\"noopener noreferrer\">Ficha T\u00e9cnica do Produto<\/a><\/strong><\/strong><\/li>\n<\/ul>\n","protected":false},"excerpt":{"rendered":"<h5 class=\"no-margin\"><\/h5>\n<p data-start=\"58\" data-end=\"367\">Selador termopl\u00e1stico formulado com copol\u00edmero estireno-acr\u00edlico especial, desenvolvido para proporcionar uma base uniforme e de alta performance. Sua formula\u00e7\u00e3o oferece excelente nivelamento, preenchimento eficiente da porosidade e uniformiza\u00e7\u00e3o da absor\u00e7\u00e3o da superf\u00edcie, garantindo resultados consistentes.<\/p>\n","protected":false},"featured_media":1001779,"template":"","meta":[],"product_brand":[],"product_cat":[68,74],"product_tag":[],"class_list":{"0":"post-1000461","1":"product","2":"type-product","3":"status-publish","4":"has-post-thumbnail","6":"product_cat-corporate","7":"product_cat-profissional","9":"first","10":"instock","11":"shipping-taxable","12":"product-type-simple"},"_links":{"self":[{"href":"https:\/\/bellinzoni.net\/pt\/wp-json\/wp\/v2\/product\/1000461","targetHints":{"allow":["GET"]}}],"collection":[{"href":"https:\/\/bellinzoni.net\/pt\/wp-json\/wp\/v2\/product"}],"about":[{"href":"https:\/\/bellinzoni.net\/pt\/wp-json\/wp\/v2\/types\/product"}],"version-history":[{"count":4,"href":"https:\/\/bellinzoni.net\/pt\/wp-json\/wp\/v2\/product\/1000461\/revisions"}],"predecessor-version":[{"id":1002166,"href":"https:\/\/bellinzoni.net\/pt\/wp-json\/wp\/v2\/product\/1000461\/revisions\/1002166"}],"wp:featuredmedia":[{"embeddable":true,"href":"https:\/\/bellinzoni.net\/pt\/wp-json\/wp\/v2\/media\/1001779"}],"wp:attachment":[{"href":"https:\/\/bellinzoni.net\/pt\/wp-json\/wp\/v2\/media?parent=1000461"}],"wp:term":[{"taxonomy":"product_brand","embeddable":true,"href":"https:\/\/bellinzoni.net\/pt\/wp-json\/wp\/v2\/product_brand?post=1000461"},{"taxonomy":"product_cat","embeddable":true,"href":"https:\/\/bellinzoni.net\/pt\/wp-json\/wp\/v2\/product_cat?post=1000461"},{"taxonomy":"product_tag","embeddable":true,"href":"https:\/\/bellinzoni.net\/pt\/wp-json\/wp\/v2\/product_tag?post=1000461"}],"curies":[{"name":"wp","href":"https:\/\/api.w.org\/{rel}","templated":true}]}}