{"id":1000462,"date":"2026-01-28T20:36:08","date_gmt":"2026-01-28T20:36:08","guid":{"rendered":"https:\/\/bellinzoni.net\/pt\/?post_type=product&#038;p=1000462"},"modified":"2026-03-17T15:20:59","modified_gmt":"2026-03-17T15:20:59","slug":"granbrill","status":"publish","type":"product","link":"https:\/\/bellinzoni.net\/pt\/produto\/granbrill\/","title":{"rendered":"Granbrill"},"content":{"rendered":"<p data-start=\"281\" data-end=\"329\"><strong data-start=\"281\" data-end=\"294\">Descri\u00e7\u00e3o<\/strong><br data-start=\"294\" data-end=\"297\" \/>C\u00f3digo do Produto: 1 L \u2013 P240010<\/p>\n<hr data-start=\"331\" data-end=\"334\" \/>\n<p data-start=\"336\" data-end=\"406\"><strong data-start=\"336\" data-end=\"364\">Superf\u00edcies de Aplica\u00e7\u00e3o<\/strong><br data-start=\"364\" data-end=\"367\" \/>Granito<br data-start=\"374\" data-end=\"377\" \/>M\u00e1rmore<br data-start=\"384\" data-end=\"387\" \/>Cer\u00e2mica<br data-start=\"395\" data-end=\"398\" \/>Concreto<\/p>\n<hr data-start=\"408\" data-end=\"411\" \/>\n<p data-start=\"413\" data-end=\"434\"><strong data-start=\"413\" data-end=\"434\">Instru\u00e7\u00f5es de Uso<\/strong><\/p>\n<p data-start=\"436\" data-end=\"464\"><strong data-start=\"436\" data-end=\"464\">Prepara\u00e7\u00e3o da superf\u00edcie<\/strong><\/p>\n<p data-start=\"466\" data-end=\"553\">Certifique-se de que a superf\u00edcie esteja limpa e completamente seca antes da aplica\u00e7\u00e3o.<\/p>\n<hr data-start=\"555\" data-end=\"558\" \/>\n<p data-start=\"560\" data-end=\"584\"><strong data-start=\"560\" data-end=\"584\">Aplica\u00e7\u00e3o do produto<\/strong><\/p>\n<p data-start=\"586\" data-end=\"694\">Aplique uma pequena quantidade do produto com aux\u00edlio de borrifador sobre \u00e1reas de aproximadamente 1 a 3 m\u00b2.<\/p>\n<hr data-start=\"696\" data-end=\"699\" \/>\n<p data-start=\"701\" data-end=\"728\"><strong data-start=\"701\" data-end=\"728\">Distribui\u00e7\u00e3o e absor\u00e7\u00e3o<\/strong><\/p>\n<p data-start=\"730\" data-end=\"873\">Utilize uma enceradeira equipada com disco branco, realizando movimentos lentos at\u00e9 que o produto seja completamente absorvido pela superf\u00edcie.<\/p>\n<hr data-start=\"875\" data-end=\"878\" \/>\n<p data-start=\"880\" data-end=\"894\"><strong data-start=\"880\" data-end=\"894\">Manuten\u00e7\u00e3o<\/strong><\/p>\n<p data-start=\"896\" data-end=\"1030\">Recomenda-se reaplica\u00e7\u00e3o mensal em \u00e1reas de tr\u00e1fego m\u00e9dio a intenso, auxiliando na conserva\u00e7\u00e3o do brilho e na resist\u00eancia do material.<\/p>\n<hr data-start=\"1032\" data-end=\"1035\" \/>\n<p data-start=\"1037\" data-end=\"1051\"><strong data-start=\"1037\" data-end=\"1051\">Observa\u00e7\u00e3o<\/strong><\/p>\n<p data-start=\"1053\" data-end=\"1142\" data-is-last-node=\"\" data-is-only-node=\"\">A frequ\u00eancia de reaplica\u00e7\u00e3o pode variar conforme o n\u00edvel de uso e desgaste da superf\u00edcie.<\/p>\n<hr \/>\n<h5 class=\"no-margin\"><\/h5>\n<p>&nbsp;<\/p>\n","protected":false},"excerpt":{"rendered":"<h5 class=\"no-margin\"><\/h5>\n<p data-start=\"58\" data-end=\"367\">GranBrill \u00e9 formulado para a manuten\u00e7\u00e3o peri\u00f3dica do brilho em superf\u00edcies j\u00e1 cristalizadas com Grangloss ou submetidas a outros processos de cristaliza\u00e7\u00e3o. Tamb\u00e9m pode ser utilizado como etapa final ap\u00f3s o polimento mec\u00e2nico, promovendo aumento da dureza superficial, realce do brilho e maior resist\u00eancia ao desgaste por tr\u00e1fego.<\/p>\n","protected":false},"featured_media":1000502,"template":"","meta":[],"product_brand":[],"product_cat":[68,74],"product_tag":[],"class_list":{"0":"post-1000462","1":"product","2":"type-product","3":"status-publish","4":"has-post-thumbnail","6":"product_cat-corporate","7":"product_cat-profissional","9":"first","10":"instock","11":"shipping-taxable","12":"product-type-simple"},"_links":{"self":[{"href":"https:\/\/bellinzoni.net\/pt\/wp-json\/wp\/v2\/product\/1000462","targetHints":{"allow":["GET"]}}],"collection":[{"href":"https:\/\/bellinzoni.net\/pt\/wp-json\/wp\/v2\/product"}],"about":[{"href":"https:\/\/bellinzoni.net\/pt\/wp-json\/wp\/v2\/types\/product"}],"version-history":[{"count":2,"href":"https:\/\/bellinzoni.net\/pt\/wp-json\/wp\/v2\/product\/1000462\/revisions"}],"predecessor-version":[{"id":1002164,"href":"https:\/\/bellinzoni.net\/pt\/wp-json\/wp\/v2\/product\/1000462\/revisions\/1002164"}],"wp:featuredmedia":[{"embeddable":true,"href":"https:\/\/bellinzoni.net\/pt\/wp-json\/wp\/v2\/media\/1000502"}],"wp:attachment":[{"href":"https:\/\/bellinzoni.net\/pt\/wp-json\/wp\/v2\/media?parent=1000462"}],"wp:term":[{"taxonomy":"product_brand","embeddable":true,"href":"https:\/\/bellinzoni.net\/pt\/wp-json\/wp\/v2\/product_brand?post=1000462"},{"taxonomy":"product_cat","embeddable":true,"href":"https:\/\/bellinzoni.net\/pt\/wp-json\/wp\/v2\/product_cat?post=1000462"},{"taxonomy":"product_tag","embeddable":true,"href":"https:\/\/bellinzoni.net\/pt\/wp-json\/wp\/v2\/product_tag?post=1000462"}],"curies":[{"name":"wp","href":"https:\/\/api.w.org\/{rel}","templated":true}]}}