{"id":1000464,"date":"2026-01-28T20:36:08","date_gmt":"2026-01-28T20:36:08","guid":{"rendered":"https:\/\/bellinzoni.net\/pt\/?post_type=product&#038;p=1000464"},"modified":"2026-03-17T12:12:47","modified_gmt":"2026-03-17T12:12:47","slug":"neutralizador-de-odores-neutro","status":"publish","type":"product","link":"https:\/\/bellinzoni.net\/pt\/produto\/neutralizador-de-odores-neutro\/","title":{"rendered":"Neutralizador de Odores Neutro"},"content":{"rendered":"<p data-start=\"278\" data-end=\"345\"><strong data-start=\"278\" data-end=\"291\">Descri\u00e7\u00e3o<\/strong><br data-start=\"291\" data-end=\"294\" \/>C\u00f3digo do Produto: 500 ml \u2013 P240915 | 1 L \u2013 P240931<\/p>\n<hr data-start=\"347\" data-end=\"350\" \/>\n<p data-start=\"352\" data-end=\"433\"><strong data-start=\"352\" data-end=\"380\">Superf\u00edcies de Aplica\u00e7\u00e3o<\/strong><br data-start=\"380\" data-end=\"383\" \/>Ambientes Internos em Geral<br data-start=\"410\" data-end=\"413\" \/>Banheiros<br data-start=\"422\" data-end=\"425\" \/>Ve\u00edculos<\/p>\n<hr data-start=\"435\" data-end=\"438\" \/>\n<p data-start=\"440\" data-end=\"461\"><strong data-start=\"440\" data-end=\"461\">Instru\u00e7\u00f5es de Uso<\/strong><\/p>\n<p data-start=\"463\" data-end=\"488\"><strong data-start=\"463\" data-end=\"488\">Prepara\u00e7\u00e3o do produto<\/strong><\/p>\n<p data-start=\"490\" data-end=\"514\">Produto pronto para uso.<\/p>\n<p data-start=\"516\" data-end=\"540\"><strong data-start=\"516\" data-end=\"540\">Aplica\u00e7\u00e3o do produto<\/strong><\/p>\n<p data-start=\"542\" data-end=\"638\">Pulverize o produto diretamente no local desejado, distribuindo-o de forma uniforme no ambiente.<\/p>\n<p data-start=\"640\" data-end=\"715\">Mantenha uma dist\u00e2ncia m\u00ednima de aproximadamente 20 cm durante a aplica\u00e7\u00e3o.<\/p>\n<p data-start=\"717\" data-end=\"728\"><strong data-start=\"717\" data-end=\"728\">Aten\u00e7\u00e3o<\/strong><\/p>\n<p data-start=\"730\" data-end=\"825\">N\u00e3o pulverizar diretamente sobre alimentos, pessoas, animais, plantas ou superf\u00edcies sens\u00edveis.<\/p>\n<p data-start=\"827\" data-end=\"841\"><strong data-start=\"827\" data-end=\"841\">Observa\u00e7\u00e3o<\/strong><\/p>\n<p data-start=\"843\" data-end=\"912\" data-is-last-node=\"\" data-is-only-node=\"\">Reaplique sempre que necess\u00e1rio para manter a perfuma\u00e7\u00e3o do ambiente.<\/p>\n<hr \/>\n<h5 class=\"no-margin\">Downloads<\/h5>\n<hr \/>\n<ul>\n<li><strong><a href=\"http:\/\/bellinzoni.net\/fichas-2025\/Neutralizador_de_Odores.pdf\" target=\"_blank\" rel=\"noopener noreferrer\">Ficha T\u00e9cnica do Produto<\/a><\/strong><\/li>\n<\/ul>\n<hr \/>\n<p>&nbsp;<\/p>\n","protected":false},"excerpt":{"rendered":"<h5 class=\"no-margin\"><\/h5>\n<p data-start=\"438\" data-end=\"579\">Produto desenvolvido para neutralizar odores desagrad\u00e1veis e promover um ambiente mais fresco e agrad\u00e1vel. Elimina odores dif\u00edceis, como: Fezes e urina, Ambientes de animais de estima\u00e7\u00e3o (gatos e c\u00e3es), Cigarro (tabaco), Cheiros de cozinha (fritura, peixe etc.)<\/p>\n<h5 class=\"no-margin\"><\/h5>\n","protected":false},"featured_media":1000504,"template":"","meta":[],"product_brand":[],"product_cat":[68],"product_tag":[],"class_list":{"0":"post-1000464","1":"product","2":"type-product","3":"status-publish","4":"has-post-thumbnail","6":"product_cat-corporate","8":"first","9":"instock","10":"shipping-taxable","11":"product-type-simple"},"_links":{"self":[{"href":"https:\/\/bellinzoni.net\/pt\/wp-json\/wp\/v2\/product\/1000464","targetHints":{"allow":["GET"]}}],"collection":[{"href":"https:\/\/bellinzoni.net\/pt\/wp-json\/wp\/v2\/product"}],"about":[{"href":"https:\/\/bellinzoni.net\/pt\/wp-json\/wp\/v2\/types\/product"}],"version-history":[{"count":3,"href":"https:\/\/bellinzoni.net\/pt\/wp-json\/wp\/v2\/product\/1000464\/revisions"}],"predecessor-version":[{"id":1002115,"href":"https:\/\/bellinzoni.net\/pt\/wp-json\/wp\/v2\/product\/1000464\/revisions\/1002115"}],"wp:featuredmedia":[{"embeddable":true,"href":"https:\/\/bellinzoni.net\/pt\/wp-json\/wp\/v2\/media\/1000504"}],"wp:attachment":[{"href":"https:\/\/bellinzoni.net\/pt\/wp-json\/wp\/v2\/media?parent=1000464"}],"wp:term":[{"taxonomy":"product_brand","embeddable":true,"href":"https:\/\/bellinzoni.net\/pt\/wp-json\/wp\/v2\/product_brand?post=1000464"},{"taxonomy":"product_cat","embeddable":true,"href":"https:\/\/bellinzoni.net\/pt\/wp-json\/wp\/v2\/product_cat?post=1000464"},{"taxonomy":"product_tag","embeddable":true,"href":"https:\/\/bellinzoni.net\/pt\/wp-json\/wp\/v2\/product_tag?post=1000464"}],"curies":[{"name":"wp","href":"https:\/\/api.w.org\/{rel}","templated":true}]}}