{"id":1000467,"date":"2026-01-28T20:36:08","date_gmt":"2026-01-28T20:36:08","guid":{"rendered":"https:\/\/bellinzoni.net\/pt\/?post_type=product&#038;p=1000467"},"modified":"2026-03-18T16:08:11","modified_gmt":"2026-03-18T16:08:11","slug":"100-black","status":"publish","type":"product","link":"https:\/\/bellinzoni.net\/pt\/produto\/100-black\/","title":{"rendered":"100% Black"},"content":{"rendered":"<div class=\"flex flex-col text-sm pb-25\">\n<section class=\"text-token-text-primary w-full focus:outline-none [--shadow-height:45px] has-data-writing-block:pointer-events-none has-data-writing-block:-mt-(--shadow-height) has-data-writing-block:pt-(--shadow-height) [&amp;:has([data-writing-block])&gt;*]:pointer-events-auto scroll-mt-[calc(var(--header-height)+min(200px,max(70px,20svh)))]\" dir=\"auto\" data-turn-id=\"request-69b7f979-be64-8329-a0b1-b177f97d4070-16\" data-testid=\"conversation-turn-246\" data-scroll-anchor=\"true\" data-turn=\"assistant\">\n<div class=\"text-base my-auto mx-auto pb-10 [--thread-content-margin:var(--thread-content-margin-xs,calc(var(--spacing)*4))] @w-sm\/main:[--thread-content-margin:var(--thread-content-margin-sm,calc(var(--spacing)*6))] @w-lg\/main:[--thread-content-margin:var(--thread-content-margin-lg,calc(var(--spacing)*16))] px-(--thread-content-margin)\">\n<div class=\"[--thread-content-max-width:40rem] @w-lg\/main:[--thread-content-max-width:48rem] mx-auto max-w-(--thread-content-max-width) flex-1 group\/turn-messages focus-visible:outline-hidden relative flex w-full min-w-0 flex-col agent-turn\">\n<div class=\"flex max-w-full flex-col gap-4 grow\">\n<div class=\"min-h-8 text-message relative flex w-full flex-col items-end gap-2 text-start break-words whitespace-normal outline-none keyboard-focused:focus-ring [.text-message+&amp;]:mt-1\" dir=\"auto\" tabindex=\"0\" data-message-author-role=\"assistant\" data-message-id=\"aea86d96-4234-4fa5-b4c3-a91c2872ce7c\" data-message-model-slug=\"gpt-5-3\" data-turn-start-message=\"true\">\n<div class=\"flex w-full flex-col gap-1 empty:hidden\">\n<div class=\"markdown prose dark:prose-invert w-full wrap-break-word dark markdown-new-styling\">\n<p data-start=\"212\" data-end=\"293\"><strong data-start=\"212\" data-end=\"225\">Descri\u00e7\u00e3o<\/strong><br data-start=\"225\" data-end=\"228\" \/>C\u00f3digo do Produto: 900 ml \u2013 008476 | 5 L \u2013 008483 | 20 L \u2013 008490<\/p>\n<hr data-start=\"295\" data-end=\"298\" \/>\n<p data-start=\"300\" data-end=\"379\"><strong data-start=\"300\" data-end=\"328\">Superf\u00edcies de Aplica\u00e7\u00e3o<\/strong><br data-start=\"328\" data-end=\"331\" \/>Pedras Pretas<br data-start=\"344\" data-end=\"347\" \/>Pedras Verdes<br data-start=\"360\" data-end=\"363\" \/>Pedras Escuras<\/p>\n<hr data-start=\"381\" data-end=\"384\" \/>\n<p data-start=\"386\" data-end=\"407\"><strong data-start=\"386\" data-end=\"407\">Instru\u00e7\u00f5es de Uso<\/strong><\/p>\n<p data-start=\"409\" data-end=\"437\"><strong data-start=\"409\" data-end=\"437\">Prepara\u00e7\u00e3o da superf\u00edcie<\/strong><\/p>\n<p data-start=\"439\" data-end=\"517\">A superf\u00edcie deve estar completamente limpa, seca e livre de poeiras ou ceras.<\/p>\n<p data-start=\"519\" data-end=\"583\">Recomenda-se realizar a limpeza pr\u00e9via com Detergente Decer-Dos.<\/p>\n<hr data-start=\"585\" data-end=\"588\" \/>\n<p data-start=\"590\" data-end=\"614\"><strong data-start=\"590\" data-end=\"614\">Aplica\u00e7\u00e3o do produto<\/strong><\/p>\n<p data-start=\"616\" data-end=\"728\">Aplique o produto de forma uniforme e cont\u00ednua utilizando um rolo de espuma, garantindo cobertura total da \u00e1rea.<\/p>\n<hr data-start=\"730\" data-end=\"733\" \/>\n<p data-start=\"735\" data-end=\"759\"><strong data-start=\"735\" data-end=\"759\">Secagem e acabamento<\/strong><\/p>\n<p data-start=\"761\" data-end=\"800\">Aguarde aproximadamente de 2 a 4 horas.<\/p>\n<p data-start=\"802\" data-end=\"874\">Ap\u00f3s esse per\u00edodo, remova o excesso com aux\u00edlio de pano limpo ou estopa.<\/p>\n<hr data-start=\"876\" data-end=\"879\" \/>\n<p data-start=\"881\" data-end=\"896\"><strong data-start=\"881\" data-end=\"896\">Observa\u00e7\u00f5es<\/strong><\/p>\n<p data-start=\"898\" data-end=\"1011\" data-is-last-node=\"\" data-is-only-node=\"\">Recomenda-se realizar teste pr\u00e9vio em pequena \u00e1rea antes da aplica\u00e7\u00e3o completa para avaliar o resultado desejado.<\/p>\n<\/div>\n<\/div>\n<\/div>\n<\/div>\n<\/div>\n<\/div>\n<\/section>\n<\/div>\n<hr \/>\n<h5 class=\"no-margin\"><\/h5>\n<p>&nbsp;<\/p>\n","protected":false},"excerpt":{"rendered":"<p data-start=\"438\" data-end=\"579\">O Impermeabilizante, Tonalizante e Ativador de Cor 100% Black da Bellinzoni protege a superf\u00edcie contra a entrada de \u00e1gua, \u00f3leo e gordura, al\u00e9m de intensificar de forma marcante a cor natural da rocha. \u00c9 indicado exclusivamente para pedras escuras ou pretas.<\/p>\n","protected":false},"featured_media":1001792,"template":"","meta":[],"product_brand":[],"product_cat":[74],"product_tag":[],"class_list":{"0":"post-1000467","1":"product","2":"type-product","3":"status-publish","4":"has-post-thumbnail","6":"product_cat-profissional","8":"first","9":"instock","10":"shipping-taxable","11":"product-type-simple"},"_links":{"self":[{"href":"https:\/\/bellinzoni.net\/pt\/wp-json\/wp\/v2\/product\/1000467","targetHints":{"allow":["GET"]}}],"collection":[{"href":"https:\/\/bellinzoni.net\/pt\/wp-json\/wp\/v2\/product"}],"about":[{"href":"https:\/\/bellinzoni.net\/pt\/wp-json\/wp\/v2\/types\/product"}],"version-history":[{"count":4,"href":"https:\/\/bellinzoni.net\/pt\/wp-json\/wp\/v2\/product\/1000467\/revisions"}],"predecessor-version":[{"id":1002198,"href":"https:\/\/bellinzoni.net\/pt\/wp-json\/wp\/v2\/product\/1000467\/revisions\/1002198"}],"wp:featuredmedia":[{"embeddable":true,"href":"https:\/\/bellinzoni.net\/pt\/wp-json\/wp\/v2\/media\/1001792"}],"wp:attachment":[{"href":"https:\/\/bellinzoni.net\/pt\/wp-json\/wp\/v2\/media?parent=1000467"}],"wp:term":[{"taxonomy":"product_brand","embeddable":true,"href":"https:\/\/bellinzoni.net\/pt\/wp-json\/wp\/v2\/product_brand?post=1000467"},{"taxonomy":"product_cat","embeddable":true,"href":"https:\/\/bellinzoni.net\/pt\/wp-json\/wp\/v2\/product_cat?post=1000467"},{"taxonomy":"product_tag","embeddable":true,"href":"https:\/\/bellinzoni.net\/pt\/wp-json\/wp\/v2\/product_tag?post=1000467"}],"curies":[{"name":"wp","href":"https:\/\/api.w.org\/{rel}","templated":true}]}}