{"id":1000468,"date":"2026-01-28T20:36:08","date_gmt":"2026-01-28T20:36:08","guid":{"rendered":"https:\/\/bellinzoni.net\/pt\/?post_type=product&#038;p=1000468"},"modified":"2026-03-03T18:40:56","modified_gmt":"2026-03-03T18:40:56","slug":"bell-black","status":"publish","type":"product","link":"https:\/\/bellinzoni.net\/pt\/produto\/bell-black\/","title":{"rendered":"Bell Black"},"content":{"rendered":"<p class=\"no-margin\">C\u00f3digo do Produto: 900ml \u2013 008445<\/p>\n<hr \/>\n<h5 class=\"no-margin\">Superf\u00edcies de Aplica\u00e7\u00e3o<\/h5>\n<ul>\n<li>Pedras Pretas<\/li>\n<li>Pedras Verde<\/li>\n<li>Pedras Escuras<\/li>\n<\/ul>\n<hr \/>\n<h5 class=\"no-margin\">Finalidade<\/h5>\n<hr \/>\n<p data-start=\"438\" data-end=\"579\">Produto intensificador de cor indicado para aplica\u00e7\u00e3o na etapa de finaliza\u00e7\u00e3o do polimento, bem como em materiais escovados ou polidos. Recomendado para materiais pretos, verdes e pedras escuras.<\/p>\n<hr \/>\n<h5 class=\"no-margin\">Instru\u00e7\u00f5es de Uso<\/h5>\n<hr \/>\n<p data-start=\"335\" data-end=\"502\">A superf\u00edcie a ser impermeabilizada deve estar virgem (sem aplica\u00e7\u00e3o pr\u00e9via de outros produtos), seca e livre de poeira ou contaminantes.Com a chapa posicionada preferencialmente na horizontal, ou tamb\u00e9m na vertical, no gr\u00e3o #800 ou #1200, aplicar uma dem\u00e3o do produto utilizando: Rolo de l\u00e3 de pelo curto, ou Desempenadeira com feltro.Aplicar quantidade suficiente para cobrir totalmente o material, sem excessos.Aguardar 24 a 48 horas.<br data-start=\"835\" data-end=\"838\" \/>Ap\u00f3s este per\u00edodo, retornar o material ao processo de polimento no mesmo gr\u00e3o em que foi interrompido. Se\u00a0poss\u00edvel, recomenda-se utilizar uma escova de limpeza com cerdas de carbeto de sil\u00edcio gr\u00e3o #500 antes de retomar a sequ\u00eancia de abrasivos.<\/p>\n<hr \/>\n<h5 class=\"no-margin\">Downloads<\/h5>\n<hr \/>\n<ul>\n<li><strong><a href=\"http:\/\/bellinzoni.net\/fichas-2025\/bell_black.pdf\" target=\"_blank\" rel=\"noopener noreferrer\">Ficha T\u00e9cnica do Produto<\/a><\/strong><\/li>\n<li><strong><a href=\"http:\/\/bellinzoni.net\/Fispq2025\/Bell_Black.pdf\" target=\"_blank\" rel=\"noopener noreferrer\">Ficha de Seguran\u00e7a \u2013\u00a0FISPQ<\/a><\/strong><\/li>\n<\/ul>\n<p>&nbsp;<\/p>\n","protected":false},"excerpt":{"rendered":"<h5 class=\"no-margin\"><\/h5>\n<p data-start=\"438\" data-end=\"579\">Produto intensificador de cor indicado para aplica\u00e7\u00e3o na etapa de finaliza\u00e7\u00e3o do polimento, bem como em materiais escovados ou polidos. Recomendado para materiais pretos, verdes e pedras escuras.<\/p>\n","protected":false},"featured_media":1001793,"template":"","meta":[],"product_brand":[],"product_cat":[74],"product_tag":[],"class_list":{"0":"post-1000468","1":"product","2":"type-product","3":"status-publish","4":"has-post-thumbnail","6":"product_cat-profissional","8":"first","9":"instock","10":"shipping-taxable","11":"product-type-simple"},"_links":{"self":[{"href":"https:\/\/bellinzoni.net\/pt\/wp-json\/wp\/v2\/product\/1000468","targetHints":{"allow":["GET"]}}],"collection":[{"href":"https:\/\/bellinzoni.net\/pt\/wp-json\/wp\/v2\/product"}],"about":[{"href":"https:\/\/bellinzoni.net\/pt\/wp-json\/wp\/v2\/types\/product"}],"version-history":[{"count":1,"href":"https:\/\/bellinzoni.net\/pt\/wp-json\/wp\/v2\/product\/1000468\/revisions"}],"predecessor-version":[{"id":1001518,"href":"https:\/\/bellinzoni.net\/pt\/wp-json\/wp\/v2\/product\/1000468\/revisions\/1001518"}],"wp:featuredmedia":[{"embeddable":true,"href":"https:\/\/bellinzoni.net\/pt\/wp-json\/wp\/v2\/media\/1001793"}],"wp:attachment":[{"href":"https:\/\/bellinzoni.net\/pt\/wp-json\/wp\/v2\/media?parent=1000468"}],"wp:term":[{"taxonomy":"product_brand","embeddable":true,"href":"https:\/\/bellinzoni.net\/pt\/wp-json\/wp\/v2\/product_brand?post=1000468"},{"taxonomy":"product_cat","embeddable":true,"href":"https:\/\/bellinzoni.net\/pt\/wp-json\/wp\/v2\/product_cat?post=1000468"},{"taxonomy":"product_tag","embeddable":true,"href":"https:\/\/bellinzoni.net\/pt\/wp-json\/wp\/v2\/product_tag?post=1000468"}],"curies":[{"name":"wp","href":"https:\/\/api.w.org\/{rel}","templated":true}]}}