{"id":1000469,"date":"2026-01-28T20:36:08","date_gmt":"2026-01-28T20:36:08","guid":{"rendered":"https:\/\/bellinzoni.net\/pt\/?post_type=product&#038;p=1000469"},"modified":"2026-03-26T18:06:05","modified_gmt":"2026-03-26T18:06:05","slug":"cera-total-black","status":"publish","type":"product","link":"https:\/\/bellinzoni.net\/pt\/produto\/cera-total-black\/","title":{"rendered":"Cera Total Black"},"content":{"rendered":"<p class=\"no-margin\">C\u00f3digo do Produto: 250g &#8211; 232971<\/p>\n<hr \/>\n<h5 class=\"no-margin\">Superf\u00edcies de Aplica\u00e7\u00e3o<\/h5>\n<ul>\n<li>Bancadas<\/li>\n<li>Rodap\u00e9s<\/li>\n<li>Pisos<\/li>\n<li>Alisares<\/li>\n<\/ul>\n<hr \/>\n<h5 class=\"no-margin\">Instru\u00e7\u00f5es de Uso<\/h5>\n<hr \/>\n<p data-start=\"21\" data-end=\"49\"><strong data-start=\"21\" data-end=\"49\">Prepara\u00e7\u00e3o da superf\u00edcie<\/strong><\/p>\n<ul data-start=\"51\" data-end=\"174\">\n<li data-section-id=\"1ezwjyw\" data-start=\"51\" data-end=\"174\">\n<p data-start=\"53\" data-end=\"174\">A superf\u00edcie deve estar totalmente limpa, seca e livre de poeira, ceras ou outros res\u00edduos antes da aplica\u00e7\u00e3o do produto.<\/p>\n<\/li>\n<\/ul>\n<p data-start=\"176\" data-end=\"200\"><strong data-start=\"176\" data-end=\"200\">Aplica\u00e7\u00e3o do produto<\/strong><\/p>\n<ul data-start=\"202\" data-end=\"412\">\n<li data-section-id=\"u7rtq5\" data-start=\"202\" data-end=\"305\">\n<p data-start=\"204\" data-end=\"305\">Aplique o produto com aux\u00edlio de estopa ou pano, espalhando de maneira uniforme sobre a superf\u00edcie.<\/p>\n<\/li>\n<li data-section-id=\"1ueiezk\" data-start=\"306\" data-end=\"412\">\n<p data-start=\"308\" data-end=\"412\">Distribua o produto sempre no mesmo sentido, garantindo que toda a \u00e1rea seja coberta de forma homog\u00eanea.<\/p>\n<\/li>\n<\/ul>\n<p data-start=\"414\" data-end=\"436\"><strong data-start=\"414\" data-end=\"436\">Remo\u00e7\u00e3o de excesso<\/strong><\/p>\n<ul data-start=\"438\" data-end=\"525\">\n<li data-section-id=\"h3yxgq\" data-start=\"438\" data-end=\"525\">\n<p data-start=\"440\" data-end=\"525\">Caso haja excesso de produto, remova utilizando flanela, pano ou estopa limpa e seca.<\/p>\n<\/li>\n<\/ul>\n<p data-start=\"527\" data-end=\"541\"><strong data-start=\"527\" data-end=\"541\">Observa\u00e7\u00e3o<\/strong><\/p>\n<ul data-start=\"543\" data-end=\"709\">\n<li data-section-id=\"152pine\" data-start=\"543\" data-end=\"633\">\n<p data-start=\"545\" data-end=\"633\">Recomenda-se realizar um teste pr\u00e9vio em uma pequena \u00e1rea antes da aplica\u00e7\u00e3o completa.<\/p>\n<\/li>\n<li data-section-id=\"1uj87hi\" data-start=\"634\" data-end=\"709\">\n<p data-start=\"636\" data-end=\"709\">Ap\u00f3s a aplica\u00e7\u00e3o, o produto absorvido pela pedra n\u00e3o poder\u00e1 ser removido.<\/p>\n<p>&nbsp;<\/li>\n<\/ul>\n<hr \/>\n<h5 class=\"no-margin\">Rendimento<\/h5>\n<hr \/>\n<div class=\"flex flex-col text-sm pb-25\">\n<article class=\"text-token-text-primary w-full focus:outline-none [--shadow-height:45px] has-data-writing-block:pointer-events-none has-data-writing-block:-mt-(--shadow-height) has-data-writing-block:pt-(--shadow-height) [&amp;:has([data-writing-block])&gt;*]:pointer-events-auto scroll-mt-[calc(var(--header-height)+min(200px,max(70px,20svh)))]\" dir=\"auto\" tabindex=\"-1\" data-turn-id=\"request-69af194e-5dd0-832f-8a8b-6914d129e910-18\" data-testid=\"conversation-turn-44\" data-scroll-anchor=\"true\" data-turn=\"assistant\">\n<div class=\"text-base my-auto mx-auto pb-10 [--thread-content-margin:var(--thread-content-margin-xs,calc(var(--spacing)*4))] @w-sm\/main:[--thread-content-margin:var(--thread-content-margin-sm,calc(var(--spacing)*6))] @w-lg\/main:[--thread-content-margin:var(--thread-content-margin-lg,calc(var(--spacing)*16))] px-(--thread-content-margin)\">\n<div class=\"[--thread-content-max-width:40rem] @w-lg\/main:[--thread-content-max-width:48rem] mx-auto max-w-(--thread-content-max-width) flex-1 group\/turn-messages focus-visible:outline-hidden relative flex w-full min-w-0 flex-col agent-turn\" tabindex=\"-1\">\n<div class=\"flex max-w-full flex-col gap-4 grow\">\n<div class=\"min-h-8 text-message relative flex w-full flex-col items-end gap-2 text-start break-words whitespace-normal [.text-message+&amp;]:mt-1\" dir=\"auto\" data-message-author-role=\"assistant\" data-message-id=\"3d530f23-f13e-47d4-9000-9e9e5e0e20e3\" data-message-model-slug=\"gpt-5-3\">\n<div class=\"flex w-full flex-col gap-1 empty:hidden\">\n<div class=\"markdown prose dark:prose-invert w-full wrap-break-word light markdown-new-styling\">\n<ul data-start=\"727\" data-end=\"809\" data-is-last-node=\"\" data-is-only-node=\"\">\n<li data-section-id=\"gm5q5x\" data-start=\"727\" data-end=\"809\" data-is-last-node=\"\">\n<p data-start=\"729\" data-end=\"809\" data-is-last-node=\"\">O rendimento pode variar conforme o tipo de material e a absor\u00e7\u00e3o da superf\u00edcie.<\/p>\n<\/li>\n<\/ul>\n<\/div>\n<\/div>\n<\/div>\n<\/div>\n<\/div>\n<\/div>\n<\/article>\n<\/div>\n<hr \/>\n<h5 class=\"no-margin\">Downloads<\/h5>\n<hr \/>\n<ul>\n<li><strong><a href=\"http:\/\/bellinzoni.net\/fichas-2025\/cera_total_black.pdf\" target=\"_blank\" rel=\"noopener noreferrer\">Ficha T\u00e9cnica do Produto<\/a><\/strong><\/li>\n<li><strong><a href=\"http:\/\/bellinzoni.net\/Fispq2025\/CERA_TOTAL_BLACK.pdf\" target=\"_blank\" rel=\"noopener noreferrer\">Ficha de Seguran\u00e7a \u2013\u00a0FISPQ<\/a><\/strong><\/li>\n<\/ul>\n","protected":false},"excerpt":{"rendered":"<h5 class=\"no-margin\"><\/h5>\n<p>A cera super ativadora de cor Total Black \u00e9 um poderoso produto de cor preta com alta capacidade de penetra\u00e7\u00e3o na superf\u00edcie de m\u00e1rmores ou granito pretos ou escuros. Ativa intensamente a cor do material, eliminando o aspecto cinzento ou \u201crusso\u201d atrav\u00e9s de uma profunda penetra\u00e7\u00e3o de pigmenta\u00e7\u00e3o preta que age rapidamente apenas com a aplica\u00e7\u00e3o feita com uma estopa. Proporciona escurecimento de cristais componentes de alguns materiais, dando mais uniformidade \u00e0 sua cor natural. Protege contra \u00e1gua, \u00f3leo e gordura.<\/p>\n","protected":false},"featured_media":1002429,"template":"","meta":[],"product_brand":[],"product_cat":[74],"product_tag":[],"class_list":{"0":"post-1000469","1":"product","2":"type-product","3":"status-publish","4":"has-post-thumbnail","6":"product_cat-profissional","8":"first","9":"instock","10":"shipping-taxable","11":"product-type-simple"},"_links":{"self":[{"href":"https:\/\/bellinzoni.net\/pt\/wp-json\/wp\/v2\/product\/1000469","targetHints":{"allow":["GET"]}}],"collection":[{"href":"https:\/\/bellinzoni.net\/pt\/wp-json\/wp\/v2\/product"}],"about":[{"href":"https:\/\/bellinzoni.net\/pt\/wp-json\/wp\/v2\/types\/product"}],"version-history":[{"count":4,"href":"https:\/\/bellinzoni.net\/pt\/wp-json\/wp\/v2\/product\/1000469\/revisions"}],"predecessor-version":[{"id":1001982,"href":"https:\/\/bellinzoni.net\/pt\/wp-json\/wp\/v2\/product\/1000469\/revisions\/1001982"}],"wp:featuredmedia":[{"embeddable":true,"href":"https:\/\/bellinzoni.net\/pt\/wp-json\/wp\/v2\/media\/1002429"}],"wp:attachment":[{"href":"https:\/\/bellinzoni.net\/pt\/wp-json\/wp\/v2\/media?parent=1000469"}],"wp:term":[{"taxonomy":"product_brand","embeddable":true,"href":"https:\/\/bellinzoni.net\/pt\/wp-json\/wp\/v2\/product_brand?post=1000469"},{"taxonomy":"product_cat","embeddable":true,"href":"https:\/\/bellinzoni.net\/pt\/wp-json\/wp\/v2\/product_cat?post=1000469"},{"taxonomy":"product_tag","embeddable":true,"href":"https:\/\/bellinzoni.net\/pt\/wp-json\/wp\/v2\/product_tag?post=1000469"}],"curies":[{"name":"wp","href":"https:\/\/api.w.org\/{rel}","templated":true}]}}