{"id":1000470,"date":"2026-01-28T20:36:08","date_gmt":"2026-01-28T20:36:08","guid":{"rendered":"https:\/\/bellinzoni.net\/pt\/?post_type=product&#038;p=1000470"},"modified":"2026-03-18T16:18:55","modified_gmt":"2026-03-18T16:18:55","slug":"cola-thanos-extra-clean","status":"publish","type":"product","link":"https:\/\/bellinzoni.net\/pt\/produto\/cola-thanos-extra-clean\/","title":{"rendered":"Cola Thanos Extra Clean"},"content":{"rendered":"<p data-start=\"240\" data-end=\"292\"><strong data-start=\"240\" data-end=\"253\">Descri\u00e7\u00e3o<\/strong><br data-start=\"253\" data-end=\"256\" \/>C\u00f3digo do Produto: 1 Litro \u2013 P240451<\/p>\n<hr data-start=\"294\" data-end=\"297\" \/>\n<p data-start=\"299\" data-end=\"384\"><strong data-start=\"299\" data-end=\"327\">Superf\u00edcies de Aplica\u00e7\u00e3o<\/strong><br data-start=\"327\" data-end=\"330\" \/>M\u00e1rmore<br data-start=\"337\" data-end=\"340\" \/>Granito<br data-start=\"347\" data-end=\"350\" \/>Quartzo<br data-start=\"357\" data-end=\"360\" \/>Sint\u00e9ticos<br data-start=\"370\" data-end=\"373\" \/>Cer\u00e2micas<\/p>\n<hr data-start=\"386\" data-end=\"389\" \/>\n<p data-start=\"391\" data-end=\"412\"><strong data-start=\"391\" data-end=\"412\">Instru\u00e7\u00f5es de Uso<\/strong><\/p>\n<p data-start=\"414\" data-end=\"442\"><strong data-start=\"414\" data-end=\"442\">Prepara\u00e7\u00e3o da superf\u00edcie<\/strong><\/p>\n<p data-start=\"444\" data-end=\"516\">Certifique-se de que a superf\u00edcie esteja limpa, seca e livre de poeiras.<\/p>\n<hr data-start=\"518\" data-end=\"521\" \/>\n<p data-start=\"523\" data-end=\"548\"><strong data-start=\"523\" data-end=\"548\">Prepara\u00e7\u00e3o do produto<\/strong><\/p>\n<p data-start=\"550\" data-end=\"655\">Retire a quantidade necess\u00e1ria de cola e adicione o catalisador em pasta na propor\u00e7\u00e3o de 1% a 2% em peso.<\/p>\n<p data-start=\"657\" data-end=\"704\">Misture bem at\u00e9 obter uma composi\u00e7\u00e3o homog\u00eanea.<\/p>\n<p data-start=\"706\" data-end=\"764\">N\u00e3o devolver o produto j\u00e1 catalisado \u00e0 embalagem original.<\/p>\n<hr data-start=\"766\" data-end=\"769\" \/>\n<p data-start=\"771\" data-end=\"790\"><strong data-start=\"771\" data-end=\"790\">Corre\u00e7\u00e3o de cor<\/strong><\/p>\n<p data-start=\"792\" data-end=\"870\">Se necess\u00e1rio, ajuste a cor utilizando pasta de colora\u00e7\u00e3o ou \u00f3xidos met\u00e1licos.<\/p>\n<p data-start=\"872\" data-end=\"930\">A colora\u00e7\u00e3o deve ser feita antes da adi\u00e7\u00e3o do catalisador.<\/p>\n<p data-start=\"932\" data-end=\"1003\">Evite excesso de cor, pois pode interferir nas propriedades do produto.<\/p>\n<hr data-start=\"1005\" data-end=\"1008\" \/>\n<p data-start=\"1010\" data-end=\"1023\"><strong data-start=\"1010\" data-end=\"1023\">Aplica\u00e7\u00e3o<\/strong><\/p>\n<p data-start=\"1025\" data-end=\"1090\">Ap\u00f3s a mistura, utilize o produto imediatamente na \u00e1rea desejada.<\/p>\n<hr data-start=\"1092\" data-end=\"1095\" \/>\n<p data-start=\"1097\" data-end=\"1114\"><strong data-start=\"1097\" data-end=\"1114\">Armazenamento<\/strong><\/p>\n<p data-start=\"1116\" data-end=\"1158\">Manter a embalagem bem fechada ap\u00f3s o uso.<\/p>\n<p data-start=\"1160\" data-end=\"1219\" data-is-last-node=\"\" data-is-only-node=\"\">Armazenar em local protegido do sol, na embalagem original.<\/p>\n<hr \/>\n<h5 class=\"no-margin\">Downloads<\/h5>\n<hr \/>\n<ul>\n<li><strong><a href=\"http:\/\/bellinzoni.net\/fichas-2025\/THANOS_EXTRA_CLEAN.pdf\" target=\"_blank\" rel=\"noopener noreferrer\">Ficha T\u00e9cnica do Produto<\/a><\/strong><\/li>\n<li><strong><a href=\"#\" target=\"_blank\" rel=\"noopener noreferrer\">Ficha de Seguran\u00e7a \u2013\u00a0FISPQ<\/a><\/strong><\/li>\n<\/ul>\n","protected":false},"excerpt":{"rendered":"<h5 class=\"no-margin\"><\/h5>\n<p>Cola Vinili\u00e9ster desenvolvida para colar m\u00e1rmore, granito, quartzo, cer\u00e2mica e materiais sint\u00e9ticos. Cor particularmente neutra e transparente. \u00c9 r\u00e1pido, extremamente macio e com boa trabalhabilidade. \u00c9 muito f\u00e1cil de mexer e espalhar. Mant\u00e9m uma consist\u00eancia espessa, mesmo depois de adicionar o endurecedor. O mastic tem uma excelente ader\u00eancia em pouco tempo (25-35 min.) o que permite que a pedra seja manuseada em um tempo muito r\u00e1pido em baixas temperaturas tamb\u00e9m. Recomendado para uso interno. Ap\u00f3s a cura, a cola apresenta uma superf\u00edcie plana, com alto brilho. Excelente para acabamentos. Para obter a cor mais neutra ap\u00f3s a cura, \u00e9 aconselh\u00e1vel n\u00e3o usar uma quantidade de per\u00f3xido na pasta superior a 1%. A cola cont\u00e9m absorvedores de UV.<\/p>\n","protected":false},"featured_media":1001834,"template":"","meta":[],"product_brand":[],"product_cat":[74],"product_tag":[],"class_list":{"0":"post-1000470","1":"product","2":"type-product","3":"status-publish","4":"has-post-thumbnail","6":"product_cat-profissional","8":"first","9":"instock","10":"shipping-taxable","11":"product-type-simple"},"_links":{"self":[{"href":"https:\/\/bellinzoni.net\/pt\/wp-json\/wp\/v2\/product\/1000470","targetHints":{"allow":["GET"]}}],"collection":[{"href":"https:\/\/bellinzoni.net\/pt\/wp-json\/wp\/v2\/product"}],"about":[{"href":"https:\/\/bellinzoni.net\/pt\/wp-json\/wp\/v2\/types\/product"}],"version-history":[{"count":3,"href":"https:\/\/bellinzoni.net\/pt\/wp-json\/wp\/v2\/product\/1000470\/revisions"}],"predecessor-version":[{"id":1002202,"href":"https:\/\/bellinzoni.net\/pt\/wp-json\/wp\/v2\/product\/1000470\/revisions\/1002202"}],"wp:featuredmedia":[{"embeddable":true,"href":"https:\/\/bellinzoni.net\/pt\/wp-json\/wp\/v2\/media\/1001834"}],"wp:attachment":[{"href":"https:\/\/bellinzoni.net\/pt\/wp-json\/wp\/v2\/media?parent=1000470"}],"wp:term":[{"taxonomy":"product_brand","embeddable":true,"href":"https:\/\/bellinzoni.net\/pt\/wp-json\/wp\/v2\/product_brand?post=1000470"},{"taxonomy":"product_cat","embeddable":true,"href":"https:\/\/bellinzoni.net\/pt\/wp-json\/wp\/v2\/product_cat?post=1000470"},{"taxonomy":"product_tag","embeddable":true,"href":"https:\/\/bellinzoni.net\/pt\/wp-json\/wp\/v2\/product_tag?post=1000470"}],"curies":[{"name":"wp","href":"https:\/\/api.w.org\/{rel}","templated":true}]}}