{"id":1000471,"date":"2026-01-28T20:36:08","date_gmt":"2026-01-28T20:36:08","guid":{"rendered":"https:\/\/bellinzoni.net\/pt\/?post_type=product&#038;p=1000471"},"modified":"2026-03-18T18:13:53","modified_gmt":"2026-03-18T18:13:53","slug":"speed-glow","status":"publish","type":"product","link":"https:\/\/bellinzoni.net\/pt\/produto\/speed-glow\/","title":{"rendered":"Speed Glow"},"content":{"rendered":"<div class=\"flex flex-col text-sm pb-25\">\n<section class=\"text-token-text-primary w-full focus:outline-none [--shadow-height:45px] has-data-writing-block:pointer-events-none has-data-writing-block:-mt-(--shadow-height) has-data-writing-block:pt-(--shadow-height) [&amp;:has([data-writing-block])&gt;*]:pointer-events-auto scroll-mt-[calc(var(--header-height)+min(200px,max(70px,20svh)))]\" dir=\"auto\" data-turn-id=\"request-69b7f979-be64-8329-a0b1-b177f97d4070-26\" data-testid=\"conversation-turn-266\" data-scroll-anchor=\"true\" data-turn=\"assistant\">\n<div class=\"text-base my-auto mx-auto pb-10 [--thread-content-margin:var(--thread-content-margin-xs,calc(var(--spacing)*4))] @w-sm\/main:[--thread-content-margin:var(--thread-content-margin-sm,calc(var(--spacing)*6))] @w-lg\/main:[--thread-content-margin:var(--thread-content-margin-lg,calc(var(--spacing)*16))] px-(--thread-content-margin)\">\n<div class=\"[--thread-content-max-width:40rem] @w-lg\/main:[--thread-content-max-width:48rem] mx-auto max-w-(--thread-content-max-width) flex-1 group\/turn-messages focus-visible:outline-hidden relative flex w-full min-w-0 flex-col agent-turn\">\n<div class=\"flex max-w-full flex-col gap-4 grow\">\n<div class=\"min-h-8 text-message relative flex w-full flex-col items-end gap-2 text-start break-words whitespace-normal outline-none keyboard-focused:focus-ring [.text-message+&amp;]:mt-1\" dir=\"auto\" tabindex=\"0\" data-message-author-role=\"assistant\" data-message-id=\"eb5191ed-1c4c-4e2a-825e-ddd1bff29fbc\" data-message-model-slug=\"gpt-5-3\" data-turn-start-message=\"true\">\n<div class=\"flex w-full flex-col gap-1 empty:hidden\">\n<div class=\"markdown prose dark:prose-invert w-full wrap-break-word dark markdown-new-styling\">\n<p data-start=\"248\" data-end=\"312\"><strong data-start=\"248\" data-end=\"261\">Descri\u00e7\u00e3o<\/strong><br data-start=\"261\" data-end=\"264\" \/>C\u00f3digo do Produto: 1 L \u2013 P237795 | 5 L \u2013 P237531<\/p>\n<hr data-start=\"314\" data-end=\"317\" \/>\n<p data-start=\"319\" data-end=\"407\"><strong data-start=\"319\" data-end=\"347\">Superf\u00edcies de Aplica\u00e7\u00e3o<\/strong><br data-start=\"347\" data-end=\"350\" \/>M\u00e1rmore<br data-start=\"357\" data-end=\"360\" \/>Granito<br data-start=\"367\" data-end=\"370\" \/>Ard\u00f3sia<br data-start=\"377\" data-end=\"380\" \/>Paviflex<br data-start=\"388\" data-end=\"391\" \/>Manta Vin\u00edlica<\/p>\n<hr data-start=\"409\" data-end=\"412\" \/>\n<p data-start=\"414\" data-end=\"435\"><strong data-start=\"414\" data-end=\"435\">Instru\u00e7\u00f5es de Uso<\/strong><\/p>\n<p data-start=\"437\" data-end=\"465\"><strong data-start=\"437\" data-end=\"465\">Prepara\u00e7\u00e3o da superf\u00edcie<\/strong><\/p>\n<p data-start=\"467\" data-end=\"559\">O piso deve estar totalmente limpo, seco e livre de ceras antigas, acabamentos ou sujidades.<\/p>\n<p data-start=\"561\" data-end=\"684\">Caso haja res\u00edduos anteriores, realizar a remo\u00e7\u00e3o com Removedor de Cera Premium Bellinzoni, conforme instru\u00e7\u00f5es do produto.<\/p>\n<hr data-start=\"686\" data-end=\"689\" \/>\n<p data-start=\"691\" data-end=\"709\"><strong data-start=\"691\" data-end=\"709\">Pr\u00e9-tratamento<\/strong><\/p>\n<p data-start=\"711\" data-end=\"832\">Para melhor ader\u00eancia e durabilidade, recomenda-se aplicar 2 camadas do Selador Sigil Fix Bellinzoni antes do acabamento.<\/p>\n<hr data-start=\"834\" data-end=\"837\" \/>\n<p data-start=\"839\" data-end=\"863\"><strong data-start=\"839\" data-end=\"863\">Aplica\u00e7\u00e3o do produto<\/strong><\/p>\n<p data-start=\"865\" data-end=\"918\">Aplicar o produto puro, em camadas finas e uniformes.<\/p>\n<p data-start=\"920\" data-end=\"1034\">Respeitar intervalo de 30 a 45 minutos entre as camadas, garantindo a secagem completa antes da pr\u00f3xima aplica\u00e7\u00e3o.<\/p>\n<p data-start=\"1036\" data-end=\"1126\">Recomenda-se aplicar de 2 a 4 camadas, conforme o n\u00edvel de tr\u00e1fego e a porosidade do piso.<\/p>\n<hr data-start=\"1128\" data-end=\"1131\" \/>\n<p data-start=\"1133\" data-end=\"1163\"><strong data-start=\"1133\" data-end=\"1163\">Acabamento High Speed (HS)<\/strong><\/p>\n<p data-start=\"1165\" data-end=\"1228\">Ap\u00f3s a aplica\u00e7\u00e3o da \u00faltima camada, aguardar no m\u00ednimo 24 horas.<\/p>\n<p data-start=\"1230\" data-end=\"1367\" data-is-last-node=\"\" data-is-only-node=\"\">Realizar o polimento com m\u00e1quina de alta rota\u00e7\u00e3o (at\u00e9 2000 rpm), utilizando disco branco ou compat\u00edvel, para obten\u00e7\u00e3o do brilho desejado.<\/p>\n<p data-start=\"1230\" data-end=\"1367\" data-is-last-node=\"\" data-is-only-node=\"\"><span style=\"color: #111111; font-family: 'Instrument Sans', Arial, sans-serif, sans-serif; font-size: 18px; font-weight: 600;\">Downloads<\/span><\/p>\n<\/div>\n<\/div>\n<\/div>\n<\/div>\n<\/div>\n<\/div>\n<\/section>\n<\/div>\n<hr \/>\n<ul>\n<li><strong>Ficha T\u00e9cnica do Produto<\/strong><\/li>\n<li><strong><a href=\"http:\/\/bellinzoni.net\/Fispq2025\/SPEED_GLOW.pdf\" target=\"_blank\" rel=\"noopener noreferrer\">Ficha de Seguran\u00e7a \u2013\u00a0FISPQ<\/a><\/strong><\/li>\n<\/ul>\n","protected":false},"excerpt":{"rendered":"<h5 class=\"no-margin\"><\/h5>\n<p>Acabamento acr\u00edlico antiderrapante com alta dureza, resist\u00eancia a riscos e \u00f3timo nivelamento. Proporciona brilho natural e real\u00e7a a cor do material. Sua f\u00f3rmula inovadora utiliza tecnologia avan\u00e7ada em pol\u00edmeros, indicada para \u00e1reas de m\u00e9dio tr\u00e1fego como: Escolas, Supermercados, Shopping centers, Cl\u00ednicas, Hospitais, Escrit\u00f3rios<\/p>\n","protected":false},"featured_media":1001676,"template":"","meta":[],"product_brand":[],"product_cat":[68],"product_tag":[],"class_list":{"0":"post-1000471","1":"product","2":"type-product","3":"status-publish","4":"has-post-thumbnail","6":"product_cat-corporate","8":"first","9":"instock","10":"shipping-taxable","11":"product-type-simple"},"_links":{"self":[{"href":"https:\/\/bellinzoni.net\/pt\/wp-json\/wp\/v2\/product\/1000471","targetHints":{"allow":["GET"]}}],"collection":[{"href":"https:\/\/bellinzoni.net\/pt\/wp-json\/wp\/v2\/product"}],"about":[{"href":"https:\/\/bellinzoni.net\/pt\/wp-json\/wp\/v2\/types\/product"}],"version-history":[{"count":3,"href":"https:\/\/bellinzoni.net\/pt\/wp-json\/wp\/v2\/product\/1000471\/revisions"}],"predecessor-version":[{"id":1002213,"href":"https:\/\/bellinzoni.net\/pt\/wp-json\/wp\/v2\/product\/1000471\/revisions\/1002213"}],"wp:featuredmedia":[{"embeddable":true,"href":"https:\/\/bellinzoni.net\/pt\/wp-json\/wp\/v2\/media\/1001676"}],"wp:attachment":[{"href":"https:\/\/bellinzoni.net\/pt\/wp-json\/wp\/v2\/media?parent=1000471"}],"wp:term":[{"taxonomy":"product_brand","embeddable":true,"href":"https:\/\/bellinzoni.net\/pt\/wp-json\/wp\/v2\/product_brand?post=1000471"},{"taxonomy":"product_cat","embeddable":true,"href":"https:\/\/bellinzoni.net\/pt\/wp-json\/wp\/v2\/product_cat?post=1000471"},{"taxonomy":"product_tag","embeddable":true,"href":"https:\/\/bellinzoni.net\/pt\/wp-json\/wp\/v2\/product_tag?post=1000471"}],"curies":[{"name":"wp","href":"https:\/\/api.w.org\/{rel}","templated":true}]}}