{"id":1000484,"date":"2026-01-28T20:36:32","date_gmt":"2026-01-28T20:36:32","guid":{"rendered":"https:\/\/bellinzoni.net\/pt\/?post_type=product&#038;p=1000484"},"modified":"2026-03-18T18:11:49","modified_gmt":"2026-03-18T18:11:49","slug":"acrilic-easy-shine","status":"publish","type":"product","link":"https:\/\/bellinzoni.net\/pt\/produto\/acrilic-easy-shine\/","title":{"rendered":"Acrilic Easy Shine"},"content":{"rendered":"<div class=\"flex flex-col text-sm pb-25\">\n<section class=\"text-token-text-primary w-full focus:outline-none [--shadow-height:45px] has-data-writing-block:pointer-events-none has-data-writing-block:-mt-(--shadow-height) has-data-writing-block:pt-(--shadow-height) [&amp;:has([data-writing-block])&gt;*]:pointer-events-auto scroll-mt-[calc(var(--header-height)+min(200px,max(70px,20svh)))]\" dir=\"auto\" data-turn-id=\"request-69b7f979-be64-8329-a0b1-b177f97d4070-25\" data-testid=\"conversation-turn-264\" data-scroll-anchor=\"true\" data-turn=\"assistant\">\n<div class=\"text-base my-auto mx-auto pb-10 [--thread-content-margin:var(--thread-content-margin-xs,calc(var(--spacing)*4))] @w-sm\/main:[--thread-content-margin:var(--thread-content-margin-sm,calc(var(--spacing)*6))] @w-lg\/main:[--thread-content-margin:var(--thread-content-margin-lg,calc(var(--spacing)*16))] px-(--thread-content-margin)\">\n<div class=\"[--thread-content-max-width:40rem] @w-lg\/main:[--thread-content-max-width:48rem] mx-auto max-w-(--thread-content-max-width) flex-1 group\/turn-messages focus-visible:outline-hidden relative flex w-full min-w-0 flex-col agent-turn\">\n<div class=\"flex max-w-full flex-col gap-4 grow\">\n<div class=\"min-h-8 text-message relative flex w-full flex-col items-end gap-2 text-start break-words whitespace-normal outline-none keyboard-focused:focus-ring [.text-message+&amp;]:mt-1\" dir=\"auto\" tabindex=\"0\" data-message-author-role=\"assistant\" data-message-id=\"29095e8c-0159-4a64-928d-91a2f094acf8\" data-message-model-slug=\"gpt-5-3\" data-turn-start-message=\"true\">\n<div class=\"flex w-full flex-col gap-1 empty:hidden\">\n<div class=\"markdown prose dark:prose-invert w-full wrap-break-word dark markdown-new-styling\">\n<p data-start=\"213\" data-end=\"277\"><strong data-start=\"213\" data-end=\"226\">Descri\u00e7\u00e3o<\/strong><br data-start=\"226\" data-end=\"229\" \/>C\u00f3digo do Produto: 1 L \u2013 P237760 | 5 L \u2013 P237523<\/p>\n<hr data-start=\"279\" data-end=\"282\" \/>\n<p data-start=\"284\" data-end=\"372\"><strong data-start=\"284\" data-end=\"312\">Superf\u00edcies de Aplica\u00e7\u00e3o<\/strong><br data-start=\"312\" data-end=\"315\" \/>M\u00e1rmore<br data-start=\"322\" data-end=\"325\" \/>Granito<br data-start=\"332\" data-end=\"335\" \/>Ard\u00f3sia<br data-start=\"342\" data-end=\"345\" \/>Paviflex<br data-start=\"353\" data-end=\"356\" \/>Manta Vin\u00edlica<\/p>\n<hr data-start=\"374\" data-end=\"377\" \/>\n<p data-start=\"379\" data-end=\"400\"><strong data-start=\"379\" data-end=\"400\">Instru\u00e7\u00f5es de Uso<\/strong><\/p>\n<p data-start=\"402\" data-end=\"430\"><strong data-start=\"402\" data-end=\"430\">Prepara\u00e7\u00e3o da superf\u00edcie<\/strong><\/p>\n<p data-start=\"432\" data-end=\"524\">O piso deve estar totalmente limpo, seco e livre de ceras antigas, acabamentos ou sujidades.<\/p>\n<p data-start=\"526\" data-end=\"620\">Caso existam res\u00edduos anteriores, realizar a remo\u00e7\u00e3o com Removedor de Cera Premium Bellinzoni.<\/p>\n<hr data-start=\"622\" data-end=\"625\" \/>\n<p data-start=\"627\" data-end=\"645\"><strong data-start=\"627\" data-end=\"645\">Pr\u00e9-tratamento<\/strong><\/p>\n<p data-start=\"647\" data-end=\"776\">Para melhor ancoragem, brilho e durabilidade, recomenda-se aplicar 2 camadas do selador SIGIL FIX Bellinzoni antes do acabamento.<\/p>\n<hr data-start=\"778\" data-end=\"781\" \/>\n<p data-start=\"783\" data-end=\"807\"><strong data-start=\"783\" data-end=\"807\">Aplica\u00e7\u00e3o do produto<\/strong><\/p>\n<p data-start=\"809\" data-end=\"862\">Aplicar o produto puro, em camadas finas e uniformes.<\/p>\n<p data-start=\"864\" data-end=\"978\">Respeitar intervalo de 30 a 45 minutos entre as camadas, garantindo a secagem completa antes da pr\u00f3xima aplica\u00e7\u00e3o.<\/p>\n<p data-start=\"980\" data-end=\"1060\">Ap\u00f3s a \u00faltima camada, aguardar no m\u00ednimo 24 horas antes de iniciar a manuten\u00e7\u00e3o.<\/p>\n<hr data-start=\"1062\" data-end=\"1065\" \/>\n<p data-start=\"1067\" data-end=\"1097\"><strong data-start=\"1067\" data-end=\"1097\">Acabamento High Speed (HS)<\/strong><\/p>\n<p data-start=\"1099\" data-end=\"1223\">Para potencializar o brilho, realizar polimento com m\u00e1quina de alta rota\u00e7\u00e3o (aprox. 2000 rpm) utilizando discos compat\u00edveis.<\/p>\n<hr data-start=\"1225\" data-end=\"1228\" \/>\n<p data-start=\"1230\" data-end=\"1244\"><strong data-start=\"1230\" data-end=\"1244\">Manuten\u00e7\u00e3o<\/strong><\/p>\n<p data-start=\"1246\" data-end=\"1298\">Realizar a limpeza com detergente neutro Bellinzoni.<\/p>\n<p data-start=\"1300\" data-end=\"1393\">Para reaplica\u00e7\u00f5es, n\u00e3o \u00e9 necess\u00e1rio remover a camada anterior, desde que o piso esteja limpo.<\/p>\n<hr data-start=\"1395\" data-end=\"1398\" \/>\n<p data-start=\"1400\" data-end=\"1414\"><strong data-start=\"1400\" data-end=\"1414\">Rendimento<\/strong><\/p>\n<p data-start=\"1416\" data-end=\"1490\" data-is-last-node=\"\" data-is-only-node=\"\">De 50 a 70 m\u00b2 por litro, podendo variar conforme a porosidade do material.<\/p>\n<\/div>\n<\/div>\n<\/div>\n<\/div>\n<\/div>\n<\/div>\n<\/section>\n<\/div>\n<h5 class=\"no-margin\">Downloads<\/h5>\n<hr \/>\n<ul>\n<li><strong>Ficha T\u00e9cnica do Produto<\/strong><\/li>\n<li><strong><a href=\"http:\/\/bellinzoni.net\/Fispq2025\/EASY_SHINE.pdf\" target=\"_blank\" rel=\"noopener noreferrer\">Ficha de Seguran\u00e7a \u2013\u00a0FISPQ<\/a><\/strong><\/li>\n<\/ul>\n<hr \/>\n<p>&nbsp;<\/p>\n","protected":false},"excerpt":{"rendered":"<h5 class=\"no-margin\"><\/h5>\n<p data-start=\"453\" data-end=\"629\">Acabamento acr\u00edlico antiderrapante que protege a superf\u00edcie contra riscos e arranh\u00f5es e oferece \u00f3timo nivelamento. Refor\u00e7a a cor do material e proporciona brilho duradouro.Sua f\u00f3rmula possui tecnologia avan\u00e7ada em pol\u00edmeros e resinas acr\u00edlicas, com ceras de carna\u00faba para aumentar o brilho. ACRILIC EASY SHINE \u00e9 indicado para \u00e1reas de baixo e m\u00e9dio tr\u00e1fego, como: Escolas, Cl\u00ednicas, Escrit\u00f3rios, Empresas, Hot\u00e9is, \u00c1reas corporativas. Proporciona efeito brilhante molhado (wet look).<\/p>\n","protected":false},"featured_media":1001675,"template":"","meta":[],"product_brand":[],"product_cat":[68],"product_tag":[],"class_list":{"0":"post-1000484","1":"product","2":"type-product","3":"status-publish","4":"has-post-thumbnail","6":"product_cat-corporate","8":"first","9":"instock","10":"shipping-taxable","11":"product-type-simple"},"_links":{"self":[{"href":"https:\/\/bellinzoni.net\/pt\/wp-json\/wp\/v2\/product\/1000484","targetHints":{"allow":["GET"]}}],"collection":[{"href":"https:\/\/bellinzoni.net\/pt\/wp-json\/wp\/v2\/product"}],"about":[{"href":"https:\/\/bellinzoni.net\/pt\/wp-json\/wp\/v2\/types\/product"}],"version-history":[{"count":3,"href":"https:\/\/bellinzoni.net\/pt\/wp-json\/wp\/v2\/product\/1000484\/revisions"}],"predecessor-version":[{"id":1002211,"href":"https:\/\/bellinzoni.net\/pt\/wp-json\/wp\/v2\/product\/1000484\/revisions\/1002211"}],"wp:featuredmedia":[{"embeddable":true,"href":"https:\/\/bellinzoni.net\/pt\/wp-json\/wp\/v2\/media\/1001675"}],"wp:attachment":[{"href":"https:\/\/bellinzoni.net\/pt\/wp-json\/wp\/v2\/media?parent=1000484"}],"wp:term":[{"taxonomy":"product_brand","embeddable":true,"href":"https:\/\/bellinzoni.net\/pt\/wp-json\/wp\/v2\/product_brand?post=1000484"},{"taxonomy":"product_cat","embeddable":true,"href":"https:\/\/bellinzoni.net\/pt\/wp-json\/wp\/v2\/product_cat?post=1000484"},{"taxonomy":"product_tag","embeddable":true,"href":"https:\/\/bellinzoni.net\/pt\/wp-json\/wp\/v2\/product_tag?post=1000484"}],"curies":[{"name":"wp","href":"https:\/\/api.w.org\/{rel}","templated":true}]}}