{"id":1000485,"date":"2026-01-28T20:36:32","date_gmt":"2026-01-28T20:36:32","guid":{"rendered":"https:\/\/bellinzoni.net\/pt\/?post_type=product&#038;p=1000485"},"modified":"2026-03-18T18:08:58","modified_gmt":"2026-03-18T18:08:58","slug":"glow-pro","status":"publish","type":"product","link":"https:\/\/bellinzoni.net\/pt\/produto\/glow-pro\/","title":{"rendered":"Glow Pro"},"content":{"rendered":"<p data-start=\"235\" data-end=\"308\"><strong data-start=\"235\" data-end=\"248\">Descri\u00e7\u00e3o<\/strong><br data-start=\"248\" data-end=\"251\" \/>C\u00f3digo do Produto: 1 Litro \u2013 P237809 | 5 Litros \u2013 P237558<\/p>\n<hr data-start=\"310\" data-end=\"313\" \/>\n<p data-start=\"315\" data-end=\"408\"><strong data-start=\"315\" data-end=\"343\">Superf\u00edcies de Aplica\u00e7\u00e3o<\/strong><br data-start=\"343\" data-end=\"346\" \/>M\u00e1rmore<br data-start=\"353\" data-end=\"356\" \/>Granito<br data-start=\"363\" data-end=\"366\" \/>Pisos de baixo tr\u00e1fego<br data-start=\"388\" data-end=\"391\" \/>Pedras em Geral<\/p>\n<hr data-start=\"410\" data-end=\"413\" \/>\n<p data-start=\"415\" data-end=\"436\"><strong data-start=\"415\" data-end=\"436\">Instru\u00e7\u00f5es de Uso<\/strong><\/p>\n<p data-start=\"438\" data-end=\"466\"><strong data-start=\"438\" data-end=\"466\">Prepara\u00e7\u00e3o da superf\u00edcie<\/strong><\/p>\n<p data-start=\"468\" data-end=\"560\">O piso deve estar totalmente limpo, seco e livre de ceras antigas, acabamentos ou sujidades.<\/p>\n<p data-start=\"562\" data-end=\"661\">Caso haja camadas anteriores, realizar a remo\u00e7\u00e3o utilizando o Removedor de Cera Premium Bellinzoni.<\/p>\n<hr data-start=\"663\" data-end=\"666\" \/>\n<p data-start=\"668\" data-end=\"686\"><strong data-start=\"668\" data-end=\"686\">Pr\u00e9-tratamento<\/strong><\/p>\n<p data-start=\"688\" data-end=\"816\">Para melhor brilho, prote\u00e7\u00e3o e durabilidade, recomenda-se aplicar 2 camadas do selador SIGIL FIX Bellinzoni antes do acabamento.<\/p>\n<hr data-start=\"818\" data-end=\"821\" \/>\n<p data-start=\"823\" data-end=\"847\"><strong data-start=\"823\" data-end=\"847\">Aplica\u00e7\u00e3o do produto<\/strong><\/p>\n<p data-start=\"849\" data-end=\"920\">Aplicar o produto puro com mop aplicador, em camadas finas e uniformes.<\/p>\n<p data-start=\"922\" data-end=\"1027\">Respeitar intervalo de 30 a 45 minutos entre as camadas, garantindo a secagem antes da pr\u00f3xima aplica\u00e7\u00e3o.<\/p>\n<p data-start=\"1029\" data-end=\"1076\">Aplicar de 2 a 4 camadas, conforme necessidade.<\/p>\n<p data-start=\"1078\" data-end=\"1149\">Ap\u00f3s a \u00faltima camada, manter o ambiente arejado at\u00e9 a secagem completa.<\/p>\n<hr data-start=\"1151\" data-end=\"1154\" \/>\n<p data-start=\"1156\" data-end=\"1185\"><strong data-start=\"1156\" data-end=\"1185\">Acabamento Low Speed (LS)<\/strong><\/p>\n<p data-start=\"1187\" data-end=\"1320\">Ap\u00f3s a secagem final (30 a 45 minutos), realizar o polimento com m\u00e1quina de baixa rota\u00e7\u00e3o (aprox. 175 RPM) utilizando disco adequado.<\/p>\n<p data-start=\"1322\" data-end=\"1396\">Esse processo aumenta o brilho, a prote\u00e7\u00e3o e a durabilidade do acabamento.<\/p>\n<hr data-start=\"1398\" data-end=\"1401\" \/>\n<p data-start=\"1403\" data-end=\"1417\"><strong data-start=\"1403\" data-end=\"1417\">Manuten\u00e7\u00e3o<\/strong><\/p>\n<p data-start=\"1419\" data-end=\"1555\">Recomenda-se manuten\u00e7\u00e3o peri\u00f3dica com Lava L\u00facida Max Bellinzoni, auxiliando na conserva\u00e7\u00e3o do brilho e renova\u00e7\u00e3o gradual do acabamento.<\/p>\n<p data-start=\"1557\" data-end=\"1623\" data-is-last-node=\"\" data-is-only-node=\"\">Novas aplica\u00e7\u00f5es podem ser realizadas conforme o desgaste do piso.<\/p>\n","protected":false},"excerpt":{"rendered":"<h5 class=\"no-margin\"><\/h5>\n<p data-start=\"442\" data-end=\"676\">Acabamento com alto poder de lustro e brilho, desenvolvido especialmente para superf\u00edcies de m\u00e1rmore e granito. Formulado com agentes de polimento de alta tecnologia e ceras de carna\u00faba, promove brilho exuberante e renovado no piso. Indicado para \u00e1reas de baixo tr\u00e1fego.<\/p>\n","protected":false},"featured_media":1001674,"template":"","meta":[],"product_brand":[],"product_cat":[68],"product_tag":[],"class_list":{"0":"post-1000485","1":"product","2":"type-product","3":"status-publish","4":"has-post-thumbnail","6":"product_cat-corporate","8":"first","9":"instock","10":"shipping-taxable","11":"product-type-simple"},"_links":{"self":[{"href":"https:\/\/bellinzoni.net\/pt\/wp-json\/wp\/v2\/product\/1000485","targetHints":{"allow":["GET"]}}],"collection":[{"href":"https:\/\/bellinzoni.net\/pt\/wp-json\/wp\/v2\/product"}],"about":[{"href":"https:\/\/bellinzoni.net\/pt\/wp-json\/wp\/v2\/types\/product"}],"version-history":[{"count":3,"href":"https:\/\/bellinzoni.net\/pt\/wp-json\/wp\/v2\/product\/1000485\/revisions"}],"predecessor-version":[{"id":1002209,"href":"https:\/\/bellinzoni.net\/pt\/wp-json\/wp\/v2\/product\/1000485\/revisions\/1002209"}],"wp:featuredmedia":[{"embeddable":true,"href":"https:\/\/bellinzoni.net\/pt\/wp-json\/wp\/v2\/media\/1001674"}],"wp:attachment":[{"href":"https:\/\/bellinzoni.net\/pt\/wp-json\/wp\/v2\/media?parent=1000485"}],"wp:term":[{"taxonomy":"product_brand","embeddable":true,"href":"https:\/\/bellinzoni.net\/pt\/wp-json\/wp\/v2\/product_brand?post=1000485"},{"taxonomy":"product_cat","embeddable":true,"href":"https:\/\/bellinzoni.net\/pt\/wp-json\/wp\/v2\/product_cat?post=1000485"},{"taxonomy":"product_tag","embeddable":true,"href":"https:\/\/bellinzoni.net\/pt\/wp-json\/wp\/v2\/product_tag?post=1000485"}],"curies":[{"name":"wp","href":"https:\/\/api.w.org\/{rel}","templated":true}]}}