{"id":1000487,"date":"2026-01-28T20:36:33","date_gmt":"2026-01-28T20:36:33","guid":{"rendered":"https:\/\/bellinzoni.net\/pt\/?post_type=product&#038;p=1000487"},"modified":"2026-03-16T12:58:29","modified_gmt":"2026-03-16T12:58:29","slug":"limpa-cooktop","status":"publish","type":"product","link":"https:\/\/bellinzoni.net\/pt\/produto\/limpa-cooktop\/","title":{"rendered":"Limpa Cooktop"},"content":{"rendered":"<p data-start=\"295\" data-end=\"346\"><strong data-start=\"295\" data-end=\"308\">Descri\u00e7\u00e3o<\/strong><br data-start=\"308\" data-end=\"311\" \/>C\u00f3digo do Produto: 500 ml \u2013 8917574<\/p>\n<hr data-start=\"348\" data-end=\"351\" \/>\n<p data-start=\"353\" data-end=\"391\"><strong data-start=\"353\" data-end=\"381\">Superf\u00edcies de Aplica\u00e7\u00e3o<\/strong><br data-start=\"381\" data-end=\"384\" \/>Cooktop<\/p>\n<hr data-start=\"393\" data-end=\"396\" \/>\n<p data-start=\"398\" data-end=\"419\"><strong data-start=\"398\" data-end=\"419\">Instru\u00e7\u00f5es de Uso<\/strong><\/p>\n<p data-start=\"421\" data-end=\"449\"><strong data-start=\"421\" data-end=\"449\">Prepara\u00e7\u00e3o da superf\u00edcie<\/strong><\/p>\n<p data-start=\"451\" data-end=\"538\">Certifique-se de que a superf\u00edcie do cooktop esteja fria antes da aplica\u00e7\u00e3o do produto.<\/p>\n<p data-start=\"540\" data-end=\"564\"><strong data-start=\"540\" data-end=\"564\">Aplica\u00e7\u00e3o do produto<\/strong><\/p>\n<p data-start=\"566\" data-end=\"615\">Borrife o produto diretamente sobre a superf\u00edcie.<\/p>\n<p data-start=\"617\" data-end=\"634\"><strong data-start=\"617\" data-end=\"634\">Tempo de a\u00e7\u00e3o<\/strong><\/p>\n<p data-start=\"636\" data-end=\"698\">Aguarde alguns segundos para que o produto penetre na sujeira.<\/p>\n<p data-start=\"700\" data-end=\"711\"><strong data-start=\"700\" data-end=\"711\">Limpeza<\/strong><\/p>\n<p data-start=\"713\" data-end=\"781\">Limpe a superf\u00edcie com aux\u00edlio de um pano macio ou esponja adequada.<\/p>\n<p data-start=\"783\" data-end=\"798\"><strong data-start=\"783\" data-end=\"798\">Finaliza\u00e7\u00e3o<\/strong><\/p>\n<p data-start=\"800\" data-end=\"910\">Remova o excesso do produto com um pano \u00famido e finalize com um pano seco para real\u00e7ar o brilho da superf\u00edcie.<\/p>\n<p data-start=\"912\" data-end=\"926\"><strong data-start=\"912\" data-end=\"926\">Observa\u00e7\u00e3o<\/strong><\/p>\n<p data-start=\"928\" data-end=\"1058\" data-is-last-node=\"\" data-is-only-node=\"\">Em casos de sujeiras mais dif\u00edceis, repita o processo. O uso regular do produto ajuda a manter o cooktop sempre limpo e protegido.<\/p>\n<h5 class=\"no-margin\"><\/h5>\n<p>&nbsp;<\/p>\n","protected":false},"excerpt":{"rendered":"<p data-start=\"438\" data-end=\"579\">Produto ideal para a limpeza di\u00e1ria de superf\u00edcies de vidro com gordura. Possui f\u00f3rmula l\u00edquida com aplica\u00e7\u00e3o via spray (limpeza liquida) e creme (limpeza profunda), oferecendo praticidade, efici\u00eancia e acabamento espelhado. N\u00e3o emba\u00e7a e n\u00e3o deixa excesso de produto, garantindo um visual limpo e como novo.<\/p>\n","protected":false},"featured_media":1000526,"template":"","meta":[],"product_brand":[],"product_cat":[68],"product_tag":[],"class_list":{"0":"post-1000487","1":"product","2":"type-product","3":"status-publish","4":"has-post-thumbnail","6":"product_cat-corporate","8":"first","9":"instock","10":"shipping-taxable","11":"product-type-simple"},"_links":{"self":[{"href":"https:\/\/bellinzoni.net\/pt\/wp-json\/wp\/v2\/product\/1000487","targetHints":{"allow":["GET"]}}],"collection":[{"href":"https:\/\/bellinzoni.net\/pt\/wp-json\/wp\/v2\/product"}],"about":[{"href":"https:\/\/bellinzoni.net\/pt\/wp-json\/wp\/v2\/types\/product"}],"version-history":[{"count":2,"href":"https:\/\/bellinzoni.net\/pt\/wp-json\/wp\/v2\/product\/1000487\/revisions"}],"predecessor-version":[{"id":1002005,"href":"https:\/\/bellinzoni.net\/pt\/wp-json\/wp\/v2\/product\/1000487\/revisions\/1002005"}],"wp:featuredmedia":[{"embeddable":true,"href":"https:\/\/bellinzoni.net\/pt\/wp-json\/wp\/v2\/media\/1000526"}],"wp:attachment":[{"href":"https:\/\/bellinzoni.net\/pt\/wp-json\/wp\/v2\/media?parent=1000487"}],"wp:term":[{"taxonomy":"product_brand","embeddable":true,"href":"https:\/\/bellinzoni.net\/pt\/wp-json\/wp\/v2\/product_brand?post=1000487"},{"taxonomy":"product_cat","embeddable":true,"href":"https:\/\/bellinzoni.net\/pt\/wp-json\/wp\/v2\/product_cat?post=1000487"},{"taxonomy":"product_tag","embeddable":true,"href":"https:\/\/bellinzoni.net\/pt\/wp-json\/wp\/v2\/product_tag?post=1000487"}],"curies":[{"name":"wp","href":"https:\/\/api.w.org\/{rel}","templated":true}]}}