{"id":1000488,"date":"2026-01-28T20:36:33","date_gmt":"2026-01-28T20:36:33","guid":{"rendered":"https:\/\/bellinzoni.net\/pt\/?post_type=product&#038;p=1000488"},"modified":"2026-03-17T14:04:00","modified_gmt":"2026-03-17T14:04:00","slug":"revitta","status":"publish","type":"product","link":"https:\/\/bellinzoni.net\/pt\/produto\/revitta\/","title":{"rendered":"Revitta"},"content":{"rendered":"<p data-start=\"321\" data-end=\"368\"><strong data-start=\"321\" data-end=\"334\">Descri\u00e7\u00e3o<\/strong><br data-start=\"334\" data-end=\"337\" \/>C\u00f3digo do Produto: 1 kg \u2013 34630<\/p>\n<hr data-start=\"370\" data-end=\"373\" \/>\n<p data-start=\"375\" data-end=\"446\"><strong data-start=\"375\" data-end=\"403\">Superf\u00edcies de Aplica\u00e7\u00e3o<\/strong><br data-start=\"403\" data-end=\"406\" \/>Porcelanato<br data-start=\"417\" data-end=\"420\" \/>Cer\u00e2mica<br data-start=\"428\" data-end=\"431\" \/>Pedras Naturais<\/p>\n<hr data-start=\"448\" data-end=\"451\" \/>\n<p data-start=\"453\" data-end=\"474\"><strong data-start=\"453\" data-end=\"474\">Instru\u00e7\u00f5es de Uso<\/strong><\/p>\n<p data-start=\"476\" data-end=\"501\"><strong data-start=\"476\" data-end=\"501\">Prepara\u00e7\u00e3o do produto<\/strong><\/p>\n<p data-start=\"503\" data-end=\"527\">Agite bem antes de usar.<\/p>\n<p data-start=\"529\" data-end=\"553\"><strong data-start=\"529\" data-end=\"553\">Aplica\u00e7\u00e3o do produto<\/strong><\/p>\n<p data-start=\"555\" data-end=\"628\">Aplique uma pequena quantidade do produto diretamente sobre a superf\u00edcie.<\/p>\n<p data-start=\"630\" data-end=\"647\"><strong data-start=\"630\" data-end=\"647\">Tempo de a\u00e7\u00e3o<\/strong><\/p>\n<p data-start=\"649\" data-end=\"700\">Deixe o produto agir por aproximadamente 5 minutos.<\/p>\n<p data-start=\"702\" data-end=\"713\"><strong data-start=\"702\" data-end=\"713\">Limpeza<\/strong><\/p>\n<p data-start=\"715\" data-end=\"808\">Esfregue a superf\u00edcie com aux\u00edlio de pano ou esponja macia at\u00e9 a completa remo\u00e7\u00e3o da sujeira.<\/p>\n<p data-start=\"810\" data-end=\"888\">Aten\u00e7\u00e3o: n\u00e3o utilize o lado abrasivo da esponja para evitar danos ao material.<\/p>\n<p data-start=\"890\" data-end=\"967\">Se necess\u00e1rio, aplique mais produto e continue a limpeza com aux\u00edlio de \u00e1gua.<\/p>\n<p data-start=\"969\" data-end=\"980\"><strong data-start=\"969\" data-end=\"980\">Remo\u00e7\u00e3o<\/strong><\/p>\n<p data-start=\"982\" data-end=\"1045\">Enx\u00e1gue com \u00e1gua limpa para eliminar completamente os res\u00edduos.<\/p>\n<p data-start=\"1047\" data-end=\"1061\"><strong data-start=\"1047\" data-end=\"1061\">Observa\u00e7\u00e3o<\/strong><\/p>\n<p data-start=\"1063\" data-end=\"1144\" data-is-last-node=\"\" data-is-only-node=\"\">Repita o processo em \u00e1reas onde a sujeira ou imperfei\u00e7\u00f5es forem mais resistentes.<\/p>\n<hr \/>\n<h5 class=\"no-margin\">Downloads<\/h5>\n<hr \/>\n<ul>\n<li><strong><a href=\"http:\/\/bellinzoni.net\/fichas-2025\/revitta_clean.pdf\" target=\"_blank\" rel=\"noopener noreferrer\">Ficha T\u00e9cnica do Produto<\/a><\/strong><\/li>\n<li><strong>Ficha de Seguran\u00e7a \u2013\u00a0FISPQ<\/strong><\/li>\n<\/ul>\n<p>&nbsp;<\/p>\n","protected":false},"excerpt":{"rendered":"<p data-start=\"244\" data-end=\"541\">Produto cremoso com alto poder de limpeza, indicado para a remo\u00e7\u00e3o de imperfei\u00e7\u00f5es e arranh\u00f5es superficiais em porcelanato e cer\u00e2mica. Sua f\u00f3rmula cont\u00e9m part\u00edculas de finos gr\u00e3os polidores que permitem um leve polimento manual, devolvendo a beleza original do material com acabamento dom\u00e9stico.<\/p>\n","protected":false},"featured_media":1001778,"template":"","meta":[],"product_brand":[],"product_cat":[68],"product_tag":[],"class_list":{"0":"post-1000488","1":"product","2":"type-product","3":"status-publish","4":"has-post-thumbnail","6":"product_cat-corporate","8":"first","9":"instock","10":"shipping-taxable","11":"product-type-simple"},"_links":{"self":[{"href":"https:\/\/bellinzoni.net\/pt\/wp-json\/wp\/v2\/product\/1000488","targetHints":{"allow":["GET"]}}],"collection":[{"href":"https:\/\/bellinzoni.net\/pt\/wp-json\/wp\/v2\/product"}],"about":[{"href":"https:\/\/bellinzoni.net\/pt\/wp-json\/wp\/v2\/types\/product"}],"version-history":[{"count":4,"href":"https:\/\/bellinzoni.net\/pt\/wp-json\/wp\/v2\/product\/1000488\/revisions"}],"predecessor-version":[{"id":1002123,"href":"https:\/\/bellinzoni.net\/pt\/wp-json\/wp\/v2\/product\/1000488\/revisions\/1002123"}],"wp:featuredmedia":[{"embeddable":true,"href":"https:\/\/bellinzoni.net\/pt\/wp-json\/wp\/v2\/media\/1001778"}],"wp:attachment":[{"href":"https:\/\/bellinzoni.net\/pt\/wp-json\/wp\/v2\/media?parent=1000488"}],"wp:term":[{"taxonomy":"product_brand","embeddable":true,"href":"https:\/\/bellinzoni.net\/pt\/wp-json\/wp\/v2\/product_brand?post=1000488"},{"taxonomy":"product_cat","embeddable":true,"href":"https:\/\/bellinzoni.net\/pt\/wp-json\/wp\/v2\/product_cat?post=1000488"},{"taxonomy":"product_tag","embeddable":true,"href":"https:\/\/bellinzoni.net\/pt\/wp-json\/wp\/v2\/product_tag?post=1000488"}],"curies":[{"name":"wp","href":"https:\/\/api.w.org\/{rel}","templated":true}]}}