{"id":1000489,"date":"2026-02-13T20:36:33","date_gmt":"2026-02-13T20:36:33","guid":{"rendered":"https:\/\/bellinzoni.net\/pt\/?post_type=product&#038;p=1000489"},"modified":"2026-03-27T15:59:25","modified_gmt":"2026-03-27T15:59:25","slug":"toro","status":"publish","type":"product","link":"https:\/\/bellinzoni.net\/pt\/produto\/toro\/","title":{"rendered":"Toro"},"content":{"rendered":"<div class=\"flex flex-col text-sm pb-25\">\n<section class=\"text-token-text-primary w-full focus:outline-none [--shadow-height:45px] has-data-writing-block:pointer-events-none has-data-writing-block:-mt-(--shadow-height) has-data-writing-block:pt-(--shadow-height) [&amp;:has([data-writing-block])&gt;*]:pointer-events-auto scroll-mt-[calc(var(--header-height)+min(200px,max(70px,20svh)))]\" dir=\"auto\" data-turn-id=\"request-69b7f979-be64-8329-a0b1-b177f97d4070-0\" data-testid=\"conversation-turn-214\" data-scroll-anchor=\"true\" data-turn=\"assistant\">\n<div class=\"text-base my-auto mx-auto pb-10 [--thread-content-margin:var(--thread-content-margin-xs,calc(var(--spacing)*4))] @w-sm\/main:[--thread-content-margin:var(--thread-content-margin-sm,calc(var(--spacing)*6))] @w-lg\/main:[--thread-content-margin:var(--thread-content-margin-lg,calc(var(--spacing)*16))] px-(--thread-content-margin)\">\n<div class=\"[--thread-content-max-width:40rem] @w-lg\/main:[--thread-content-max-width:48rem] mx-auto max-w-(--thread-content-max-width) flex-1 group\/turn-messages focus-visible:outline-hidden relative flex w-full min-w-0 flex-col agent-turn\">\n<div class=\"flex max-w-full flex-col gap-4 grow\">\n<div class=\"min-h-8 text-message relative flex w-full flex-col items-end gap-2 text-start break-words whitespace-normal outline-none keyboard-focused:focus-ring [.text-message+&amp;]:mt-1\" dir=\"auto\" tabindex=\"0\" data-message-author-role=\"assistant\" data-message-id=\"6c6af67f-c0fe-4ebe-a82f-a41aa9598aed\" data-message-model-slug=\"gpt-5-3\" data-turn-start-message=\"true\">\n<div class=\"flex w-full flex-col gap-1 empty:hidden\">\n<div class=\"markdown prose dark:prose-invert w-full wrap-break-word dark markdown-new-styling\">\n<p data-start=\"339\" data-end=\"420\"><strong data-start=\"339\" data-end=\"352\">Descri\u00e7\u00e3o<\/strong><br data-start=\"352\" data-end=\"355\" \/>C\u00f3digo do Produto: 900 ml \u2013 001853 | 5 L \u2013 000318 | 20 L \u2013 000317<\/p>\n<hr data-start=\"422\" data-end=\"425\" \/>\n<p data-start=\"427\" data-end=\"503\"><strong data-start=\"427\" data-end=\"455\">Superf\u00edcies de Aplica\u00e7\u00e3o<\/strong><br data-start=\"455\" data-end=\"458\" \/>M\u00e1rmore<br data-start=\"465\" data-end=\"468\" \/>Granito<br data-start=\"475\" data-end=\"478\" \/>Cimento<br data-start=\"485\" data-end=\"488\" \/>Pedras em Geral<\/p>\n<hr data-start=\"505\" data-end=\"508\" \/>\n<p data-start=\"510\" data-end=\"531\"><strong data-start=\"510\" data-end=\"531\">Instru\u00e7\u00f5es de Uso<\/strong><\/p>\n<hr data-start=\"505\" data-end=\"508\" \/>\n<p data-start=\"689\" data-end=\"717\"><strong data-start=\"689\" data-end=\"717\">Prepara\u00e7\u00e3o da superf\u00edcie<\/strong><\/p>\n<ul data-start=\"719\" data-end=\"844\">\n<li data-section-id=\"quvy3s\" data-start=\"719\" data-end=\"844\">\n<p data-start=\"721\" data-end=\"844\">Certifique-se de que a superf\u00edcie esteja completamente limpa, seca e livre de poeira, ceras ou res\u00edduos antes da aplica\u00e7\u00e3o.<\/p>\n<\/li>\n<\/ul>\n<p data-start=\"846\" data-end=\"870\"><strong data-start=\"846\" data-end=\"870\">Aplica\u00e7\u00e3o do produto<\/strong><\/p>\n<ul data-start=\"872\" data-end=\"1043\">\n<li data-section-id=\"agmtek\" data-start=\"872\" data-end=\"944\">\n<p data-start=\"874\" data-end=\"944\">Aplicar o produto de maneira uniforme com aux\u00edlio de rolo de espuma.<\/p>\n<\/li>\n<li data-section-id=\"17zzivi\" data-start=\"945\" data-end=\"1043\">\n<p data-start=\"947\" data-end=\"1043\">Em materiais mais porosos, aplicar uma quantidade mais generosa para garantir melhor penetra\u00e7\u00e3o.<\/p>\n<\/li>\n<\/ul>\n<p data-start=\"1045\" data-end=\"1066\"><strong data-start=\"1045\" data-end=\"1066\">Dem\u00e3os adicionais<\/strong><\/p>\n<ul data-start=\"1068\" data-end=\"1222\">\n<li data-section-id=\"gj1apd\" data-start=\"1068\" data-end=\"1149\">\n<p data-start=\"1070\" data-end=\"1149\">Em superf\u00edcies muito porosas ou brutas, recomenda-se aplicar de 2 a 3 dem\u00e3os.<\/p>\n<\/li>\n<li data-section-id=\"hodjdv\" data-start=\"1150\" data-end=\"1222\">\n<p data-start=\"1152\" data-end=\"1222\">Respeitar o intervalo de aproximadamente 2 horas entre cada aplica\u00e7\u00e3o.<\/p>\n<\/li>\n<\/ul>\n<p data-start=\"1224\" data-end=\"1246\"><strong data-start=\"1224\" data-end=\"1246\">Remo\u00e7\u00e3o de excesso<\/strong><\/p>\n<ul data-start=\"1248\" data-end=\"1372\">\n<li data-section-id=\"1kmunfg\" data-start=\"1248\" data-end=\"1299\">\n<p data-start=\"1250\" data-end=\"1299\">Evitar o ac\u00famulo de produto sobre a superf\u00edcie.<\/p>\n<\/li>\n<li data-section-id=\"1kizx1u\" data-start=\"1300\" data-end=\"1372\">\n<p data-start=\"1302\" data-end=\"1372\">Caso haja excesso, realizar a remo\u00e7\u00e3o com pano limpo antes da secagem.<\/p>\n<\/li>\n<\/ul>\n<p data-start=\"1374\" data-end=\"1388\"><strong data-start=\"1374\" data-end=\"1388\">Observa\u00e7\u00e3o<\/strong><\/p>\n<ul data-start=\"1390\" data-end=\"1555\">\n<li data-section-id=\"1w3bhgy\" data-start=\"1390\" data-end=\"1463\">\n<p data-start=\"1392\" data-end=\"1463\">O produto n\u00e3o forma brilho, mantendo o aspecto natural da superf\u00edcie.<\/p>\n<\/li>\n<li data-section-id=\"4a79e7\" data-start=\"1464\" data-end=\"1555\">\n<p data-start=\"1466\" data-end=\"1555\">Recomenda-se sempre realizar um teste pr\u00e9vio em pequena \u00e1rea antes da aplica\u00e7\u00e3o completa.<\/p>\n<\/li>\n<\/ul>\n<p data-start=\"1557\" data-end=\"1570\"><strong data-start=\"1557\" data-end=\"1570\">Resultado<\/strong><\/p>\n<ul data-start=\"1572\" data-end=\"1702\">\n<li data-section-id=\"g75n6\" data-start=\"1572\" data-end=\"1702\">\n<p data-start=\"1574\" data-end=\"1702\">Proporciona prote\u00e7\u00e3o eficiente contra \u00e1gua, \u00f3leo e sujeiras, aumentando a durabilidade e facilitando a manuten\u00e7\u00e3o da superf\u00edcie.<\/p>\n<\/li>\n<\/ul>\n<\/div>\n<\/div>\n<\/div>\n<\/div>\n<\/div>\n<\/div>\n<\/section>\n<\/div>\n<hr \/>\n<h5 class=\"no-margin\">Downloads<\/h5>\n<hr \/>\n<ul>\n<li><strong><a href=\"http:\/\/bellinzoni.net\/fichas-2025\/Toro.pdf\" target=\"_blank\" rel=\"noopener noreferrer\">Ficha T\u00e9cnica do Produto<\/a><br \/>\n<\/strong><strong><a href=\"http:\/\/bellinzoni.net\/Fispq2025\/TORO.pdf\" target=\"_blank\" rel=\"noopener noreferrer\">Ficha de Seguran\u00e7a \u2013\u00a0FISPQ<\/a><\/strong><\/li>\n<\/ul>\n","protected":false},"excerpt":{"rendered":"<p data-start=\"438\" data-end=\"579\">O impermeabilizante Toro foi desenvolvido para proteger superf\u00edcies contra \u00e1gua e \u00f3leo, indicado para m\u00e1rmores, granitos, pisos ciment\u00edcios e pedras em geral. N\u00e3o altera as caracter\u00edsticas naturais do material (n\u00e3o forma brilho). Proporciona maior durabilidade, resist\u00eancia e prote\u00e7\u00e3o, evitando absor\u00e7\u00e3o de l\u00edquidos e sujeiras.<\/p>\n","protected":false},"featured_media":1002473,"template":"","meta":[],"product_brand":[],"product_cat":[74],"product_tag":[],"class_list":{"0":"post-1000489","1":"product","2":"type-product","3":"status-publish","4":"has-post-thumbnail","6":"product_cat-profissional","8":"first","9":"instock","10":"shipping-taxable","11":"product-type-simple"},"_links":{"self":[{"href":"https:\/\/bellinzoni.net\/pt\/wp-json\/wp\/v2\/product\/1000489","targetHints":{"allow":["GET"]}}],"collection":[{"href":"https:\/\/bellinzoni.net\/pt\/wp-json\/wp\/v2\/product"}],"about":[{"href":"https:\/\/bellinzoni.net\/pt\/wp-json\/wp\/v2\/types\/product"}],"version-history":[{"count":6,"href":"https:\/\/bellinzoni.net\/pt\/wp-json\/wp\/v2\/product\/1000489\/revisions"}],"predecessor-version":[{"id":1002248,"href":"https:\/\/bellinzoni.net\/pt\/wp-json\/wp\/v2\/product\/1000489\/revisions\/1002248"}],"wp:featuredmedia":[{"embeddable":true,"href":"https:\/\/bellinzoni.net\/pt\/wp-json\/wp\/v2\/media\/1002473"}],"wp:attachment":[{"href":"https:\/\/bellinzoni.net\/pt\/wp-json\/wp\/v2\/media?parent=1000489"}],"wp:term":[{"taxonomy":"product_brand","embeddable":true,"href":"https:\/\/bellinzoni.net\/pt\/wp-json\/wp\/v2\/product_brand?post=1000489"},{"taxonomy":"product_cat","embeddable":true,"href":"https:\/\/bellinzoni.net\/pt\/wp-json\/wp\/v2\/product_cat?post=1000489"},{"taxonomy":"product_tag","embeddable":true,"href":"https:\/\/bellinzoni.net\/pt\/wp-json\/wp\/v2\/product_tag?post=1000489"}],"curies":[{"name":"wp","href":"https:\/\/api.w.org\/{rel}","templated":true}]}}