{"id":1000491,"date":"2026-01-28T20:36:33","date_gmt":"2026-01-28T20:36:33","guid":{"rendered":"https:\/\/bellinzoni.net\/pt\/?post_type=product&#038;p=1000491"},"modified":"2026-03-04T12:06:37","modified_gmt":"2026-03-04T12:06:37","slug":"vetoxi-ultra","status":"publish","type":"product","link":"https:\/\/bellinzoni.net\/pt\/produto\/vetoxi-ultra\/","title":{"rendered":"Vetoxi Ultra"},"content":{"rendered":"<p class=\"no-margin\">C\u00f3digo do Produto: 1L \u2013 008384 | 5L \u2013 008391<\/p>\n<hr \/>\n<h5 class=\"no-margin\">Superf\u00edcies de Aplica\u00e7\u00e3o<\/h5>\n<ul>\n<li>Pedras Ornamentais<\/li>\n<\/ul>\n<hr \/>\n<h5 class=\"no-margin\">Finalidade<\/h5>\n<hr \/>\n<p data-start=\"438\" data-end=\"579\">Removedor de oxida\u00e7\u00e3o desenvolvido para todos os tipos de rochas ornamentais e sem causar efeito molhado. Sua f\u00f3rmula conta com o que h\u00e1 de mais moderno para remo\u00e7\u00e3o de oxida\u00e7\u00e3o.<\/p>\n<hr \/>\n<h5 class=\"no-margin\">Instru\u00e7\u00f5es de Uso<\/h5>\n<hr \/>\n<p data-start=\"631\" data-end=\"687\">Antes do uso \u00e9 recomendada a realiza\u00e7\u00e3o de um teste em uma pequena \u00e1rea. Produto concentrado. Pode ser utilizado puro ou em at\u00e9 3 partes de \u00e1gua. A superf\u00edcie do material deve estar seca, livre de poeira, agentes contaminantes e sem uso de outros produtos antes desta aplica\u00e7\u00e3o. O produto deve ser aplicado utilizando um rolo l\u00e3 pelo\u00a0curto\u00a0ou\u00a0baixo, com o material ainda bruto ou levigado, preferencialmente na posi\u00e7\u00e3o horizontal deixando um pouco de excesso para penetra\u00e7\u00e3o. Para garantir a m\u00e1xima efici\u00eancia ap\u00f3s a aplica\u00e7\u00e3o, aguarde at\u00e9 3 dias fazendo a lavagem com \u00e1gua 1 vez por dia para auxiliar na remo\u00e7\u00e3o\u00a0das\u00a0oxida\u00e7\u00f5es.<\/p>\n<hr \/>\n<h5 class=\"no-margin\">Downloads<\/h5>\n<hr \/>\n<ul>\n<li><strong><a href=\"#\" target=\"_blank\" rel=\"noopener noreferrer\">Ficha T\u00e9cnica do Produto<\/a><\/strong><\/li>\n<li><strong><a href=\"http:\/\/bellinzoni.net\/Fispq2025\/VETOXI_ULTRA.pdf\" target=\"_blank\" rel=\"noopener noreferrer\">Ficha de Seguran\u00e7a \u2013\u00a0FISPQ<\/a><\/strong><\/li>\n<\/ul>\n<p>&nbsp;<\/p>\n","protected":false},"excerpt":{"rendered":"<h5 class=\"no-margin\"><\/h5>\n<p data-start=\"438\" data-end=\"579\">Removedor de oxida\u00e7\u00e3o desenvolvido para todos os tipos de rochas ornamentais e sem causar efeito molhado. Sua f\u00f3rmula conta com o que h\u00e1 de mais moderno para remo\u00e7\u00e3o de oxida\u00e7\u00e3o.<\/p>\n","protected":false},"featured_media":1001831,"template":"","meta":[],"product_brand":[],"product_cat":[74],"product_tag":[],"class_list":{"0":"post-1000491","1":"product","2":"type-product","3":"status-publish","4":"has-post-thumbnail","6":"product_cat-profissional","8":"first","9":"instock","10":"shipping-taxable","11":"product-type-simple"},"_links":{"self":[{"href":"https:\/\/bellinzoni.net\/pt\/wp-json\/wp\/v2\/product\/1000491","targetHints":{"allow":["GET"]}}],"collection":[{"href":"https:\/\/bellinzoni.net\/pt\/wp-json\/wp\/v2\/product"}],"about":[{"href":"https:\/\/bellinzoni.net\/pt\/wp-json\/wp\/v2\/types\/product"}],"version-history":[{"count":2,"href":"https:\/\/bellinzoni.net\/pt\/wp-json\/wp\/v2\/product\/1000491\/revisions"}],"predecessor-version":[{"id":1001506,"href":"https:\/\/bellinzoni.net\/pt\/wp-json\/wp\/v2\/product\/1000491\/revisions\/1001506"}],"wp:featuredmedia":[{"embeddable":true,"href":"https:\/\/bellinzoni.net\/pt\/wp-json\/wp\/v2\/media\/1001831"}],"wp:attachment":[{"href":"https:\/\/bellinzoni.net\/pt\/wp-json\/wp\/v2\/media?parent=1000491"}],"wp:term":[{"taxonomy":"product_brand","embeddable":true,"href":"https:\/\/bellinzoni.net\/pt\/wp-json\/wp\/v2\/product_brand?post=1000491"},{"taxonomy":"product_cat","embeddable":true,"href":"https:\/\/bellinzoni.net\/pt\/wp-json\/wp\/v2\/product_cat?post=1000491"},{"taxonomy":"product_tag","embeddable":true,"href":"https:\/\/bellinzoni.net\/pt\/wp-json\/wp\/v2\/product_tag?post=1000491"}],"curies":[{"name":"wp","href":"https:\/\/api.w.org\/{rel}","templated":true}]}}