{"id":1000492,"date":"2026-01-28T20:36:33","date_gmt":"2026-01-28T20:36:33","guid":{"rendered":"https:\/\/bellinzoni.net\/pt\/?post_type=product&#038;p=1000492"},"modified":"2026-03-04T12:07:36","modified_gmt":"2026-03-04T12:07:36","slug":"vetoxi-max","status":"publish","type":"product","link":"https:\/\/bellinzoni.net\/pt\/produto\/vetoxi-max\/","title":{"rendered":"Vetoxi Max"},"content":{"rendered":"<p class=\"no-margin\">C\u00f3digo do Produto: 1L \u2013 008353 | 5L \u2013 008360<\/p>\n<hr \/>\n<h5 class=\"no-margin\">Superf\u00edcies de Aplica\u00e7\u00e3o<\/h5>\n<ul>\n<li>Pedras Ornamentais<\/li>\n<\/ul>\n<hr \/>\n<h5 class=\"no-margin\">Finalidade<\/h5>\n<hr \/>\n<p data-start=\"438\" data-end=\"579\">Removedor de oxida\u00e7\u00e3o para todos os tipos de rochas ornamentais, sem causar efeito molhado. Sua f\u00f3rmula moderna garante alta efici\u00eancia na remo\u00e7\u00e3o de oxida\u00e7\u00f5es, agredindo minimamente o substrato<\/p>\n<hr \/>\n<h5 class=\"no-margin\">Instru\u00e7\u00f5es de Uso<\/h5>\n<hr \/>\n<p data-start=\"84\" data-end=\"234\"><strong data-start=\"84\" data-end=\"108\">Produto concentrado:<\/strong> pode ser utilizado puro ou dilu\u00eddo em at\u00e9 3 partes de \u00e1gua. Antes do uso, recomenda-se realizar um teste em uma pequena \u00e1rea.<\/p>\n<p data-start=\"236\" data-end=\"459\">A superf\u00edcie deve estar seca, limpa e livre de contaminantes. Aplicar com rolo de l\u00e3 travado sobre o material bruto ou levigado, preferencialmente na posi\u00e7\u00e3o horizontal, deixando um leve excesso para facilitar a penetra\u00e7\u00e3o.<\/p>\n<p data-start=\"461\" data-end=\"614\">Para melhor desempenho, ap\u00f3s a aplica\u00e7\u00e3o aguarde at\u00e9 <strong data-start=\"514\" data-end=\"524\">3 dias<\/strong>, lavando a superf\u00edcie com \u00e1gua <strong data-start=\"556\" data-end=\"574\">uma vez ao dia<\/strong> para auxiliar na remo\u00e7\u00e3o das oxida\u00e7\u00f5es.<\/p>\n<hr \/>\n<h5 class=\"no-margin\">Downloads<\/h5>\n<hr \/>\n<ul>\n<li><strong><a href=\"http:\/\/bellinzoni.net\/fichas-2025\/vetoxi_max.pdf\" target=\"_blank\" rel=\"noopener noreferrer\">Ficha T\u00e9cnica do Produto<\/a><\/strong><\/li>\n<li><strong><a href=\"http:\/\/bellinzoni.net\/Fispq2025\/VETOXI_MAX.pdf\" target=\"_blank\" rel=\"noopener noreferrer\">Ficha de Seguran\u00e7a \u2013\u00a0FISPQ<\/a><\/strong><\/li>\n<\/ul>\n<p>&nbsp;<\/p>\n","protected":false},"excerpt":{"rendered":"<h5 class=\"no-margin\"><\/h5>\n<p data-start=\"438\" data-end=\"579\">Removedor de oxida\u00e7\u00e3o para todos os tipos de rochas ornamentais, sem causar efeito molhado. Sua f\u00f3rmula moderna garante alta efici\u00eancia na remo\u00e7\u00e3o de oxida\u00e7\u00f5es, agredindo minimamente o substrato<\/p>\n","protected":false},"featured_media":1001832,"template":"","meta":[],"product_brand":[],"product_cat":[74],"product_tag":[],"class_list":{"0":"post-1000492","1":"product","2":"type-product","3":"status-publish","4":"has-post-thumbnail","6":"product_cat-profissional","8":"first","9":"instock","10":"shipping-taxable","11":"product-type-simple"},"_links":{"self":[{"href":"https:\/\/bellinzoni.net\/pt\/wp-json\/wp\/v2\/product\/1000492","targetHints":{"allow":["GET"]}}],"collection":[{"href":"https:\/\/bellinzoni.net\/pt\/wp-json\/wp\/v2\/product"}],"about":[{"href":"https:\/\/bellinzoni.net\/pt\/wp-json\/wp\/v2\/types\/product"}],"version-history":[{"count":1,"href":"https:\/\/bellinzoni.net\/pt\/wp-json\/wp\/v2\/product\/1000492\/revisions"}],"predecessor-version":[{"id":1001510,"href":"https:\/\/bellinzoni.net\/pt\/wp-json\/wp\/v2\/product\/1000492\/revisions\/1001510"}],"wp:featuredmedia":[{"embeddable":true,"href":"https:\/\/bellinzoni.net\/pt\/wp-json\/wp\/v2\/media\/1001832"}],"wp:attachment":[{"href":"https:\/\/bellinzoni.net\/pt\/wp-json\/wp\/v2\/media?parent=1000492"}],"wp:term":[{"taxonomy":"product_brand","embeddable":true,"href":"https:\/\/bellinzoni.net\/pt\/wp-json\/wp\/v2\/product_brand?post=1000492"},{"taxonomy":"product_cat","embeddable":true,"href":"https:\/\/bellinzoni.net\/pt\/wp-json\/wp\/v2\/product_cat?post=1000492"},{"taxonomy":"product_tag","embeddable":true,"href":"https:\/\/bellinzoni.net\/pt\/wp-json\/wp\/v2\/product_tag?post=1000492"}],"curies":[{"name":"wp","href":"https:\/\/api.w.org\/{rel}","templated":true}]}}