{"id":1000493,"date":"2026-01-28T20:36:33","date_gmt":"2026-01-28T20:36:33","guid":{"rendered":"https:\/\/bellinzoni.net\/pt\/?post_type=product&#038;p=1000493"},"modified":"2026-03-16T12:56:31","modified_gmt":"2026-03-16T12:56:31","slug":"removedor-de-cera-premium","status":"publish","type":"product","link":"https:\/\/bellinzoni.net\/pt\/produto\/removedor-de-cera-premium\/","title":{"rendered":"Removedor de Cera Premium"},"content":{"rendered":"<div class=\"flex flex-col text-sm pb-25\">\n<article class=\"text-token-text-primary w-full focus:outline-none [--shadow-height:45px] has-data-writing-block:pointer-events-none has-data-writing-block:-mt-(--shadow-height) has-data-writing-block:pt-(--shadow-height) [&amp;:has([data-writing-block])&gt;*]:pointer-events-auto scroll-mt-[calc(var(--header-height)+min(200px,max(70px,20svh)))]\" dir=\"auto\" tabindex=\"-1\" data-turn-id=\"request-WEB:881aabdb-c9a9-414b-b169-c3efefe141d6-8\" data-testid=\"conversation-turn-18\" data-scroll-anchor=\"true\" data-turn=\"assistant\">\n<div class=\"text-base my-auto mx-auto pb-10 [--thread-content-margin:var(--thread-content-margin-xs,calc(var(--spacing)*4))] @w-sm\/main:[--thread-content-margin:var(--thread-content-margin-sm,calc(var(--spacing)*6))] @w-lg\/main:[--thread-content-margin:var(--thread-content-margin-lg,calc(var(--spacing)*16))] px-(--thread-content-margin)\">\n<div class=\"[--thread-content-max-width:40rem] @w-lg\/main:[--thread-content-max-width:48rem] mx-auto max-w-(--thread-content-max-width) flex-1 group\/turn-messages focus-visible:outline-hidden relative flex w-full min-w-0 flex-col agent-turn\" tabindex=\"-1\">\n<div class=\"flex max-w-full flex-col gap-4 grow\">\n<div class=\"min-h-8 text-message relative flex w-full flex-col items-end gap-2 text-start break-words whitespace-normal [.text-message+&amp;]:mt-1\" dir=\"auto\" data-message-author-role=\"assistant\" data-message-id=\"3751b8e0-d29c-4b90-a752-d69c12b3fd20\" data-message-model-slug=\"gpt-5-3\">\n<div class=\"flex w-full flex-col gap-1 empty:hidden\">\n<div class=\"markdown prose dark:prose-invert w-full wrap-break-word dark markdown-new-styling\">\n<p data-start=\"349\" data-end=\"411\"><strong data-start=\"349\" data-end=\"362\">Descri\u00e7\u00e3o<\/strong><br data-start=\"362\" data-end=\"365\" \/>C\u00f3digo do Produto: 1 L \u2013 233552 | 5 L \u2013 227196<\/p>\n<hr data-start=\"413\" data-end=\"416\" \/>\n<p data-start=\"418\" data-end=\"488\"><strong data-start=\"418\" data-end=\"446\">Superf\u00edcies de Aplica\u00e7\u00e3o<\/strong><br data-start=\"446\" data-end=\"449\" \/>Vin\u00edlico<br data-start=\"457\" data-end=\"460\" \/>M\u00e1rmore<br data-start=\"467\" data-end=\"470\" \/>Granito<br data-start=\"477\" data-end=\"480\" \/>Cer\u00e2mica<\/p>\n<hr data-start=\"490\" data-end=\"493\" \/>\n<p data-start=\"495\" data-end=\"516\"><strong data-start=\"495\" data-end=\"516\">Instru\u00e7\u00f5es de Uso<\/strong><\/p>\n<p data-start=\"518\" data-end=\"543\"><strong data-start=\"518\" data-end=\"543\">Prepara\u00e7\u00e3o da solu\u00e7\u00e3o<\/strong><\/p>\n<p data-start=\"545\" data-end=\"748\">Em um recipiente apropriado (balde, carrinho aplicador para mop, entre outros), dilua o produto em \u00e1gua conforme a necessidade, sempre avaliando o tipo de superf\u00edcie e o n\u00edvel de sujidade a ser removido.<\/p>\n<p data-start=\"750\" data-end=\"774\"><strong data-start=\"750\" data-end=\"774\">Aplica\u00e7\u00e3o do produto<\/strong><\/p>\n<p data-start=\"776\" data-end=\"951\">Aplique a solu\u00e7\u00e3o (produto + \u00e1gua) sobre o piso com aux\u00edlio de um regador ou equipamento similar. Trabalhe sempre em \u00e1reas pequenas para evitar que o produto perca efici\u00eancia.<\/p>\n<p data-start=\"953\" data-end=\"970\"><strong data-start=\"953\" data-end=\"970\">Tempo de a\u00e7\u00e3o<\/strong><\/p>\n<p data-start=\"972\" data-end=\"1027\">Deixe a solu\u00e7\u00e3o agir por aproximadamente 3 a 6 minutos.<\/p>\n<p data-start=\"1029\" data-end=\"1040\"><strong data-start=\"1029\" data-end=\"1040\">Limpeza<\/strong><\/p>\n<p data-start=\"1042\" data-end=\"1282\">Para melhores resultados, utilize uma enceradeira de baixa rota\u00e7\u00e3o equipada com disco de limpeza preto.<br data-start=\"1145\" data-end=\"1148\" \/>Para \u00e1reas de dif\u00edcil acesso, como cantos e bordas onde a enceradeira n\u00e3o alcan\u00e7a, utilize o Suporte LT com fibra de limpeza adequada.<\/p>\n<p data-start=\"1284\" data-end=\"1306\"><strong data-start=\"1284\" data-end=\"1306\">Remo\u00e7\u00e3o da solu\u00e7\u00e3o<\/strong><\/p>\n<p data-start=\"1308\" data-end=\"1465\">Remova a solu\u00e7\u00e3o suja resultante (ceras dissolvidas, excesso de produto e sujeiras) com aux\u00edlio de lavadora autom\u00e1tica, aspirador de \u00e1gua, mop \u00famido ou rodo.<\/p>\n<p data-start=\"1467\" data-end=\"1481\"><strong data-start=\"1467\" data-end=\"1481\">Observa\u00e7\u00e3o<\/strong><\/p>\n<p data-start=\"1483\" data-end=\"1640\">Durante o processo de remo\u00e7\u00e3o, n\u00e3o deixe a solu\u00e7\u00e3o secar sobre o piso. Caso necess\u00e1rio, adicione pequenas quantidades de \u00e1gua para manter a superf\u00edcie \u00famida.<\/p>\n<p data-start=\"1642\" data-end=\"1655\"><strong data-start=\"1642\" data-end=\"1655\">Seguran\u00e7a<\/strong><\/p>\n<p data-start=\"1657\" data-end=\"1771\" data-is-last-node=\"\" data-is-only-node=\"\">Utilize sempre placas de sinaliza\u00e7\u00e3o e orienta\u00e7\u00f5es de seguran\u00e7a enquanto estiver realizando o processo de limpeza.<\/p>\n<\/div>\n<\/div>\n<\/div>\n<\/div>\n<\/div>\n<\/div>\n<\/article>\n<\/div>\n<hr \/>\n<h5 class=\"no-margin\">Downloads<\/h5>\n<hr \/>\n<ul>\n<li><strong><a href=\"http:\/\/bellinzoni.net\/fichas-2025\/Removedor_De_Cera_Premium.pdf.pdf\" target=\"_blank\" rel=\"noopener noreferrer\">Ficha T<\/a><\/strong><strong><a href=\"http:\/\/bellinzoni.net\/fichas-2025\/Removedor_De_Cera_Premium.pdf.pdf\" target=\"_blank\" rel=\"noopener noreferrer\">\u00e9cnica do Produto<\/a><\/strong><\/li>\n<li><strong><a href=\"http:\/\/bellinzoni.net\/Fispq2025\/REMOVEDOR_DE_CERA_PREMIUM.pdf\" target=\"_blank\" rel=\"noopener noreferrer\">Ficha de Seguran\u00e7a \u2013\u00a0FISPQ<\/a><\/strong><\/li>\n<\/ul>\n","protected":false},"excerpt":{"rendered":"<h5 class=\"no-margin\"><\/h5>\n<p>Removedor de ceras, seladores e acabamentos ultra high speed. Desenvolvido para remo\u00e7\u00e3o de m\u00faltiplas camadas de seladores e acabamentos.<\/p>\n","protected":false},"featured_media":1001682,"template":"","meta":[],"product_brand":[],"product_cat":[68],"product_tag":[],"class_list":{"0":"post-1000493","1":"product","2":"type-product","3":"status-publish","4":"has-post-thumbnail","6":"product_cat-corporate","8":"first","9":"instock","10":"shipping-taxable","11":"product-type-simple"},"_links":{"self":[{"href":"https:\/\/bellinzoni.net\/pt\/wp-json\/wp\/v2\/product\/1000493","targetHints":{"allow":["GET"]}}],"collection":[{"href":"https:\/\/bellinzoni.net\/pt\/wp-json\/wp\/v2\/product"}],"about":[{"href":"https:\/\/bellinzoni.net\/pt\/wp-json\/wp\/v2\/types\/product"}],"version-history":[{"count":3,"href":"https:\/\/bellinzoni.net\/pt\/wp-json\/wp\/v2\/product\/1000493\/revisions"}],"predecessor-version":[{"id":1002004,"href":"https:\/\/bellinzoni.net\/pt\/wp-json\/wp\/v2\/product\/1000493\/revisions\/1002004"}],"wp:featuredmedia":[{"embeddable":true,"href":"https:\/\/bellinzoni.net\/pt\/wp-json\/wp\/v2\/media\/1001682"}],"wp:attachment":[{"href":"https:\/\/bellinzoni.net\/pt\/wp-json\/wp\/v2\/media?parent=1000493"}],"wp:term":[{"taxonomy":"product_brand","embeddable":true,"href":"https:\/\/bellinzoni.net\/pt\/wp-json\/wp\/v2\/product_brand?post=1000493"},{"taxonomy":"product_cat","embeddable":true,"href":"https:\/\/bellinzoni.net\/pt\/wp-json\/wp\/v2\/product_cat?post=1000493"},{"taxonomy":"product_tag","embeddable":true,"href":"https:\/\/bellinzoni.net\/pt\/wp-json\/wp\/v2\/product_tag?post=1000493"}],"curies":[{"name":"wp","href":"https:\/\/api.w.org\/{rel}","templated":true}]}}