{"id":1000494,"date":"2026-01-28T20:36:33","date_gmt":"2026-01-28T20:36:33","guid":{"rendered":"https:\/\/bellinzoni.net\/pt\/?post_type=product&#038;p=1000494"},"modified":"2026-03-18T18:17:51","modified_gmt":"2026-03-18T18:17:51","slug":"sella-max","status":"publish","type":"product","link":"https:\/\/bellinzoni.net\/pt\/produto\/sella-max\/","title":{"rendered":"Sella Max"},"content":{"rendered":"<p data-start=\"230\" data-end=\"292\"><strong data-start=\"230\" data-end=\"243\">Descri\u00e7\u00e3o<\/strong><br data-start=\"243\" data-end=\"246\" \/>C\u00f3digo do Produto: 1 L \u2013 008117 | 5 L \u2013 008209<\/p>\n<hr data-start=\"294\" data-end=\"297\" \/>\n<p data-start=\"299\" data-end=\"388\"><strong data-start=\"299\" data-end=\"327\">Superf\u00edcies de Aplica\u00e7\u00e3o<\/strong><br data-start=\"327\" data-end=\"330\" \/>Pedras Naturais<br data-start=\"345\" data-end=\"348\" \/>Cer\u00e2mica<br data-start=\"356\" data-end=\"359\" \/>Ard\u00f3sia<br data-start=\"366\" data-end=\"369\" \/>Pisos Ciment\u00edcios<\/p>\n<hr data-start=\"390\" data-end=\"393\" \/>\n<p data-start=\"395\" data-end=\"416\"><strong data-start=\"395\" data-end=\"416\">Instru\u00e7\u00f5es de Uso<\/strong><\/p>\n<p data-start=\"418\" data-end=\"446\"><strong data-start=\"418\" data-end=\"446\">Prepara\u00e7\u00e3o da superf\u00edcie<\/strong><\/p>\n<p data-start=\"448\" data-end=\"525\">A superf\u00edcie deve estar limpa e livre de ceras, resinas, poeiras ou gorduras.<\/p>\n<hr data-start=\"527\" data-end=\"530\" \/>\n<p data-start=\"532\" data-end=\"556\"><strong data-start=\"532\" data-end=\"556\">Aplica\u00e7\u00e3o do produto<\/strong><\/p>\n<p data-start=\"558\" data-end=\"670\">Despeje o produto diretamente sobre o piso e espalhe com aux\u00edlio de pincel, rolo de l\u00e3 baixa ou luva aplicadora.<\/p>\n<p data-start=\"672\" data-end=\"793\">Espalhe de forma cont\u00ednua, empurrando no sentido vertical e puxando no horizontal, garantindo forma\u00e7\u00e3o de filme uniforme.<\/p>\n<p data-start=\"795\" data-end=\"834\">Evite interrup\u00e7\u00f5es durante a aplica\u00e7\u00e3o.<\/p>\n<hr data-start=\"836\" data-end=\"839\" \/>\n<p data-start=\"841\" data-end=\"851\"><strong data-start=\"841\" data-end=\"851\">Dem\u00e3os<\/strong><\/p>\n<p data-start=\"853\" data-end=\"913\">Aguarde aproximadamente 1 hora para secagem entre as dem\u00e3os.<\/p>\n<p data-start=\"915\" data-end=\"1002\">Recomenda-se aplicar de 2 a 4 camadas, conforme a necessidade e porosidade do material.<\/p>\n<hr data-start=\"1004\" data-end=\"1007\" \/>\n<p data-start=\"1009\" data-end=\"1032\"><strong data-start=\"1009\" data-end=\"1032\">Secagem e libera\u00e7\u00e3o<\/strong><\/p>\n<p data-start=\"1034\" data-end=\"1101\">Ap\u00f3s a \u00faltima dem\u00e3o, liberar o tr\u00e2nsito leve ap\u00f3s cerca de 6 horas.<\/p>\n<p data-start=\"1103\" data-end=\"1195\">Evitar contato com \u00e1gua nas primeiras 36 horas para garantir a correta ancoragem do produto.<\/p>\n<hr data-start=\"1197\" data-end=\"1200\" \/>\n<p data-start=\"1202\" data-end=\"1216\"><strong data-start=\"1202\" data-end=\"1216\">Rendimento<\/strong><\/p>\n<p data-start=\"1218\" data-end=\"1333\" data-is-last-node=\"\" data-is-only-node=\"\">De aproximadamente 20 a 40 m\u00b2 por litro, variando conforme a porosidade do material e o n\u00famero de dem\u00e3os aplicadas.<\/p>\n<h5 class=\"no-margin\">Downloads<\/h5>\n<hr \/>\n<ul>\n<li><strong><a href=\"http:\/\/bellinzoni.net\/fichas-2025\/sella_max.pdf\" target=\"_blank\" rel=\"noopener noreferrer\">Ficha T\u00e9cnica do Produto<\/a><\/strong><\/li>\n<li><strong><a href=\"http:\/\/bellinzoni.net\/2017\/produto\/corta-ferrugem\/#\" target=\"_blank\" rel=\"noopener noreferrer\">Ficha de Seguran\u00e7a \u2013\u00a0FISPQ<\/a><\/strong><\/li>\n<\/ul>\n","protected":false},"excerpt":{"rendered":"<h5 class=\"no-margin\"><\/h5>\n<p data-start=\"438\" data-end=\"579\">Sella Max \u00e9 uma resina acr\u00edlica de alta dureza, com \u00f3tima ader\u00eancia e alto poder de brilho. Sua base \u00e1gua, com elevado teor de s\u00f3lidos, promove grande prote\u00e7\u00e3o na superf\u00edcie, prevenindo marcas de desgaste ao longo do tempo.<\/p>\n","protected":false},"featured_media":1001681,"template":"","meta":[],"product_brand":[],"product_cat":[68],"product_tag":[],"class_list":{"0":"post-1000494","1":"product","2":"type-product","3":"status-publish","4":"has-post-thumbnail","6":"product_cat-corporate","8":"first","9":"instock","10":"shipping-taxable","11":"product-type-simple"},"_links":{"self":[{"href":"https:\/\/bellinzoni.net\/pt\/wp-json\/wp\/v2\/product\/1000494","targetHints":{"allow":["GET"]}}],"collection":[{"href":"https:\/\/bellinzoni.net\/pt\/wp-json\/wp\/v2\/product"}],"about":[{"href":"https:\/\/bellinzoni.net\/pt\/wp-json\/wp\/v2\/types\/product"}],"version-history":[{"count":3,"href":"https:\/\/bellinzoni.net\/pt\/wp-json\/wp\/v2\/product\/1000494\/revisions"}],"predecessor-version":[{"id":1002215,"href":"https:\/\/bellinzoni.net\/pt\/wp-json\/wp\/v2\/product\/1000494\/revisions\/1002215"}],"wp:featuredmedia":[{"embeddable":true,"href":"https:\/\/bellinzoni.net\/pt\/wp-json\/wp\/v2\/media\/1001681"}],"wp:attachment":[{"href":"https:\/\/bellinzoni.net\/pt\/wp-json\/wp\/v2\/media?parent=1000494"}],"wp:term":[{"taxonomy":"product_brand","embeddable":true,"href":"https:\/\/bellinzoni.net\/pt\/wp-json\/wp\/v2\/product_brand?post=1000494"},{"taxonomy":"product_cat","embeddable":true,"href":"https:\/\/bellinzoni.net\/pt\/wp-json\/wp\/v2\/product_cat?post=1000494"},{"taxonomy":"product_tag","embeddable":true,"href":"https:\/\/bellinzoni.net\/pt\/wp-json\/wp\/v2\/product_tag?post=1000494"}],"curies":[{"name":"wp","href":"https:\/\/api.w.org\/{rel}","templated":true}]}}