{"id":1000495,"date":"2026-01-28T20:36:33","date_gmt":"2026-01-28T20:36:33","guid":{"rendered":"https:\/\/bellinzoni.net\/pt\/?post_type=product&#038;p=1000495"},"modified":"2026-03-17T14:40:38","modified_gmt":"2026-03-17T14:40:38","slug":"restaura-laminas-ultracompactas-cores","status":"publish","type":"product","link":"https:\/\/bellinzoni.net\/pt\/produto\/restaura-laminas-ultracompactas-cores\/","title":{"rendered":"Restaura L\u00e2minas Ultracompactas Cores"},"content":{"rendered":"<div class=\"flex flex-col text-sm pb-25\">\n<article class=\"text-token-text-primary w-full focus:outline-none [--shadow-height:45px] has-data-writing-block:pointer-events-none has-data-writing-block:-mt-(--shadow-height) has-data-writing-block:pt-(--shadow-height) [&amp;:has([data-writing-block])&gt;*]:pointer-events-auto scroll-mt-[calc(var(--header-height)+min(200px,max(70px,20svh)))]\" dir=\"auto\" tabindex=\"-1\" data-turn-id=\"request-69b7f979-be64-8329-a0b1-b177f97d4070-24\" data-testid=\"conversation-turn-172\" data-scroll-anchor=\"true\" data-turn=\"assistant\">\n<div class=\"text-base my-auto mx-auto pb-10 [--thread-content-margin:var(--thread-content-margin-xs,calc(var(--spacing)*4))] @w-sm\/main:[--thread-content-margin:var(--thread-content-margin-sm,calc(var(--spacing)*6))] @w-lg\/main:[--thread-content-margin:var(--thread-content-margin-lg,calc(var(--spacing)*16))] px-(--thread-content-margin)\">\n<div class=\"[--thread-content-max-width:40rem] @w-lg\/main:[--thread-content-max-width:48rem] mx-auto max-w-(--thread-content-max-width) flex-1 group\/turn-messages focus-visible:outline-hidden relative flex w-full min-w-0 flex-col agent-turn\" tabindex=\"-1\">\n<div class=\"flex max-w-full flex-col gap-4 grow\">\n<div class=\"min-h-8 text-message relative flex w-full flex-col items-end gap-2 text-start break-words whitespace-normal [.text-message+&amp;]:mt-1\" dir=\"auto\" data-message-author-role=\"assistant\" data-message-id=\"038a435c-bcb6-4cbc-8be6-e2ad23110f1b\" data-message-model-slug=\"gpt-5-3\">\n<div class=\"flex w-full flex-col gap-1 empty:hidden\">\n<div class=\"markdown prose dark:prose-invert w-full wrap-break-word dark markdown-new-styling\">\n<p data-start=\"393\" data-end=\"485\"><strong data-start=\"393\" data-end=\"406\">Descri\u00e7\u00e3o<\/strong><br data-start=\"406\" data-end=\"409\" \/>C\u00f3digo do Produto: 600 g \u2013 Preto: P242772 | Cinza: P242780 | Marrom: P242799<\/p>\n<hr data-start=\"487\" data-end=\"490\" \/>\n<p data-start=\"492\" data-end=\"536\"><strong data-start=\"492\" data-end=\"520\">Superf\u00edcies de Aplica\u00e7\u00e3o<\/strong><br data-start=\"520\" data-end=\"523\" \/>L\u00e2minas Cores<\/p>\n<hr data-start=\"538\" data-end=\"541\" \/>\n<p data-start=\"543\" data-end=\"564\"><strong data-start=\"543\" data-end=\"564\">Instru\u00e7\u00f5es de Uso<\/strong><\/p>\n<p data-start=\"566\" data-end=\"594\"><strong data-start=\"566\" data-end=\"594\">Prepara\u00e7\u00e3o da superf\u00edcie<\/strong><\/p>\n<p data-start=\"596\" data-end=\"688\">O piso deve estar completamente limpo, seco e livre de poeiras, ceras, pel\u00edculas ou umidade.<\/p>\n<p data-start=\"690\" data-end=\"773\">Trabalhe em \u00e1reas pequenas, dividindo o piso em quadrantes de aproximadamente 2 m\u00b2.<\/p>\n<p data-start=\"775\" data-end=\"826\">A temperatura ambiente deve estar entre 5\u00b0C e 40\u00b0C.<\/p>\n<hr data-start=\"828\" data-end=\"831\" \/>\n<p data-start=\"833\" data-end=\"858\"><strong data-start=\"833\" data-end=\"858\">Prepara\u00e7\u00e3o do produto<\/strong><\/p>\n<p data-start=\"860\" data-end=\"926\">Aplique de 2 a 3 colheres de sopa do produto sobre a \u00e1rea de 2 m\u00b2.<\/p>\n<p data-start=\"928\" data-end=\"994\">Adicione pequena quantidade de \u00e1gua at\u00e9 obter uma textura pastosa.<\/p>\n<p data-start=\"996\" data-end=\"1079\">Propor\u00e7\u00e3o sugerida: para cada 2 a 3 colheres de produto, utilizar 1 colher de \u00e1gua.<\/p>\n<hr data-start=\"1081\" data-end=\"1084\" \/>\n<p data-start=\"1086\" data-end=\"1111\"><strong data-start=\"1086\" data-end=\"1111\">Aplica\u00e7\u00e3o e polimento<\/strong><\/p>\n<p data-start=\"1113\" data-end=\"1306\">Imediatamente ap\u00f3s adicionar a \u00e1gua, inicie o trabalho com enceradeira de no m\u00ednimo 2,5 HP, peso aproximado de 50 kg, operando com rota\u00e7\u00e3o m\u00ednima de 150 RPM, equipada com disco de fibra branco.<\/p>\n<p data-start=\"1308\" data-end=\"1416\">Espalhe o produto de forma homog\u00eanea e uniforme, mantendo o mesmo n\u00famero de passadas em toda a \u00e1rea tratada.<\/p>\n<p data-start=\"1418\" data-end=\"1549\">Durante o processo, borrife pequenas quantidades de \u00e1gua sempre que necess\u00e1rio para manter a mistura ativa e evitar o ressecamento.<\/p>\n<hr data-start=\"1551\" data-end=\"1554\" \/>\n<p data-start=\"1556\" data-end=\"1571\"><strong data-start=\"1556\" data-end=\"1571\">Finaliza\u00e7\u00e3o<\/strong><\/p>\n<p data-start=\"1573\" data-end=\"1701\">Continue o polimento at\u00e9 que n\u00e3o haja mais excesso de produto (n\u00e9voa branca) sobre a superf\u00edcie e at\u00e9 atingir o brilho desejado.<\/p>\n<hr data-start=\"1703\" data-end=\"1706\" \/>\n<p data-start=\"1708\" data-end=\"1723\"><strong data-start=\"1708\" data-end=\"1723\">Observa\u00e7\u00f5es<\/strong><\/p>\n<p data-start=\"1725\" data-end=\"1851\" data-is-last-node=\"\" data-is-only-node=\"\">Evite o ressecamento do produto durante a aplica\u00e7\u00e3o, pois isso pode comprometer o desempenho e o funcionamento da enceradeira.<\/p>\n<\/div>\n<\/div>\n<\/div>\n<\/div>\n<\/div>\n<\/div>\n<\/article>\n<\/div>\n<hr \/>\n<p>&nbsp;<\/p>\n","protected":false},"excerpt":{"rendered":"<p data-start=\"158\" data-end=\"349\">Restaura L\u00e2minas Ultracompactas \u00e9 um produto espec\u00edfico para o tratamento e solu\u00e7\u00e3o de defeitos presentes em superf\u00edcies de l\u00e2minas ultracompactas, promovendo a recupera\u00e7\u00e3o do lustro natural.<br \/>\nO produto se destaca pela capacidade de criar uma microabras\u00e3o que recupera o material atrav\u00e9s de uma rea\u00e7\u00e3o termoqu\u00edmica na superf\u00edcie. Esse processo permite eliminar defeitos como escoria\u00e7\u00f5es leves, arranh\u00f5es, opacidade, n\u00e9voas e desgastes em geral, devolvendo o brilho original do material. Sua a\u00e7\u00e3o n\u00e3o compromete a apar\u00eancia natural da superf\u00edcie. Pelo contr\u00e1rio, elimina imperfei\u00e7\u00f5es e proporciona limpeza, polimento, lustro e uniformidade de cor \u00e0 \u00e1rea tratada.<\/p>\n","protected":false},"featured_media":1001777,"template":"","meta":[],"product_brand":[],"product_cat":[68,74],"product_tag":[],"class_list":{"0":"post-1000495","1":"product","2":"type-product","3":"status-publish","4":"has-post-thumbnail","6":"product_cat-corporate","7":"product_cat-profissional","9":"first","10":"instock","11":"shipping-taxable","12":"product-type-simple"},"_links":{"self":[{"href":"https:\/\/bellinzoni.net\/pt\/wp-json\/wp\/v2\/product\/1000495","targetHints":{"allow":["GET"]}}],"collection":[{"href":"https:\/\/bellinzoni.net\/pt\/wp-json\/wp\/v2\/product"}],"about":[{"href":"https:\/\/bellinzoni.net\/pt\/wp-json\/wp\/v2\/types\/product"}],"version-history":[{"count":4,"href":"https:\/\/bellinzoni.net\/pt\/wp-json\/wp\/v2\/product\/1000495\/revisions"}],"predecessor-version":[{"id":1002144,"href":"https:\/\/bellinzoni.net\/pt\/wp-json\/wp\/v2\/product\/1000495\/revisions\/1002144"}],"wp:featuredmedia":[{"embeddable":true,"href":"https:\/\/bellinzoni.net\/pt\/wp-json\/wp\/v2\/media\/1001777"}],"wp:attachment":[{"href":"https:\/\/bellinzoni.net\/pt\/wp-json\/wp\/v2\/media?parent=1000495"}],"wp:term":[{"taxonomy":"product_brand","embeddable":true,"href":"https:\/\/bellinzoni.net\/pt\/wp-json\/wp\/v2\/product_brand?post=1000495"},{"taxonomy":"product_cat","embeddable":true,"href":"https:\/\/bellinzoni.net\/pt\/wp-json\/wp\/v2\/product_cat?post=1000495"},{"taxonomy":"product_tag","embeddable":true,"href":"https:\/\/bellinzoni.net\/pt\/wp-json\/wp\/v2\/product_tag?post=1000495"}],"curies":[{"name":"wp","href":"https:\/\/api.w.org\/{rel}","templated":true}]}}