{"id":1000513,"date":"2026-01-28T20:36:56","date_gmt":"2026-01-28T20:36:56","guid":{"rendered":"https:\/\/bellinzoni.net\/pt\/?post_type=product&#038;p=1000513"},"modified":"2026-03-17T12:06:39","modified_gmt":"2026-03-17T12:06:39","slug":"odorizador-de-ambientes-bambu","status":"publish","type":"product","link":"https:\/\/bellinzoni.net\/pt\/produto\/odorizador-de-ambientes-bambu\/","title":{"rendered":"Odorizador de Ambientes Bambu"},"content":{"rendered":"<p data-start=\"308\" data-end=\"375\"><strong data-start=\"308\" data-end=\"321\">Descri\u00e7\u00e3o<\/strong><br data-start=\"321\" data-end=\"324\" \/>C\u00f3digo do Produto: 500 mL \u2013 P240826 | 1 L \u2013 P240966<\/p>\n<hr data-start=\"377\" data-end=\"380\" \/>\n<p data-start=\"382\" data-end=\"431\"><strong data-start=\"382\" data-end=\"410\">Superf\u00edcies de Aplica\u00e7\u00e3o<\/strong><br data-start=\"410\" data-end=\"413\" \/>Ambientes Internos<\/p>\n<hr data-start=\"433\" data-end=\"436\" \/>\n<p data-start=\"438\" data-end=\"459\"><strong data-start=\"438\" data-end=\"459\">Instru\u00e7\u00f5es de Uso<\/strong><\/p>\n<p data-start=\"461\" data-end=\"486\"><strong data-start=\"461\" data-end=\"486\">Prepara\u00e7\u00e3o do produto<\/strong><\/p>\n<p data-start=\"488\" data-end=\"512\">Produto pronto para uso.<\/p>\n<p data-start=\"514\" data-end=\"538\"><strong data-start=\"514\" data-end=\"538\">Aplica\u00e7\u00e3o do produto<\/strong><\/p>\n<p data-start=\"540\" data-end=\"636\">Pulverize o produto diretamente no ambiente, distribuindo-o de forma uniforme no local desejado.<\/p>\n<p data-start=\"638\" data-end=\"664\"><strong data-start=\"638\" data-end=\"664\">Perfuma\u00e7\u00f5es adicionais<\/strong><\/p>\n<p data-start=\"666\" data-end=\"787\">Para maior fixa\u00e7\u00e3o da fragr\u00e2ncia, borrife levemente sobre cortinas, roupas de cama ou outras superf\u00edcies fixas adequadas.<\/p>\n<p data-start=\"789\" data-end=\"803\"><strong data-start=\"789\" data-end=\"803\">Observa\u00e7\u00e3o<\/strong><\/p>\n<p data-start=\"805\" data-end=\"954\" data-is-last-node=\"\" data-is-only-node=\"\">Algumas borrifadas s\u00e3o suficientes para proporcionar perfuma\u00e7\u00e3o imediata e prolongada. Reaplique sempre que desejar renovar a fragr\u00e2ncia no ambiente.<\/p>\n<hr \/>\n<h5 class=\"no-margin\">Downloads<\/h5>\n<hr \/>\n<ul>\n<li><strong><a href=\"http:\/\/bellinzoni.net\/fichas-2025\/Odorizador_de_Ambientes.pdf\" target=\"_blank\" rel=\"noopener noreferrer\">Ficha T\u00e9cnica do Produto<\/a><\/strong><\/li>\n<\/ul>\n","protected":false},"excerpt":{"rendered":"<h5 class=\"no-margin\"><\/h5>\n<p>Produto desenvolvido para perfumar e proporcionar sensa\u00e7\u00e3o de frescor e bem-estar nos ambientes. Sua fragr\u00e2ncia delicada garante perfuma\u00e7\u00e3o agrad\u00e1vel e duradoura. Pode ser utilizado em diferentes espa\u00e7os como<br \/>\nsalas, quartos, escrit\u00f3rios, banheiros e \u00e1reas de hotelaria. Tamb\u00e9m indicado para borrifar em superf\u00edcies fixas como<br \/>\ncortinas, paredes e len\u00e7\u00f3is, prolongando a perfuma\u00e7\u00e3o por muito mais tempo<\/p>\n","protected":false},"featured_media":1001774,"template":"","meta":[],"product_brand":[],"product_cat":[68],"product_tag":[],"class_list":{"0":"post-1000513","1":"product","2":"type-product","3":"status-publish","4":"has-post-thumbnail","6":"product_cat-corporate","8":"first","9":"instock","10":"shipping-taxable","11":"product-type-simple"},"_links":{"self":[{"href":"https:\/\/bellinzoni.net\/pt\/wp-json\/wp\/v2\/product\/1000513","targetHints":{"allow":["GET"]}}],"collection":[{"href":"https:\/\/bellinzoni.net\/pt\/wp-json\/wp\/v2\/product"}],"about":[{"href":"https:\/\/bellinzoni.net\/pt\/wp-json\/wp\/v2\/types\/product"}],"version-history":[{"count":3,"href":"https:\/\/bellinzoni.net\/pt\/wp-json\/wp\/v2\/product\/1000513\/revisions"}],"predecessor-version":[{"id":1002111,"href":"https:\/\/bellinzoni.net\/pt\/wp-json\/wp\/v2\/product\/1000513\/revisions\/1002111"}],"wp:featuredmedia":[{"embeddable":true,"href":"https:\/\/bellinzoni.net\/pt\/wp-json\/wp\/v2\/media\/1001774"}],"wp:attachment":[{"href":"https:\/\/bellinzoni.net\/pt\/wp-json\/wp\/v2\/media?parent=1000513"}],"wp:term":[{"taxonomy":"product_brand","embeddable":true,"href":"https:\/\/bellinzoni.net\/pt\/wp-json\/wp\/v2\/product_brand?post=1000513"},{"taxonomy":"product_cat","embeddable":true,"href":"https:\/\/bellinzoni.net\/pt\/wp-json\/wp\/v2\/product_cat?post=1000513"},{"taxonomy":"product_tag","embeddable":true,"href":"https:\/\/bellinzoni.net\/pt\/wp-json\/wp\/v2\/product_tag?post=1000513"}],"curies":[{"name":"wp","href":"https:\/\/api.w.org\/{rel}","templated":true}]}}