{"id":1000515,"date":"2026-01-28T20:36:56","date_gmt":"2026-01-28T20:36:56","guid":{"rendered":"https:\/\/bellinzoni.net\/pt\/?post_type=product&#038;p=1000515"},"modified":"2026-03-17T11:48:04","modified_gmt":"2026-03-17T11:48:04","slug":"odorizador-de-ambientes-flor-de-figo","status":"publish","type":"product","link":"https:\/\/bellinzoni.net\/pt\/produto\/odorizador-de-ambientes-flor-de-figo\/","title":{"rendered":"Odorizador de Ambientes Flor de Figo"},"content":{"rendered":"<p data-start=\"306\" data-end=\"373\"><strong data-start=\"306\" data-end=\"319\">Descri\u00e7\u00e3o<\/strong><br data-start=\"319\" data-end=\"322\" \/>C\u00f3digo do Produto: 500 mL \u2013 P240907 | 1 L \u2013 P240990<\/p>\n<hr data-start=\"375\" data-end=\"378\" \/>\n<p data-start=\"380\" data-end=\"429\"><strong data-start=\"380\" data-end=\"408\">Superf\u00edcies de Aplica\u00e7\u00e3o<\/strong><br data-start=\"408\" data-end=\"411\" \/>Ambientes Internos<\/p>\n<hr data-start=\"431\" data-end=\"434\" \/>\n<p data-start=\"436\" data-end=\"457\"><strong data-start=\"436\" data-end=\"457\">Instru\u00e7\u00f5es de Uso<\/strong><\/p>\n<p data-start=\"459\" data-end=\"484\"><strong data-start=\"459\" data-end=\"484\">Prepara\u00e7\u00e3o do produto<\/strong><\/p>\n<p data-start=\"486\" data-end=\"510\">Produto pronto para uso.<\/p>\n<p data-start=\"512\" data-end=\"536\"><strong data-start=\"512\" data-end=\"536\">Aplica\u00e7\u00e3o do produto<\/strong><\/p>\n<p data-start=\"538\" data-end=\"634\">Pulverize o produto diretamente no ambiente, distribuindo-o de forma uniforme no local desejado.<\/p>\n<p data-start=\"636\" data-end=\"662\"><strong data-start=\"636\" data-end=\"662\">Perfuma\u00e7\u00f5es adicionais<\/strong><\/p>\n<p data-start=\"664\" data-end=\"785\">Para maior fixa\u00e7\u00e3o da fragr\u00e2ncia, borrife levemente sobre cortinas, roupas de cama ou outras superf\u00edcies fixas adequadas.<\/p>\n<p data-start=\"787\" data-end=\"801\"><strong data-start=\"787\" data-end=\"801\">Observa\u00e7\u00e3o<\/strong><\/p>\n<p data-start=\"803\" data-end=\"952\" data-is-last-node=\"\" data-is-only-node=\"\">Algumas borrifadas s\u00e3o suficientes para proporcionar perfuma\u00e7\u00e3o imediata e prolongada. Reaplique sempre que desejar renovar a fragr\u00e2ncia no ambiente.<\/p>\n<hr \/>\n<h5 class=\"no-margin\">Downloads<\/h5>\n<hr \/>\n<ul>\n<li><strong><a href=\"http:\/\/bellinzoni.net\/fichas-2025\/Odorizador_de_Ambientes.pdf\" target=\"_blank\" rel=\"noopener noreferrer\">Ficha T\u00e9cnica do Produto<\/a><\/strong><\/li>\n<\/ul>\n","protected":false},"excerpt":{"rendered":"<h5 class=\"no-margin\"><\/h5>\n<p>Produto desenvolvido para perfumar e proporcionar sensa\u00e7\u00e3o de frescor e bem-estar nos ambientes. Sua fragr\u00e2ncia delicada garante perfuma\u00e7\u00e3o agrad\u00e1vel e duradoura. Pode ser utilizado em diferentes espa\u00e7os como salas, quartos, escrit\u00f3rios, banheiros e \u00e1reas de hotelaria. Tamb\u00e9m indicado para borrifar em superf\u00edcies fixas como cortinas, paredes e len\u00e7\u00f3is, prolongando a perfuma\u00e7\u00e3o por muito mais tempo.<\/p>\n","protected":false},"featured_media":1001776,"template":"","meta":[],"product_brand":[],"product_cat":[68],"product_tag":[],"class_list":{"0":"post-1000515","1":"product","2":"type-product","3":"status-publish","4":"has-post-thumbnail","6":"product_cat-corporate","8":"first","9":"instock","10":"shipping-taxable","11":"product-type-simple"},"_links":{"self":[{"href":"https:\/\/bellinzoni.net\/pt\/wp-json\/wp\/v2\/product\/1000515","targetHints":{"allow":["GET"]}}],"collection":[{"href":"https:\/\/bellinzoni.net\/pt\/wp-json\/wp\/v2\/product"}],"about":[{"href":"https:\/\/bellinzoni.net\/pt\/wp-json\/wp\/v2\/types\/product"}],"version-history":[{"count":3,"href":"https:\/\/bellinzoni.net\/pt\/wp-json\/wp\/v2\/product\/1000515\/revisions"}],"predecessor-version":[{"id":1002108,"href":"https:\/\/bellinzoni.net\/pt\/wp-json\/wp\/v2\/product\/1000515\/revisions\/1002108"}],"wp:featuredmedia":[{"embeddable":true,"href":"https:\/\/bellinzoni.net\/pt\/wp-json\/wp\/v2\/media\/1001776"}],"wp:attachment":[{"href":"https:\/\/bellinzoni.net\/pt\/wp-json\/wp\/v2\/media?parent=1000515"}],"wp:term":[{"taxonomy":"product_brand","embeddable":true,"href":"https:\/\/bellinzoni.net\/pt\/wp-json\/wp\/v2\/product_brand?post=1000515"},{"taxonomy":"product_cat","embeddable":true,"href":"https:\/\/bellinzoni.net\/pt\/wp-json\/wp\/v2\/product_cat?post=1000515"},{"taxonomy":"product_tag","embeddable":true,"href":"https:\/\/bellinzoni.net\/pt\/wp-json\/wp\/v2\/product_tag?post=1000515"}],"curies":[{"name":"wp","href":"https:\/\/api.w.org\/{rel}","templated":true}]}}