{"id":1000517,"date":"2026-01-28T20:36:56","date_gmt":"2026-01-28T20:36:56","guid":{"rendered":"https:\/\/bellinzoni.net\/pt\/?post_type=product&#038;p=1000517"},"modified":"2026-03-26T17:38:26","modified_gmt":"2026-03-26T17:38:26","slug":"diamante-plus","status":"publish","type":"product","link":"https:\/\/bellinzoni.net\/pt\/produto\/diamante-plus\/","title":{"rendered":"Diamante Plus"},"content":{"rendered":"<p class=\"no-margin\">C\u00f3digo do Produto: 800g \u2012 001036<\/p>\n<hr \/>\n<h5 class=\"no-margin\">Superf\u00edcies de Aplica\u00e7\u00e3o<\/h5>\n<ul>\n<li>Granito<\/li>\n<\/ul>\n<hr \/>\n<h5 class=\"no-margin\">Instru\u00e7\u00f5es de Uso<\/h5>\n<hr \/>\n<p data-start=\"21\" data-end=\"49\"><strong data-start=\"21\" data-end=\"49\">Prepara\u00e7\u00e3o da superf\u00edcie<\/strong><\/p>\n<ul data-start=\"51\" data-end=\"266\">\n<li data-section-id=\"1cptwna\" data-start=\"51\" data-end=\"125\">\n<p data-start=\"53\" data-end=\"125\">A superf\u00edcie deve estar completamente limpa e seca antes da aplica\u00e7\u00e3o.<\/p>\n<\/li>\n<li data-section-id=\"1iqkv64\" data-start=\"126\" data-end=\"266\">\n<p data-start=\"128\" data-end=\"266\">Recomenda-se realizar previamente a limpeza utilizando detergente adequado da linha Bellinzoni para garantir melhor desempenho do produto.<\/p>\n<\/li>\n<\/ul>\n<p data-start=\"268\" data-end=\"292\"><strong data-start=\"268\" data-end=\"292\">Aplica\u00e7\u00e3o do produto<\/strong><\/p>\n<ul data-start=\"294\" data-end=\"468\">\n<li data-section-id=\"oh3dfz\" data-start=\"294\" data-end=\"397\">\n<p data-start=\"296\" data-end=\"397\">Aplique aproximadamente 20 g do produto sobre o piso, equivalente a cerca de duas colheres de sopa.<\/p>\n<\/li>\n<li data-section-id=\"yo3uyq\" data-start=\"398\" data-end=\"468\">\n<p data-start=\"400\" data-end=\"468\">Borrife \u00e1gua sobre o produto at\u00e9 formar um creme sobre a superf\u00edcie.<\/p>\n<\/li>\n<\/ul>\n<p data-start=\"470\" data-end=\"483\"><strong data-start=\"470\" data-end=\"483\">Polimento<\/strong><\/p>\n<ul data-start=\"485\" data-end=\"806\">\n<li data-section-id=\"1879srx\" data-start=\"485\" data-end=\"622\">\n<p data-start=\"487\" data-end=\"622\">Trabalhe o produto com uma enceradeira de aproximadamente 60 kg e pot\u00eancia de 2,5 HP ou superior, equipada com disco de fibra branco.<\/p>\n<\/li>\n<li data-section-id=\"w884en\" data-start=\"623\" data-end=\"715\">\n<p data-start=\"625\" data-end=\"715\">Com essa quantidade de produto, recomenda-se trabalhar em uma \u00e1rea aproximada de 1,5 m\u00b2.<\/p>\n<\/li>\n<li data-section-id=\"1bw8uxr\" data-start=\"716\" data-end=\"806\">\n<p data-start=\"718\" data-end=\"806\">Realize movimentos circulares com a enceradeira para promover o polimento da superf\u00edcie.<\/p>\n<\/li>\n<\/ul>\n<p data-start=\"808\" data-end=\"837\"><strong data-start=\"808\" data-end=\"837\">Ajuste durante o processo<\/strong><\/p>\n<ul data-start=\"839\" data-end=\"1110\">\n<li data-section-id=\"cbb6qv\" data-start=\"839\" data-end=\"965\">\n<p data-start=\"841\" data-end=\"965\">Conforme o produto for secando sobre o material, borrife pequenas quantidades de \u00e1gua para manter o processo de polimento.<\/p>\n<\/li>\n<li data-section-id=\"b5hxug\" data-start=\"966\" data-end=\"1110\">\n<p data-start=\"968\" data-end=\"1110\">Continue o procedimento at\u00e9 que o produto seja completamente absorvido pelo material e a enceradeira apresente maior resist\u00eancia ao movimento.<\/p>\n<\/li>\n<\/ul>\n<p data-start=\"1112\" data-end=\"1127\"><strong data-start=\"1112\" data-end=\"1127\">Finaliza\u00e7\u00e3o<\/strong><\/p>\n<ul data-start=\"1129\" data-end=\"1375\">\n<li data-section-id=\"rt01zf\" data-start=\"1129\" data-end=\"1200\">\n<p data-start=\"1131\" data-end=\"1200\">Ap\u00f3s o polimento, lave a superf\u00edcie utilizando detergente adequado.<\/p>\n<\/li>\n<li data-section-id=\"ron5o5\" data-start=\"1201\" data-end=\"1375\">\n<p data-start=\"1203\" data-end=\"1375\">Aguarde a secagem completa e, em seguida, aque\u00e7a o granito utilizando a mesma enceradeira equipada com disco de fibra branco limpo ou pele de porco para finalizar o brilho.<\/p>\n<\/li>\n<\/ul>\n<p data-start=\"1377\" data-end=\"1391\"><strong data-start=\"1377\" data-end=\"1391\">Observa\u00e7\u00e3o<\/strong><\/p>\n<ul data-start=\"1393\" data-end=\"1567\">\n<li data-section-id=\"1wtdhku\" data-start=\"1393\" data-end=\"1471\">\n<p data-start=\"1395\" data-end=\"1471\">Caso necess\u00e1rio, repita todo o processo at\u00e9 alcan\u00e7ar o resultado desejado.<\/p>\n<\/li>\n<li data-section-id=\"m8ak3a\" data-start=\"1472\" data-end=\"1567\">\n<p data-start=\"1474\" data-end=\"1567\">Recomenda-se sempre realizar um teste pr\u00e9vio em uma pequena \u00e1rea antes da aplica\u00e7\u00e3o completa.<\/p>\n<\/li>\n<\/ul>\n<hr \/>\n<h5 class=\"no-margin\">Rendimento:<\/h5>\n<hr \/>\n<p class=\"no-margin\">800 g rendem aproximadamente 50 m\u00b2, podendo variar conforme o tipo de material e as condi\u00e7\u00f5es de aplica\u00e7\u00e3o.<\/p>\n","protected":false},"excerpt":{"rendered":"<h5 class=\"no-margin\"><\/h5>\n<p>Produto desenvolvido para polimento de granitos. Deve ser usado com o polimento final para fechamento de porosidade do material e intensifica\u00e7\u00e3o de brilho.<\/p>\n","protected":false},"featured_media":1002431,"template":"","meta":[],"product_brand":[],"product_cat":[74],"product_tag":[],"class_list":{"0":"post-1000517","1":"product","2":"type-product","3":"status-publish","4":"has-post-thumbnail","6":"product_cat-profissional","8":"first","9":"instock","10":"shipping-taxable","11":"product-type-simple"},"_links":{"self":[{"href":"https:\/\/bellinzoni.net\/pt\/wp-json\/wp\/v2\/product\/1000517","targetHints":{"allow":["GET"]}}],"collection":[{"href":"https:\/\/bellinzoni.net\/pt\/wp-json\/wp\/v2\/product"}],"about":[{"href":"https:\/\/bellinzoni.net\/pt\/wp-json\/wp\/v2\/types\/product"}],"version-history":[{"count":5,"href":"https:\/\/bellinzoni.net\/pt\/wp-json\/wp\/v2\/product\/1000517\/revisions"}],"predecessor-version":[{"id":1001980,"href":"https:\/\/bellinzoni.net\/pt\/wp-json\/wp\/v2\/product\/1000517\/revisions\/1001980"}],"wp:featuredmedia":[{"embeddable":true,"href":"https:\/\/bellinzoni.net\/pt\/wp-json\/wp\/v2\/media\/1002431"}],"wp:attachment":[{"href":"https:\/\/bellinzoni.net\/pt\/wp-json\/wp\/v2\/media?parent=1000517"}],"wp:term":[{"taxonomy":"product_brand","embeddable":true,"href":"https:\/\/bellinzoni.net\/pt\/wp-json\/wp\/v2\/product_brand?post=1000517"},{"taxonomy":"product_cat","embeddable":true,"href":"https:\/\/bellinzoni.net\/pt\/wp-json\/wp\/v2\/product_cat?post=1000517"},{"taxonomy":"product_tag","embeddable":true,"href":"https:\/\/bellinzoni.net\/pt\/wp-json\/wp\/v2\/product_tag?post=1000517"}],"curies":[{"name":"wp","href":"https:\/\/api.w.org\/{rel}","templated":true}]}}