{"id":1000518,"date":"2026-01-28T20:36:56","date_gmt":"2026-01-28T20:36:56","guid":{"rendered":"https:\/\/bellinzoni.net\/pt\/?post_type=product&#038;p=1000518"},"modified":"2026-03-16T12:55:09","modified_gmt":"2026-03-16T12:55:09","slug":"decape-ultra","status":"publish","type":"product","link":"https:\/\/bellinzoni.net\/pt\/produto\/decape-ultra\/","title":{"rendered":"Decape Ultra"},"content":{"rendered":"<p data-start=\"400\" data-end=\"462\"><strong data-start=\"400\" data-end=\"413\">Descri\u00e7\u00e3o<\/strong><br data-start=\"413\" data-end=\"416\" \/>C\u00f3digo do Produto: 1 L \u2013 008179 | 5 L \u2013 008186<\/p>\n<hr data-start=\"464\" data-end=\"467\" \/>\n<p data-start=\"469\" data-end=\"567\"><strong data-start=\"469\" data-end=\"497\">Superf\u00edcies de Aplica\u00e7\u00e3o<\/strong><br data-start=\"497\" data-end=\"500\" \/>Porcelanato Antiderrapante<br data-start=\"526\" data-end=\"529\" \/>Cer\u00e2mica<br data-start=\"537\" data-end=\"540\" \/>Pisos Ciment\u00edcios<br data-start=\"557\" data-end=\"560\" \/>Granito<\/p>\n<hr data-start=\"569\" data-end=\"572\" \/>\n<p data-start=\"574\" data-end=\"595\"><strong data-start=\"574\" data-end=\"595\">Instru\u00e7\u00f5es de Uso<\/strong><\/p>\n<p data-start=\"597\" data-end=\"625\"><strong data-start=\"597\" data-end=\"625\">Prepara\u00e7\u00e3o da superf\u00edcie<\/strong><\/p>\n<p data-start=\"627\" data-end=\"710\">A superf\u00edcie a ser tratada deve estar livre de ceras, resinas, poeiras ou gorduras.<\/p>\n<p data-start=\"712\" data-end=\"736\"><strong data-start=\"712\" data-end=\"736\">Dilui\u00e7\u00e3o e aplica\u00e7\u00e3o<\/strong><\/p>\n<p data-start=\"738\" data-end=\"928\">O Decape Ultra \u00e9 altamente concentrado e, em superf\u00edcies com elevado teor de sujidades, pode ser utilizado puro. Recomenda-se realizar um teste pr\u00e9vio em uma pequena \u00e1rea antes da aplica\u00e7\u00e3o.<\/p>\n<p data-start=\"930\" data-end=\"1049\">Aplique o produto ou a solu\u00e7\u00e3o cuidadosamente sobre a superf\u00edcie, espalhando uniformemente por toda a \u00e1rea a ser limpa.<\/p>\n<p data-start=\"1051\" data-end=\"1068\"><strong data-start=\"1051\" data-end=\"1068\">Tempo de a\u00e7\u00e3o<\/strong><\/p>\n<p data-start=\"1070\" data-end=\"1110\">Deixe o produto agir por at\u00e9 30 minutos.<\/p>\n<p data-start=\"1112\" data-end=\"1123\"><strong data-start=\"1112\" data-end=\"1123\">Limpeza<\/strong><\/p>\n<p data-start=\"1125\" data-end=\"1220\">Ap\u00f3s o tempo de a\u00e7\u00e3o, esfregue bem a superf\u00edcie e enx\u00e1gue imediatamente com \u00e1gua em abund\u00e2ncia.<\/p>\n<p data-start=\"1222\" data-end=\"1308\">Se necess\u00e1rio, uma nova aplica\u00e7\u00e3o pode ser realizada para promover uma nova decapagem.<\/p>\n<p data-start=\"1310\" data-end=\"1325\"><strong data-start=\"1310\" data-end=\"1325\">Finaliza\u00e7\u00e3o<\/strong><\/p>\n<p data-start=\"1327\" data-end=\"1488\">Ap\u00f3s alcan\u00e7ar o resultado desejado e com a superf\u00edcie completamente seca, recomenda-se aplicar um produto da linha Bellinzoni adequado para prote\u00e7\u00e3o do material.<\/p>\n<hr data-start=\"1490\" data-end=\"1493\" \/>\n<p data-start=\"1495\" data-end=\"1503\"><strong data-start=\"1495\" data-end=\"1503\">Dica<\/strong><\/p>\n<p data-start=\"1505\" data-end=\"1677\">N\u00e3o aplique o produto diretamente da embalagem original sobre a superf\u00edcie. Utilize sempre um recipiente auxiliar e despeje o produto suavemente sobre a \u00e1rea a ser tratada.<\/p>\n<hr data-start=\"1679\" data-end=\"1682\" \/>\n<p data-start=\"1684\" data-end=\"1705\"><strong data-start=\"1684\" data-end=\"1705\">Indica\u00e7\u00f5es de uso<\/strong><\/p>\n<p data-start=\"1707\" data-end=\"1959\" data-is-last-node=\"\" data-is-only-node=\"\">Excelente para pedra mineira (quartzitos), cer\u00e2micas, porcelanatos, arenitos, m\u00e1rmores, granitos e outros revestimentos que necessitam de renova\u00e7\u00e3o.<br data-start=\"1855\" data-end=\"1858\" \/>Observa\u00e7\u00e3o: materiais que possuam brilho original podem perder o brilho ap\u00f3s o processo de decapagem.<\/p>\n<hr \/>\n<h5 class=\"no-margin\">Downloads<\/h5>\n<hr \/>\n<ul>\n<li><strong><a href=\"http:\/\/bellinzoni.net\/fichas-2025\/Decape_ultra.pdf\" target=\"_blank\" rel=\"noopener noreferrer\">Ficha T\u00e9cnica do Produto<\/a><\/strong><\/li>\n<\/ul>\n<hr \/>\n<p>&nbsp;<\/p>\n","protected":false},"excerpt":{"rendered":"<h5 class=\"no-margin\"><\/h5>\n<p>O Decape Ultra Bellinzoni promove uma limpeza profunda nos revestimentos. Sua formula\u00e7\u00e3o exclusiva realiza uma raspagem qu\u00edmica, removendo sujeiras dif\u00edceis e barro vermelho, renovando a apar\u00eancia da superf\u00edcie. O produto age rapidamente, proporcionando um resultado eficaz em pouco tempo.<\/p>\n","protected":false},"featured_media":1001680,"template":"","meta":[],"product_brand":[],"product_cat":[68],"product_tag":[],"class_list":{"0":"post-1000518","1":"product","2":"type-product","3":"status-publish","4":"has-post-thumbnail","6":"product_cat-corporate","8":"first","9":"instock","10":"virtual","11":"product-type-simple"},"_links":{"self":[{"href":"https:\/\/bellinzoni.net\/pt\/wp-json\/wp\/v2\/product\/1000518","targetHints":{"allow":["GET"]}}],"collection":[{"href":"https:\/\/bellinzoni.net\/pt\/wp-json\/wp\/v2\/product"}],"about":[{"href":"https:\/\/bellinzoni.net\/pt\/wp-json\/wp\/v2\/types\/product"}],"version-history":[{"count":2,"href":"https:\/\/bellinzoni.net\/pt\/wp-json\/wp\/v2\/product\/1000518\/revisions"}],"predecessor-version":[{"id":1002002,"href":"https:\/\/bellinzoni.net\/pt\/wp-json\/wp\/v2\/product\/1000518\/revisions\/1002002"}],"wp:featuredmedia":[{"embeddable":true,"href":"https:\/\/bellinzoni.net\/pt\/wp-json\/wp\/v2\/media\/1001680"}],"wp:attachment":[{"href":"https:\/\/bellinzoni.net\/pt\/wp-json\/wp\/v2\/media?parent=1000518"}],"wp:term":[{"taxonomy":"product_brand","embeddable":true,"href":"https:\/\/bellinzoni.net\/pt\/wp-json\/wp\/v2\/product_brand?post=1000518"},{"taxonomy":"product_cat","embeddable":true,"href":"https:\/\/bellinzoni.net\/pt\/wp-json\/wp\/v2\/product_cat?post=1000518"},{"taxonomy":"product_tag","embeddable":true,"href":"https:\/\/bellinzoni.net\/pt\/wp-json\/wp\/v2\/product_tag?post=1000518"}],"curies":[{"name":"wp","href":"https:\/\/api.w.org\/{rel}","templated":true}]}}