{"id":1000519,"date":"2026-01-28T20:36:56","date_gmt":"2026-01-28T20:36:56","guid":{"rendered":"https:\/\/bellinzoni.net\/pt\/?post_type=product&#038;p=1000519"},"modified":"2026-02-24T14:27:22","modified_gmt":"2026-02-24T14:27:22","slug":"fixa-rodape","status":"publish","type":"product","link":"https:\/\/bellinzoni.net\/pt\/produto\/fixa-rodape\/","title":{"rendered":"Fixa Rodap\u00e9"},"content":{"rendered":"<p class=\"no-margin\">C\u00f3digo do Produto: 400g \u2013 235679<\/p>\n<hr \/>\n<h5 class=\"no-margin\">Superf\u00edcies de Aplica\u00e7\u00e3o<\/h5>\n<ul>\n<li>Rodap\u00e9<\/li>\n<\/ul>\n<hr \/>\n<h5 class=\"no-margin\">Finalidade<\/h5>\n<hr \/>\n<p>Bell Fix Fixa Rodap\u00e9 \u00e9 um selante de emuls\u00e3o acr\u00edlica flex\u00edvel com fungicida, indicado para veda\u00e7\u00f5es em diversos tipos de substratos. \u00c9 resistente \u00e0 forma\u00e7\u00e3o de fungos, pode ser lixado, pintado e receber revestimentos ap\u00f3s a aplica\u00e7\u00e3o. N\u00e3o trinca.<\/p>\n<hr \/>\n<h5 class=\"no-margin\">Instru\u00e7\u00f5es de Uso<\/h5>\n<hr \/>\n<p data-start=\"75\" data-end=\"225\">A superf\u00edcie deve estar isenta de p\u00f3, gorduras ou qualquer subst\u00e2ncia que possa prejudicar a ader\u00eancia. Aguarde a secagem completa antes da aplica\u00e7\u00e3o. Para um melhor acabamento, proteja as \u00e1reas onde n\u00e3o deseja contato do produto utilizando fita adesiva. Aplique o produto e realize o acabamento conforme necess\u00e1rio. Limpe as ferramentas e remova a fita adesiva antes da cura total. Ap\u00f3s curado, o produto s\u00f3 pode ser removido mecanicamente. Ap\u00f3s o uso, deixe uma pequena quantidade de produto acima do bico para formar um tamp\u00e3o. Na reutiliza\u00e7\u00e3o, basta retirar esse tamp\u00e3o.<\/p>\n<hr \/>\n<h5 class=\"no-margin\">Downloads<\/h5>\n<hr \/>\n<ul>\n<li><strong><a href=\"http:\/\/bellinzoni.net\/fichas-2025\/fixa_rodape.pdf\" target=\"_blank\" rel=\"noopener noreferrer\">Ficha T\u00e9cnica do Produto<\/a><\/strong><\/li>\n<\/ul>\n<hr \/>\n<p>&nbsp;<\/p>\n","protected":false},"excerpt":{"rendered":"<h5 class=\"no-margin\"><\/h5>\n<p>Bell Fix Fixa Rodap\u00e9 \u00e9 um selante de base emuls\u00e3o acr\u00edlica flex\u00edvel com fungicida indicado para veda\u00e7\u00f5es em uma variedade de substratos. Resistente \u00e0 forma\u00e7\u00e3o de fungos, pode ser lixado, pintado e<br \/>\nreceber revestimento sobre a aplica\u00e7\u00e3o. N\u00e3o trinca.<\/p>\n","protected":false},"featured_media":1001343,"template":"","meta":[],"product_brand":[],"product_cat":[68],"product_tag":[],"class_list":{"0":"post-1000519","1":"product","2":"type-product","3":"status-publish","4":"has-post-thumbnail","6":"product_cat-corporate","8":"first","9":"instock","10":"shipping-taxable","11":"product-type-simple"},"_links":{"self":[{"href":"https:\/\/bellinzoni.net\/pt\/wp-json\/wp\/v2\/product\/1000519","targetHints":{"allow":["GET"]}}],"collection":[{"href":"https:\/\/bellinzoni.net\/pt\/wp-json\/wp\/v2\/product"}],"about":[{"href":"https:\/\/bellinzoni.net\/pt\/wp-json\/wp\/v2\/types\/product"}],"version-history":[{"count":2,"href":"https:\/\/bellinzoni.net\/pt\/wp-json\/wp\/v2\/product\/1000519\/revisions"}],"predecessor-version":[{"id":1001499,"href":"https:\/\/bellinzoni.net\/pt\/wp-json\/wp\/v2\/product\/1000519\/revisions\/1001499"}],"wp:featuredmedia":[{"embeddable":true,"href":"https:\/\/bellinzoni.net\/pt\/wp-json\/wp\/v2\/media\/1001343"}],"wp:attachment":[{"href":"https:\/\/bellinzoni.net\/pt\/wp-json\/wp\/v2\/media?parent=1000519"}],"wp:term":[{"taxonomy":"product_brand","embeddable":true,"href":"https:\/\/bellinzoni.net\/pt\/wp-json\/wp\/v2\/product_brand?post=1000519"},{"taxonomy":"product_cat","embeddable":true,"href":"https:\/\/bellinzoni.net\/pt\/wp-json\/wp\/v2\/product_cat?post=1000519"},{"taxonomy":"product_tag","embeddable":true,"href":"https:\/\/bellinzoni.net\/pt\/wp-json\/wp\/v2\/product_tag?post=1000519"}],"curies":[{"name":"wp","href":"https:\/\/api.w.org\/{rel}","templated":true}]}}