{"id":1000520,"date":"2026-01-28T20:36:56","date_gmt":"2026-01-28T20:36:56","guid":{"rendered":"https:\/\/bellinzoni.net\/pt\/?post_type=product&#038;p=1000520"},"modified":"2026-02-24T14:28:31","modified_gmt":"2026-02-24T14:28:31","slug":"fixa-cuba-selante-adesivo","status":"publish","type":"product","link":"https:\/\/bellinzoni.net\/pt\/produto\/fixa-cuba-selante-adesivo\/","title":{"rendered":"Fixa Cuba Selante Adesivo"},"content":{"rendered":"<p class=\"no-margin\">C\u00f3digo do Produto: 400g \u2013\u00a0235695<\/p>\n<hr \/>\n<h5 class=\"no-margin\">Superf\u00edcies de Aplica\u00e7\u00e3o<\/h5>\n<ul>\n<li>Cubas de Metal<\/li>\n<li>Porcelana<\/li>\n<li>Cer\u00e2mica<\/li>\n<li>Acr\u00edlica<\/li>\n<li>Front\u00f5es<\/li>\n<\/ul>\n<hr \/>\n<h5 class=\"no-margin\">Finalidade<\/h5>\n<hr \/>\n<p data-start=\"64\" data-end=\"471\">Bell Fix Fixa Cuba \u00e9 um selante adesivo el\u00e1stico monocomponente \u00e0 base de poliuretano, de alta viscosidade, indicado para aplica\u00e7\u00f5es de colagem que exijam fixa\u00e7\u00e3o permanente em pias, m\u00e1rmores, metais, cer\u00e2micas e diversos materiais da constru\u00e7\u00e3o civil. Possui excelente propriedade de n\u00e3o escorrimento (non-sag) e cura ao entrar em contato com a umidade ambiente, formando um elast\u00f4mero de alta resist\u00eancia. Sua elevada viscosidade permite suportar cargas maiores antes da cura. Suas propriedades reol\u00f3gicas possibilitam o uso em diferentes setores industriais. Al\u00e9m disso, apresenta \u00f3tima resist\u00eancia ao intemperismo, ao envelhecimento e a subst\u00e2ncias qu\u00edmicas. Aceita pintura.<\/p>\n<hr \/>\n<h5 class=\"no-margin\">Instru\u00e7\u00f5es de Uso<\/h5>\n<hr \/>\n<p data-start=\"64\" data-end=\"312\">A superf\u00edcie deve estar isenta de p\u00f3, gorduras ou qualquer subst\u00e2ncia que possa prejudicar a ader\u00eancia. Aplique o produto na cuba e pressione-a imediatamente contra a pedra. Aguarde 6 horas antes de movimentar a cuba e 24 horas para sua utiliza\u00e7\u00e3o. Limpe as ferramentas antes da cura completa do produto; ap\u00f3s curado, o material s\u00f3 pode ser removido mecanicamente. Ap\u00f3s o uso, deixe uma pequena quantidade de produto acima do bico para formar um tamp\u00e3o. Na reutiliza\u00e7\u00e3o, basta retirar o tamp\u00e3o.<\/p>\n<p data-start=\"561\" data-end=\"729\" data-is-last-node=\"\" data-is-only-node=\"\">Para aplica\u00e7\u00f5es em substratos diferentes dos mencionados no Boletim T\u00e9cnico, recomenda-se realizar um teste pr\u00e9vio para avaliar a ades\u00e3o e a compatibilidade do produto.<\/p>\n<hr \/>\n<h5 class=\"no-margin\">Downloads<\/h5>\n<hr \/>\n<ul>\n<li><strong><a href=\"http:\/\/bellinzoni.net\/fichas-2025\/fixa_cuba.pdf\" target=\"_blank\" rel=\"noopener noreferrer\">Ficha T\u00e9cnica do Produto<\/a><\/strong><\/li>\n<\/ul>\n<hr \/>\n<p>&nbsp;<\/p>\n","protected":false},"excerpt":{"rendered":"<h5 class=\"no-margin\"><\/h5>\n<p data-start=\"64\" data-end=\"471\">Bell Fix Fixa Cuba \u00e9 um selante adesivo el\u00e1stico monocomponente \u00e0 base de poliuretano, de alta viscosidade, indicado para aplica\u00e7\u00f5es de colagem que exijam fixa\u00e7\u00e3o permanente em pias, m\u00e1rmores, metais, cer\u00e2micas e diversos materiais da constru\u00e7\u00e3o civil. Possui excelente propriedade de n\u00e3o escorrimento (non-sag) e cura ao entrar em contato com a umidade ambiente, formando um elast\u00f4mero de alta resist\u00eancia. Sua elevada viscosidade permite suportar cargas maiores antes da cura. Suas propriedades reol\u00f3gicas possibilitam o uso em diferentes setores industriais. Al\u00e9m disso, apresenta \u00f3tima resist\u00eancia ao intemperismo, ao envelhecimento e a subst\u00e2ncias qu\u00edmicas. Aceita pintura.<\/p>\n","protected":false},"featured_media":1001341,"template":"","meta":[],"product_brand":[],"product_cat":[68],"product_tag":[],"class_list":{"0":"post-1000520","1":"product","2":"type-product","3":"status-publish","4":"has-post-thumbnail","6":"product_cat-corporate","8":"first","9":"instock","10":"shipping-taxable","11":"product-type-simple"},"_links":{"self":[{"href":"https:\/\/bellinzoni.net\/pt\/wp-json\/wp\/v2\/product\/1000520","targetHints":{"allow":["GET"]}}],"collection":[{"href":"https:\/\/bellinzoni.net\/pt\/wp-json\/wp\/v2\/product"}],"about":[{"href":"https:\/\/bellinzoni.net\/pt\/wp-json\/wp\/v2\/types\/product"}],"version-history":[{"count":2,"href":"https:\/\/bellinzoni.net\/pt\/wp-json\/wp\/v2\/product\/1000520\/revisions"}],"predecessor-version":[{"id":1001500,"href":"https:\/\/bellinzoni.net\/pt\/wp-json\/wp\/v2\/product\/1000520\/revisions\/1001500"}],"wp:featuredmedia":[{"embeddable":true,"href":"https:\/\/bellinzoni.net\/pt\/wp-json\/wp\/v2\/media\/1001341"}],"wp:attachment":[{"href":"https:\/\/bellinzoni.net\/pt\/wp-json\/wp\/v2\/media?parent=1000520"}],"wp:term":[{"taxonomy":"product_brand","embeddable":true,"href":"https:\/\/bellinzoni.net\/pt\/wp-json\/wp\/v2\/product_brand?post=1000520"},{"taxonomy":"product_cat","embeddable":true,"href":"https:\/\/bellinzoni.net\/pt\/wp-json\/wp\/v2\/product_cat?post=1000520"},{"taxonomy":"product_tag","embeddable":true,"href":"https:\/\/bellinzoni.net\/pt\/wp-json\/wp\/v2\/product_tag?post=1000520"}],"curies":[{"name":"wp","href":"https:\/\/api.w.org\/{rel}","templated":true}]}}