{"id":1000521,"date":"2026-01-28T20:36:56","date_gmt":"2026-01-28T20:36:56","guid":{"rendered":"https:\/\/bellinzoni.net\/pt\/?post_type=product&#038;p=1000521"},"modified":"2026-03-16T13:40:10","modified_gmt":"2026-03-16T13:40:10","slug":"fixa-espelhos","status":"publish","type":"product","link":"https:\/\/bellinzoni.net\/pt\/produto\/fixa-espelhos\/","title":{"rendered":"Fixa Espelhos"},"content":{"rendered":"<p data-start=\"289\" data-end=\"338\"><strong data-start=\"289\" data-end=\"302\">Descri\u00e7\u00e3o<\/strong><br data-start=\"302\" data-end=\"305\" \/>C\u00f3digo do Produto: 400 g \u2013 235687<\/p>\n<hr data-start=\"340\" data-end=\"343\" \/>\n<p data-start=\"345\" data-end=\"384\"><strong data-start=\"345\" data-end=\"373\">Superf\u00edcies de Aplica\u00e7\u00e3o<\/strong><br data-start=\"373\" data-end=\"376\" \/>Espelhos<\/p>\n<hr data-start=\"386\" data-end=\"389\" \/>\n<p data-start=\"391\" data-end=\"412\"><strong data-start=\"391\" data-end=\"412\">Instru\u00e7\u00f5es de Uso<\/strong><\/p>\n<p data-start=\"414\" data-end=\"442\"><strong data-start=\"414\" data-end=\"442\">Prepara\u00e7\u00e3o da superf\u00edcie<\/strong><\/p>\n<p data-start=\"444\" data-end=\"572\">A superf\u00edcie deve estar nivelada e livre de poeira, gorduras ou qualquer subst\u00e2ncia que possa prejudicar a ader\u00eancia do produto.<\/p>\n<p data-start=\"574\" data-end=\"599\"><strong data-start=\"574\" data-end=\"599\">Prepara\u00e7\u00e3o do espelho<\/strong><\/p>\n<p data-start=\"601\" data-end=\"669\">Aplique fita dupla face no espelho para auxiliar na fixa\u00e7\u00e3o inicial.<\/p>\n<p data-start=\"671\" data-end=\"695\"><strong data-start=\"671\" data-end=\"695\">Aplica\u00e7\u00e3o do produto<\/strong><\/p>\n<p data-start=\"697\" data-end=\"882\">Aplique o adesivo em linhas verticais no verso do espelho, mantendo espa\u00e7amento de aproximadamente 10 a 13 cm entre os filetes e uma dist\u00e2ncia m\u00ednima de 3 mm entre a parede e o espelho.<\/p>\n<p data-start=\"884\" data-end=\"895\"><strong data-start=\"884\" data-end=\"895\">Fixa\u00e7\u00e3o<\/strong><\/p>\n<p data-start=\"897\" data-end=\"1028\">Posicione o espelho na superf\u00edcie imediatamente ap\u00f3s a aplica\u00e7\u00e3o do produto. Utilize cal\u00e7os de apoio at\u00e9 ocorrer a fixa\u00e7\u00e3o inicial.<\/p>\n<p data-start=\"1030\" data-end=\"1048\"><strong data-start=\"1030\" data-end=\"1048\">Tempo de apoio<\/strong><\/p>\n<p data-start=\"1050\" data-end=\"1118\">Os cal\u00e7os devem ser mantidos por no m\u00ednimo 6 horas antes da remo\u00e7\u00e3o.<\/p>\n<p data-start=\"1120\" data-end=\"1147\"><strong data-start=\"1120\" data-end=\"1147\">Limpeza das ferramentas<\/strong><\/p>\n<p data-start=\"1149\" data-end=\"1282\">Limpe as ferramentas utilizadas antes da cura completa do produto. Ap\u00f3s curado, o material somente poder\u00e1 ser removido mecanicamente.<\/p>\n<p data-start=\"1284\" data-end=\"1298\"><strong data-start=\"1284\" data-end=\"1298\">Observa\u00e7\u00e3o<\/strong><\/p>\n<p data-start=\"1300\" data-end=\"1432\">Ap\u00f3s o uso, deixe uma pequena quantidade de produto acima do bico para formar um tamp\u00e3o. Na reutiliza\u00e7\u00e3o, basta retirar esse tamp\u00e3o.<\/p>\n<p data-start=\"1434\" data-end=\"1600\" data-is-last-node=\"\" data-is-only-node=\"\">Para aplica\u00e7\u00f5es em substratos diferentes dos mencionados no Boletim T\u00e9cnico, recomenda-se realizar um teste pr\u00e9vio para avaliar a ades\u00e3o e compatibilidade do produto.<\/p>\n<hr \/>\n<h5 class=\"no-margin\">Downloads<\/h5>\n<hr \/>\n<ul>\n<li><strong><a href=\"http:\/\/bellinzoni.net\/fichas-2025\/fixa_espelho.pdf\" target=\"_blank\" rel=\"noopener noreferrer\">Ficha T\u00e9cnica do Produto<\/a><\/strong><\/li>\n<\/ul>\n<hr \/>\n<p>&nbsp;<\/p>\n","protected":false},"excerpt":{"rendered":"<h5 class=\"no-margin\"><\/h5>\n<p data-start=\"44\" data-end=\"377\">Bell Fix Fixa Espelhos \u00e9 um adesivo el\u00e1stico monocomponente \u00e0 base de poliuretano, de alta viscosidade, desenvolvido para a fixa\u00e7\u00e3o permanente de espelhos em diversos substratos. Possui excelente propriedade de n\u00e3o escorrimento (non-sag) e cura ao entrar em contato com a umidade ambiente, formando um elast\u00f4mero de alta resist\u00eancia.\u00a0Oferece absor\u00e7\u00e3o de impacto, \u00f3tima resist\u00eancia a subst\u00e2ncias qu\u00edmicas e aceita pintura.<\/p>\n","protected":false},"featured_media":1001339,"template":"","meta":[],"product_brand":[],"product_cat":[68],"product_tag":[],"class_list":{"0":"post-1000521","1":"product","2":"type-product","3":"status-publish","4":"has-post-thumbnail","6":"product_cat-corporate","8":"first","9":"instock","10":"shipping-taxable","11":"product-type-simple"},"_links":{"self":[{"href":"https:\/\/bellinzoni.net\/pt\/wp-json\/wp\/v2\/product\/1000521","targetHints":{"allow":["GET"]}}],"collection":[{"href":"https:\/\/bellinzoni.net\/pt\/wp-json\/wp\/v2\/product"}],"about":[{"href":"https:\/\/bellinzoni.net\/pt\/wp-json\/wp\/v2\/types\/product"}],"version-history":[{"count":4,"href":"https:\/\/bellinzoni.net\/pt\/wp-json\/wp\/v2\/product\/1000521\/revisions"}],"predecessor-version":[{"id":1002026,"href":"https:\/\/bellinzoni.net\/pt\/wp-json\/wp\/v2\/product\/1000521\/revisions\/1002026"}],"wp:featuredmedia":[{"embeddable":true,"href":"https:\/\/bellinzoni.net\/pt\/wp-json\/wp\/v2\/media\/1001339"}],"wp:attachment":[{"href":"https:\/\/bellinzoni.net\/pt\/wp-json\/wp\/v2\/media?parent=1000521"}],"wp:term":[{"taxonomy":"product_brand","embeddable":true,"href":"https:\/\/bellinzoni.net\/pt\/wp-json\/wp\/v2\/product_brand?post=1000521"},{"taxonomy":"product_cat","embeddable":true,"href":"https:\/\/bellinzoni.net\/pt\/wp-json\/wp\/v2\/product_cat?post=1000521"},{"taxonomy":"product_tag","embeddable":true,"href":"https:\/\/bellinzoni.net\/pt\/wp-json\/wp\/v2\/product_tag?post=1000521"}],"curies":[{"name":"wp","href":"https:\/\/api.w.org\/{rel}","templated":true}]}}