{"id":1000523,"date":"2026-01-28T20:36:56","date_gmt":"2026-01-28T20:36:56","guid":{"rendered":"https:\/\/bellinzoni.net\/pt\/?post_type=product&#038;p=1000523"},"modified":"2026-03-16T12:53:29","modified_gmt":"2026-03-16T12:53:29","slug":"vittrolux-ultra-clean","status":"publish","type":"product","link":"https:\/\/bellinzoni.net\/pt\/produto\/vittrolux-ultra-clean\/","title":{"rendered":"Vittrolux Ultra Clean"},"content":{"rendered":"<div class=\"flex flex-col text-sm pb-25\">\n<article class=\"text-token-text-primary w-full focus:outline-none [--shadow-height:45px] has-data-writing-block:pointer-events-none has-data-writing-block:-mt-(--shadow-height) has-data-writing-block:pt-(--shadow-height) [&amp;:has([data-writing-block])&gt;*]:pointer-events-auto scroll-mt-[calc(var(--header-height)+min(200px,max(70px,20svh)))]\" dir=\"auto\" tabindex=\"-1\" data-turn-id=\"request-WEB:881aabdb-c9a9-414b-b169-c3efefe141d6-6\" data-testid=\"conversation-turn-14\" data-scroll-anchor=\"true\" data-turn=\"assistant\">\n<div class=\"text-base my-auto mx-auto pb-10 [--thread-content-margin:var(--thread-content-margin-xs,calc(var(--spacing)*4))] @w-sm\/main:[--thread-content-margin:var(--thread-content-margin-sm,calc(var(--spacing)*6))] @w-lg\/main:[--thread-content-margin:var(--thread-content-margin-lg,calc(var(--spacing)*16))] px-(--thread-content-margin)\">\n<div class=\"[--thread-content-max-width:40rem] @w-lg\/main:[--thread-content-max-width:48rem] mx-auto max-w-(--thread-content-max-width) flex-1 group\/turn-messages focus-visible:outline-hidden relative flex w-full min-w-0 flex-col agent-turn\" tabindex=\"-1\">\n<div class=\"flex max-w-full flex-col gap-4 grow\">\n<div class=\"min-h-8 text-message relative flex w-full flex-col items-end gap-2 text-start break-words whitespace-normal [.text-message+&amp;]:mt-1\" dir=\"auto\" data-message-author-role=\"assistant\" data-message-id=\"620296a4-cfb1-4f44-95ef-2e5dedae9858\" data-message-model-slug=\"gpt-5-3\">\n<div class=\"flex w-full flex-col gap-1 empty:hidden\">\n<div class=\"markdown prose dark:prose-invert w-full wrap-break-word dark markdown-new-styling\">\n<p data-start=\"315\" data-end=\"365\"><strong data-start=\"315\" data-end=\"328\">Descri\u00e7\u00e3o<\/strong><br data-start=\"328\" data-end=\"331\" \/>C\u00f3digo do Produto: 500 ml \u2013 008230<\/p>\n<hr data-start=\"367\" data-end=\"370\" \/>\n<p data-start=\"372\" data-end=\"428\"><strong data-start=\"372\" data-end=\"400\">Superf\u00edcies de Aplica\u00e7\u00e3o<\/strong><br data-start=\"400\" data-end=\"403\" \/>Vidros<br data-start=\"409\" data-end=\"412\" \/>Boxes<br data-start=\"417\" data-end=\"420\" \/>Espelhos<\/p>\n<hr data-start=\"430\" data-end=\"433\" \/>\n<p data-start=\"435\" data-end=\"456\"><strong data-start=\"435\" data-end=\"456\">Instru\u00e7\u00f5es de Uso<\/strong><\/p>\n<p data-start=\"458\" data-end=\"486\"><strong data-start=\"458\" data-end=\"486\">Prepara\u00e7\u00e3o da superf\u00edcie<\/strong><\/p>\n<p data-start=\"488\" data-end=\"580\">Remova previamente as part\u00edculas s\u00f3lidas e o excesso de sujeiras superficiais da superf\u00edcie.<\/p>\n<p data-start=\"582\" data-end=\"606\"><strong data-start=\"582\" data-end=\"606\">Aplica\u00e7\u00e3o do produto<\/strong><\/p>\n<p data-start=\"608\" data-end=\"730\">Aplique uma pequena quantidade do produto em uma toalha de microfibra ou em uma esponja utilizando o lado macio (amarelo).<\/p>\n<p data-start=\"732\" data-end=\"743\"><strong data-start=\"732\" data-end=\"743\">Limpeza<\/strong><\/p>\n<p data-start=\"745\" data-end=\"901\">Esfregue a superf\u00edcie de vidro realizando movimentos verticais e horizontais por aproximadamente 20 segundos, evitando que o produto seque sobre o material.<\/p>\n<p data-start=\"903\" data-end=\"1019\">Caso o produto comece a secar durante o processo, borrife um pouco de \u00e1gua para manter a superf\u00edcie levemente \u00famida.<\/p>\n<p data-start=\"1021\" data-end=\"1036\"><strong data-start=\"1021\" data-end=\"1036\">Finaliza\u00e7\u00e3o<\/strong><\/p>\n<p data-start=\"1038\" data-end=\"1155\">Ap\u00f3s o processo de limpeza, enx\u00e1gue a superf\u00edcie com bastante \u00e1gua para remover completamente os res\u00edduos do produto.<\/p>\n<p data-start=\"1157\" data-end=\"1171\"><strong data-start=\"1157\" data-end=\"1171\">Observa\u00e7\u00e3o<\/strong><\/p>\n<p data-start=\"1173\" data-end=\"1270\" data-is-last-node=\"\" data-is-only-node=\"\">Recomenda-se realizar um teste pr\u00e9vio em uma pequena \u00e1rea antes da aplica\u00e7\u00e3o completa do produto.<\/p>\n<\/div>\n<\/div>\n<\/div>\n<\/div>\n<\/div>\n<\/div>\n<\/article>\n<\/div>\n<hr \/>\n<h5 class=\"no-margin\">Downloads<\/h5>\n<hr \/>\n<ul>\n<li><strong><a href=\"https:\/\/bellinzoni.net\/fichas-2025\/vittrolux_ultra_clean.pdf\" target=\"_blank\" rel=\"noopener noreferrer\">Ficha T\u00e9cnica do Produto<\/a><\/strong><\/li>\n<li><strong>Ficha de Seguran\u00e7a \u2013\u00a0FISPQ<\/strong><\/li>\n<\/ul>\n","protected":false},"excerpt":{"rendered":"<h5 class=\"no-margin\"><\/h5>\n<p>Produto cremoso com alto poder de limpeza e remo\u00e7\u00e3o de imperfei\u00e7\u00f5es (arranh\u00f5es superficiais) causadas em superf\u00edcies de vidros como box, vidros automotivos, fachadas e espelhos. Possui part\u00edculas de finos gr\u00e3os polidores em sua f\u00f3rmula que permite um leve polimento manual devolvendo a beleza e o brilho do material. Remove imperfei\u00e7\u00f5es, gorduras, sujeiras dif\u00edceis, os efeitos da chuva \u00e1cida e da \u00e1gua dura das superf\u00edcies de vidro e evita a ader\u00eancia de novas sujeiras. Deve ser usado somente em materiais vidros. O produto n\u00e3o recupera a superf\u00edcie em casos graves de danos f\u00edsicos como arranh\u00f5es profundos.<\/p>\n","protected":false},"featured_media":1001772,"template":"","meta":[],"product_brand":[],"product_cat":[68],"product_tag":[],"class_list":{"0":"post-1000523","1":"product","2":"type-product","3":"status-publish","4":"has-post-thumbnail","6":"product_cat-corporate","8":"first","9":"instock","10":"virtual","11":"product-type-simple"},"_links":{"self":[{"href":"https:\/\/bellinzoni.net\/pt\/wp-json\/wp\/v2\/product\/1000523","targetHints":{"allow":["GET"]}}],"collection":[{"href":"https:\/\/bellinzoni.net\/pt\/wp-json\/wp\/v2\/product"}],"about":[{"href":"https:\/\/bellinzoni.net\/pt\/wp-json\/wp\/v2\/types\/product"}],"version-history":[{"count":3,"href":"https:\/\/bellinzoni.net\/pt\/wp-json\/wp\/v2\/product\/1000523\/revisions"}],"predecessor-version":[{"id":1002001,"href":"https:\/\/bellinzoni.net\/pt\/wp-json\/wp\/v2\/product\/1000523\/revisions\/1002001"}],"wp:featuredmedia":[{"embeddable":true,"href":"https:\/\/bellinzoni.net\/pt\/wp-json\/wp\/v2\/media\/1001772"}],"wp:attachment":[{"href":"https:\/\/bellinzoni.net\/pt\/wp-json\/wp\/v2\/media?parent=1000523"}],"wp:term":[{"taxonomy":"product_brand","embeddable":true,"href":"https:\/\/bellinzoni.net\/pt\/wp-json\/wp\/v2\/product_brand?post=1000523"},{"taxonomy":"product_cat","embeddable":true,"href":"https:\/\/bellinzoni.net\/pt\/wp-json\/wp\/v2\/product_cat?post=1000523"},{"taxonomy":"product_tag","embeddable":true,"href":"https:\/\/bellinzoni.net\/pt\/wp-json\/wp\/v2\/product_tag?post=1000523"}],"curies":[{"name":"wp","href":"https:\/\/api.w.org\/{rel}","templated":true}]}}