{"id":1001223,"date":"2026-02-22T17:56:34","date_gmt":"2026-02-22T17:56:34","guid":{"rendered":"https:\/\/bellinzoni.net\/pt\/?post_type=product&#038;p=1001223"},"modified":"2026-03-18T19:40:58","modified_gmt":"2026-03-18T19:40:58","slug":"idea-absoluto-industrial","status":"publish","type":"product","link":"https:\/\/bellinzoni.net\/pt\/produto\/idea-absoluto-industrial\/","title":{"rendered":"Idea Absoluto"},"content":{"rendered":"<div class=\"flex flex-col text-sm pb-25\">\n<section class=\"text-token-text-primary w-full focus:outline-none [--shadow-height:45px] has-data-writing-block:pointer-events-none has-data-writing-block:-mt-(--shadow-height) has-data-writing-block:pt-(--shadow-height) [&amp;:has([data-writing-block])&gt;*]:pointer-events-auto scroll-mt-[calc(var(--header-height)+min(200px,max(70px,20svh)))]\" dir=\"auto\" data-turn-id=\"request-69b7f979-be64-8329-a0b1-b177f97d4070-5\" data-testid=\"conversation-turn-318\" data-scroll-anchor=\"true\" data-turn=\"assistant\">\n<div class=\"text-base my-auto mx-auto pb-10 [--thread-content-margin:var(--thread-content-margin-xs,calc(var(--spacing)*4))] @w-sm\/main:[--thread-content-margin:var(--thread-content-margin-sm,calc(var(--spacing)*6))] @w-lg\/main:[--thread-content-margin:var(--thread-content-margin-lg,calc(var(--spacing)*16))] px-(--thread-content-margin)\">\n<div class=\"[--thread-content-max-width:40rem] @w-lg\/main:[--thread-content-max-width:48rem] mx-auto max-w-(--thread-content-max-width) flex-1 group\/turn-messages focus-visible:outline-hidden relative flex w-full min-w-0 flex-col agent-turn\">\n<div class=\"flex max-w-full flex-col gap-4 grow\">\n<div class=\"min-h-8 text-message relative flex w-full flex-col items-end gap-2 text-start break-words whitespace-normal outline-none keyboard-focused:focus-ring [.text-message+&amp;]:mt-1\" dir=\"auto\" tabindex=\"0\" data-message-author-role=\"assistant\" data-message-id=\"3984d48b-09a8-4626-bb3e-99ad3b1be01c\" data-message-model-slug=\"gpt-5-3\" data-turn-start-message=\"true\">\n<div class=\"flex w-full flex-col gap-1 empty:hidden\">\n<div class=\"markdown prose dark:prose-invert w-full wrap-break-word dark markdown-new-styling\">\n<p data-start=\"228\" data-end=\"302\"><strong data-start=\"228\" data-end=\"241\">Descri\u00e7\u00e3o<\/strong><br data-start=\"241\" data-end=\"244\" \/>C\u00f3digo do Produto: 5 Litros \u2013 P241970 | 20 Litros \u2013 230650<\/p>\n<hr data-start=\"304\" data-end=\"307\" \/>\n<p data-start=\"309\" data-end=\"392\"><strong data-start=\"309\" data-end=\"337\">Superf\u00edcies de Aplica\u00e7\u00e3o<\/strong><br data-start=\"337\" data-end=\"340\" \/>M\u00e1rmores<br data-start=\"348\" data-end=\"351\" \/>Quartzitos<br data-start=\"361\" data-end=\"364\" \/>Granitos<br data-start=\"372\" data-end=\"375\" \/>Pedras em Geral<\/p>\n<hr data-start=\"394\" data-end=\"397\" \/>\n<p data-start=\"399\" data-end=\"413\"><strong data-start=\"399\" data-end=\"413\">Finalidade<\/strong><\/p>\n<p data-start=\"415\" data-end=\"579\">Indicado para prote\u00e7\u00e3o e blindagem de superf\u00edcies contra manchas de \u00e1gua, \u00f3leo e agentes qu\u00edmicos, especialmente em materiais como xistos, travertinos e limestones.<\/p>\n<hr data-start=\"581\" data-end=\"584\" \/>\n<p data-start=\"586\" data-end=\"607\"><strong data-start=\"586\" data-end=\"607\">Instru\u00e7\u00f5es de Uso<\/strong><\/p>\n<p data-start=\"609\" data-end=\"637\"><strong data-start=\"609\" data-end=\"637\">Prepara\u00e7\u00e3o da superf\u00edcie<\/strong><\/p>\n<p data-start=\"639\" data-end=\"727\">A superf\u00edcie deve estar completamente limpa, seca e livre de poeiras, ceras ou res\u00edduos.<\/p>\n<hr data-start=\"729\" data-end=\"732\" \/>\n<p data-start=\"734\" data-end=\"758\"><strong data-start=\"734\" data-end=\"758\">Aplica\u00e7\u00e3o do produto<\/strong><\/p>\n<p data-start=\"760\" data-end=\"884\">Aplicar o produto de forma uniforme com aux\u00edlio de rolo de espuma, estopa ou pano, garantindo total cobertura da superf\u00edcie.<\/p>\n<p data-start=\"886\" data-end=\"928\">Espalhar bem o produto, evitando excessos.<\/p>\n<hr data-start=\"930\" data-end=\"933\" \/>\n<p data-start=\"935\" data-end=\"954\"><strong data-start=\"935\" data-end=\"954\">A\u00e7\u00e3o do produto<\/strong><\/p>\n<p data-start=\"956\" data-end=\"1048\">Forma uma barreira protetora transparente que impede a absor\u00e7\u00e3o de l\u00edquidos e contaminantes.<\/p>\n<p data-start=\"1050\" data-end=\"1148\">Evita o efeito molhado em trincas causado por resinas, preservando a est\u00e9tica natural do material.<\/p>\n<hr data-start=\"1150\" data-end=\"1153\" \/>\n<p data-start=\"1155\" data-end=\"1169\"><strong data-start=\"1155\" data-end=\"1169\">Desempenho<\/strong><\/p>\n<p data-start=\"1171\" data-end=\"1202\">N\u00e3o altera a cor da superf\u00edcie.<\/p>\n<p data-start=\"1204\" data-end=\"1269\">Alta efici\u00eancia na prote\u00e7\u00e3o contra \u00e1gua, \u00f3leo e agentes qu\u00edmicos.<\/p>\n<p data-start=\"1271\" data-end=\"1324\">Indicado como etapa final no tratamento de materiais.<\/p>\n<hr data-start=\"1326\" data-end=\"1329\" \/>\n<p data-start=\"1331\" data-end=\"1346\"><strong data-start=\"1331\" data-end=\"1346\">Observa\u00e7\u00f5es<\/strong><\/p>\n<p data-start=\"1348\" data-end=\"1411\">Recomenda-se realizar teste pr\u00e9vio antes da aplica\u00e7\u00e3o completa.<\/p>\n<p data-start=\"1413\" data-end=\"1452\">Produto indicado para uso profissional.<\/p>\n<hr data-start=\"1454\" data-end=\"1457\" \/>\n<p data-start=\"1459\" data-end=\"1473\"><strong data-start=\"1459\" data-end=\"1473\">Rendimento<\/strong><\/p>\n<p data-start=\"1475\" data-end=\"1545\" data-is-last-node=\"\" data-is-only-node=\"\">O rendimento pode variar conforme a porosidade e absor\u00e7\u00e3o do material.<\/p>\n<\/div>\n<\/div>\n<\/div>\n<\/div>\n<\/div>\n<\/div>\n<\/section>\n<\/div>\n<hr \/>\n<h5 class=\"no-margin\">Downloads<\/h5>\n<hr \/>\n<ul>\n<li><strong><a href=\"#\" target=\"_blank\" rel=\"noopener noreferrer\">Ficha T\u00e9cnica do Produto<\/a><\/strong><\/li>\n<li><strong><a href=\"#\" target=\"_blank\" rel=\"noopener noreferrer\">Ficha de Seguran\u00e7a \u2013\u00a0FISPQ<\/a><\/strong><\/li>\n<\/ul>\n","protected":false},"excerpt":{"rendered":"<p>Hidro-\u00f3leofugante de superf\u00edcie, barreira transparente de alta performance. Indicados para materiais tais como xistos, travertinos, limestones etc. Impede o efeito molhado nas trincas de rochas, causado pela resina. N\u00e3o altera a cor da superf\u00edcie. \u00c9 indicado para finaliza\u00e7\u00e3o dos materiais tratados e utilizado na finaliza\u00e7\u00e3o de materiais como agente de blindagem contra manchas de \u00e1gua e \u00f3leo atrav\u00e9s de uma barreira transparente, bloqueia manchas causadas por ataque de agentes qu\u00edmicos na superf\u00edcie.<\/p>\n","protected":false},"featured_media":1001225,"template":"","meta":[],"product_brand":[106],"product_cat":[113],"product_tag":[],"class_list":{"0":"post-1001223","1":"product","2":"type-product","3":"status-publish","4":"has-post-thumbnail","6":"product_brand-bellinzoni","7":"product_cat-industrial","9":"first","10":"instock","11":"virtual","12":"product-type-simple"},"_links":{"self":[{"href":"https:\/\/bellinzoni.net\/pt\/wp-json\/wp\/v2\/product\/1001223","targetHints":{"allow":["GET"]}}],"collection":[{"href":"https:\/\/bellinzoni.net\/pt\/wp-json\/wp\/v2\/product"}],"about":[{"href":"https:\/\/bellinzoni.net\/pt\/wp-json\/wp\/v2\/types\/product"}],"version-history":[{"count":3,"href":"https:\/\/bellinzoni.net\/pt\/wp-json\/wp\/v2\/product\/1001223\/revisions"}],"predecessor-version":[{"id":1002245,"href":"https:\/\/bellinzoni.net\/pt\/wp-json\/wp\/v2\/product\/1001223\/revisions\/1002245"}],"wp:featuredmedia":[{"embeddable":true,"href":"https:\/\/bellinzoni.net\/pt\/wp-json\/wp\/v2\/media\/1001225"}],"wp:attachment":[{"href":"https:\/\/bellinzoni.net\/pt\/wp-json\/wp\/v2\/media?parent=1001223"}],"wp:term":[{"taxonomy":"product_brand","embeddable":true,"href":"https:\/\/bellinzoni.net\/pt\/wp-json\/wp\/v2\/product_brand?post=1001223"},{"taxonomy":"product_cat","embeddable":true,"href":"https:\/\/bellinzoni.net\/pt\/wp-json\/wp\/v2\/product_cat?post=1001223"},{"taxonomy":"product_tag","embeddable":true,"href":"https:\/\/bellinzoni.net\/pt\/wp-json\/wp\/v2\/product_tag?post=1001223"}],"curies":[{"name":"wp","href":"https:\/\/api.w.org\/{rel}","templated":true}]}}