{"id":1001227,"date":"2026-02-22T18:02:15","date_gmt":"2026-02-22T18:02:15","guid":{"rendered":"https:\/\/bellinzoni.net\/pt\/?post_type=product&#038;p=1001227"},"modified":"2026-03-18T19:39:08","modified_gmt":"2026-03-18T19:39:08","slug":"idea-gold-industrial","status":"publish","type":"product","link":"https:\/\/bellinzoni.net\/pt\/produto\/idea-gold-industrial\/","title":{"rendered":"Idea Gold"},"content":{"rendered":"<p data-start=\"252\" data-end=\"326\"><strong data-start=\"252\" data-end=\"265\">Descri\u00e7\u00e3o<\/strong><br data-start=\"265\" data-end=\"268\" \/>C\u00f3digo do Produto: 5 Litros \u2013 P242063 | 20 Litros \u2013 230650<\/p>\n<hr data-start=\"328\" data-end=\"331\" \/>\n<p data-start=\"333\" data-end=\"416\"><strong data-start=\"333\" data-end=\"361\">Superf\u00edcies de Aplica\u00e7\u00e3o<\/strong><br data-start=\"361\" data-end=\"364\" \/>M\u00e1rmores<br data-start=\"372\" data-end=\"375\" \/>Quartzitos<br data-start=\"385\" data-end=\"388\" \/>Granitos<br data-start=\"396\" data-end=\"399\" \/>Pedras em Geral<\/p>\n<hr data-start=\"418\" data-end=\"421\" \/>\n<p data-start=\"423\" data-end=\"437\"><strong data-start=\"423\" data-end=\"437\">Finalidade<\/strong><\/p>\n<p data-start=\"439\" data-end=\"583\">Indicado para prote\u00e7\u00e3o e blindagem de superf\u00edcies contra manchas causadas por \u00e1gua, \u00f3leo e agentes qu\u00edmicos, sem altera\u00e7\u00e3o est\u00e9tica do material.<\/p>\n<hr data-start=\"585\" data-end=\"588\" \/>\n<p data-start=\"590\" data-end=\"611\"><strong data-start=\"590\" data-end=\"611\">Instru\u00e7\u00f5es de Uso<\/strong><\/p>\n<p data-start=\"613\" data-end=\"641\"><strong data-start=\"613\" data-end=\"641\">Prepara\u00e7\u00e3o da superf\u00edcie<\/strong><\/p>\n<p data-start=\"643\" data-end=\"731\">A superf\u00edcie deve estar completamente limpa, seca e livre de poeiras, ceras ou res\u00edduos.<\/p>\n<hr data-start=\"733\" data-end=\"736\" \/>\n<p data-start=\"738\" data-end=\"762\"><strong data-start=\"738\" data-end=\"762\">Aplica\u00e7\u00e3o do produto<\/strong><\/p>\n<p data-start=\"764\" data-end=\"902\">Aplicar o produto de forma uniforme com aux\u00edlio de rolo de espuma, estopa, pano ou pulverizador, garantindo total cobertura da superf\u00edcie.<\/p>\n<p data-start=\"904\" data-end=\"987\">Espalhar bem o produto para permitir sua penetra\u00e7\u00e3o profunda nos poros do material.<\/p>\n<hr data-start=\"989\" data-end=\"992\" \/>\n<p data-start=\"994\" data-end=\"1013\"><strong data-start=\"994\" data-end=\"1013\">A\u00e7\u00e3o do produto<\/strong><\/p>\n<p data-start=\"1015\" data-end=\"1115\">Penetra profundamente na estrutura do material, formando uma barreira invis\u00edvel de alta performance.<\/p>\n<p data-start=\"1117\" data-end=\"1193\">Bloqueia a absor\u00e7\u00e3o de l\u00edquidos e agentes contaminantes, prevenindo manchas.<\/p>\n<hr data-start=\"1195\" data-end=\"1198\" \/>\n<p data-start=\"1200\" data-end=\"1214\"><strong data-start=\"1200\" data-end=\"1214\">Desempenho<\/strong><\/p>\n<p data-start=\"1216\" data-end=\"1256\">N\u00e3o altera a cor dos materiais tratados.<\/p>\n<p data-start=\"1258\" data-end=\"1313\">Indicado como etapa final no tratamento de superf\u00edcies.<\/p>\n<p data-start=\"1315\" data-end=\"1380\">Alta efici\u00eancia na prote\u00e7\u00e3o contra \u00e1gua, \u00f3leo e agentes qu\u00edmicos.<\/p>\n<hr data-start=\"1382\" data-end=\"1385\" \/>\n<p data-start=\"1387\" data-end=\"1402\"><strong data-start=\"1387\" data-end=\"1402\">Observa\u00e7\u00f5es<\/strong><\/p>\n<p data-start=\"1404\" data-end=\"1467\">Recomenda-se realizar teste pr\u00e9vio antes da aplica\u00e7\u00e3o completa.<\/p>\n<p data-start=\"1469\" data-end=\"1508\">Produto indicado para uso profissional.<\/p>\n<hr data-start=\"1510\" data-end=\"1513\" \/>\n<p data-start=\"1515\" data-end=\"1529\"><strong data-start=\"1515\" data-end=\"1529\">Rendimento<\/strong><\/p>\n<p data-start=\"1531\" data-end=\"1601\" data-is-last-node=\"\" data-is-only-node=\"\">O rendimento pode variar conforme a porosidade e absor\u00e7\u00e3o do material.<\/p>\n<p>&nbsp;<\/p>\n<hr \/>\n<h5 class=\"no-margin\">Downloads<\/h5>\n<hr \/>\n<ul>\n<li><strong><a href=\"#\" target=\"_blank\" rel=\"noopener noreferrer\">Ficha T\u00e9cnica do Produto<\/a><\/strong><\/li>\n<li><strong><a href=\"#\" target=\"_blank\" rel=\"noopener noreferrer\">Ficha de Seguran\u00e7a \u2013\u00a0FISPQ<\/a><\/strong><\/li>\n<\/ul>\n","protected":false},"excerpt":{"rendered":"<p>Hidro-\u00f3leorepelente de penetra\u00e7\u00e3o, barreira transparente de alta performance. Indicados para superf\u00edcies em geral, sua nanotecnologia proporciona uma penetra\u00e7\u00e3o profunda, n\u00e3o altera a cor dos materiais tratados. \u00c9 indicado para finaliza\u00e7\u00e3o dos materiais tratados, \u00e9 utilizado na finaliza\u00e7\u00e3o de materiais como agente de blindagem contra machas de \u00e1gua e \u00f3leo atrav\u00e9s de uma barreira transparente, bloqueia manchas causadas por ataque de agentes qu\u00edmicos na superf\u00edcie.<\/p>\n","protected":false},"featured_media":1001228,"template":"","meta":[],"product_brand":[106],"product_cat":[113],"product_tag":[],"class_list":{"0":"post-1001227","1":"product","2":"type-product","3":"status-publish","4":"has-post-thumbnail","6":"product_brand-bellinzoni","7":"product_cat-industrial","9":"first","10":"instock","11":"virtual","12":"product-type-simple"},"_links":{"self":[{"href":"https:\/\/bellinzoni.net\/pt\/wp-json\/wp\/v2\/product\/1001227","targetHints":{"allow":["GET"]}}],"collection":[{"href":"https:\/\/bellinzoni.net\/pt\/wp-json\/wp\/v2\/product"}],"about":[{"href":"https:\/\/bellinzoni.net\/pt\/wp-json\/wp\/v2\/types\/product"}],"version-history":[{"count":2,"href":"https:\/\/bellinzoni.net\/pt\/wp-json\/wp\/v2\/product\/1001227\/revisions"}],"predecessor-version":[{"id":1002244,"href":"https:\/\/bellinzoni.net\/pt\/wp-json\/wp\/v2\/product\/1001227\/revisions\/1002244"}],"wp:featuredmedia":[{"embeddable":true,"href":"https:\/\/bellinzoni.net\/pt\/wp-json\/wp\/v2\/media\/1001228"}],"wp:attachment":[{"href":"https:\/\/bellinzoni.net\/pt\/wp-json\/wp\/v2\/media?parent=1001227"}],"wp:term":[{"taxonomy":"product_brand","embeddable":true,"href":"https:\/\/bellinzoni.net\/pt\/wp-json\/wp\/v2\/product_brand?post=1001227"},{"taxonomy":"product_cat","embeddable":true,"href":"https:\/\/bellinzoni.net\/pt\/wp-json\/wp\/v2\/product_cat?post=1001227"},{"taxonomy":"product_tag","embeddable":true,"href":"https:\/\/bellinzoni.net\/pt\/wp-json\/wp\/v2\/product_tag?post=1001227"}],"curies":[{"name":"wp","href":"https:\/\/api.w.org\/{rel}","templated":true}]}}